{"id":12627,"date":"2026-03-21T15:44:46","date_gmt":"2026-03-21T13:44:46","guid":{"rendered":"https:\/\/www.atravel.lt\/produktas\/lietuvos-gotikos-perlas-trakai-1-d\/"},"modified":"2026-03-21T15:44:46","modified_gmt":"2026-03-21T13:44:46","slug":"lietuvos-gotikos-perlas-trakai-1-d","status":"publish","type":"product","link":"https:\/\/www.atravel.lt\/en\/product\/lietuvos-gotikos-perlas-trakai-1-d\/","title":{"rendered":"Lietuvos gotikos perlas &#8211; Trakai (1 d.)"},"content":{"rendered":"<p><strong>1 day<\/strong><\/p>\n<p>\u2022 I&scaron;vykstame i&scaron; j\u016bs\u0173 pasirinkto miesto.<br \/> \u2022 Ekskursin\u0117 i&scaron;vyka \u012f gotikos perl\u0105 Trakus.<br \/> \u2022 Ekskursija Trakuose.<br \/> \u2022 Laisvas arba apsilankymas Trak\u0173 pilyje (papildomas mokestis \u012f\u0117jimo bilietai).<br \/> \u2022 Pageidaujantiems si\u016blome edukacin\u0119 degustacin\u0119 program\u0105 \u201eKibin\u0173 kelias\u201c (papildomas mokestis).<br \/> \u2022 Pageidaujantiems si\u016blome edukacin\u0119 degustacin\u0119 program\u0105 \u201eLietuvi&scaron;ko alaus kelias\u201c(papildomas mokestis).<br \/> \u2022 Gr\u012f\u017etame \u012f Vilni\u0173.<\/p>\n<p>Trakai \u2013 senoji Lietuvos sostin\u0117, apsupta daugyb\u0117s e\u017eer\u0173, gars\u0117janti savo XIV a. pilimi, kuri buvo Lietuvos Did\u017eiosios Kunigaik&scaron;tyst\u0117s valdov\u0173 rezidencija. Tai. vienintel\u0117 Ryt\u0173 Europoje pilis, pastatyta saloje. &Scaron;i pilis Vokietijoje pristatoma kaip Lietuvos gotikos perlas.Ji st\u016bkso vienoje i&scaron; daugelio Galv\u0117s e\u017eero sal\u0173. Pilyje \u012fsik\u016br\u0119s turtingas Trak\u0173 kra&scaron;totyros muziejus.<br \/> Turb\u016bt daugeliui Trak\u0173 miestas asocijuojasi su tradiciniu karaim\u0173 patiekalu \u2013 kibinu.<\/p>\n<p>Karaimai &#8211; tiurk\u0173 grup\u0117s tauta, gyvenanti Lietuvoje. Jie priklauso seniausioms tiurk\u0173 gentims \u2013 Kip\u010diakams. 1397 m. Vytautas Didysis po \u017eygio \u012f Aukso Ordos stepes, \u012f Lietuv\u0105 atgabeno kelis &scaron;imtus karaim\u0173 &scaron;eim\u0173. Jie buvo apgyvendinti Trakuose. Vytautas juos labai vertino u\u017e i&scaron;tikimyb\u0119, tod\u0117l j\u0173 kariams paved\u0117 saugoti abi (pusiasalio ir salos) Trak\u0173 pilis. Tuo tarpu civiliai dirbo \u017eem\u0119, kurios Vytautas jiems atseik\u0117jo po 150 ha.<\/p>\n<p>Jei pasirinksite susipa\u017einti su karaim\u0173 tautos nacionaliniu pyrag\u0117liu \u2013 kibinais, su\u017einosite ir kaip j\u012f pasigaminti. Pusm\u0117nulio formos, su \u012fvairias \u012fdarais, karaim\u0173 pyrag\u0117lis yra vienas i&scaron; \u017einomiausi\u0173 tautos patiekal\u0173.<\/p>\n<p>Yra nera&scaron;yta taisykl\u0117 \u2013 b\u016bnant Trakuose b\u016btina suvalgyti kibin\u0105. Ta\u010diau kur m\u0117gautis pa\u010diais skaniausiais kibinais? \u017dinoma, ten, kur juos gamina karaim\u0173 tautos atstovai. Juktikjie\u017eino visas paslaptisirgudrybes, kadkibinaspavykt\u0173sultingasirgardus. Savo\u017einiomisjiemielaipasidalinssuJumis! Jaukiojenam\u0173aplinkojeJ\u016bssusipa\u017einsitesuilgaam\u017eeistorija, tradicijomis, karaim\u0173kult\u016braLietuvoje. Su\u017einositekibin\u0173ruo&scaron;imo, kepimopaslaptis, karaim\u0173&scaron;eimoseperduodamasi&scaron;kartos \u012f kart\u0105. Pasim\u0117gausitenepakartojamu, J\u016bs\u0173pagamintokibinoskoniu (papildomas mokestis).<\/p>\n<p>Trak\u0173 rajone esantis PILIALAUKIS \u2013 istorin\u0117 did\u017ei\u0173j\u0173 Lietuvos valdov\u0173 \u017eem\u0117, Vytauto Did\u017eiojo gimtin\u0117 \u2013 tapo antrojo m\u016bs\u0173 restorano namais. \u010cia mes ne tik t\u0119sime savo ekskursij\u0105, bet ir su\u017einosime apie tradicin\u012f lietuvi&scaron;k\u0105 al\u0173.<\/p>\n<p>Norintiems ne tik paskanauti tikro, gyvo lietuvi&scaron;ko alaus, ta\u010diau taip pat daugiau su\u017einoti apie jo r\u016b&scaron;is, savybes, aludaryst\u0117s men\u0105 bei viet\u0105 istorijos kontekste \u2013 organizuojama alaus degustacija, kurios metu diplomuoti alaus \u017einovai mielai supa\u017eindins su \u012fdomiu, t\u016bkstantme\u010dius puosel\u0117jamu alaus pasauliu.<\/p>\n<hr \/>\n<p><strong>\u012e kelion\u0117s kain\u0105 \u012fskai\u010diuota:<\/strong><\/p>\n<hr \/>\n<p>\u2022 Ekskursija po Trakus.<br \/> \u2022 Kelion\u0117 autobusu.<br \/> \u2022 Kelion\u0117s vadovo \u2013 gido paslaugos.<br \/> \u2022 Kelion\u0117s dokument\u0173 sutvarkymas.<\/p>\n<hr \/>\n<p><strong>\u012e kelion\u0117s kain\u0105 ne\u012fskai\u010diuota:<\/strong><\/p>\n<hr \/>\n<p>Pageidaujant:<\/p>\n<p>\u2022 Edukacin\u0117 degustacin\u0117 programa \u201eKibin\u0173 kelias\u201c ~ 15\u20ac\/asm. (&scaron;altas u\u017ekandis, sultinys, 2 kibinai, g\u0117rimas, namin\u0117 u\u017epiltin\u0117).<br \/> \u2022 Edukacin\u0117 degustacin\u0117 programa \u201elietuvi&scaron;ko alaus kelias\u201c ~ 25\u20ac\/asm.<br \/> \u2022 \u012e\u0117jimo bilietai \u012f mokamas lankytinas vietas (muziejus\/ba\u017eny\u010dias\/pilis ir pan.).<\/p>\n<hr \/>\n<p><strong>Pastabos:<\/strong><\/p>\n<hr \/>\n<p>\u2022 *Kelion\u0117s i&scaron;vykimo, atvykimo ir kiti laikai gali keistis \u2013 patikslinta informacija atsiun\u010diama (2-3 dienas prie&scaron; kelion\u0119).<br \/> \u2022 Visos ekskursijos vedamos lietuvi\u0173 kalba.<br \/> \u2022 Objekt\u0173 lankymo tvarka, skai\u010dius ir \u012f\u0117jimo biliet\u0173 kaina gali keistis.<br \/> \u2022 Muziejuose, ba\u017eny\u010diose ir kituose mokamuose objektuose kelion\u0117s vadovas ekskursij\u0173 neveda.<br \/> \u2022 \u012e\u0117jimo bilietai \u012f mokamas lankytinas vietas (muziejus\/ba\u017eny\u010dias\/pilis ir pan.) n\u0117ra \u012fskai\u010diuoti \u012f kelion\u0117s kain\u0105.<br \/> \u2022 Kelion\u0117s vadovas gali keisti programos eig\u0105.<br \/> \u2022 Nepamir&scaron;kite \u012f kelion\u0119 pasiimti paso\/asmens tapatyb\u0117s kortel\u0117s, galiojan\u010dio\/-s ne trumpiau nei 3\/6 m\u0117nesius po gr\u012f\u017eimo i&scaron; kelion\u0117s datos.<\/p>","protected":false},"excerpt":{"rendered":"<p>1 diena \u2022 I&scaron;vykstame i&scaron; j\u016bs\u0173 pasirinkto miesto. \u2022 Ekskursin\u0117 i&scaron;vyka \u012f gotikos perl\u0105 Trakus. \u2022 Ekskursija Trakuose. \u2022 Laisvas arba apsilanky&#8230;<\/p>","protected":false},"featured_media":11864,"comment_status":"open","ping_status":"closed","template":"","meta":{"om_disable_all_campaigns":false,"_monsterinsights_skip_tracking":false,"_monsterinsights_sitenote_active":false,"_monsterinsights_sitenote_note":"","_monsterinsights_sitenote_category":0},"product_brand":[],"product_cat":[669],"product_tag":[],"class_list":{"0":"post-12627","1":"product","2":"type-product","3":"status-publish","4":"has-post-thumbnail","6":"product_cat-keliones","8":"first","9":"instock","10":"virtual","11":"taxable","12":"product-type-simple"},"aioseo_notices":[],"_links":{"self":[{"href":"https:\/\/www.atravel.lt\/en\/wp-json\/wp\/v2\/product\/12627","targetHints":{"allow":["GET"]}}],"collection":[{"href":"https:\/\/www.atravel.lt\/en\/wp-json\/wp\/v2\/product"}],"about":[{"href":"https:\/\/www.atravel.lt\/en\/wp-json\/wp\/v2\/types\/product"}],"replies":[{"embeddable":true,"href":"https:\/\/www.atravel.lt\/en\/wp-json\/wp\/v2\/comments?post=12627"}],"wp:featuredmedia":[{"embeddable":true,"href":"https:\/\/www.atravel.lt\/en\/wp-json\/wp\/v2\/media\/11864"}],"wp:attachment":[{"href":"https:\/\/www.atravel.lt\/en\/wp-json\/wp\/v2\/media?parent=12627"}],"wp:term":[{"taxonomy":"product_brand","embeddable":true,"href":"https:\/\/www.atravel.lt\/en\/wp-json\/wp\/v2\/product_brand?post=12627"},{"taxonomy":"product_cat","embeddable":true,"href":"https:\/\/www.atravel.lt\/en\/wp-json\/wp\/v2\/product_cat?post=12627"},{"taxonomy":"product_tag","embeddable":true,"href":"https:\/\/www.atravel.lt\/en\/wp-json\/wp\/v2\/product_tag?post=12627"}],"curies":[{"name":"wp","href":"https:\/\/api.w.org\/{rel}","templated":true}]}}