{"id":12626,"date":"2026-03-21T15:44:45","date_gmt":"2026-03-21T13:44:45","guid":{"rendered":"https:\/\/www.atravel.lt\/produktas\/senasis-vilnius-su-poilsiu-spa-4-vilnius-grand-resort-viesbutyje-2d-pageidaujant-gotikos-perlas-trakai\/"},"modified":"2026-03-21T15:44:45","modified_gmt":"2026-03-21T13:44:45","slug":"senasis-vilnius-su-poilsiu-spa-4-vilnius-grand-resort-viesbutyje-2d-pageidaujant-gotikos-perlas-trakai","status":"publish","type":"product","link":"https:\/\/www.atravel.lt\/en\/product\/senasis-vilnius-su-poilsiu-spa-4-vilnius-grand-resort-viesbutyje-2d-pageidaujant-gotikos-perlas-trakai\/","title":{"rendered":"Senasis Vilnius su poilsiu SPA 4* Vilnius Grand Resort vie\u0161butyje 2d. pageidaujant gotikos perlas &#8211; TRAKAI"},"content":{"rendered":"<p><strong>1 day<\/strong><\/p>\n<p>\u2022 I&scaron;vykstame i&scaron; j\u016bs\u0173 pasirinkto miesto.<br \/> \u2022 Kelion\u0117 link Vilniaus.<br \/> \u2022 Registracija 4* Vilnius Grand Resort vie&scaron;butyje .<br \/> - Recreation.<br \/> \u2022 Pageidaujantys gal\u0117s m\u0117gautis vie&scaron;bu\u010dio SPA malonumais, masa\u017eais ir kitomis proced\u016bromis (INTERLUX TRAVEL turistams vie&scaron;butis suteikia 10% nuolaid\u0105 proced\u016broms).<br \/> \u2022 Vakarien\u0117 vie&scaron;butyje (papildomas mokestis).<br \/> \u2022 Laisvas laikas vie&scaron;bu\u010dio teritorijoje arba pageidaujantiems si\u016blome ekskursin\u0119 i&scaron;vyk\u0105 Senasis Vilnius ir jo legendos (papildomas mokestis).<br \/> \u2022 V\u0117liau gal\u0117site pasim\u0117gauti i&scaron;skirtine ir unikalia istorine vakariene Vilniaus senamiestyje.<br \/> &#8211; Lietuvos istorin\u0117s virtuv\u0117s degustacinis valgiara&scaron;tis:<br \/> &#8211; 4 patiekal\u0173 vakarien\u0117 &#8211; 35 \u20ac\/asm.<br \/> &#8211; Prie patiekal\u0173 priderintas vynas &#8211; 20 \u20ac\/asm.<br \/> &#8211; Patiekalai pristatomi gyvai su istorijomis.<br \/> \u2022 Nakvyn\u0117 vie&scaron;butyje.<\/p>\n<p>4* vie&scaron;butis yra laisvalaikio ir poilsio kompleksas, kuris d\u017eiugina SPA malonumais bei i&scaron;skirtine aptarnavimo kult\u016bra.<br \/> Pasim\u0117gav\u0119 baseinu, pirtimis bei kitais SPA malonumais tur\u0117site galimyb\u0119 susipa\u017einti su senuoju Vilniumi ir e\u017eeringias Trakais.<br \/> Modernus kurortas, e\u017eer\u0173, ber\u017eyn\u0173 ir vingiuojan\u010di\u0173 kalv\u0173 apsuptyje harmoningai \u012fsiliej\u0119s \u012f gamtovaizd\u012f, vos 20 min. kelio nuo Vilniaus miesto centro, kvie\u010dia atrasti gamt\u0105, skan\u0173 maist\u0105 bei tikr\u0105 atpalaiduojant\u012f poils\u012f.<\/p>\n<p>Ramyb\u0117 k\u016bnui ir sielai modernioje \u201eVilnius Grand Resort&#8221; SPA erdv\u0117je \u201eThe V SPA &amp; Wellness&#8221;, kuriame susiliejusi Vakar\u0173 ir Ryt\u0173 medicinos praktik\u0173 darna pad\u0117s pasiekti geriausi\u0173 sveikatinimo rezultat\u0173. Sveikatingumo centre teikiamos keturios paslaug\u0173 kryptys: medicinin\u0117s ir holistin\u0117s, SPA ir sveikatingumo, fitneso ir gyvenimo b\u016bdo, gro\u017eio. Programos taikomos pagal kiekvieno sve\u010dio individualius poreikius &#8211; nuo senovini\u0173 gydom\u0173j\u0173 ritual\u0173 iki inovatyviausi\u0173 priemoni\u0173. Naujoje SPA erdv\u0117je rasite net 16 proced\u016brini\u0173 kambari\u0173 su moderniausiais prietaisais.<\/p>\n<p>\u201eVilnius Grand Resort\u201c d\u017eiugina sve\u010dius originaliu stiliumi, gurmani&scaron;ka virtuve, nepriekai&scaron;tingu aptarnavimu ir svetingumu bei jaukia atmosfera.<\/p>\n<p>Vilniaus istorinis centras \u2013 senamiestis \u2013 d\u0117l savo i&scaron;skirtinumo pripa\u017eintas pasauliniu mastu ir \u012fra&scaron;ytas \u012f UNESCO pasaulio paveldo s\u0105ra&scaron;\u0105. Tai did\u017eiausias Ryt\u0173 Europos senamiestis su puikiais gotikos, renesanso, baroko ir klasicizmo stiliaus pastatais, kuriais gali g\u0117r\u0117tis kult\u016brin\u012f gyvenim\u0105 m\u0117gstantys vilnie\u010diai ir miesto sve\u010diai.<\/p>\n<p>Vilniaus miest\u0105 gaubia paslaptingos legendos. Vilniaus legendose yra u\u017e&scaron;ifruota daug svarbios informacijos apie miesto istorij\u0105.<\/p>\n<p>Da\u017eniausiai legendos esti miesto istorijos vaizdin\u0117 iliustracija. Legendose apie Vilni\u0173 u\u017e&scaron;ifruota daug religini\u0173, istoriografini\u0173, valstybini\u0173, tautini\u0173 bei socialini\u0173 reik&scaron;mi\u0173.<\/p>\n<p>Unikali ir i&scaron;skirtin\u0117 istorin\u0117 vakarien\u0117 Vilniaus senamiestyje.<\/p>\n<p>Patiekalai gamindami pagal seniausius lietuvi&scaron;k\u0173 patiekal\u0173 receptus. J\u016bs b\u016bsite ne tik supa\u017eindinti su istorine virtuve, bet ir gal\u0117site j\u0105 patirti m\u0117gaudamiesi XVI, XVIII, XIX am\u017ei\u0173 patiekalais.<br \/> Kruop&scaron;\u010diai i&scaron;studijav\u0119 dvar\u0173 bei vienuolyn\u0173 archyvuose rastus receptus, i&scaron;gvilden\u0119 Lietuvos \u201ekuchmistr\u0173\u201c paslaptis atkurti autenti&scaron;ki viduram\u017ei\u0173, renesanso ir baroko epoch\u0173 patiekalai ir jie &scaron;iuolaiki&scaron;kai interpretuoti. Atvyk\u0119 \u012f restoran\u0105 galite m\u0117gautis patiekalais, kurie galb\u016bt puikavosi ant vakarien\u0117s stal\u0173 \u012ftaking\u0173 dvar\u0173 men\u0117se, ir kuriais m\u0117gavosi patys Radvilos \u2013 svarbios bei svarios personos to meto Europoje.<\/p>\n<p>Vyn\u0173 degustacijos metu ne tik pajusite nuostabius skonius, bet taip pat su\u017einosite apie vynus &scaron;iandienos ir istorijos sankirtoje.<\/p>\n<p>XVII a. statytame name istorij\u0105 pa\u017einsite kitaip \u2013 ne per muziej\u0173, knygas ar gid\u0173 pasakojimus. \u010cia autenti&scaron;k\u0105 istorij\u0105 \u012fkv\u0117psite, u\u017euosite, ragausite. Steb\u0117sit\u0117s, g\u0117r\u0117sit\u0117s, atrasite i&scaron; naujo ir m\u0117gausit\u0117s. Vakrien\u0117s metu nusiteikite neskub\u0117ti \u2013 skuba auk&scaron;tuomenei nepritinka. Degustacin\u0117s vakarien\u0117s metu, vertindami unikalius patiekalus ir jais m\u0117gaudamiesi b\u016btinai rasite laiko pabendrauti su &scaron;eima, draugais ar kolegomis \u2013 tokios minut\u0117s ir valandos bus ypa\u010d vertingos ir \u012fsimins ilgam.<\/p>\n<p><strong>Day 2<\/strong><\/p>\n<p>\u2022 Pusry\u010diai vie&scaron;butyje.<br \/> \u2022 Rytiniai SPA malonumai.<br \/> \u2022 12.00 i&scaron;siregistravimas i&scaron; vie&scaron;bu\u010dio.<br \/> \u2022 Vykstame link Vilniaus.<br \/> \u2022 Laisvas laikas Vilniuje arba pageidaujantiems si\u016blome ekskursin\u0119 i&scaron;vyk\u0105 \u012f gotikos perl\u0105 Trakus (papildomas mokestis + \u012f\u0117jimo bilietai \u012f pil\u012f).<br \/> \u2022 Pageidaujantiems si\u016blome edukacin\u0119 degustacin\u0119 program\u0105 \u201eKibin\u0173 kelias\u201c (papildomas mokestis).<br \/> \u2022 Pageidaujantiems si\u016blome edukacin\u0119 degustacin\u0119 program\u0105 \u201eLietuvi&scaron;ko alaus kelias\u201c (papildomas mokestis).<br \/> \u2022 Vykstame link Kauno ir Klaip\u0117dos<\/p>\n<p>Trakai \u2013 senoji Lietuvos sostin\u0117, apsupta daugyb\u0117s e\u017eer\u0173, gars\u0117janti savo XIV a. pilimi, kuri buvo Lietuvos Did\u017eiosios Kunigaik&scaron;tyst\u0117s valdov\u0173 rezidencija. Tai. vienintel\u0117 Ryt\u0173 Europoje pilis, pastatyta saloje. &Scaron;i pilis Vokietijoje pristatoma kaip Lietuvos gotikos perlas.Ji st\u016bkso vienoje i&scaron; daugelio Galv\u0117s e\u017eero sal\u0173. Pilyje \u012fsik\u016br\u0119s turtingas Trak\u0173 kra&scaron;totyros muziejus.<\/p>\n<p>Turb\u016bt daugeliui Trak\u0173 miestas asocijuojasi su tradiciniu karaim\u0173 patiekalu \u2013 kibinu.<\/p>\n<p>Karaimai &#8211; tiurk\u0173 grup\u0117s tauta, gyvenanti Lietuvoje. Jie priklauso seniausioms tiurk\u0173 gentims \u2013 Kip\u010diakams. 1397 m. Vytautas Didysis po \u017eygio \u012f Aukso Ordos stepes, \u012f Lietuv\u0105 atgabeno kelis &scaron;imtus karaim\u0173 &scaron;eim\u0173. Jie buvo apgyvendinti Trakuose. Vytautas juos labai vertino u\u017e i&scaron;tikimyb\u0119, tod\u0117l j\u0173 kariams paved\u0117 saugoti abi (pusiasalio ir salos) Trak\u0173 pilis. Tuo tarpu civiliai dirbo \u017eem\u0119, kurios Vytautas jiems atseik\u0117jo po 150 ha.<\/p>\n<p>Jei pasirinksite susipa\u017einti su karaim\u0173 tautos nacionaliniu pyrag\u0117liu \u2013 kibinais, su\u017einosite ir kaip j\u012f pasigaminti. Pusm\u0117nulio formos, su \u012fvairias \u012fdarais, karaim\u0173 pyrag\u0117lis yra vienas i&scaron; \u017einomiausi\u0173 tautos patiekal\u0173.<\/p>\n<p>Yra nera&scaron;yta taisykl\u0117 \u2013 b\u016bnant Trakuose b\u016btina suvalgyti kibin\u0105. Ta\u010diau kur m\u0117gautis pa\u010diais skaniausiais kibinais? \u017dinoma, ten, kur juos gamina karaim\u0173 tautos atstovai. Juk tik jie \u017eino visas paslaptis ir gudrybes, kad kibinas pavykt\u0173 sultingas ir gardus. Savo \u017einiomis jie mielai pasidalins su Jumis! Jaukioje nam\u0173 aplinkoje J\u016bs susipa\u017einsite su ilgaam\u017ee istorija, tradicijomis, karaim\u0173 kult\u016bra Lietuvoje. Su\u017einosite kibin\u0173 ruo&scaron;imo, kepimo paslaptis, karaim\u0173 &scaron;eimose perduodamas i&scaron; kartos \u012f kart\u0105. Pasim\u0117gausite nepakartojamu, J\u016bs\u0173 pagaminto kibino skoniu (papildomas mokestis).<\/p>\n<p>Trak\u0173 rajone esantis PILIALAUKIS \u2013 istorin\u0117 did\u017ei\u0173j\u0173 Lietuvos valdov\u0173 \u017eem\u0117, Vytauto Did\u017eiojo gimtin\u0117 \u2013 tapo antrojo m\u016bs\u0173 restorano namais. \u010cia mes ne tik t\u0119sime savo ekskursij\u0105, bet ir su\u017einosime apie tradicin\u012f lietuvi&scaron;k\u0105 al\u0173.<\/p>\n<p>Norintiems ne tik paskanauti tikro, gyvo lietuvi&scaron;ko alaus, ta\u010diau taip pat daugiau su\u017einoti apie jo r\u016b&scaron;is, savybes, aludaryst\u0117s men\u0105 bei viet\u0105 istorijos kontekste \u2013 organizuojama alaus degustacija, kurios metu diplomuoti alaus \u017einovai mielai supa\u017eindins su \u012fdomiu, t\u016bkstantme\u010dius puosel\u0117jamu alaus pasauliu.<\/p>\n<hr \/>\n<p>\u012e kelion\u0117s kain\u0105 \u012fskai\u010diuota:<\/p>\n<hr \/>\n<p>\u2022 Kelion\u0117 autobusu.<br \/> \u2022 1 nakvyn\u0117 5*Vilnius Grand Resort vie&scaron;butyje su pusry\u010diais.<br \/> \u2022 Sauna ir baseinas vie&scaron;butyje.<br \/> \u2022 Kelion\u0117s vadovo paslaugos.<br \/> \u2022 Kelion\u0117s dokument\u0173 sutvarkymas.<\/p>\n<hr \/>\n<p>\u012e kelion\u0117s kain\u0105 ne\u012fskai\u010diuota:<\/p>\n<hr \/>\n<p>Pageidaujant:<\/p>\n<p>\u2022 Vakarien\u0117 vie&scaron;butyje (fur&scaron;etas) \u2013 18\u20ac\/asm. Fur&scaron;etas \u012fvyks susirinkus ne ma\u017eiau kaip 20 \u017emoni\u0173.<br \/> \u2022 Ekskursin\u0117 i&scaron;vyka Senasis Vilnius ir jo legendos (tame tarpe perve\u017eimas i&scaron;\/\u012f vie&scaron;but\u012f)-15\u20ac\/asm.<br \/> \u2022 Istorin\u0117 vakarien\u0117 Vilniaus senamiestyje \u2013 35\u20ac\/asm.<br \/> \u2022 Vyn\u0173 degustacija \u2013 20\u20ac\/asm.<br \/> \u2022 Ekskursin\u0117 i&scaron;vyka \u012f Trakus \u2013 15\u20ac\/asm.<br \/> \u2022 Edukacin\u0117 degustacin\u0117 programa \u201eKibin\u0173 kelias\u201c \u2013 10\u20ac\/asm.<br \/> \u2022 Edukacin\u0117 degustacin\u0117 programa \u201eLietuvi&scaron;ko alaus kelias\u201c &#8211; 15\u20ac\/asm.<br \/> \u2022 \u012e\u0117jimo bilietai \u012f mokamas lankytinas vietas (muziejus\/ba\u017eny\u010dias\/pilis ir pan.).<br \/> \u2022 20\u20ac\/asm. priemoka u\u017e vienviet\u012f kambar\u012f, jei keliaujate vienas\/-a.<br \/> \u2022 5\u20ac\/asm. priemoka u\u017e triviet\u012f kambar\u012f.<\/p>\n<hr \/>\n<p>Pastabos:<\/p>\n<hr \/>\n<p>\u2022 *Kelion\u0117s i&scaron;vykimo, atvykimo ir kiti laikai gali keistis \u2013 patikslinta informacija atsiun\u010diama (2-3 dienas prie&scaron; kelion\u0119).<br \/> \u2022 Visos ekskursijos vedamos lietuvi\u0173 kalba.<br \/> \u2022 Objekt\u0173 lankymo tvarka, skai\u010dius ir \u012f\u0117jimo biliet\u0173 kaina gali keistis.<br \/> \u2022 Muziejuose, ba\u017eny\u010diose ir kituose mokamuose objektuose kelion\u0117s vadovas ekskursij\u0173 neveda.<br \/> \u2022 \u012e\u0117jimo bilietai \u012f mokamas lankytinas vietas (muziejus\/ba\u017eny\u010dias\/pilis ir pan.) n\u0117ra \u012fskai\u010diuoti \u012f kelion\u0117s kain\u0105.<br \/> \u2022 Kelion\u0117s vadovas gali keisti programos eig\u0105.<br \/> \u2022 Nepamir&scaron;kite \u012f kelion\u0119 pasiimti paso\/asmens tapatyb\u0117s kortel\u0117s, galiojan\u010dio\/-s ne trumpiau nei 3\/6 m\u0117nesius po gr\u012f\u017eimo i&scaron; kelion\u0117s datos.<\/p>","protected":false},"excerpt":{"rendered":"<p>1 diena \u2022 I&scaron;vykstame i&scaron; j\u016bs\u0173 pasirinkto miesto. \u2022 Kelion\u0117 link Vilniaus. \u2022 Registracija 4* Vilnius Grand Resort vie&scaron;butyje . \u2022 Poilsis. \u2022 P&#8230;<\/p>","protected":false},"featured_media":11863,"comment_status":"open","ping_status":"closed","template":"","meta":{"om_disable_all_campaigns":false,"_monsterinsights_skip_tracking":false,"_monsterinsights_sitenote_active":false,"_monsterinsights_sitenote_note":"","_monsterinsights_sitenote_category":0},"product_brand":[],"product_cat":[669],"product_tag":[],"class_list":{"0":"post-12626","1":"product","2":"type-product","3":"status-publish","4":"has-post-thumbnail","6":"product_cat-keliones","8":"first","9":"instock","10":"virtual","11":"taxable","12":"product-type-simple"},"aioseo_notices":[],"_links":{"self":[{"href":"https:\/\/www.atravel.lt\/en\/wp-json\/wp\/v2\/product\/12626","targetHints":{"allow":["GET"]}}],"collection":[{"href":"https:\/\/www.atravel.lt\/en\/wp-json\/wp\/v2\/product"}],"about":[{"href":"https:\/\/www.atravel.lt\/en\/wp-json\/wp\/v2\/types\/product"}],"replies":[{"embeddable":true,"href":"https:\/\/www.atravel.lt\/en\/wp-json\/wp\/v2\/comments?post=12626"}],"wp:featuredmedia":[{"embeddable":true,"href":"https:\/\/www.atravel.lt\/en\/wp-json\/wp\/v2\/media\/11863"}],"wp:attachment":[{"href":"https:\/\/www.atravel.lt\/en\/wp-json\/wp\/v2\/media?parent=12626"}],"wp:term":[{"taxonomy":"product_brand","embeddable":true,"href":"https:\/\/www.atravel.lt\/en\/wp-json\/wp\/v2\/product_brand?post=12626"},{"taxonomy":"product_cat","embeddable":true,"href":"https:\/\/www.atravel.lt\/en\/wp-json\/wp\/v2\/product_cat?post=12626"},{"taxonomy":"product_tag","embeddable":true,"href":"https:\/\/www.atravel.lt\/en\/wp-json\/wp\/v2\/product_tag?post=12626"}],"curies":[{"name":"wp","href":"https:\/\/api.w.org\/{rel}","templated":true}]}}