{"id":12625,"date":"2026-03-21T15:44:45","date_gmt":"2026-03-21T13:44:45","guid":{"rendered":"https:\/\/www.atravel.lt\/produktas\/rodas-graikiska-sala-skrydis-is-rygos\/"},"modified":"2026-03-21T15:44:45","modified_gmt":"2026-03-21T13:44:45","slug":"rodas-graikiska-sala-skrydis-is-rygos","status":"publish","type":"product","link":"https:\/\/www.atravel.lt\/en\/product\/rodas-graikiska-sala-skrydis-is-rygos\/","title":{"rendered":"Rodas &#8211; Graiki\u0161ka sala (skrydis i\u0161 Rygos)"},"content":{"rendered":"<p><strong>1 day    <\/strong><\/p>\n<p>\u2022    Atvykimas \u012f Rygos oro uost\u0105.<br \/>\n\u2022    Registracija \u012f skryd\u012f.<br \/>\n\u2022    Skrydis: Ryga \u2013 Rodas (~07:20-10:50).<br \/>\n\u2022    Atvykimas \u012f Rodo sal\u0105.<br \/>\n\u2022    Ekskursin\u0117 i&scaron;vyka po Rodo sal\u0105 \u201eNuo senov\u0117s diev\u0173 iki riteri\u0173 legend\u0173!\u201c.<br \/>\n\u2022    Po ekskursijos vykstame \u012f vie&scaron;but\u012f.<br \/>\n\u2022    \u012esik\u016brimas vie&scaron;butyje.<br \/>\n\u2022    Nakvyn\u0117 vie&scaron;butyje.    <\/p>\n<p>&Scaron;i diena Rode taps kelione per t\u016bkstantme\u010dius \u2013 nuo antikos ir diev\u0173 laik\u0173 iki viduram\u017ei\u0173 riteri\u0173 epochos ir diding\u0173 tvirtovi\u0173 sien\u0173.<\/p>\n<p>Vykstame \u012f vien\u0105 vaizdingiausi\u0173 salos viet\u0173 \u2013 Filerimo kalv\u0105 (papildomai apmokami \u012f\u0117jimo bilietai ~10 \u20ac\/asm., ES pilie\u010diams iki 25 met\u0173 \u2013 nemokamai). \u010cia istorija ir gamta susilieja ypatingoje harmonijoje: antikiniai griuv\u0117siai dera su riteri\u0173 vienuolynu, po med\u017ei\u0173 lajomis slepiasi po\u017eemin\u0117 ba\u017eny\u010dia, o tvarkingame parke laisvai vaik&scaron;to povai. I&scaron; ap\u017evalgos aik&scaron;teli\u0173 atsiveria \u012fsp\u016bdingi panoraminiai vaizdai, o gido pasakojimas nukels nuo pagoni&scaron;k\u0173 kult\u0173 prie krik&scaron;\u010dionyb\u0117s, riteri\u0173 laik\u0173 ir garsiosios Filerimo Dievo Motinos ikonos istorijos.<\/p>\n<p>Toliau m\u016bs\u0173 laukia Rodo akropolis. I&scaron; auk&scaron;tai pa\u017evelgsime \u012f miest\u0105 taip, kaip j\u012f mat\u0117 senov\u0117s graikai, su\u017einosime apie Rodo \u012fk\u016brim\u0105, Olimpo dievus ir legendin\u012f Rodo Kolos\u0105 \u2013 vien\u0105 i&scaron; septyni\u0173 pasaulio stebukl\u0173. \u010cia, Eg\u0117jo ir Vidur\u017eemio j\u016br\u0173 sand\u016broje, ypa\u010d stipriai juntama salos didyb\u0117 ir jos istorin\u0117 reik&scaron;m\u0117.<\/p>\n<p>Leisim\u0117s \u017eemyn prie j\u016bros \u2013 \u012f Mandrakio uost\u0105, simbolin\u012f &scaron;iuolaikinio Rodo centr\u0105. Pasak vienos i&scaron; versij\u0173, b\u016btent \u010dia stov\u0117jo Kolosas, o &scaron;iandien uosto vartus saugo garsieji bronziniai elniai. Pasivaik&scaron;\u010diojimas po itali&scaron;k\u0105j\u012f Rod\u0105 supa\u017eindins su ital\u0173 valdymo laikotarpio architekt\u016bra ir suteiks mar&scaron;rutui savito europieti&scaron;ko \u017eavesio.<\/p>\n<p>Dienos kulminacija \u2013 Viduram\u017ei\u0173 Rodo miestas, tikras muziejus po atviru dangumi, \u012ftrauktas \u012f UNESCO pasaulio paveldo s\u0105ra&scaron;\u0105. U\u017e galing\u0173 sien\u0173 slepiasi Did\u017ei\u0173j\u0173 magistr\u0173 r\u016bmai, Riteri\u0173 gatv\u0117 ir senasis hospitalis. \u010cia atgyja Hospitaljer\u0173 ordino istorijos, kry\u017eiaus \u017eygiai, apgultys ir lemtingi sprendimai. Kalb\u0117sime apie Suleiman\u0105 Did\u012fj\u012f, viduram\u017ei\u0173 karo gudrybes ir to meto gydymo praktik\u0105.<\/p>\n<p>Ekskursijos pabaigoje \u2013 laisvas laikas viduram\u017ei\u0173 mieste: pasivaik&scaron;\u010diojimams siauromis gatvel\u0117mis, kavai, suvenyrams ar tiesiog istorijos prisodrintos atmosferos pajautimui.<\/p>\n<p><strong>Day 2    <\/strong><\/p>\n<p>\u2022    Pusry\u010diai vie&scaron;butyje (perkant ekskursij\u0173 paket\u0105 pusry\u010diai \u012fskai\u010diuoti).<br \/>\n\u2022    Ekskursin\u0117 i&scaron;vyka \u201eLindos, salos tradicijos ir senov\u0117s Kamiros\u201c.<br \/>\n\u2022    Pageidaujantiems si\u016blome pietus tradicin\u0117je tavernoje (papildomas mokestis ~35 \u20ac\/asm.).<br \/>\n\u2022    Sugr\u012f\u017etame vie&scaron;butyje.<br \/>\n\u2022    Nakvyn\u0117 vie&scaron;butyje.    <\/p>\n<p>&Scaron;i diena skirta Rodo pa\u017einimui u\u017e sostin\u0117s rib\u0173 \u2013 istoriniams miestams, dvasin\u0117ms vietoms, tradiciniam salos gyvenimui ir unikaliems antikos paminklams. Programa intensyvi, bet komforti&scaron;ka, leid\u017eianti per vien\u0105 dien\u0105 pamatyti skirtingus Rodo veidus.<\/p>\n<p>Anksti ryte i&scaron;vykstame i&scaron; vie&scaron;bu\u010dio ir keliaujame \u012f pietus \u2013 \u012f vien\u0105 vaizdingiausi\u0173 Rodo miesteli\u0173 Lindos\u0105. Pasivaik&scaron;\u010diojimo metu susipa\u017einsime su miesto istorija, vietini\u0173 tik\u0117jimu, legendomis, j\u016br\u0173 kapitonais ir prekybos tradicijomis. Vaik&scaron;\u010diosime siauromis Lindoso gatvel\u0117mis, pamatysime kapiton\u0173 namus, antikin\u012f teatr\u0105 ir ap\u017evelgsime Lindoso akropol\u012f i&scaron; geriausi\u0173 ap\u017evalgos ta&scaron;k\u0173. Nuo \u010dia atsiveria nuostab\u016bs vaizdai \u012f balt\u0105 miest\u0105, j\u016br\u0105, kalnus ir gars\u0173j\u012f &Scaron;v. Pauliaus \u012flank\u0105 \u2013 vien\u0105 fotogeni&scaron;kiausi\u0173 viet\u0173 saloje.<\/p>\n<p>Toliau vykstame \u012f vyr\u0173 vienuolyn\u0105, kur ekskursija \u012fgauna ramesn\u012f ir gilesn\u012f pob\u016bd\u012f. Tur\u0117sime galimyb\u0119 pabendrauti su vienuoliais ir vietiniais gyventojais, pamatyti ne\u012fprastas ikonas, su\u017einoti j\u0173 istorij\u0105 bei susipa\u017einti su simboline &scaron;ventyklos architekt\u016bra.<\/p>\n<p>Kita stotel\u0117 \u2013 Embona kaimas, gars\u0117jantis vyno gamybos tradicijomis. \u010cia m\u016bs\u0173 lauks vietini\u0173 vyn\u0173, alyvuogi\u0173, s\u016bri\u0173, m\u0117sos gamini\u0173 ir kit\u0173 salos gastronomij\u0105 atspindin\u010di\u0173 produkt\u0173 degustacija (papildomas mokestis ~10 \u20ac\/asm.).<\/p>\n<p>Pageidaujantiems si\u016blome pietus tradicin\u0117je tavernoje (papildomas mokestis ~35 \u20ac\/asm.), gars\u0117jan\u010dioje namine virtuve: avienos &scaron;onkauliukai, s\u016brio rutuliukai ir kiti vietiniai patiekalai.<\/p>\n<p>Antroje dienos pus\u0117je lankysime vien\u0105 svarbiausi\u0173 salos antikini\u0173 objekt\u0173 \u2013 senovin\u012f Kamiroso miest\u0105 (papildomai apmokami \u012f\u0117jimo bilietai ~10 \u20ac\/asm., ES pilie\u010diams iki 25 met\u0173 \u2013 nemokamai). Tai unikal\u016bs antikinio polio griuv\u0117siai su ai&scaron;kia gatvi\u0173 strukt\u016bra, gyvenam\u0173j\u0173 nam\u0173, &scaron;ventykl\u0173, pir\u010di\u0173, vie&scaron;\u0173j\u0173 erdvi\u0173 ir pa\u017eangios vandentiekio sistemos liekanomis. Kamirosas leid\u017eia \u012fsivaizduoti senov\u0117s miesto gyvenim\u0105 ir pajusti antikin\u0117s civilizacijos mast\u0105 Rode.<\/p>\n<p>Ekskursij\u0105 u\u017ebaigsime Drugeli\u0173 sl\u0117nyje \u2013 &scaron;e&scaron;\u0117liniame tarpeklyje su mi&scaron;ko takais ir mediniais tilteliais (papildomai apmokami \u012f\u0117jimo bilietai ~5 \u20ac\/asm.). Vasaros metu \u010dia gyvena t\u016bkstan\u010diai drugeli\u0173, sukurdami ypating\u0105 tylos ir gamtos harmonijos atmosfer\u0105. Po pasivaik&scaron;\u010diojimo \u2013 gr\u012f\u017eimas \u012f vie&scaron;but\u012f.<\/p>\n<p><strong>Day 3    <\/strong><\/p>\n<p>\u2022    Pusry\u010diai vie&scaron;butyje (perkant ekskursij\u0173 paket\u0105 pusry\u010diai \u012fskai\u010diuoti).<br \/>\n\u2022    Laisva diena. Poilsis prie j\u016bros.<br \/>\n\u2022    Nakvyn\u0117 vie&scaron;butyje.    <\/p>\n<p><strong>Day 4    <\/strong><\/p>\n<p>\u2022    Pusry\u010diai vie&scaron;butyje (perkant ekskursij\u0173 paket\u0105 pusry\u010diai \u012fskai\u010diuoti).<br \/>\n\u2022    Laisva diena. Poilsis prie j\u016bros.<br \/>\n\u2022    Pageidaujantiems si\u016blome i&scaron;vyk\u0105 jachta (tik m\u016bs\u0173 grupei) palei rytin\u0119 Rodo pakrant\u0119 su maudyn\u0117mis ir pietumis (papildomas mokestis \u2013 nuo 150 \u20ac\/asm., kaina priklauso nuo dalyvi\u0173 skai\u010diaus).<br \/>\n\u2022    Nakvyn\u0117 vie&scaron;butyje.    <\/p>\n<p><strong>Day 5    <\/strong><\/p>\n<p>\u2022    Pusry\u010diai vie&scaron;butyje (perkant ekskursij\u0173 paket\u0105 pusry\u010diai \u012fskai\u010diuoti).<br \/>\n\u2022    Laisva diena. Poilsis prie j\u016bros.<br \/>\n\u2022    Nakvyn\u0117 vie&scaron;butyje.    <\/p>\n<p><strong>Day 6    <\/strong><\/p>\n<p>\u2022    Pusry\u010diai vie&scaron;butyje (perkant ekskursij\u0173 paket\u0105 pusry\u010diai \u012fskai\u010diuoti).<br \/>\n\u2022    Laisva diena. Poilsis prie j\u016bros.<br \/>\n\u2022    Nakvyn\u0117 vie&scaron;butyje.    <\/p>\n<p><strong>Day 7    <\/strong><\/p>\n<p>\u2022    Pusry\u010diai vie&scaron;butyje (perkant ekskursij\u0173 paket\u0105 pusry\u010diai \u012fskai\u010diuoti).<br \/>\n\u2022    Laisva diena. Poilsis prie j\u016bros.<br \/>\n\u2022    Nakvyn\u0117 vie&scaron;butyje.    <\/p>\n<p><strong>Day 8    <\/strong><\/p>\n<p>\u2022    Pusry\u010diai vie&scaron;butyje (perkant ekskursij\u0173 paket\u0105 pusry\u010diai \u012fskai\u010diuoti).<br \/>\n\u2022    I&scaron;siregistravimas i&scaron; vie&scaron;bu\u010dio.<br \/>\n\u2022    Perve\u017eimas \u012f oro uost\u0105.<br \/>\n\u2022    Registracija \u012f skryd\u012f.<br \/>\n\u2022    Skrydis: Rodas \u2013 Ryga (~11:40-15:15).<br \/>\n\u2022    Atskridimas \u012f Ryg\u0105.    <\/p>","protected":false},"excerpt":{"rendered":"<p>1 diena \u2022 Atvykimas \u012f Rygos oro uost\u0105. \u2022 Registracija \u012f skryd\u012f. \u2022 Skrydis: Ryga \u2013 Rodas (~07:20-10:50). \u2022 Atvykimas \u012f Rodo sal\u0105. \u2022 Ekskursin\u0117 i&scaron;vyka po R&#8230;<\/p>","protected":false},"featured_media":11861,"comment_status":"open","ping_status":"closed","template":"","meta":{"om_disable_all_campaigns":false,"_monsterinsights_skip_tracking":false,"_monsterinsights_sitenote_active":false,"_monsterinsights_sitenote_note":"","_monsterinsights_sitenote_category":0},"product_brand":[],"product_cat":[669],"product_tag":[],"class_list":{"0":"post-12625","1":"product","2":"type-product","3":"status-publish","4":"has-post-thumbnail","6":"product_cat-keliones","8":"first","9":"instock","10":"virtual","11":"taxable","12":"purchasable","13":"product-type-simple"},"aioseo_notices":[],"_links":{"self":[{"href":"https:\/\/www.atravel.lt\/en\/wp-json\/wp\/v2\/product\/12625","targetHints":{"allow":["GET"]}}],"collection":[{"href":"https:\/\/www.atravel.lt\/en\/wp-json\/wp\/v2\/product"}],"about":[{"href":"https:\/\/www.atravel.lt\/en\/wp-json\/wp\/v2\/types\/product"}],"replies":[{"embeddable":true,"href":"https:\/\/www.atravel.lt\/en\/wp-json\/wp\/v2\/comments?post=12625"}],"wp:featuredmedia":[{"embeddable":true,"href":"https:\/\/www.atravel.lt\/en\/wp-json\/wp\/v2\/media\/11861"}],"wp:attachment":[{"href":"https:\/\/www.atravel.lt\/en\/wp-json\/wp\/v2\/media?parent=12625"}],"wp:term":[{"taxonomy":"product_brand","embeddable":true,"href":"https:\/\/www.atravel.lt\/en\/wp-json\/wp\/v2\/product_brand?post=12625"},{"taxonomy":"product_cat","embeddable":true,"href":"https:\/\/www.atravel.lt\/en\/wp-json\/wp\/v2\/product_cat?post=12625"},{"taxonomy":"product_tag","embeddable":true,"href":"https:\/\/www.atravel.lt\/en\/wp-json\/wp\/v2\/product_tag?post=12625"}],"curies":[{"name":"wp","href":"https:\/\/api.w.org\/{rel}","templated":true}]}}