{"id":12624,"date":"2026-03-21T15:44:45","date_gmt":"2026-03-21T13:44:45","guid":{"rendered":"https:\/\/www.atravel.lt\/produktas\/individuali-8-d-kelione-i-rimini-italija-skrydis-is-kauno\/"},"modified":"2026-03-21T15:44:45","modified_gmt":"2026-03-21T13:44:45","slug":"individuali-8-d-kelione-i-rimini-italija-skrydis-is-kauno","status":"publish","type":"product","link":"https:\/\/www.atravel.lt\/en\/product\/individuali-8-d-kelione-i-rimini-italija-skrydis-is-kauno\/","title":{"rendered":"Individuali 8 d. kelion\u0117 \u012f Rimin\u012f (Italija) skrydis i\u0161 Kauno"},"content":{"rendered":"<h3 style=\"text-align: center\"><span style=\"font-size:18px\"><span style=\"color:#27ae60\"><strong>GARANTUOTA NUO 4 KELIAUTOJ\u0172!<\/strong><\/span><\/span><\/h3>\n<hr \/>\n<h3 style=\"text-align: center\"><strong><span style=\"color:#e74c3c\">Kelion\u0117 organizuojama reisiniais skryd\u017eiais, tod\u0117l d\u0117l l\u0117ktuvo biliet\u0173 pabrangimo, organizatorius gali atmesti rezervacij\u0105 arba pasi\u016blyti keliautojui priemok\u0105.<\/span><\/strong><\/h3>\n<hr \/>\n<p><strong>1 day <\/strong><\/p>\n<p>\u2022 Atvykimas \u012f Kauno oro uost\u0105.<br \/> \u2022 Skrydis: Kaunas \u2013 Rimini (~11:50-13:15).<br \/> \u2022 Perve\u017eimas \u012f vie&scaron;but\u012f (Rimini).<br \/> \u2022 \u012esik\u016brimas vie&scaron;butyje.<br \/> - Recreation.<br \/> \u2022 Nakvyn\u0117 vie&scaron;butyje.<\/p>\n<p>Romanija \u2013 pati svetingiausia Italijos sritis. Prie&scaron; du t\u016bkstan\u010dius met\u0173 \u010dia suplaukdavo laivai i&scaron; visos Vidur\u017eemio j\u016bros, o viduram\u017eiais susirinkdavo maldininkai i&scaron; visos Europos. Na, o m\u016bs\u0173 laikais \u010dia ilsisi milijonai turist\u0173 i&scaron; viso pasaulio.<\/p>\n<p><strong>Day 2 <\/strong><\/p>\n<p>\u2022 Pusry\u010diai vie&scaron;butyje (perkant ekskursij\u0173 paket\u0105 pusry\u010diai \u012fskai\u010diuoti).<br \/> - Free time, relax by the sea.<br \/> \u2022 Nakvyn\u0117 vie&scaron;butyje.<\/p>\n<p><strong>Day 3 <\/strong><\/p>\n<p>\u2022 Pusry\u010diai vie&scaron;butyje (perkant ekskursij\u0173 paket\u0105 pusry\u010diai \u012fskai\u010diuoti).<br \/> - Free time, relax by the sea.<br \/> \u2022 Ekskursin\u0117 i&scaron;vyka \u201eSantarkand\u017eelo \u2013 Rimini\u201c.<br \/> \u2022 Gr\u012f\u017eimas \u012f vie&scaron;but\u012f.<br \/> \u2022 Nakvyn\u0117 vie&scaron;butyje.<\/p>\n<p>Santarkan\u017eelo di Romania \u2013 \u017eavus miestelis, esantis 10 km \u012f vakarus nuo Riminio. Jame gyvena 21 000 gyventoj\u0173. Per miest\u0105 teka dvi up\u0117s: Uzo ir Mareka. \u010cia saugomos senosios tradicijos ir miesto savitumas. Istoriniame centre nuolatos verda gyvenimas. Tvarkingi namai, nuostab\u016bs restoranai ir barai, siauros gatvel\u0117s, vedan\u010dios \u012f aik&scaron;tes, kuri\u0173 pagrindin\u0117 vadinama Ganganelio aik&scaron;te. Miestas taip pat turistus traukia ir gausybe savo \u012f\u017eymybi\u0173: Ganganelio Triumfo Arka, katedra, senieji miesto vartai, Etnografijos muziejus, Istorijos ir Archeologijos muziejus, paslaptingi tufo (vulkaniniai) urvai \u2013 tai dar ne visas \u012f\u017eymybi\u0173, kurias vert\u0117t\u0173 pamatyti, s\u0105ra&scaron;as. Pati seniausia miesto dalis yra ant Jupiterio kalvos &scaron;laito. \u010cia gerai matosi i&scaron;lik\u0119 viduram\u017ei\u0173 kaimo \u012ftvirtinimai, ant kuri\u0173 i&scaron;kilusi Malatestos tvirtov\u0117 nuo XIV a.<\/p>\n<p>Ma\u017eai kas \u017eino, kad Rimini \u2013 pa\u010diame populiariausiame Romanijos mieste \u2013 be plia\u017e\u0173 ir vie&scaron;bu\u010di\u0173 yra pati seniausia rom\u0117n\u0173 triumfo arka, pirmoji miesto biblioteka ir pirmoji Renesanso epochos &scaron;ventov\u0117. Ne kiekvienas Riminio gyventojas \u017eino, kad j\u0173 m\u0117gstamam Tiberijaus tiltui 2014 m. sukako 2000 met\u0173, o pagrindin\u0117je miesto gatv\u0117je gyveno ir mok\u0117si daugiausia titul\u0173 turintis XX a. re\u017eisierius Federikas Felinis.<\/p>\n<p><strong>Day 4 <\/strong><\/p>\n<p>\u2022 Pusry\u010diai vie&scaron;butyje (perkant ekskursij\u0173 paket\u0105 pusry\u010diai \u012fskai\u010diuoti).<br \/> - Free time, relax by the sea.<br \/> \u2022 Ekskursin\u0117 i&scaron;vyka \u012f Urbino.<br \/> \u2022 Gr\u012f\u017eimas \u012f vie&scaron;but\u012f.<br \/> \u2022 Nakvyn\u0117 vie&scaron;butyje.<\/p>\n<p>Urbino \u2013 miestas, turintis daug unikali\u0173 i&scaron;saugot\u0173 nuo viduram\u017ei\u0173 laik\u0173, objekt\u0173. Urbino buvo ir liks kult\u016bros ir &scaron;vietimo centru ne tik Marnes apskrityje, bet ir visoje Italijoje. \u010cia jus patenkate \u012f renesanso pasaul\u012f. Viena i&scaron; pasaulyje geriausi\u0173 tapybos ir skulpt\u016br\u0173 kolekcij\u0173 yra Montefertro r\u016bmuose. Taip pat &scaron;iame mieste 1516 metais buvo \u012fkurtas universitetas, kuris yra i&scaron;lik\u0119s iki &scaron;i\u0173 dien\u0173.<\/p>\n<p><strong>Day 5 <\/strong><\/p>\n<p>\u2022 Pusry\u010diai vie&scaron;butyje (perkant ekskursij\u0173 paket\u0105 pusry\u010diai \u012fskai\u010diuoti).<br \/> - Free time, relax by the sea.<br \/> \u2022 Antroje dienos pus\u0117je pageidaujantiems si\u016blome ekskursin\u0119 i&scaron;vyk\u0105 \u012f Florencij\u0105 &#8211; 89 \u20ac + vie&scaron;ojo transporto bilietai ~10 \u20ac, i&scaron;vyka \u012fvyks susirinkus ma\u017eiausiai 6 keliautojams).<br \/> \u2022 Gr\u012f\u017eimas \u012f vie&scaron;but\u012f.<br \/> \u2022 Nakvyn\u0117 vie&scaron;butyje.<\/p>\n<p>Florencija &#8211; vienas gra\u017eiausi\u0173 Italijos miest\u0173 ir \u201eEuropos kult\u016bros sostin\u0117\u201c. Botticelli \u201eVenera\u201c, Mikeland\u017eelo \u201eDovydas\u201c ir daugyb\u0117 Renesanso epochos r\u016bm\u0173 &#8211; tai Florencijos vizitin\u0117s kortel\u0117s. &Scaron;is miestas atrodo kaip did\u017eiulis teatro peiza\u017eas, i&scaron;keltas prie&scaron; daugel\u012f &scaron;imtme\u010di\u0173, ta\u010diau jie niekada nesivargino jo i&scaron;ardyti. Pa\u017eym\u0117tina, kad Florencija yra svarbus ital\u0173 mados miestas ir pasaulio mados sostini\u0173 reitinge jam buvo skirta 31 vieta.<\/p>\n<p><strong>Day 6 <\/strong><\/p>\n<p>\u2022 Pusry\u010diai vie&scaron;butyje (perkant ekskursij\u0173 paket\u0105 pusry\u010diai \u012fskai\u010diuoti).<br \/> \u2022 Ekskursija \u012f San Marin\u0105.<br \/> \u2022 Gr\u012f\u017eimas \u012f vie&scaron;but\u012f.<br \/> \u2022 Nakvyn\u0117 vie&scaron;butyje.<\/p>\n<p>&Scaron;alia Riminio esantis San Marinas &#8211; pati seniausia Europoje respublika, kurios valdymo strukt\u016bra \u012ftraukta \u012f UNESCO. Kasmet &scaron;al\u012f aplanko 500 000 turist\u0173, kurie \u010dia gali pasim\u0117gauti \u012f\u017eymiaisiais San Marino likeriais, apsipirkti vietin\u0117se krautuv\u0117l\u0117se ir \u012fsitikinti, kad San Marinas ne veltui vadinamas Europos balkonu, mat nuo 700 m auk&scaron;\u010dio kalvos atsiveria kvap\u0105 gniau\u017eiantys vaizdai. B\u016btent \u012f San Marin\u0105 suva\u017eiuoja maldininkai i&scaron; viso pasaulio, tarp j\u0173 Romos popie\u017eiai ir sta\u010diatiki\u0173 &scaron;ventikai, kad aplankyt\u0173 respublikos \u012fk\u016br\u0117jo &Scaron;v. Marino palaikus.<\/p>\n<p><strong>Day 7 <\/strong><\/p>\n<p>\u2022 Pusry\u010diai vie&scaron;butyje (perkant ekskursij\u0173 paket\u0105 pusry\u010diai \u012fskai\u010diuoti).<br \/> - Free time, relax by the sea.<br \/> \u2022 Nakvyn\u0117 vie&scaron;butyje.<\/p>\n<p><strong>Day 8 <\/strong><\/p>\n<p>\u2022 Pusry\u010diai vie&scaron;butyje (perkant ekskursij\u0173 paket\u0105 pusry\u010diai \u012fskai\u010diuoti).<br \/> \u2022 I&scaron;siregistravimas i&scaron; vie&scaron;bu\u010dio.<br \/> - Transfer to the airport.<br \/> \u2022 Skrydis: Rimini \u2013 Kaunas (~13:40-17:00).<\/p>","protected":false},"excerpt":{"rendered":"<p>GARANTUOTA NUO 4 KELIAUTOJ\u0172! Kelion\u0117 organizuojama reisiniais skryd\u017eiais, tod\u0117l d\u0117l l\u0117ktuvo biliet\u0173 pabrangimo, organizatorius gali atmesti rezervacij\u0105 arba pas&#8230;<\/p>","protected":false},"featured_media":11860,"comment_status":"open","ping_status":"closed","template":"","meta":{"om_disable_all_campaigns":false,"_monsterinsights_skip_tracking":false,"_monsterinsights_sitenote_active":false,"_monsterinsights_sitenote_note":"","_monsterinsights_sitenote_category":0},"product_brand":[],"product_cat":[669],"product_tag":[],"class_list":{"0":"post-12624","1":"product","2":"type-product","3":"status-publish","4":"has-post-thumbnail","6":"product_cat-keliones","8":"first","9":"instock","10":"virtual","11":"taxable","12":"purchasable","13":"product-type-simple"},"aioseo_notices":[],"_links":{"self":[{"href":"https:\/\/www.atravel.lt\/en\/wp-json\/wp\/v2\/product\/12624","targetHints":{"allow":["GET"]}}],"collection":[{"href":"https:\/\/www.atravel.lt\/en\/wp-json\/wp\/v2\/product"}],"about":[{"href":"https:\/\/www.atravel.lt\/en\/wp-json\/wp\/v2\/types\/product"}],"replies":[{"embeddable":true,"href":"https:\/\/www.atravel.lt\/en\/wp-json\/wp\/v2\/comments?post=12624"}],"wp:featuredmedia":[{"embeddable":true,"href":"https:\/\/www.atravel.lt\/en\/wp-json\/wp\/v2\/media\/11860"}],"wp:attachment":[{"href":"https:\/\/www.atravel.lt\/en\/wp-json\/wp\/v2\/media?parent=12624"}],"wp:term":[{"taxonomy":"product_brand","embeddable":true,"href":"https:\/\/www.atravel.lt\/en\/wp-json\/wp\/v2\/product_brand?post=12624"},{"taxonomy":"product_cat","embeddable":true,"href":"https:\/\/www.atravel.lt\/en\/wp-json\/wp\/v2\/product_cat?post=12624"},{"taxonomy":"product_tag","embeddable":true,"href":"https:\/\/www.atravel.lt\/en\/wp-json\/wp\/v2\/product_tag?post=12624"}],"curies":[{"name":"wp","href":"https:\/\/api.w.org\/{rel}","templated":true}]}}