{"id":12623,"date":"2026-03-21T15:44:45","date_gmt":"2026-03-21T13:44:45","guid":{"rendered":"https:\/\/www.atravel.lt\/produktas\/kruizas-baltijos-juros-keliais-talinas-helsinkis-stokholmas\/"},"modified":"2026-03-21T15:44:45","modified_gmt":"2026-03-21T13:44:45","slug":"kruizas-baltijos-juros-keliais-talinas-helsinkis-stokholmas","status":"publish","type":"product","link":"https:\/\/www.atravel.lt\/en\/product\/kruizas-baltijos-juros-keliais-talinas-helsinkis-stokholmas\/","title":{"rendered":"Kruizas Baltijos j\u016bros keliais: Talinas &#8211; Helsinkis &#8211; Stokholmas"},"content":{"rendered":"<p><strong>1 day <\/strong><\/p>\n<p>\u2022 Vakare i&scaron;vykimas i&scaron; Lietuvos (Vilniaus, Kauno ir Panev\u0117\u017eio).<br \/> \u2022 Kelion\u0117 per Latvijos ir Estijos teritorijas.<br \/> \u2022 Naktis autobuse.<\/p>\n<p><strong>Day 2 <\/strong><\/p>\n<p>\u2022 Atvykimas \u012f Talino j\u016br\u0173 uost\u0105;<br \/> \u2022 ~08:00 val. i&scaron;plaukimas \u201eViking Line&#8221; keltu \u012f Helsink\u012f (Suomij\u0105).<br \/> \u2022 Pageidaujantys kelte gal\u0117s papusry\u010diauti (u\u017e papildom\u0105 mokest\u012f).<br \/> \u2022 ~10:30 atvykimas \u012f Helsink\u012f.<br \/> <span style=\"color:#2980b9\"><strong>TIK 2026.05.28 ir 2026.06.25<\/strong><br \/> \u2022 ~10:45 val. i&scaron;plaukimas \u201eViking Line&#8221; keltu \u012f Helsink\u012f (Suomij\u0105).<br \/> \u2022 Pageidaujantys gal\u0117s u\u017esakyti v\u0117lyvuosius pusry\u010dius (u\u017e papildom\u0105 mokest\u012f).<br \/> \u2022 ~13:15 atvykimas \u012f Helsink\u012f.<\/span><br \/> \u2022 Ekskursija autobusu bei p\u0117s\u010diomis po Helsinkio miest\u0105.<br \/> \u2022 Registracija \u012f kruizin\u012f laiv\u0105.<br \/> \u2022 ~17:00 val. i&scaron;plaukimas \u012f Stokholm\u0105 (&Scaron;vedija).<br \/> \u2022 Pageidaujantys kelte gal\u0117s pavakarieniauti (u\u017e papildom\u0105 mokest\u012f, \u012f kain\u0105 \u012fskai\u010diuotas neribotas alus ir vynas).<br \/> \u2022 Vakarin\u0117 nemokama programa kelte.<br \/> \u2022 Nakvyn\u0117 keturviet\u0117se kelto kajut\u0117se.<\/p>\n<p>Helsinkis \u012fkurtas dar XVI a., gars\u0117ja daugybe uost\u0173, seniausiu turgumi, kur gal\u0117site \u012fsigyti suvenyr\u0173 i&scaron; elnio odos ir rag\u0173, \u012f\u017eymi\u0173 kailio dirbini\u0173, suomi&scaron;k\u0173 peili\u0173. Ap\u017evalgin\u0117s ekskursijos metu gro\u017e\u0117sit\u0117s unikaliais architekt\u016briniais paminklais, ap\u017ei\u016br\u0117site ba\u017eny\u010di\u0105 uoloje (jei bus tuo metu atidaryta) ir dar daugel\u012f kit\u0173 \u012f\u017eymi\u0173 Helsinkio viet\u0173 bei paminkl\u0173.<\/p>\n<p><strong>Day 3 <\/strong><\/p>\n<p>\u2022 Pageidaujantys kelte gal\u0117s papusry\u010diauti (u\u017e papildom\u0105 mokest\u012f).<br \/> \u2022 ~10:00 val. (vietos laiku) atvykimas \u012f Stokholm\u0105 (daiktus gal\u0117site palikti savo kajut\u0117je, nes atgal gr\u012f&scaron;ite tuo pa\u010diu laivu, tose pa\u010diose kajut\u0117se).<br \/> \u2022 Ekskursija p\u0117s\u010diomis po Stokholmo senamiest\u012f.<br \/> - Free time.<br \/> \u2022 Gr\u012f\u017eimas \u012f t\u0105 pat\u012f kruizin\u012f laiv\u0105, kuriuo atplauk\u0117te.<br \/> \u2022 ~16:00 val. i&scaron;plaukimas atgal \u012f Helsink\u012f.<br \/> <strong>- <span style=\"color:#2980b9\"> TIK KELION\u0116S DATOMIS: 2026.06.23, 2026.06.25, 2026.07.03 ir 2026.07.24 ~16:00 val. i&scaron;plaukimas atgal \u012f Talin\u0105 (be pers\u0117dimo Helsinkyje).<\/span><\/strong><br \/> \u2022 Pageidaujantys kelte gal\u0117s pavakarieniauti (u\u017e papildom\u0105 mokest\u012f, \u012f kain\u0105 \u012fskai\u010diuotas neribotas alus ir vynas).<br \/> \u2022 Vakarin\u0117 nemokama programa kelte.<br \/> \u2022 Nakvyn\u0117 keturviet\u0117se kelto kajut\u0117se.<\/p>\n<p>Pa\u017eintis su Stokholmu prasid\u0117s nuo senamies\u010dio: vaik&scaron;\u010diosite senove alsuojan\u010diomis gatvel\u0117mis, g\u0117r\u0117sit\u0117s miesto \u012f\u017eymyb\u0117mis, karali&scaron;kais r\u016bmais. Laisvu laiku gal\u0117site apsilankyti suvenyr\u0173 parduotuv\u0117se, paragauti &scaron;vedi&scaron;kos virtuv\u0117s &scaron;edevr\u0173 kavin\u0117se bei restoranuose arba pa\u017ei\u016br\u0117ti apsaugos pasikeitim\u0105 prie karali&scaron;kos rezidencijos. Taip pat gal\u0117site nuvykti \u012f Vaza muziej\u0173, kuris saugo \u012fsp\u016bding\u0105 eksponat\u0105 \u2013 did\u017eiausi\u0105 ir prabangiausi\u0105 XVI am\u017eiuje laiv\u0105 Vaza, kuris nuskendo pirmosios kelion\u0117s prad\u017eioje ir po vandeniu i&scaron;buvo net 300 met\u0173.<\/p>\n<p><strong>Day 4 <\/strong><\/p>\n<p>\u2022 Pageidaujantys kelte gal\u0117s papusry\u010diauti (u\u017e papildom\u0105 mokest\u012f).<br \/> \u2022 ~10:00 val. atvykimas \u012f Helsink\u012f.<br \/> \u2022 ~10:30 val. i&scaron;plaukimas \u012f Talin\u0105.<br \/> \u2022 ~13:00 val. atvykimas \u012f Talin\u0105.<br \/> - <span style=\"color:#2980b9\"><strong>TIK KELION\u0116S DATOMIS: 2026.06.23, 2026.06.25, 2026.07.03 ir 2026.07.24 ~13:15 val. atvykimas \u012f Talin\u0105.<\/strong><\/span><br \/> \u2022 Ekskursija p\u0117s\u010diomis po Talino senamiest\u012f.<br \/> \u2022 Kelion\u0117 autobusu atgal \u012f Lietuv\u0105.<br \/> \u2022 Nakt\u012f gr\u012f\u017eimas \u012f Panev\u0117\u017e\u012f\/Kaun\u0105\/Vilni\u0173.<\/p>\n<p>Talino senamiestis yra \u012ftrauktas \u012f UNESCO pasaulio paveldo s\u0105ra&scaron;\u0105 1997 m. Mieste medini\u0173 pastat\u0173 nedaug, taigi nenuniokotas gaisr\u0173 senamiestis i&scaron;saugojo sen\u0105j\u0105 dvasi\u0105. I&scaron;lik\u0119 nema\u017eai viduram\u017eiais statyt\u0173 ba\u017eny\u010di\u0173, pirkli\u0173 rezidencij\u0173, akmenimis gr\u012fstos siauros gatvel\u0117s. Talinas da\u017enai vadinamas \u201eMuziejumi po atviru dangumi\u201c. Senasis Talinas apraizgytas, apipintas legendomis. Kiekvienas jo pastatas mena t\u016bkstan\u010dius nutikim\u0173, kiekviename grindinio akmenyje aidi &scaron;imtamet\u0117 istorija. &Scaron;ios ekskursijos metu nevargins J\u016bs\u0173 \u201esausais\u201c faktais \u2013 pasakojama taip, kaip pasakoja legendos.<\/p>","protected":false},"excerpt":{"rendered":"<p>1 diena \u2022 Vakare i&scaron;vykimas i&scaron; Lietuvos (Vilniaus, Kauno ir Panev\u0117\u017eio). \u2022 Kelion\u0117 per Latvijos ir Estijos teritorijas. \u2022 Naktis autobuse. 2 diena \u2022&#8230;<\/p>","protected":false},"featured_media":11859,"comment_status":"open","ping_status":"closed","template":"","meta":{"om_disable_all_campaigns":false,"_monsterinsights_skip_tracking":false,"_monsterinsights_sitenote_active":false,"_monsterinsights_sitenote_note":"","_monsterinsights_sitenote_category":0},"product_brand":[],"product_cat":[669],"product_tag":[],"class_list":{"0":"post-12623","1":"product","2":"type-product","3":"status-publish","4":"has-post-thumbnail","6":"product_cat-keliones","8":"first","9":"instock","10":"virtual","11":"taxable","12":"purchasable","13":"product-type-simple"},"aioseo_notices":[],"_links":{"self":[{"href":"https:\/\/www.atravel.lt\/en\/wp-json\/wp\/v2\/product\/12623","targetHints":{"allow":["GET"]}}],"collection":[{"href":"https:\/\/www.atravel.lt\/en\/wp-json\/wp\/v2\/product"}],"about":[{"href":"https:\/\/www.atravel.lt\/en\/wp-json\/wp\/v2\/types\/product"}],"replies":[{"embeddable":true,"href":"https:\/\/www.atravel.lt\/en\/wp-json\/wp\/v2\/comments?post=12623"}],"wp:featuredmedia":[{"embeddable":true,"href":"https:\/\/www.atravel.lt\/en\/wp-json\/wp\/v2\/media\/11859"}],"wp:attachment":[{"href":"https:\/\/www.atravel.lt\/en\/wp-json\/wp\/v2\/media?parent=12623"}],"wp:term":[{"taxonomy":"product_brand","embeddable":true,"href":"https:\/\/www.atravel.lt\/en\/wp-json\/wp\/v2\/product_brand?post=12623"},{"taxonomy":"product_cat","embeddable":true,"href":"https:\/\/www.atravel.lt\/en\/wp-json\/wp\/v2\/product_cat?post=12623"},{"taxonomy":"product_tag","embeddable":true,"href":"https:\/\/www.atravel.lt\/en\/wp-json\/wp\/v2\/product_tag?post=12623"}],"curies":[{"name":"wp","href":"https:\/\/api.w.org\/{rel}","templated":true}]}}