{"id":12622,"date":"2026-03-21T15:44:45","date_gmt":"2026-03-21T13:44:45","guid":{"rendered":"https:\/\/www.atravel.lt\/produktas\/nepamirstamos-keliones-po-lietuva-aukstaitija-zarasai-paluse-stelmuze-ignalina\/"},"modified":"2026-03-21T15:44:45","modified_gmt":"2026-03-21T13:44:45","slug":"nepamirstamos-keliones-po-lietuva-aukstaitija-zarasai-paluse-stelmuze-ignalina","status":"publish","type":"product","link":"https:\/\/www.atravel.lt\/en\/product\/nepamirstamos-keliones-po-lietuva-aukstaitija-zarasai-paluse-stelmuze-ignalina\/","title":{"rendered":"Nepamir\u0161tamos kelion\u0117s po Lietuv\u0105 &#8211; Auk\u0161taitija: Zarasai &#8211; Pal\u016b\u0161\u0117 &#8211; Stelmu\u017e\u0117 &#8211; Ignalina"},"content":{"rendered":"<p><strong>1 day<\/strong><\/p>\n<p>\u2022 I&scaron;vykstame i&scaron; j\u016bs\u0173 pasirinkto miesto.<br \/> \u2022 Kelion\u0117 link Pal\u016b&scaron;\u0117s.<br \/> \u2022 Laisvas laikas arba u\u017e papildom\u0105 mokest\u012f vykstame Zaras\u0173 link.<br \/> \u2022 Ekskursija Zarasuose.<br \/> \u2022 T\u0119siame kelion\u0119 link Stelmu\u017e\u0117s \u0105\u017euolo.<br \/> \u2022 Vykstame \u012f Ginu\u010dius, apsilankysime ant Ladakalnio.<br \/> \u2022 Pageidaujantiems si\u016blome pietus (papildomas mokestis &#8211; 10 \u20ac\/asm.).<br \/> \u2022 Ignalinoje tur\u0117sime galimyb\u0119 sudalyvauti edukacin\u0117je programoje \u2013 \u201eParodomasis &scaron;ako\u010dio kepimas\u201c (papildomas mokestis).<br \/> \u2022 Gr\u012f\u017etame atgal \u012f namus iki vidurnak\u010dio.<\/p>\n<p>ZARASAI nuo 1387m. iki VIIIa. pab. priklaus\u0117 Vilniaus vyskupui. Miestelis nukent\u0117jo per &Scaron;iaur\u0117s ir 1812m. kar\u0105. 1836-1918m. &scaron;is miestas oficialiai vadintas Novoaleksandrovsku, po to E\u017eer\u0117nais.<\/p>\n<p>Nuo ap\u017evalgos aik&scaron;tel\u0117s atsiveria puikus vaizdas \u012f Zaraso e\u017eer\u0105. Jo plotas 372 ha, did\u017eiausias gylis 36 metrai. Jame yra keturios salos. Did\u017eiausioji su krantu sujungta tiltu, joje vyksta &scaron;ventiniai renginiai.<\/p>\n<p>STELMU\u017d\u0118 i&scaron;garsino seniausias Lietuvoje \u0105\u017euolas. &Scaron;iam senoliui apie 1500m. Medis be vir&scaron;\u016bn\u0117s, i&scaron;puvusiu vidumi, u\u017elopytas, paramstytas, bet kasmet i&scaron;augina gili\u0173. &Scaron;alia \u0105\u017euolo yra viena seniausi\u0173 medini\u0173ba\u017eny\u010di\u0173 ir varpin\u0117. Jie yra architekt\u016bros paminklai.<\/p>\n<p>Apsilankysime Ginu\u010diuose bei ant Ladakalnio.<\/p>\n<p>Tai \u017einomiausia ap\u017evalgos aik&scaron;tel\u0117 Auk&scaron;taitijos nacionaliniame parke. Ladakalnis &#8211; 176 m auk&scaron;\u010dio vir&scaron; j\u016bros lygio kalnas, st\u016bksantis &Scaron;ilini&scaron;ki\u0173 g\u016bbrio kalv\u0173 grandin\u0117je, kuri lyg pa&scaron;iau&scaron;ta drakono ketera nut\u012fsta \u012f abipuses kiek tik u\u017emato akys. Manoma, kad ant &scaron;io kalno buvo aukojamos aukos balt\u0173 gyvyb\u0117s deivei Ladai \u2013 did\u017eiajai Motinai, viso pasaulio gimdytojai. Nuo &scaron;io kalno atsiveria nuostabi panorama: matosi net 6 e\u017eerai. Ladakalnis paskelbtas geomorfologiniu gamtos paminklu.<\/p>\n<p>Ignalina gars\u0117ja svo e\u017eeringomis vietov\u0117mis bei &scaron;ako\u010di\u0173 kepimu.<\/p>\n<p>Tur\u0117sime galimyb\u0119 ne tik pasigro\u017e\u0117ti gamta ir nuostabiais Lietuvos miestais, bet ir sudalyvauti edukacin\u0117je programoje \u2013 \u201eParodomasis &scaron;ako\u010dio kepimas\u201c.<\/p>\n<p>Sve\u010diai supa\u017eindinami su lietuvi&scaron;ko kulinarinio paveldo pasidid\u017eiavimu \u2013 &scaron;ako\u010diu, kuris vis\u0105 programos laik\u0105 kepa \u017eidinyje. \u012edom\u016bs pasakojimai Jus tikrai su\u017eav\u0117s \ud83d\ude09<\/p>\n<p>Visi dalyviai i&scaron;bando j\u0117gas ir savo atsparum\u0105 kars\u010diui, nes patys pila te&scaron;l\u0105 ant \u017eidinyje kepamo &scaron;ako\u010dio, kuris v\u0117liau atitenka Jums.<\/p>\n<p>Bus si\u016bloma degustuoti dviej\u0173 r\u016b&scaron;i\u0173 &scaron;ako\u010dio, u\u017esigeriant arbata ar kava (papildomas mokestis ~ 10 \u20ac).<\/p>\n<p>PAL\u016a&Scaron;\u0116 \u2013 kaimas Ignalinos rajone. Pal\u016b&scaron;\u0117je yra medin\u0117 &Scaron;v. Juozapo ba\u017eny\u010dia, pastatyta dar 1757m., antra pagal senum\u0105 medin\u0117 ba\u017eny\u010dia Lietuvoje. Ba\u017eny\u010dios varpin\u0117 buvo pavaizduota ant 1 lito banknoto. &Scaron;alia ba\u017eny\u010dios archeolog\u0173 pastangomis atkurta akmens am\u017eiaus gyvenamojo b\u016bsto ir pilkapio ekspozicija. Pageidaujantiems si\u016blome edukacin\u0119 program\u0105 \u201eAuk&scaron;taitijos kulinarinis paveldas- &Scaron;ako\u010dio kepimas \u201c (papildomas mokestis ~ 10 \u20ac\/asm., \u012fvyks susirinkus 15 asmen\u0173 grupei).<br \/> Per Pal\u016b&scaron;\u0119 gr\u012f\u017etame namo.<\/p>\n<hr \/>\n<p><strong>\u012e kelion\u0117s kain\u0105 \u012fskai\u010diuota:<\/strong><\/p>\n<hr \/>\n<p>\u2022 Kelion\u0117 autobusu.<br \/> \u2022 Kelion\u0117s vadovo-gido paslaugos.<br \/> \u2022 Kelion\u0117s dokument\u0173 sutvarkymas.<br \/> \u2022 Ekskursija Zarasuose.<br \/> \u2022 Ekskursija Pal\u016b&scaron;\u0117je, Stelmu\u017e\u0117je.<br \/> \u2022 Ekskursija Ignalinoje ir jos apylink\u0117se.<\/p>\n<hr \/>\n<p><strong>\u012e kelion\u0117s kain\u0105 ne\u012fskai\u010diuota:<\/strong><\/p>\n<hr \/>\n<p>\u2022 Piet\u016bs<br \/> \u2022 \u012e\u0117jimo bilietai \u012f mokamas lankytinas vietas (dvarus\/muziejus\/ba\u017eny\u010dias ir pan.).<br \/> \u2022 Sveikatos draudimas kelion\u0117s metu (kreiptis \u012f agent\u016br\u0105).<br \/> \u2022 Auk&scaron;taitijos kulinarinis paveldas \u201e&Scaron;ako\u010dio kepimas\u201c (\u012fvyks susirinkus 15 asmen\u0173 grupei)D\u0116MESIO! Apie pageidavim\u0105 dalyvauti edukacin\u0117je programoje &#8211; prane&scaron;kite registracijos metu!<\/p>\n<hr \/>\n<p><strong>Pastabos:<\/strong><\/p>\n<hr \/>\n<p>\u2022 Kelion\u0117s i&scaron;vykimo, atvykimo ir kiti laikai gali keistis \u2013 patikslinta informacija atsiun\u010diama \u012f elektronin\u012f pa&scaron;t\u0105 (2-3 dienas prie&scaron; kelion\u0119).<br \/> \u2022 Visos ekskursijos vedamos lietuvi\u0173 kalba.<br \/> \u2022 Objekt\u0173 lankymo tvarka, skai\u010dius ir \u012f\u0117jimo biliet\u0173 kaina gali keistis.<br \/> \u2022 Muziejuose, ba\u017eny\u010diose ir kituose mokamuose objektuose kelion\u0117s vadovas ekskursij\u0173 neveda.<br \/> \u2022 \u012e\u0117jimo bilietai \u012f mokamas lankytinas vietas (dvarus\/muziejus\/ba\u017eny\u010dias ir pan.) n\u0117ra \u012fskai\u010diuoti \u012f kelion\u0117s kain\u0105.<br \/> \u2022 Kelion\u0117s vadovas gali keisti programos eig\u0105.<br \/> \u2022 Nepamir&scaron;kite \u012f kelion\u0119 pasiimti paso\/asmens tapatyb\u0117s kortel\u0117s, galiojan\u010dio\/-s ne trumpiau nei 3 m\u0117nesius po gr\u012f\u017eimo i&scaron; kelion\u0117s datos.<\/p>","protected":false},"excerpt":{"rendered":"<p>1 diena \u2022 I&scaron;vykstame i&scaron; j\u016bs\u0173 pasirinkto miesto. \u2022 Kelion\u0117 link Pal\u016b&scaron;\u0117s. \u2022 Laisvas laikas arba u\u017e papildom\u0105 mokest\u012f vykstame Zaras\u0173 link. \u2022&#8230;<\/p>","protected":false},"featured_media":11858,"comment_status":"open","ping_status":"closed","template":"","meta":{"om_disable_all_campaigns":false,"_monsterinsights_skip_tracking":false,"_monsterinsights_sitenote_active":false,"_monsterinsights_sitenote_note":"","_monsterinsights_sitenote_category":0},"product_brand":[],"product_cat":[669],"product_tag":[],"class_list":{"0":"post-12622","1":"product","2":"type-product","3":"status-publish","4":"has-post-thumbnail","6":"product_cat-keliones","8":"first","9":"instock","10":"virtual","11":"taxable","12":"product-type-simple"},"aioseo_notices":[],"_links":{"self":[{"href":"https:\/\/www.atravel.lt\/en\/wp-json\/wp\/v2\/product\/12622","targetHints":{"allow":["GET"]}}],"collection":[{"href":"https:\/\/www.atravel.lt\/en\/wp-json\/wp\/v2\/product"}],"about":[{"href":"https:\/\/www.atravel.lt\/en\/wp-json\/wp\/v2\/types\/product"}],"replies":[{"embeddable":true,"href":"https:\/\/www.atravel.lt\/en\/wp-json\/wp\/v2\/comments?post=12622"}],"wp:featuredmedia":[{"embeddable":true,"href":"https:\/\/www.atravel.lt\/en\/wp-json\/wp\/v2\/media\/11858"}],"wp:attachment":[{"href":"https:\/\/www.atravel.lt\/en\/wp-json\/wp\/v2\/media?parent=12622"}],"wp:term":[{"taxonomy":"product_brand","embeddable":true,"href":"https:\/\/www.atravel.lt\/en\/wp-json\/wp\/v2\/product_brand?post=12622"},{"taxonomy":"product_cat","embeddable":true,"href":"https:\/\/www.atravel.lt\/en\/wp-json\/wp\/v2\/product_cat?post=12622"},{"taxonomy":"product_tag","embeddable":true,"href":"https:\/\/www.atravel.lt\/en\/wp-json\/wp\/v2\/product_tag?post=12622"}],"curies":[{"name":"wp","href":"https:\/\/api.w.org\/{rel}","templated":true}]}}