{"id":12621,"date":"2026-03-21T15:44:45","date_gmt":"2026-03-21T13:44:45","guid":{"rendered":"https:\/\/www.atravel.lt\/produktas\/kulinarinio-paveldo-keliais-sraigiu-ukis\/"},"modified":"2026-03-21T15:44:45","modified_gmt":"2026-03-21T13:44:45","slug":"kulinarinio-paveldo-keliais-sraigiu-ukis","status":"publish","type":"product","link":"https:\/\/www.atravel.lt\/en\/product\/kulinarinio-paveldo-keliais-sraigiu-ukis\/","title":{"rendered":"Kulinarinio paveldo keliais + sraigi\u0173 \u016bkis"},"content":{"rendered":"<p><strong>1 day<\/strong><\/p>\n<p>&bull; I&scaron;vykstame i&scaron; Mol\u0117t\u0173.<br \/> &bull; Kelion\u0117 link K\u0117daini\u0173.<br \/> &bull; Ap\u017evalgin\u0117 ekskursija po K\u0117daini\u0173 senamiest\u012f.<br \/> &bull; Po ekskursijos papulsite \u012f virtinuk\u0173 roj\u0173 ir padegustuosite keli\u0173 r\u016b&scaron;i\u0173 ypating\u0173 virtinuk\u0173.<br \/> &bull; V\u0117liau vykstame \u012f midaus, lietuvi&scaron;ko s\u016brio ir medaus su lifolizuotomis uogomis bei \u017eolel\u0117mis degustacij\u0105. Dalyvausite degustacin\u0117je &ndash; pa\u017eintin\u0117je programoje &bdquo;MIDAUS UP\u0116S TEK\u0116JO&hellip;&ldquo;.<br \/> &bull; Vykstame link Kai&scaron;iadori\u0173.<br \/> &bull; Netrukus atsidursite lietuvi&scaron;koje Pranc\u016bzijoje &#8211; sraigi\u0173 \u016bkyje \uf04a<br \/> &bull; Gr\u012f\u017etame atgal \u012f namus iki vidurnak\u010dio.<\/p>\n<p>K\u0116DAINI\u0172 vardas pirm\u0105 kart\u0105 minimas dar 1372m. Nuo XIVa. vid. jie priklaus\u0117 Radviloms. 1590m. K\u0117dainiai gavo Magdeburgo teises. K\u0117daini\u0173 senamiestis &ndash; architekt\u016brinis ir archeologinis paminklas. \u010cia yra svarbiausi miesto statiniai: gotikin\u0117 &Scaron;v. Jurgio ba\u017eny\u010dia, rotu&scaron;\u0117, rektori\u0173 namai, evangelik\u0173 reformat\u0173 bei evangelik\u0173 liuteron\u0173 ba\u017eny\u010dios, karmelit\u0173 vienuolynas ir kt. <\/p>\n<p>Tikriausiai visi \u017einome, kad K\u0117dainiai &ndash; agurk\u0173 kra&scaron;tas. Sakoma, kad juos \u010dia prad\u0117jo auginti atsik\u0117l\u0119 \u017eydai. Gidas i&scaron;samiai apie tai Jums papasakos.<\/p>\n<p>Pietausime netoli K\u0117daini\u0173. <br \/> U\u017esuksime pas kulinarinio paveldo puosel\u0117tojus paragauti rank\u0173 darbo produkcijos &#8211; degustuosime \u012fvairi\u0173 r\u016b&scaron;i\u0173 rank\u0173 darbo virtinuk\u0173 &#8211; tame tarpe su an\u010di\u0173 kepen\u0117l\u0117mis, su grybais ir net su &scaron;amu! O &scaron;amai \u012f &scaron;i\u0105 virtuv\u0119 atkeliauja i&scaron; K\u0117daini\u0173 rajone \u012fkurto \u016bkio.<\/p>\n<p>Beje, naminiai virtinukai yra labai netradicini\u0173 ir i&scaron;skirtini\u0173 form\u0173.<\/p>\n<p>Pietaujant tur\u0117site galimyb\u0119 padegustuoti &bdquo;Ragan\u0117s&ldquo; firminio midaus. Ir netgi \u012fsigyti jo laiktuv\u0117ms.<\/p>\n<p>I&scaron; agurk\u0173 sostin\u0117s K\u0117daini\u0173 lauktuvi\u0173 parsive&scaron;ite saldaus agurk\u0173 d\u017eemo, kurio recept\u0105 suk\u016br\u0117 k\u0117daini&scaron;kiai.<\/p>\n<p>V\u0117liau so\u010diai pavalg\u0119 keliausime \u012f midaus darykl\u0105. <\/p>\n<p>Ten pasi\u016blysime Jums susipa\u017einti su seniausio lietuvi\u0173 alkoholinio g\u0117rimo istorija, vartojimo papro\u010diais ir gamybos ypatumais.<\/p>\n<p>Jos metu m\u016bs\u0173 klientai :<br \/> &#8211; susipa\u017eins su midininku, jo &scaron;eima, midaus istorija, vartojimo tradicijomis, <br \/> &#8211; degustuos 9 skirtingas midaus r\u016b&scaron;is,<br \/> &#8211; vai&scaron;insis medumi, \u012fvairiais medaus mi&scaron;iniais (su \u012fvairiomis \u017eolel\u0117mis bei lifolizuotomis uogomis) su naminiu s\u016briu (turime savo bityn\u0105),<br \/> &#8211; dalyvaus viktorinoje, kurios nugal\u0117toj\u0173 lauks netik\u0117ti prizai.<\/p>\n<p>Midus &#8211; tai nat\u016bralios fermentacijos, nespirituotas alkoholinis g\u0117rimas. Midus gaminamas i&scaron; bi\u010di\u0173 medaus. Ir J\u016bs tur\u0117sime galimyb\u0119 juo pasim\u0117gauti ir apie j\u012f daugiau su\u017einoti bei \u012fsigyti lauktuv\u0117ms.<\/p>\n<p>&Scaron;eimininkai u\u017e ger\u0105 kain\u0105 Jums parduos savo gamybos midaus lauktuv\u0117ms \uf04a<\/p>\n<p>I&scaron; midininko sodybos lauktuvi\u0173 parsive&scaron;ite nuostabaus kvapo ir skonio midaus.<\/p>\n<p>Sraigi\u0173 \u016bkis, \u012fsik\u016br\u0119s netoli Kai&scaron;iadori\u0173. <\/p>\n<p>\u010cia praleisite laik\u0105 gamtos apsuptyje ir sudalyvaukite edukacin\u0117je programoje. Ekskursijos metu susipa\u017einsite su sraigi\u0173 gyvenimu nuo ikriuko iki etapo tinkamo maisto gamybai. Pramogos metu laukia gurmani&scaron;ka sraigi\u0173 degustacija, kurios metu ragausite lauko krosnyje paruo&scaron;tas sraiges, degustuosite j\u0173 sriub\u0105 ir kitus u\u017ekand\u017eius.<\/p>\n<p>Lauktuvi\u0173 gal\u0117site \u012fsigyti sraigi\u0173, j\u0173 u\u017etep\u0117li\u0173 ar net sraigi\u0173 \u010dips\u0173.<\/p>\n<p>I&scaron; sraigi\u0173 \u016bkio parsive&scaron;ite gurmani&scaron;k\u0173 lauktuvi\u0173.<\/p>\n<hr \/>\n<p><strong>\u012e kelion\u0117s kain\u0105 \u012fskai\u010diuota:<\/strong><\/p>\n<hr \/>\n<p>&bull; Kelion\u0117 autobusu.<br \/> &bull; Kelion\u0117s vadovo-gido paslaugos.<br \/> &bull; Kelion\u0117s dokument\u0173 sutvarkymas.<br \/> &bull; Ekskursija po K\u0117daini\u0173 senamiest\u012f<br \/> &bull; Piet\u016bs su edukacija &#8211; namini\u0173 rank\u0173 darbo \u012fvairi\u0173 r\u016b&scaron;i\u0173 virtinuk\u0173 degustacija. <br \/> &bull; Degustacin\u0117 &ndash; pa\u017eintin\u0117 programa &bdquo;MIDAUS UP\u0116S TEK\u0116JO&ldquo;.<br \/> &bull; Degustacin\u0117 &ndash; edukacin\u0117 programa sraigi\u0173 \u016bkyje.<\/p>\n<hr \/>\n<p><strong>Pastabos:<\/strong><\/p>\n<hr \/>\n<p>&bull; Kelion\u0117s i&scaron;vykimo, atvykimo ir kiti laikai gali keistis &ndash; patikslinta informacija atsiun\u010diama \u012f elektronin\u012f pa&scaron;t\u0105 (2-3 dienas prie&scaron; kelion\u0119).<br \/> &bull; Visos ekskursijos vedamos lietuvi\u0173 kalba.<br \/> &bull; Objekt\u0173 lankymo tvarka, skai\u010dius ir \u012f\u0117jimo biliet\u0173 kaina gali keistis.<br \/> &bull; Muziejuose, ba\u017eny\u010diose ir kituose mokamuose objektuose kelion\u0117s vadovas ekskursij\u0173 neveda.<br \/> &bull; \u012e\u0117jimo bilietai \u012f mokamas lankytinas vietas (dvarus\/muziejus\/ba\u017eny\u010dias ir pan.) n\u0117ra \u012fskai\u010diuoti \u012f kelion\u0117s kain\u0105.<br \/> &bull; Kelion\u0117s vadovas gali keisti programos eig\u0105.<br \/> &bull; Nepamir&scaron;kite \u012f kelion\u0119 pasiimti paso\/asmens tapatyb\u0117s kortel\u0117s, galiojan\u010dio\/-s ne trumpiau nei 3 m\u0117nesius po gr\u012f\u017eimo i&scaron; kelion\u0117s datos.<\/p>","protected":false},"excerpt":{"rendered":"<p>1 diena &bull; I&scaron;vykstame i&scaron; Mol\u0117t\u0173. &bull; Kelion\u0117 link K\u0117daini\u0173. &bull; Ap\u017evalgin\u0117 ekskursija po K\u0117daini\u0173 senamiest\u012f. &bull; Po ekskursijos papu&#8230;<\/p>","protected":false},"featured_media":11857,"comment_status":"open","ping_status":"closed","template":"","meta":{"om_disable_all_campaigns":false,"_monsterinsights_skip_tracking":false,"_monsterinsights_sitenote_active":false,"_monsterinsights_sitenote_note":"","_monsterinsights_sitenote_category":0},"product_brand":[],"product_cat":[669],"product_tag":[],"class_list":{"0":"post-12621","1":"product","2":"type-product","3":"status-publish","4":"has-post-thumbnail","6":"product_cat-keliones","8":"first","9":"instock","10":"virtual","11":"taxable","12":"product-type-simple"},"aioseo_notices":[],"_links":{"self":[{"href":"https:\/\/www.atravel.lt\/en\/wp-json\/wp\/v2\/product\/12621","targetHints":{"allow":["GET"]}}],"collection":[{"href":"https:\/\/www.atravel.lt\/en\/wp-json\/wp\/v2\/product"}],"about":[{"href":"https:\/\/www.atravel.lt\/en\/wp-json\/wp\/v2\/types\/product"}],"replies":[{"embeddable":true,"href":"https:\/\/www.atravel.lt\/en\/wp-json\/wp\/v2\/comments?post=12621"}],"wp:featuredmedia":[{"embeddable":true,"href":"https:\/\/www.atravel.lt\/en\/wp-json\/wp\/v2\/media\/11857"}],"wp:attachment":[{"href":"https:\/\/www.atravel.lt\/en\/wp-json\/wp\/v2\/media?parent=12621"}],"wp:term":[{"taxonomy":"product_brand","embeddable":true,"href":"https:\/\/www.atravel.lt\/en\/wp-json\/wp\/v2\/product_brand?post=12621"},{"taxonomy":"product_cat","embeddable":true,"href":"https:\/\/www.atravel.lt\/en\/wp-json\/wp\/v2\/product_cat?post=12621"},{"taxonomy":"product_tag","embeddable":true,"href":"https:\/\/www.atravel.lt\/en\/wp-json\/wp\/v2\/product_tag?post=12621"}],"curies":[{"name":"wp","href":"https:\/\/api.w.org\/{rel}","templated":true}]}}