{"id":12620,"date":"2026-03-21T15:44:45","date_gmt":"2026-03-21T13:44:45","guid":{"rendered":"https:\/\/www.atravel.lt\/produktas\/vidurio-lietuva-kaunas-ir-raudondvaris-apsilankymas-pazaislio-vienuolyne\/"},"modified":"2026-03-21T15:44:45","modified_gmt":"2026-03-21T13:44:45","slug":"vidurio-lietuva-kaunas-ir-raudondvaris-apsilankymas-pazaislio-vienuolyne","status":"publish","type":"product","link":"https:\/\/www.atravel.lt\/en\/product\/vidurio-lietuva-kaunas-ir-raudondvaris-apsilankymas-pazaislio-vienuolyne\/","title":{"rendered":"Vidurio lietuva: Kaunas ir Raudondvaris + apsilankymas Pa\u017eaislio vienuolyne"},"content":{"rendered":"<p><strong>1 day<\/strong><\/p>\n<p>\u2022 I&scaron;vykstame i&scaron; j\u016bs\u0173 pasirinkto miesto.<br \/> \u2022 Kelion\u0117 link Kauno.<br \/> \u2022 Ap\u017evalgin\u0117 ekskursija po Kauno senamiest\u012f.<br \/> \u2022 Po ekskursijos laisvas laikas Kaune arba u\u017e papildom\u0105 mokest\u012f vykstame \u012f Raudondvar\u012f ir \u012f Pa\u017eaislio vienuolyn\u0105 (u\u017e \u012f\u0117jimo biliet\u0105 apmoka pats keliautojas).<br \/> \u2022 T\u0119siame kelion\u0119 link Kauno centro.<br \/> \u2022 Pageidaujantiems si\u016blome degustacin\u0119 program\u0105 stipraus alkoholio gamykloje &#8211; muziejuje \u201eStumbras\u201c (papildomas mokestis).<br \/> \u2022 Gr\u012f\u017etame atgal \u012f namus iki vidurnak\u010dio.<\/p>\n<p>16a. minimas Auk&scaron;tasis dvaras, o v\u0117liau AUK&Scaron;TASIS RAUDONDVARIS. 1659m. miestel\u012f sudegino rus\u0173 kariuomen\u0117. 19a. Raudondvaris priklaus\u0117 Ti&scaron;kevi\u010diams. Dabar pilies ir parko ansamblis gerai pri\u017ei\u016brimas. Raudondvaryje gim\u0117 ir palaidotas kompozitorius J. Naujalis.<\/p>\n<p>Pa\u017eaislio kamalduli\u0173 vienuolynas yra ne tik valstyb\u0117s saugomas kult\u016bros paminklas, bet ir veikiantis vienuolynas, kuriame gyvena, juo r\u016bpinasi bei i&scaron;laiko Lietuvos &Scaron;v. Kazimiero seser\u0173 kongregacija. Kamalduli\u0173 vienuolynas prad\u0117tas statyti 1667m. Fundatorius \u2013 Lietuvos kancleris K.Z.Pacas ( palaidotas ba\u017eny\u010dios r\u016bsyje ). Tai vienas i&scaron; vertingiausi\u0173 Lietuvos baroko ansambli\u0173.<\/p>\n<p>Kaunas \u2013 tai miestas turintis begal\u0119 kult\u016brinio paveldo, tai miestas, kur susijungia Neris ir Nemunas. Dabartin\u0117je Kauno senamies\u010dio vietoje, Nemuno ir Neries santakoje, \u017emoni\u0173 gyventa dar \u017eiloje senov\u0117je. Gyvenviet\u0117, i&scaron; kurios i&scaron;augo Kauno miestas, metra&scaron;tinink\u0173 pirm\u0105 kart\u0105 pamin\u0117ta 1361 m. Kry\u017eiuo\u010di\u0173 antpuoliams atremti XIII a. pabaigoje buvo pastatyta m\u016bro pilis, tapusi svarbia miesto gynybos sistemos dalimi. Daug m\u016b&scaron;i\u0173 mena jos apgriuvusios sienos. 1408 m. Vytautas suteik\u0117 Kauno miestui Magdeburgo teises. Nuo tada Kaunas prad\u0117jo spar\u010diai augti, did\u0117jo jo kaip prekybos su Vakar\u0173 Europa centro bei uosto svarba.<\/p>\n<p>,,STUMBRAS\u201c \u2013 seniausias ir did\u017eiausias stipri\u0173j\u0173 alkoholini\u0173 g\u0117rim\u0173 gamintojas Lietuvoje. Gamykla savo produkcij\u0105 eksportuoja \u012f 30 pasaulio &scaron;ali\u0173. Ar bereikia pamin\u0117ti Krupnik\u0105, Stark\u0105, Dainav\u0105&#8230; Geriau patiems paskanauti. Lankytojai supa\u017eindinami su gamyklos istorija: senaisiais gamybos procese naudotais aparatais, archyviniais dokumentais, nuotraukomis, \u201eStumbro\u201c produkcijos buteliais, etiket\u0117mis, \u012fvairiais apdovanojimais bei kokyb\u0117s sertifikatais.<\/p>\n<p>V\u0117liau apsilankysite pa\u010dioje gamykloje. Supa\u017eindinsite su filtravimo procesu, bus rodomi degtini\u0173 bei likeri\u0173 ir trauktini\u0173 gamybos cechai.<\/p>\n<hr \/>\n<p><strong>\u012e kelion\u0117s kain\u0105 \u012fskai\u010diuota:<\/strong><\/p>\n<hr \/>\n<p>\u2022 Kelion\u0117 autobusu.<br \/> \u2022 Kelion\u0117s vadovo-gido paslaugos.<br \/> \u2022 Kelion\u0117s dokument\u0173 sutvarkymas.<br \/> \u2022 Ekskursija Kauno senamiestyje.<br \/> \u2022 Ekskursija Raudonvaryje.<br \/> \u2022 Ekskursija po Pa\u017eaislio vienuolyn\u0105.<\/p>\n<hr \/>\n<p><strong>\u012e kelion\u0117s kain\u0105 ne\u012fskai\u010diuota:<\/strong><\/p>\n<hr \/>\n<p>\u2022 \u012e\u0117jimo bilietai \u012f mokamas lankytinas vietas (dvarus\/muziejus\/ba\u017eny\u010dias ir pan.).<br \/> \u2022 Sveikatos draudimas kelion\u0117s metu (kreiptis \u012f agent\u016br\u0105).<br \/> \u2022 Edukacin\u0117 programa alkoholio gamykloje &#8211; muziejuje \u201eStumbras\u201c su stipri\u0173 g\u0117rim\u0173 degustacija.<br \/> \u2022 Edukacin\u0117 programa alkoholio gamykloje &#8211; muziejuje \u201eStumbras\u201c be degustacijos.<br \/> D\u0116MESIO! Apie apie pageidavim\u0105 dalyvauti degustacin\u0117je programoje \u2013 prane&scaron;kite registracijos metu!<br \/> \u2022 Piet\u016bs:<\/p>\n<hr \/>\n<p><strong>Pastabos:<\/strong><\/p>\n<hr \/>\n<p>\u2022 Kelion\u0117s i&scaron;vykimo, atvykimo ir kiti laikai gali keistis \u2013 patikslinta informacija atsiun\u010diama \u012f elektronin\u012f pa&scaron;t\u0105 (2-3 dienas prie&scaron; kelion\u0119).<br \/> \u2022 Visos ekskursijos vedamos lietuvi\u0173 kalba.<br \/> \u2022 Objekt\u0173 lankymo tvarka, skai\u010dius ir \u012f\u0117jimo biliet\u0173 kaina gali keistis.<br \/> \u2022 Muziejuose, ba\u017eny\u010diose ir kituose mokamuose objektuose kelion\u0117s vadovas ekskursij\u0173 neveda.<br \/> \u2022 \u012e\u0117jimo bilietai \u012f mokamas lankytinas vietas (dvarus\/muziejus\/ba\u017eny\u010dias ir pan.) n\u0117ra \u012fskai\u010diuoti \u012f kelion\u0117s kain\u0105.<br \/> \u2022 Kelion\u0117s vadovas gali keisti programos eig\u0105.<br \/> \u2022 Nepamir&scaron;kite \u012f kelion\u0119 pasiimti paso\/asmens tapatyb\u0117s kortel\u0117s, galiojan\u010dio\/-s ne trumpiau nei 3 m\u0117nesius po gr\u012f\u017eimo i&scaron; kelion\u0117s datos.<\/p>","protected":false},"excerpt":{"rendered":"<p>1 diena \u2022 I&scaron;vykstame i&scaron; j\u016bs\u0173 pasirinkto miesto. \u2022 Kelion\u0117 link Kauno. \u2022 Ap\u017evalgin\u0117 ekskursija po Kauno senamiest\u012f. \u2022 Po ekskursijos laisvas laikas&#8230;<\/p>","protected":false},"featured_media":11856,"comment_status":"open","ping_status":"closed","template":"","meta":{"om_disable_all_campaigns":false,"_monsterinsights_skip_tracking":false,"_monsterinsights_sitenote_active":false,"_monsterinsights_sitenote_note":"","_monsterinsights_sitenote_category":0},"product_brand":[],"product_cat":[669],"product_tag":[],"class_list":{"0":"post-12620","1":"product","2":"type-product","3":"status-publish","4":"has-post-thumbnail","6":"product_cat-keliones","8":"first","9":"instock","10":"virtual","11":"taxable","12":"product-type-simple"},"aioseo_notices":[],"_links":{"self":[{"href":"https:\/\/www.atravel.lt\/en\/wp-json\/wp\/v2\/product\/12620","targetHints":{"allow":["GET"]}}],"collection":[{"href":"https:\/\/www.atravel.lt\/en\/wp-json\/wp\/v2\/product"}],"about":[{"href":"https:\/\/www.atravel.lt\/en\/wp-json\/wp\/v2\/types\/product"}],"replies":[{"embeddable":true,"href":"https:\/\/www.atravel.lt\/en\/wp-json\/wp\/v2\/comments?post=12620"}],"wp:featuredmedia":[{"embeddable":true,"href":"https:\/\/www.atravel.lt\/en\/wp-json\/wp\/v2\/media\/11856"}],"wp:attachment":[{"href":"https:\/\/www.atravel.lt\/en\/wp-json\/wp\/v2\/media?parent=12620"}],"wp:term":[{"taxonomy":"product_brand","embeddable":true,"href":"https:\/\/www.atravel.lt\/en\/wp-json\/wp\/v2\/product_brand?post=12620"},{"taxonomy":"product_cat","embeddable":true,"href":"https:\/\/www.atravel.lt\/en\/wp-json\/wp\/v2\/product_cat?post=12620"},{"taxonomy":"product_tag","embeddable":true,"href":"https:\/\/www.atravel.lt\/en\/wp-json\/wp\/v2\/product_tag?post=12620"}],"curies":[{"name":"wp","href":"https:\/\/api.w.org\/{rel}","templated":true}]}}