{"id":12619,"date":"2026-03-21T15:44:45","date_gmt":"2026-03-21T13:44:45","guid":{"rendered":"https:\/\/www.atravel.lt\/produktas\/dievu-uzmirstas-krastas-jasiunai-dieveniskes-norveliskes-turgeliai\/"},"modified":"2026-03-21T15:44:45","modified_gmt":"2026-03-21T13:44:45","slug":"dievu-uzmirstas-krastas-jasiunai-dieveniskes-norveliskes-turgeliai","status":"publish","type":"product","link":"https:\/\/www.atravel.lt\/en\/product\/dievu-uzmirstas-krastas-jasiunai-dieveniskes-norveliskes-turgeliai\/","title":{"rendered":"Diev\u0173 u\u017emir\u0161tas kra\u0161tas: Ja\u0161i\u016bnai &#8211; Dieveni\u0161k\u0117s &#8211; Norveli\u0161k\u0117s &#8211; Turgeliai"},"content":{"rendered":"<p><strong>1 day<\/strong><\/p>\n<p>\u2022 I&scaron;vykstame i&scaron; j\u016bs\u0173 pasirinkto miesto.<br \/> \u2022 Ap\u017evalgin\u0117 ekskursija Ja&scaron;i\u016bnuose.<br \/> \u2022 Vykstame link Dieveni&scaron;ki\u0173.<br \/> \u2022 T\u0119siame kelion\u0119 po Dieveni&scaron;ki\u0173 apylinkes.<br \/> \u2022 Vykstame link Norveli&scaron;ki\u0173.<br \/> \u2022 Pageidaujantiems si\u016blome pietus dvaro restorane (papildomas mokestis).<br \/> \u2022 Vykstame link Turgeli\u0173 (Pavlovo Respublikos).<br \/> \u2022 Gr\u012f\u017etame atgal \u012f namus iki vidurnak\u010dio.<\/p>\n<p>JA&Scaron;I\u016aNAI \u017einomi nuo 1402 m. Iki 18 a. priklaus\u0117 Radviloms. V\u0117liau Ja&scaron;i\u016bn\u0173 dvaras tapo kult\u016bros \u017eidiniu. Jaunyst\u0117je \u010dia lankydavosi poetai J. Slovackis, A. Mickevi\u010dius, biologas S. Jundzilas.<\/p>\n<p>DIEVENI&Scaron;K\u0116S minimos jau nuo 1385m. Mingailos dvaro vardu. Dieveni&scaron;ki\u0173 apylink\u0117s yra rytin\u0117je &Scaron;al\u010dinink\u0173 rajono dalyje, siaurame Lietuvos pasienio ky&scaron;ulyje, kur\u012f supa Baltarusijos \u017eem\u0117s. Tai savito kra&scaron;tovaizd\u017eio, kalvot\u0173 vietovi\u0173 vieta, turtinga gamtos ir kult\u016bros paveldo vertybi\u0173. Pasivaik&scaron;\u010diosime po Totori\u0173 mi&scaron;k\u0105, senuosius balt\u0173 pilkapius, aplankysime \u017di\u017em\u0173 gatvin\u012f kaim\u0105, &scaron;alia kurio atrasime u\u017ekeikt\u0105 akmen\u012f \u201cU\u017ekeikta svodba\u201c.<\/p>\n<p>Va\u017eiuojant nuo Ja&scaron;i\u016bn\u0173 Turgeli\u0173 link, de&scaron;in\u0117je kelio pus\u0117je, galima i&scaron;vysti garsi\u0105j\u0105 Pavlovo dvarviet\u0119, dar vadinama Pavlovo Respublika, gyvavusi 1767-1791 metais. XVIII am\u017eiuje visoje Europoje garsi Pavlovo Respublika ap\u0117m\u0117 3 t\u016bkst. ha ploto, tur\u0117jo savo Konstitucij\u0105, herb\u0105, pinigus, parlament\u0105, i\u017ed\u0105, savi&scaron;alpos kas\u0105, milicij\u0105, gydytoj\u0105, mokykl\u0105.<\/p>\n<p>Survili&scaron;ki\u0173 dvaro savininkai NORVILI&Scaron;K\u0116SE 1618m. \u012fkurdino pranci&scaron;konus, pastat\u0117 jiems m\u016brin\u012f vienuolyn\u0105 bei ba\u017eny\u010di\u0105. Dabar tai nuostabi vieta poilsiui ir sielos atgaivai.<\/p>\n<p>TURGELI\u0172 dvaras, kadaise vadintas Ma\u017e\u0105ja Merkine, minimas dar 15 a. De&scaron;iniajame Merkio krante, gra\u017eiame up\u0117s vingyje, yra seno dvaro liku\u010diai, buvusios garsios Pavlovo Respublikos centras. Dvarininkas Povilas B\u017eostovskis atleido valstie\u010dius nuo baud\u017eiavos, o savo \u017eemes pavert\u0117 atskira valstybe, kuri\u0105 pripa\u017eino karalius ir seimas.<\/p>\n<hr \/>\n<p><strong>\u012e kelion\u0117s kain\u0105 \u012fskai\u010diuota:<\/strong><\/p>\n<hr \/>\n<p>\u2022 Kelion\u0117 autobusu.<br \/> \u2022 Kelion\u0117s vadovo-gido paslaugos.<br \/> \u2022 Kelion\u0117s dokument\u0173 sutvarkymas.<br \/> \u2022 Ekskursija Ja&scaron;i\u016bnuose.<br \/> \u2022 Ekskursija po Dieveni&scaron;ki\u0173 apylinkes.<br \/> \u2022 Ekskursija po Norveli&scaron;ki\u0173 apylinkes.<br \/> \u2022 Ekskursija Pavlovo Respublikos teritorijoje.<\/p>\n<hr \/>\n<p><strong>\u012e kelion\u0117s kain\u0105 ne\u012fskai\u010diuota:<\/strong><\/p>\n<hr \/>\n<p>\u2022 \u012e\u0117jimo bilietai \u012f mokamas lankytinas vietas (dvarus\/muziejus\/ba\u017eny\u010dias ir pan.).<br \/> \u2022 Sveikatos draudimas kelion\u0117s metu.<br \/> \u2022 Piet\u016bs Survili&scaron;ki\u0173 dvaro restorane (LT bajor\u0173 kulinarinis paveldas) D\u0116MESIO! Apie apie pageidavim\u0105 valgyti pietus &#8211; prane&scaron;kite registracijos metu!<\/p>\n<hr \/>\n<p><strong>Pastabos:<\/strong><\/p>\n<hr \/>\n<p>\u2022 Kelion\u0117s i&scaron;vykimo, atvykimo ir kiti laikai gali keistis \u2013 patikslinta informacija atsiun\u010diama \u012f elektronin\u012f pa&scaron;t\u0105 (2-3 dienas prie&scaron; kelion\u0119).<br \/> \u2022 Visos ekskursijos vedamos lietuvi\u0173 kalba.<br \/> \u2022 Objekt\u0173 lankymo tvarka, skai\u010dius ir \u012f\u0117jimo biliet\u0173 kaina gali keistis.<br \/> \u2022 Muziejuose, ba\u017eny\u010diose ir kituose mokamuose objektuose kelion\u0117s vadovas ekskursij\u0173 neveda.<br \/> \u2022 \u012e\u0117jimo bilietai \u012f mokamas lankytinas vietas (dvarus\/muziejus\/ba\u017eny\u010dias ir pan.) n\u0117ra \u012fskai\u010diuoti \u012f kelion\u0117s kain\u0105.<br \/> \u2022 Kelion\u0117s vadovas gali keisti programos eig\u0105.<br \/> \u2022 Nepamir&scaron;kite \u012f kelion\u0119 pasiimti paso \/ asmens tapatyb\u0117s kortel\u0117s, galiojan\u010dio (-os) ne trumpiau nei 3 m\u0117nesius po gr\u012f\u017eimo i&scaron; kelion\u0117s datos.<\/p>","protected":false},"excerpt":{"rendered":"<p>1 diena \u2022 I&scaron;vykstame i&scaron; j\u016bs\u0173 pasirinkto miesto. \u2022 Ap\u017evalgin\u0117 ekskursija Ja&scaron;i\u016bnuose. \u2022 Vykstame link Dieveni&scaron;ki\u0173. \u2022 T\u0119siame kelion\u0119 p&#8230;<\/p>","protected":false},"featured_media":11855,"comment_status":"open","ping_status":"closed","template":"","meta":{"om_disable_all_campaigns":false,"_monsterinsights_skip_tracking":false,"_monsterinsights_sitenote_active":false,"_monsterinsights_sitenote_note":"","_monsterinsights_sitenote_category":0},"product_brand":[],"product_cat":[669],"product_tag":[],"class_list":{"0":"post-12619","1":"product","2":"type-product","3":"status-publish","4":"has-post-thumbnail","6":"product_cat-keliones","8":"first","9":"instock","10":"virtual","11":"taxable","12":"product-type-simple"},"aioseo_notices":[],"_links":{"self":[{"href":"https:\/\/www.atravel.lt\/en\/wp-json\/wp\/v2\/product\/12619","targetHints":{"allow":["GET"]}}],"collection":[{"href":"https:\/\/www.atravel.lt\/en\/wp-json\/wp\/v2\/product"}],"about":[{"href":"https:\/\/www.atravel.lt\/en\/wp-json\/wp\/v2\/types\/product"}],"replies":[{"embeddable":true,"href":"https:\/\/www.atravel.lt\/en\/wp-json\/wp\/v2\/comments?post=12619"}],"wp:featuredmedia":[{"embeddable":true,"href":"https:\/\/www.atravel.lt\/en\/wp-json\/wp\/v2\/media\/11855"}],"wp:attachment":[{"href":"https:\/\/www.atravel.lt\/en\/wp-json\/wp\/v2\/media?parent=12619"}],"wp:term":[{"taxonomy":"product_brand","embeddable":true,"href":"https:\/\/www.atravel.lt\/en\/wp-json\/wp\/v2\/product_brand?post=12619"},{"taxonomy":"product_cat","embeddable":true,"href":"https:\/\/www.atravel.lt\/en\/wp-json\/wp\/v2\/product_cat?post=12619"},{"taxonomy":"product_tag","embeddable":true,"href":"https:\/\/www.atravel.lt\/en\/wp-json\/wp\/v2\/product_tag?post=12619"}],"curies":[{"name":"wp","href":"https:\/\/api.w.org\/{rel}","templated":true}]}}