{"id":12618,"date":"2026-03-21T15:44:45","date_gmt":"2026-03-21T13:44:45","guid":{"rendered":"https:\/\/www.atravel.lt\/produktas\/lietuva-latvija-birzai-bauske-rundale\/"},"modified":"2026-03-21T15:44:45","modified_gmt":"2026-03-21T13:44:45","slug":"lietuva-latvija-birzai-bauske-rundale","status":"publish","type":"product","link":"https:\/\/www.atravel.lt\/en\/product\/lietuva-latvija-birzai-bauske-rundale\/","title":{"rendered":"Lietuva &#8211; Latvija: Bir\u017eai &#8211; Bausk\u0117 &#8211; Rundal\u0117"},"content":{"rendered":"<p><strong>1 day<\/strong><\/p>\n<p>\u2022 I&scaron;vykstame i&scaron; j\u016bs\u0173 pasirinkto miesto.<br \/> \u2022 Kelion\u0117 link Bir\u017e\u0173.<br \/> \u2022 Ap\u017evalgin\u0117 ekskursija Bir\u017euose.<br \/> \u2022 T\u0119siame kelion\u0119 po Astravo dvaro apylinkes (ilgiausiu Lietuvoje tiltu per e\u017eer\u0105 pasiekiame Bir\u017e\u0173 pil\u012f).<br \/> \u2022 Pageidaujantiems si\u016blome degustacin\u0119 program\u0105 \u201eLietuvi&scaron;ko alaus kelias\u201c (papildomas mokestis)<br \/> \u2022 Vykstame link Bausk\u0117s miestelio.<br \/> \u2022 Ap\u017evalgin\u0117 ekskursija Bausk\u0117je.<br \/> \u2022 T\u0119siame kelion\u0119 link Rundal\u0117s r\u016bm\u0173.<br \/> \u2022 Apsilankymas Rundal\u0117s r\u016bmuose ir sode (\u012f\u0117jimo bilietai apmokami pa\u010di\u0173 keliautoj\u0173)<br \/> \u2022 Apie 18.30 val. vykstame link Vilniaus.<br \/> \u2022 Gr\u012f\u017etame atgal \u012f namus iki vidurnak\u010dio.<\/p>\n<p>BIR\u017d\u0172 istorija susijusi su Radvil\u0173 gimine. Bir\u017e\u0173 &scaron;akos pradininkas \u2013 Jurgis Radvila, Barboros Radvilait\u0117s t\u0117vas. Mikalojus Kristupas Radvila Perk\u016bnas 16a. prad\u0117jo statyti pil\u012f. U\u017etvenkus Apa&scaron;\u010dios ir Agluonos upes, susidar\u0117 dirbtinis &Scaron;irv\u0117nos e\u017eeras. 1625m. &scaron;vedai u\u017e\u0117m\u0117 pil\u012f. 1669m. pilis atstatyta, bet &scaron;vedai 1704m. j\u0105 susprogdino. Taip baig\u0117si Bir\u017e\u0173 pilies &scaron;lov\u0117.<\/p>\n<p>Netek\u0119 gynybin\u0117s reik&scaron;m\u0117s, Bir\u017eai sunyko. Radviloms nusigyvenus, miestas u\u017e skolas 1811m. atiteko grafui J. Ti&scaron;kevi\u010diui. &Scaron;is apgri\u016bvusia pilimi nesidom\u0117jo ir &scaron;iauriniame &Scaron;irv\u0117nos e\u017e. krante pasistatydino klasicizmo stiliaus Astravo r\u016bmus. &Scaron;ie rus\u0173 ampyro ir romantizmo stiliaus r\u016bmai dabar restauruoti.<\/p>\n<p>Bir\u017e\u0173 kra&scaron;tas nuo seno gars\u0117ja savo aludariais ir i&scaron;ties skaniu alumi. Anks\u010diau kaimuose al\u0173 darydavo bene kiekvienas ir kiekvienas tur\u0117davo savo technologij\u0105, kuri\u0105 perduodavo tik s\u016bnums. Pirmoji alaus darykla Lietuvoje taip pat buvo \u012fkurta &scaron;iame mieste 1686 metais kunigaik&scaron;tyt\u0117s Liudvikos Karolinos Radvilait\u0117s nurodymu.<\/p>\n<p>Alaus pramon\u0117s svarb\u0105 bir\u017eie\u010diai \u012frod\u0117 po kar\u0173 su &Scaron;vedija, pirmiausiai atstatydami ne miest\u0105, o alaus darykl\u0105.<\/p>\n<p>Bir\u017eai gars\u0117ja ne tik alumi, bet ir smegduob\u0117mis, tod\u0117l kelion\u0117s metu nuvyksite prie did\u017eiausios Lietuvoje karstin\u0117s \u012fgriuvos \u2013 Karv\u0117s olos.<\/p>\n<p>BAUSK\u0116 \u2013 tai Latvijos miestelis, alsuojantis istorija. M\u016b&scaron;os ir Nemun\u0117lio santakos pusiasalyje kalavijuo\u010diai 1456m. pastat\u0117 pil\u012f, kuri\u0105 pavadino Boszenborchu, o v\u0117liau \u012fsik\u016brusi\u0105 gyvenviet\u0119, pavadint\u0105 Bauskenburgu. Ilgus am\u017eius Bausk\u0119 niokojo karai ir maro epidemijos. Per Bausk\u0119 \u0117jo preki\u0173 mainai tarp Vilniaus, Kauno ir Rygos.<\/p>\n<p>Gars\u016bs RUNDAL\u0116S r\u016bmai \u2013 baroko architekt\u016bros paminklas. Pastatyti 18a. architekto V. Rastrelio, jie buvo Kur&scaron;o kunigaik&scaron;\u010dio E. Birono vasaros rezidencija. Kompleks\u0105 sudaro pastat\u0173 ansamblis ir parkas. Kur\u012f laik\u0105 Rundal\u0117s r\u016bmai priklaus\u0117 Rusijos imperijos oligarchui Platonui Zubovui.<\/p>\n<p>Pageidaujant edukacin\u0117 programa \u201eALAUS KELIAS\u201c. &Scaron;ios programos metu ekskursija po alaus darykl\u0105, alaus degustacija ir piet\u016bs.<\/p>\n<hr \/>\n<p><strong>\u012e kelion\u0117s kain\u0105 \u012fskai\u010diuota:<\/strong><\/p>\n<hr \/>\n<p>\u2022 Kelion\u0117 autobusu.<br \/> \u2022 Kelion\u0117s vadovo-gido paslaugos.<br \/> \u2022 Kelion\u0117s dokument\u0173 sutvarkymas.<br \/> \u2022 Ekskursija Bir\u017euose.<br \/> \u2022 Ekskursija po Astravo dvaro apylinkes.<br \/> \u2022 Ekskursija Bausk\u0117je.<br \/> \u2022 Ekskursija Rundal\u0117je.<\/p>\n<hr \/>\n<p><strong>\u012e kelion\u0117s kain\u0105 ne\u012fskai\u010diuota:<\/strong><\/p>\n<hr \/>\n<p>\u2022 \u012e\u0117jimo bilietai \u012f mokamas lankytinas vietas (dvarus\/muziejus\/ba\u017eny\u010dias ir pan.).<br \/> \u2022 Sveikatos draudimas kelion\u0117s metu (kreiptis \u012f agent\u016br\u0105).<br \/> \u2022 Degustacin\u0117 programa \u201eLietuvi&scaron;ko alaus kelias\u201c + u\u017ekand\u017eiai &#8211; &#8230;.\u20ac\/asm.<br \/> \u2022 Degustacin\u0117 programa \u201eLietuvi&scaron;ko alaus kelias\u201c + piet\u016bs &#8211; &#8230;.\u20ac\/asm.<br \/> D\u0116MESIO! Apie apie pageidavim\u0105 dalyvauti degustacin\u0117je programoje &#8211; prane&scaron;kite registracijos metu!<\/p>\n<hr \/>\n<p><strong>Pastabos:<\/strong><\/p>\n<hr \/>\n<p>\u2022 Kelion\u0117s i&scaron;vykimo, atvykimo ir kiti laikai gali keistis \u2013 patikslinta informacija atsiun\u010diama \u012f elektronin\u012f pa&scaron;t\u0105 (2-3 dienas prie&scaron; kelion\u0119).<br \/> \u2022 Visos ekskursijos vedamos lietuvi\u0173 kalba.<br \/> \u2022 Objekt\u0173 lankymo tvarka, skai\u010dius ir \u012f\u0117jimo biliet\u0173 kaina gali keistis.<br \/> \u2022 Muziejuose, ba\u017eny\u010diose ir kituose mokamuose objektuose kelion\u0117s vadovas ekskursij\u0173 neveda.<br \/> \u2022 \u012e\u0117jimo bilietai \u012f mokamas lankytinas vietas (dvarus\/muziejus\/ba\u017eny\u010dias ir pan.) n\u0117ra \u012fskai\u010diuoti \u012f kelion\u0117s kain\u0105.<br \/> \u2022 Kelion\u0117s vadovas gali keisti programos eig\u0105.<br \/> \u2022 Nepamir&scaron;kite \u012f kelion\u0119 pasiimti paso\/asmens tapatyb\u0117s kortel\u0117s, galiojan\u010dio\/-s ne trumpiau nei 3 m\u0117nesius po gr\u012f\u017eimo i&scaron; kelion\u0117s datos.<\/p>","protected":false},"excerpt":{"rendered":"<p>1 diena \u2022 I&scaron;vykstame i&scaron; j\u016bs\u0173 pasirinkto miesto. \u2022 Kelion\u0117 link Bir\u017e\u0173. \u2022 Ap\u017evalgin\u0117 ekskursija Bir\u017euose. \u2022 T\u0119siame kelion\u0119 po Astravo dvaro apylink&#8230;<\/p>","protected":false},"featured_media":11854,"comment_status":"open","ping_status":"closed","template":"","meta":{"om_disable_all_campaigns":false,"_monsterinsights_skip_tracking":false,"_monsterinsights_sitenote_active":false,"_monsterinsights_sitenote_note":"","_monsterinsights_sitenote_category":0},"product_brand":[],"product_cat":[669],"product_tag":[],"class_list":{"0":"post-12618","1":"product","2":"type-product","3":"status-publish","4":"has-post-thumbnail","6":"product_cat-keliones","8":"first","9":"instock","10":"virtual","11":"taxable","12":"product-type-simple"},"aioseo_notices":[],"_links":{"self":[{"href":"https:\/\/www.atravel.lt\/en\/wp-json\/wp\/v2\/product\/12618","targetHints":{"allow":["GET"]}}],"collection":[{"href":"https:\/\/www.atravel.lt\/en\/wp-json\/wp\/v2\/product"}],"about":[{"href":"https:\/\/www.atravel.lt\/en\/wp-json\/wp\/v2\/types\/product"}],"replies":[{"embeddable":true,"href":"https:\/\/www.atravel.lt\/en\/wp-json\/wp\/v2\/comments?post=12618"}],"wp:featuredmedia":[{"embeddable":true,"href":"https:\/\/www.atravel.lt\/en\/wp-json\/wp\/v2\/media\/11854"}],"wp:attachment":[{"href":"https:\/\/www.atravel.lt\/en\/wp-json\/wp\/v2\/media?parent=12618"}],"wp:term":[{"taxonomy":"product_brand","embeddable":true,"href":"https:\/\/www.atravel.lt\/en\/wp-json\/wp\/v2\/product_brand?post=12618"},{"taxonomy":"product_cat","embeddable":true,"href":"https:\/\/www.atravel.lt\/en\/wp-json\/wp\/v2\/product_cat?post=12618"},{"taxonomy":"product_tag","embeddable":true,"href":"https:\/\/www.atravel.lt\/en\/wp-json\/wp\/v2\/product_tag?post=12618"}],"curies":[{"name":"wp","href":"https:\/\/api.w.org\/{rel}","templated":true}]}}