{"id":12617,"date":"2026-03-21T15:44:45","date_gmt":"2026-03-21T13:44:45","guid":{"rendered":"https:\/\/www.atravel.lt\/produktas\/daugpilis-agluona-1-d\/"},"modified":"2026-03-21T15:44:45","modified_gmt":"2026-03-21T13:44:45","slug":"daugpilis-agluona-1-d","status":"publish","type":"product","link":"https:\/\/www.atravel.lt\/en\/product\/daugpilis-agluona-1-d\/","title":{"rendered":"Daugpilis &#8211; Agluona 1 d."},"content":{"rendered":"<p><strong>1 day<\/strong><\/p>\n<p>\u2022 I&scaron;vykstame i&scaron; j\u016bs\u0173 pasirinkto miesto.<br \/> \u2022 Kelion\u0117 link Daugpilio.<br \/> \u2022 Ap\u017evalgin\u0117 ekskursija po Daugpil\u012f.<br \/> \u2022 T\u0119siame ekskursij\u0105 Agluonosapylink\u0117mis.<br \/> \u2022 Lankome Agluonos bazilik\u0105 \u2013 did\u017eiausi\u0105 Latvijoje katalik\u0173 &scaron;ventov\u0119.<br \/> \u2022 Pageidaujantiems si\u016blome degustacin\u0119 program\u0105 \u201eLatvi&scaron;kos duonos kelias\u201c (papildomas mokestis)<br \/> \u2022 Gr\u012f\u017etame atgal \u012f namus iki vidurnak\u010dio.<\/p>\n<p>LATGALIJA \u2013 bene grei\u010diausiai kalavijuo\u010di\u0173 ordino u\u017ekariautas Latvijos kra&scaron;tas po lyvi\u0173. Tai Latvijos Auk&scaron;taitija, u\u017egyventa katalik\u0173.<br \/> Susipa\u017einsime su Daugpilio pilies tvirtove. Tai vienintelis beveik be pakitim\u0173 i&scaron;lik\u0119s XIX a. pirmos pus\u0117s tvirtov\u0117s pavyzdys.<\/p>\n<p>Lankysime Agluon\u0105, kur atidengtas paminklas balti&scaron;kai karali&scaron;kai &scaron;eimai \u2013 Karaliui Mindaugui ir Karalienei Mortai. Paminklas \u017eymi Lietuvos karaliaus mirties viet\u0105. Mindaugas su latgali\u0173 kilm\u0117s \u017emona Morta ir j\u0173 vaikais primena bendras lietuvi\u0173 ir latvi\u0173 &scaron;aknis. Nors istoriniuose metra&scaron;\u010diuose neu\u017efiksuota, manoma, kad Agluonoje buvo nu\u017eudytas karalius Mindaugas. Apie tai byloja ir vietovard\u017eiai \u2013 Mindaugo sala, karaliaus kapo kalnas. Trij\u0173 &scaron;imtme\u010di\u0173 senumo ra&scaron;tuose minima, kad 1618 m. Agluonoje &scaron;alinant seno bok&scaron;to griuv\u0117sius rasta juodo marmuro antkapin\u0117 plok&scaron;t\u0117. I&scaron;liko jos teksto nuora&scaron;as: \u201e&Scaron;ioje \u017eem\u0117je ilsisi Mindaugas, kunigaik&scaron;tis lietuvis, kuriam gyventi ir mirti buvo garb\u0117\u2026 Karaliumi i&scaron; kunigaik&scaron;\u010di\u0173\u2026 tap\u0119s pirmuoju\u2026 Stab\u0173 garbintojas dvilypis\u2026 Ir neb\u016bdamas saugus klasta \u017eiauriai\u2026 nu\u017eudytas i&scaron;ganymo metais 1263 m. rugs\u0117jo 12 d.\u201c. Po Agluonos bazilikos altoriumi dominikonai buvo pritvirtin\u0119 atminimo lent\u0105 su u\u017era&scaron;u \u201eDid\u017eiajam Lietuvos valdovui Mindaugui\u201c. Dabar &scaron;ios bazilikos &scaron;ventoriuje stovi karaliaus Mindaugo ir jo &scaron;eimos skulpt\u016bra.<\/p>\n<p>Kvie\u010diame pasikalb\u0117ti apie duon\u0105 ir jos kepimo proces\u0105. &Scaron;vie\u017eios duonos degustacija, \u017eoleli\u0173 arbatos ragavimas, galimyb\u0117 \u012fsigyti Agluonos duonos ir konditerijos gamini\u0173.<br \/> Nevykstantiems \u012f Agluon\u0105, laisvas laikas Daugpilyje.<\/p>\n<hr \/>\n<p><strong>\u012e kelion\u0117s kain\u0105 \u012fskai\u010diuota:<\/strong><\/p>\n<hr \/>\n<p>\u2022 Kelion\u0117 autobusu.<br \/> \u2022 Kelion\u0117s vadovo-gido paslaugos.<br \/> \u2022 Kelion\u0117s dokument\u0173 sutvarkymas.<br \/> \u2022 Ekskursija Daugpilyje.<br \/> \u2022 Ekskursija Agluonoje ir po jos apylinkes.<\/p>\n<hr \/>\n<p><strong>\u012e kelion\u0117s kain\u0105 ne\u012fskai\u010diuota:<\/strong><\/p>\n<hr \/>\n<p>\u2022 \u012e\u0117jimo bilietai \u012f mokamas lankytinas vietas (dvarus\/muziejus\/ba\u017eny\u010dias ir pan.).<br \/> \u2022 Sveikatos draudimas kelion\u0117s metu (kreiptis \u012f agent\u016br\u0105).<br \/> \u2022 Degustacin\u0117 programa \u201eLatvi&scaron;kos duonos kelias\u201c + piet\u016bs \u2013 16 \u20ac\/asm. (ekskursija, dainos, \u017eaidimai ir sot\u016bs &scaron;eiminink\u0117s tiekiami piet\u016bs).<\/p>\n<p>Duonos muziejuje lankytojus priima pati &scaron;eiminink\u0117, vilkinti latgalie\u010di\u0173 liaudies drabu\u017eius, dainuojanti latgalie\u010di\u0173 liaudies dainas ir &scaron;nekanti latgalieti&scaron;kai. Sve\u010diams priimti parengtas teatralizuotas vaidinimas, kurio autor\u0117 yra pati Vija Ancan\u0117. Muziejuje dega \u017evak\u0117s, ant stalo garuoja \u017eoleli\u0173 arbatos \u0105sot\u0117liai, ant linin\u0117s stalties\u0117s \u2013 kvapni rugin\u0117 duona. Pokalbis prasideda rugi\u0173 gr\u016bd\u0173 atpa\u017einimu ir ragavimu.VijaAncan\u0117 yra surinkusi daugyb\u0119 su jav\u0173 auginimu, duonos kepimu ir valgymu susijusi\u0173 prie\u017eod\u017ei\u0173, prietar\u0173, pasak\u0173 bei papro\u010di\u0173.\u010cia galima i&scaron;mokti senovini\u0173 su javais ir duona susijusi\u0173 rateli\u0173 ir \u017eaidim\u0173.<\/p>\n<p>Vija Ancan\u0117 pasakoja apie senovinius latgalie\u010di\u0173 valgius \u2013 krupnik\u0105, m\u0117sin\u0119 duon\u0105, gruc\u0119 ir kitus \u2013ir moka juos gaminti.Muziejuje surinkta &scaron;imtai su gr\u016bd\u0173 perdirbimu ir duonos kepimu susijusi\u0173 eksponat\u0173: spragil\u0173, li\u017ei\u0173, duonkubili\u0173 ir kit\u0173.<\/p>\n<p>D\u0116MESIO! Apie apie pageidavim\u0105 dalyvauti degustacin\u0117je programoje &#8211; prane&scaron;kite registracijos metu!<\/p>\n<hr \/>\n<p><strong>Pastabos:<\/strong><\/p>\n<hr \/>\n<p>\u2022 Kelion\u0117s i&scaron;vykimo, atvykimo ir kiti laikai gali keistis \u2013 patikslinta informacija atsiun\u010diama \u012f elektronin\u012f pa&scaron;t\u0105 (2-3 dienas prie&scaron; kelion\u0119).<br \/> \u2022 Visos ekskursijos vedamos lietuvi\u0173 kalba.<br \/> \u2022 Objekt\u0173 lankymo tvarka, skai\u010dius ir \u012f\u0117jimo biliet\u0173 kaina gali keistis.<br \/> \u2022 Muziejuose, ba\u017eny\u010diose ir kituose mokamuose objektuose kelion\u0117s vadovas ekskursij\u0173 neveda.<br \/> \u2022 \u012e\u0117jimo bilietai \u012f mokamas lankytinas vietas (dvarus\/muziejus\/ba\u017eny\u010dias ir pan.) n\u0117ra \u012fskai\u010diuoti \u012f kelion\u0117s kain\u0105.<br \/> \u2022 Kelion\u0117s vadovas gali keisti programos eig\u0105.<br \/> \u2022 Nepamir&scaron;kite \u012f kelion\u0119 pasiimti paso\/asmens tapatyb\u0117s kortel\u0117s, galiojan\u010dio\/-s ne trumpiau nei 3 m\u0117nesius po gr\u012f\u017eimo i&scaron; kelion\u0117s datos.<\/p>","protected":false},"excerpt":{"rendered":"<p>1 diena \u2022 I&scaron;vykstame i&scaron; j\u016bs\u0173 pasirinkto miesto. \u2022 Kelion\u0117 link Daugpilio. \u2022 Ap\u017evalgin\u0117 ekskursija po Daugpil\u012f. \u2022 T\u0119siame ekskursij\u0105 Agluonosapylin&#8230;<\/p>","protected":false},"featured_media":11853,"comment_status":"open","ping_status":"closed","template":"","meta":{"om_disable_all_campaigns":false,"_monsterinsights_skip_tracking":false,"_monsterinsights_sitenote_active":false,"_monsterinsights_sitenote_note":"","_monsterinsights_sitenote_category":0},"product_brand":[],"product_cat":[669],"product_tag":[],"class_list":{"0":"post-12617","1":"product","2":"type-product","3":"status-publish","4":"has-post-thumbnail","6":"product_cat-keliones","8":"first","9":"instock","10":"virtual","11":"taxable","12":"product-type-simple"},"aioseo_notices":[],"_links":{"self":[{"href":"https:\/\/www.atravel.lt\/en\/wp-json\/wp\/v2\/product\/12617","targetHints":{"allow":["GET"]}}],"collection":[{"href":"https:\/\/www.atravel.lt\/en\/wp-json\/wp\/v2\/product"}],"about":[{"href":"https:\/\/www.atravel.lt\/en\/wp-json\/wp\/v2\/types\/product"}],"replies":[{"embeddable":true,"href":"https:\/\/www.atravel.lt\/en\/wp-json\/wp\/v2\/comments?post=12617"}],"wp:featuredmedia":[{"embeddable":true,"href":"https:\/\/www.atravel.lt\/en\/wp-json\/wp\/v2\/media\/11853"}],"wp:attachment":[{"href":"https:\/\/www.atravel.lt\/en\/wp-json\/wp\/v2\/media?parent=12617"}],"wp:term":[{"taxonomy":"product_brand","embeddable":true,"href":"https:\/\/www.atravel.lt\/en\/wp-json\/wp\/v2\/product_brand?post=12617"},{"taxonomy":"product_cat","embeddable":true,"href":"https:\/\/www.atravel.lt\/en\/wp-json\/wp\/v2\/product_cat?post=12617"},{"taxonomy":"product_tag","embeddable":true,"href":"https:\/\/www.atravel.lt\/en\/wp-json\/wp\/v2\/product_tag?post=12617"}],"curies":[{"name":"wp","href":"https:\/\/api.w.org\/{rel}","templated":true}]}}