{"id":12616,"date":"2026-03-21T15:44:44","date_gmt":"2026-03-21T13:44:44","guid":{"rendered":"https:\/\/www.atravel.lt\/produktas\/ispanija-su-poilsiu-prie-juros-ir-ekskursijomis-aplankant-paryziu-liona-berlyna-ir-viurcburga\/"},"modified":"2026-03-21T15:44:45","modified_gmt":"2026-03-21T13:44:45","slug":"ispanija-su-poilsiu-prie-juros-ir-ekskursijomis-aplankant-paryziu-liona-berlyna-ir-viurcburga","status":"publish","type":"product","link":"https:\/\/www.atravel.lt\/en\/product\/ispanija-su-poilsiu-prie-juros-ir-ekskursijomis-aplankant-paryziu-liona-berlyna-ir-viurcburga\/","title":{"rendered":"Ispanija su poilsiu prie j\u016bros ir ekskursijomis (aplankant Pary\u017ei\u0173, Lion\u0105, Berlyn\u0105 ir Viurcburg\u0105)"},"content":{"rendered":"<p><strong>1 day <\/strong><\/p>\n<p>&bull; I&scaron;vykimas i&scaron; Vilniaus ir Kauno.<br \/> &bull; Kelion\u0117 per Lenkijos teritorij\u0105.<br \/> &bull; \u012esik\u016brimas tranzitiniame 3* vie&scaron;butyje Lenkijoje.<br \/> &bull; Nakvyn\u0117 vie&scaron;butyje. <\/p>\n<p><strong>Day 2 <\/strong><\/p>\n<p>&bull; Pusry\u010diai vie&scaron;butyje (perkant ekskursij\u0173 paket\u0105 pusry\u010diai \u012fskai\u010diuoti).<br \/> &bull; I&scaron;siregistravimas i&scaron; vie&scaron;bu\u010dio.<br \/> &bull; T\u0119siame kelion\u0119.<br \/> &bull; Vykstame link Berlyno.<br \/> &bull; Ekskursija po Berlyn\u0105.<br \/> &bull; Laisvas laikas.<br \/> &bull; Vykstame link Pary\u017eiaus.<br \/> &bull; \u012esik\u016brimas tranzitiniame 3* vie&scaron;butyje.<br \/> &bull; Nakvyn\u0117 vie&scaron;butyje. <\/p>\n<p>Pa\u017eint\u012f su Berlynu prad\u0117sime nuo Reichstago ir Vyriausyb\u0117s kvartalo. Tada vyksime prie Brandenburgo vart\u0173 &ndash; pagrindinio istorinio miesto simbolio. Po to pamatysime &bdquo;Adlon&ldquo; Grand vie&scaron;but\u012f, esant\u012f &scaron;alia Men\u0173 akademijos ir moderni\u0173 ambasados pastat\u0173. T\u0119sime pa\u017eint\u012f su XVII-XVIII am\u017eiaus Berlynu valdant Frydrichui Did\u017eiajam ir jo pirmtakams. Aplankysime gra\u017eiausi\u0105 Berlyno Gendarmenmart aik&scaron;t\u0119 su nuostabiu architekt\u016briniu kompleksu ir pagrindine sostin\u0117s koncert\u0173 sale, pasivaik&scaron;\u010diosime garsi\u0105ja Unter den Linden gatve, pamatysime Karali&scaron;k\u0105j\u0105 oper\u0105, Humboldto universitet\u0105, katalik\u0173 &Scaron;v. Jadvygos ba\u017eny\u010di\u0105, ne\u012fprast\u0105 paminkl\u0105 \u017euvusiems pasauliniuose karuose. Muziej\u0173 saloje su\u017einosime, kur ir kada prasid\u0117jo Berlynas, kokie pasaulio kult\u016bros lobiai saugomi Senajame ir Naujajame muziejuose bei didingajame Pergamone, pasigro\u017e\u0117sime grandiozine Berlyno katedra.<br \/> Ekskursij\u0105 baigsime pagrindin\u0117je istorin\u0117je Ryt\u0173 Berlyno aik&scaron;t\u0117je &#8211; Alexanderplatz, kur yra seniausia veikianti Berlyno ba\u017eny\u010dia Marienkirche, Raudonoji rotu&scaron;\u0117, Nept\u016bno fontanas ir televizijos bok&scaron;tas &#8211; pretenzingiausias socialistinio laikotarpio pastatas. \u010cia, aik&scaron;t\u0117s teritorijoje, dar VDR laikais susiformavo did\u017eiausia Berlyno transporto ir prekybos infrastrukt\u016bra.<\/p>\n<p><strong>Day 3 <\/strong><\/p>\n<p>&bull; Pusry\u010diai vie&scaron;butyje (perkant ekskursij\u0173 paket\u0105 pusry\u010diai \u012fskai\u010diuoti).<br \/> &bull; I&scaron;siregistravimas i&scaron; vie&scaron;bu\u010dio.<br \/> &bull; T\u0119siame kelion\u0119.<br \/> &bull; Atvykstame \u012f Pary\u017ei\u0173.<br \/> &bull; Vykstame \u012f Pary\u017eiaus centr\u0105 (papildomai apmokami vie&scaron;ojo transporto bilietai).<br \/> &bull; Ap\u017evalgin\u0117 ekskursija po Pary\u017ei\u0173.<br \/> &bull; Laisvas laikas Pary\u017eiuje.<br \/> &bull; Pageidaujantiems si\u016blome vakarien\u0119 autenti&scaron;kame pranc\u016bz\u0173 restorane, \u012fsik\u016brusiame legendiniame Lotyn\u0173 kvartale (turistinis meniu ~ 20 &euro;\/asm.).<br \/> &bull; Vakare pageidaujantiems si\u016blome romanti&scaron;k\u0105 i&scaron;vyk\u0105 laiveliu Senos upe (papildomas mokestis &ndash; 15 &euro;asm., trukm\u0117 ~ 1 val.).<br \/> &bull; V\u0117lai vakare\/nakt\u012f i&scaron;vykstame link Ispanijos.<br \/> &bull; Naktinis perve\u017eimas. <\/p>\n<p>Ap\u017evalgin\u0117 ekskursija po Pary\u017ei\u0173, kurios metu pamatysite Triumfo ark\u0105, Eliziejaus laukus, Did\u017eiuosius ir Ma\u017euosius r\u016bmus, Aleksandro III tilt\u0105, Invalid\u0173 nam\u0173 komplekso esplanad\u0105, Santarv\u0117s aik&scaron;t\u0119 ir tilt\u0105, muziej\u0173 de Orsay, Tiuilri sod\u0105, Luvro pastat\u0105 ir kiem\u0105, pirm\u0105j\u012f akmenin\u012f tilt\u0105, pirm\u0105j\u0105 Pranc\u016bzijos karali\u0173 rezidencij\u0105 Conciergerie, Pary\u017eiaus lop&scaron;\u012f &#8211; Cit&eacute; sal\u0105 ir diding\u0105 Pary\u017eiaus Dievo Motinos katedr\u0105. <\/p>\n<p>Vakare, pageidaujant, romanti&scaron;ka kelion\u0117 laivu Senos upe (papildomas mokestis 15 &euro;, trukm\u0117 ~ 1 val. , audiogidas \u012fskai\u010diuotas \u012f kain\u0105). Gal\u0117site ap\u017ei\u016br\u0117ti krantines ir tiltus, priart\u0117ti prie Eifelio bok&scaron;to ir nufotografuoti vakar\u0117jant\u012f miest\u0105.<\/p>\n<p><strong>Day 4 <\/strong><\/p>\n<p>&bull; Atvykstame \u012f Ispanij\u0105.<br \/> &bull; \u012esik\u016brimas H-Top Olympic 3* vie&scaron;butyje (arba kitame tokio pat lygio 3* vie&scaron;butyje).<br \/> &bull; Pageidaujantiems si\u016blome u\u017e papildom\u0105 priemok\u0105 apsigyventi 4* H-Top Calella Palace vie&scaron;butyje.<br \/> &bull; Poilsis prie j\u016bros. <br \/> &bull; Pageidaujant, yra galimyb\u0117 u\u017esakyti vakarien\u0119 (papildomas mokestis).<br \/> &bull; Nakvyn\u0117 vie&scaron;butyje. <\/p>\n<p>H-Top Olympic 3* yra Costa del Maresm\u0117s pakrant\u0117je, Kaleloje, kiek daugiau nei 40 km nuo Barselonos. Vie&scaron;butis yra u\u017e 600 metr\u0173 nuo Calella papl\u016bdimio. Jame yra 3 lauko baseinai suaugusiems ir vaikams, vaik\u0173 \u017eaidim\u0173 aik&scaron;tel\u0117. Visuose kambariuose yra oro kondicionieriai, palydovin\u0117 televizija ir balkonai arba terasos. Savitarnos restorane patiekiami katalon\u0173, ispan\u0173 ir tarptautin\u0117s virtuv\u0117s patiekalai. Taip pat yra baras. Sve\u010diai gali m\u0117gautis vakaro pramogin\u0117mis programomis su gyva muzika ir kabareto pasirodymais. <\/p>\n<p>H-Top Calella Palace 4 * yra u\u017e 600 metr\u0173 nuo Calella papl\u016bdimio, Katalonijos Costa del Maresme, ramioje kurorto vietoje, vos keli \u017eingsniai nuo pagrindin\u0117s gatv\u0117s, einanti palei j\u016br\u0105. &Scaron;viesiuose vie&scaron;bu\u010dio kambariuose yra oro kondicionieriai, palydovin\u0117 televizija ir balkonai. Kiekviename yra atskiras vonios kambarys su plauk\u0173 d\u017eiovintuvu. Vie&scaron;butyje taip pat yra vaik\u0173 klubas. Sve\u010diams dienos metu organizuojamos pramogin\u0117s ir sportin\u0117s veiklos. Kiekvien\u0105 vakar\u0105 vie&scaron;butis organizuoja gyvus pasirodymus ir koncertus.<\/p>\n<p><strong>Day 5 <\/strong><\/p>\n<p>&bull; Pusry\u010diai vie&scaron;butyje (perkant ekskursij\u0173 paket\u0105 pusry\u010diai \u012fskai\u010diuoti).<br \/> &bull; Poilsis prie j\u016bros, laisvas laikas.<br \/> &bull; Pageidaujantiems antroje dienos pus\u0117je si\u016blome ekskursin\u0119 i&scaron;vyk\u0105 \u012f Barselon\u0105 (papildomas mokestis &ndash; 25 &euro;\/asm.).<br \/> &bull; Sugr\u012f\u017etame \u012f vie&scaron;but\u012f.<br \/> &bull; Pageidaujant, yra galimyb\u0117 u\u017esakyti vakarien\u0119 (papildomas mokestis).<br \/> &bull; Nakvyn\u0117 vie&scaron;butyje. <\/p>\n<p>Barselona &#8211; tai Katalonijos, didingo Europos miesto, esan\u010dio &scaron;iaur\u0117s rytin\u0117je Ispanijos Vidur\u017eemio j\u016bros pakrant\u0117s dalyje, sostin\u0117, gars\u0117janti ne tiek savo viduram\u017ei\u0173 centru, kiek savo nepaprastais pastatais moderno stiliuje &#8211; Antonio Gaudi ir kit\u0173 architekt\u0173 darbais. <\/p>\n<p>Ekskursijos po miest\u0105 autobusu ir p\u0117s\u010diomis metu susipa\u017einsime su \u012fsp\u016bdingo gro\u017eio Barselonos &scaron;ventykla &ndash; Sagrada Familia (ap\u017ei\u016br\u0117sime i&scaron; i&scaron;or\u0117s) &#8211; pagrindinis Antonio Gaudi k\u016brinys. Toliau t\u0119sime pa\u017eint\u012f su Antonio Gaud&iacute; k\u016bryba, tarp kit\u0173 jo k\u016brini\u0173 galima pamin\u0117ti Casa Mila nam\u0105, kur\u012f vietiniai vadina La Pedrera. <\/p>\n<p>T\u0119sdami kelion\u0119 po miest\u0105 atsidursime Paseo de Llu&iacute;s Companys prospekte, vedan\u010diame \u012f Ciutadella parko parod\u0173 zonas, kur pagrindin\u0117 traukos vieta yra Triumfo arka. M\u0117gaudamiesi miesto gro\u017eyb\u0117mis persikelsime \u012f vien\u0105 gra\u017eiausi\u0173 viet\u0173, kuri\u0105 pam\u0117go ne tik miesto gyventojai, bet ir Barselonos sve\u010diai. Tai Montjuic kalnas, jo &scaron;laituose tiesiog gausu lankytin\u0173 viet\u0173: Nacionaliniai r\u016bmai, architekt\u016bros parkas &bdquo;Ispanijos miestelis&ldquo;, &bdquo;Stebuklingasis fontanas&ldquo; ir Misavan der Rohe suprojektuotas Vokietijos parod\u0173 paviljonas. Taip pat \u010dia gal\u0117site pamatyti \u012fvairius &bdquo;Olimpinio \u017eiedo&ldquo; sporto objektus, pastatytus 1992 m. olimpin\u0117ms \u017eaidyn\u0117ms. Ekskursin\u0117s dienos pabaigoje aplankysime Katalonijos aik&scaron;t\u0119.<\/p>\n<p>Laisvu laiku rekomenduojame pasivaik&scaron;\u010dioti La Rambla bulvaru &#8211; pagrindine p\u0117s\u010di\u0173j\u0173 gatve Barselonoje, o vakare si\u016blome pasim\u0117gauti garsi\u0173j\u0173 dainuojan\u010di\u0173 fontan\u0173 gro\u017eiu (d\u0117l sausros ir kit\u0173 prie\u017eas\u010di\u0173 fontanai gali neveikti).<\/p>\n<p><strong>Day 6 <\/strong><\/p>\n<p>&bull; Pusry\u010diai vie&scaron;butyje (perkant ekskursij\u0173 paket\u0105 pusry\u010diai \u012fskai\u010diuoti).<br \/> &bull; Laisva diena, poilsis prie j\u016bros.<br \/> &bull; Pageidaujantiems antroje dienos pus\u0117je si\u016blome ekskursin\u0119 i&scaron;vyk\u0105 &bdquo;Costa Bravos pakrant\u0117&ldquo; (papildomas mokestis &#8211; 25 &euro;\/asm.).<br \/> &bull; Sugr\u012f\u017etame \u012f vie&scaron;but\u012f.<br \/> &bull; Pageidaujant, yra galimyb\u0117 u\u017esakyti vakarien\u0119 (papildomas mokestis).<br \/> &bull; Nakvyn\u0117 vie&scaron;butyje. <\/p>\n<p>Costa Bravos gro\u017e\u012f su \u017ealiomis \u012flankomis su smaragdiniu vandeniu sunku pervertinti. Ekskursijos metu aplankysime Tossa de Mar miest\u0105, kuris pelnytai vadinamas Costa Bravos perlu. Miestas vis dar yra poet\u0173 ir meninink\u0173 \u012fkv\u0117pimo &scaron;altinis. Pasivaik&scaron;\u010diosime jo senovin\u0117mis gatvel\u0117mis ir gro\u017e\u0117sim\u0117s kvap\u0105 gniau\u017eian\u010diais vaizdais i&scaron; XI am\u017eiaus tvirtov\u0117s auk&scaron;tum\u0173. Aplankysime elitin\u012f Blaneso miesto rajon\u0105 &ndash; San Francisk\u0105 (&Scaron;v. Pranci&scaron;kus), esant\u012f aplink to paties pavadinimo \u012flank\u0105. Vietov\u0117 pavadinta d\u0117l nedidel\u0117s eleganti&scaron;kos ba\u017eny\u010dios su ap\u017evalgos aik&scaron;tele, i&scaron; kurios gal\u0117site gro\u017e\u0117tis j\u016bros vaizdais. Taip pat pasivaik&scaron;\u010diosime pakrante buvusiu XVIII a. patruli\u0173 keliu &bdquo;Cami de Ronda&ldquo;. Netoliese yra did\u017eiausias ir reik&scaron;mingiausias Costa Bravos botanikos sodas &#8211; Marimurta, kur\u012f panor\u0117j\u0119 gal\u0117site aplankyti (\u012f\u0117jimo bilietai apmokami papildomai).<\/p>\n<p><strong>Day 7 <\/strong><\/p>\n<p>&bull; Pusry\u010diai vie&scaron;butyje (perkant ekskursij\u0173 paket\u0105 pusry\u010diai \u012fskai\u010diuoti).<br \/> &bull; Laisvas laikas, poilsis prie j\u016bros.<br \/> &bull; Antroje dienos pus\u0117je ekskursin\u0117 i&scaron;vyka \u012f Monserat\u0105.<br \/> &bull; Sugr\u012f\u017etame \u012f vie&scaron;but\u012f.<br \/> &bull; Pageidaujant, yra galimyb\u0117 u\u017esakyti vakarien\u0119 (papildomas mokestis).<br \/> &bull; Nakvyn\u0117 vie&scaron;butyje. <\/p>\n<p>Monserate yra daugiau nei t\u016bkstantis uol\u0173, kurios sukuria unikal\u0173 vaizd\u0105 ir u\u017eburia savo peiza\u017eais. Kaln\u0173 grandin\u0117 buvo suformuota prie&scaron; kelet\u0105 milijon\u0173 met\u0173 ir virto keistokomis fantastin\u0117mis gamtos sukurtomis fig\u016bromis. Vietini\u0173 gyventoj\u0173 fantazijos d\u0117ka ne\u012fprastos vir&scaron;\u016bn\u0117s buvo pavadintos atsi\u017evelgiant \u012f tai, kaip jos atrodo &#8211; &bdquo;Dramblio kamienas&ldquo;, &bdquo;Mumija&ldquo;, &bdquo;Kaukol\u0117&ldquo;, &bdquo;Bernardo arklys&ldquo;, &bdquo;Sargas&ldquo;&#8230; &Scaron;ios vietos suk\u0117l\u0117 daugyb\u0119 skirting\u0173 legend\u0173. Viena i&scaron; j\u0173 sako, kad keistos uol\u0173 formos yra angel\u0173 k\u016briniai, nu\u017eengusi\u0173 i&scaron; dangaus tam, kad kaln\u0173 kra&scaron;tovaizdis tapt\u0173 \u012fdomesnis, kaln\u0173 vir&scaron;\u016bnes jie pjaustydavo auksin\u0117mis nag\u0173 dild\u0117mis. Monseratas i&scaron;vertus rei&scaron;kia &bdquo;pjautas kalnas&ldquo;. Ta\u010diau kalno unikalumas yra susij\u0119s ne tik su ne\u012fprasto reljefo gro\u017eiu, bet ir tuo, kad jame yra Benediktin\u0173 Monserato vienuolynas (Monasterio de Monserat). Tai veikiantis vienuolynas, turintis beveik t\u016bkstan\u010dio met\u0173 istorij\u0105. Ir iki &scaron;i\u0173 dien\u0173 tai yra dvasinis Katalonijos simbolis &#8211; joje gyvena vienuoliai, atliekantys kasdienes pamaldas ir saugoma senovin\u0117 Monserato Juodosios mergel\u0117s statula. <\/p>\n<p>Ekskursijos metu su\u017einosite vienuolyno istorij\u0105, i&scaron;girsite \u012fvairi\u0173 \u012fdomi\u0173 legend\u0173 apie tai, kaip atsirado vienuolynas ir apie stebuklus, susijusius su Juodosios Mergel\u0117s statula. Pasiva\u017ein\u0117site &bdquo;cremallera&ldquo; (dantytas gele\u017einkelis) po sta\u010dius Monserato nuolyd\u017eius. Gal\u0117site aplankyti bazilik\u0105 (\u012f\u0117jimo bilietas ~ 6 &euro;\/asm.) ir i&scaron;girsti nuostab\u0173 berniuk\u0173 choro pasirodym\u0105, nusilenkti pagrindiniam vienuolyno traukos objektui &bdquo;Juodosios Madonos&ldquo; (\u012f\u0117jimo bilietas ~ 8 &euro;\/asm.). Gal\u0117site aplankyti vienuolyno muziej\u0173, nusipirkti suvenyr\u0173 ir paragauti ispani&scaron;k\u0173 likeri\u0173. Aplink vienuolyn\u0105 yra daugyb\u0117 vaizding\u0173 p\u0117s\u010di\u0173j\u0173 tak\u0173, kuriais gal\u0117site pasivaik&scaron;\u010dioti ir pamatyti senovines koply\u010dias, \u012fdomias religines skulpt\u016bras ir nuostabius kaln\u0173 peiza\u017eus. Pasivaik&scaron;\u010diojimas po vienuolyn\u0105 yra geriausia proga pajusti &scaron;i\u0173 viet\u0173 gro\u017e\u012f ir pamatyti tikr\u0105j\u012f Monserat\u0105 su jo unikaliais kra&scaron;tovaizd\u017eiais.<\/p>\n<p><strong>Day 8 <\/strong><\/p>\n<p>&bull; Pusry\u010diai vie&scaron;butyje (perkant ekskursij\u0173 paket\u0105 pusry\u010diai \u012fskai\u010diuoti).<br \/> &bull; Laisva diena.<br \/> &bull; Poilsis prie j\u016bros.<br \/> &bull; Pageidaujant, yra galimyb\u0117 u\u017esakyti vakarien\u0119 (papildomas mokestis).<br \/> &bull; Nakvyn\u0117 vie&scaron;butyje. <\/p>\n<p><strong>Day 9 <\/strong><\/p>\n<p>&bull; Pusry\u010diai vie&scaron;butyje (perkant ekskursij\u0173 paket\u0105 pusry\u010diai \u012fskai\u010diuoti).<br \/> &bull; Laisvas laikas, poilsis prie j\u016bros.<br \/> &bull; Antroje dienos pus\u0117je ekskursin\u0117 i&scaron;vyka \u012f \u017diron\u0105 ir Figuer\u0105.<br \/> &bull; Dali teatro &#8211; muziejaus lankymas (papildomai apmokami \u012f\u0117jimo bilietai: bir\u017eel\u012f ir rugs\u0117j\u012f ~ 17 &euro;\/asm., liep\u0105 ir rugpj\u016bt\u012f ~ 20 &euro;\/asm.).<br \/> &bull; Sugr\u012f\u017etame \u012f vie&scaron;but\u012f.<br \/> &bull; Pageidaujant, yra galimyb\u0117 u\u017esakyti vakarien\u0119 (papildomas mokestis).<br \/> &bull; Nakvyn\u0117 vie&scaron;butyje. <\/p>\n<p>\u017dirona &#8211; senovinis miestas Katalonijoje. Viduram\u017ei\u0173 kvartalai iki &scaron;iol saugo \u010dia per daugel\u012f am\u017ei\u0173 vykusi\u0173 \u012fvyki\u0173 atmint\u012f. Ne veltui &scaron;is miestas vadinamas pasaki&scaron;ku: suakmen\u0117jusi ragana, kuri iki &scaron;iol g\u0105sdina vietinius vaikus, &scaron;ventasis Narcizas, musi\u0173 pagalba i&scaron;gelb\u0117j\u0119s miest\u0105, upe pl\u016bduriuojantis trigalvis pabaisa Gerio, Cocoyon &#8211; tai tik dalis veik\u0117j\u0173, apie kuriuos su\u017einosite vaik&scaron;\u010diodami p\u0117s\u010diomis po ramias senamies\u010dio gatves.<\/p>\n<p>Figueras miestas Katalonijoje, kuris yra Salvadoro Dali gimtin\u0117, centrin\u0117 miesto aik&scaron;t\u0117 pavadinta Gala ir Dali vardu. Aplankysite paties menininko suprojektuot\u0105 Dali teatr\u0105-muziej\u0173 (\u012f\u0117jimas \u012f muziej\u0173 apmokamas papildomai ~ 20 &euro;\/asm.). Be Dali muziejaus, Figueras turi daug kit\u0173 lankytin\u0173 viet\u0173, toki\u0173 kaip: Empord&agrave; muziejus &ndash; seniausias i&scaron; vis\u0173 vietini\u0173 muziej\u0173, atidarytas 1876 m., kuriam priklauso paveiksl\u0173 kolekcija, taip pat \u012fdomi\u0173 daikt\u0173 i&scaron; Iberijos, Graikijos ir Romos laikotarpi\u0173. Figueras yra m\u0117gstama gurman\u0173 vieta: \u010dia yra daug puiki\u0173 restoran\u0173, kurie pa\u017eym\u0117ti Europos kelioni\u0173 vadovuose.<\/p>\n<p><strong>Day 10 <\/strong><\/p>\n<p>&bull; Supakuoti pusry\u010diai (sausas davinys) vie&scaron;butyje (perkant ekskursij\u0173 paket\u0105 pusry\u010diai \u012fskai\u010diuoti).<br \/> &bull; Ankstyvas i&scaron;siregistravimas i&scaron; vie&scaron;bu\u010dio.<br \/> &bull; Vykstame \u012f Lion\u0105.<br \/> &bull; Pageidaujantiems si\u016blome ekskursij\u0105 po Lion\u0105 (papildomas mokestis &ndash; 10 &euro;\/asm.).<br \/> &bull; Vykstame \u012f tranzitin\u012f vie&scaron;but\u012f.<br \/> &bull; \u012esik\u016brimas vie&scaron;butyje.<br \/> &bull; Nakvyn\u0117 vie&scaron;butyje. <\/p>\n<p>Senov\u0117s Pranc\u016bzijos miestas Lionas yra &scaron;alies rytuose, Ronos \u017eemumoje, i&scaron; vienos pus\u0117s apsuptas galing\u0173 Alpi\u0173, o i&scaron; kitos &ndash; Centrini\u0173 kaln\u0173. Nepaisant to, kad miestas Pranc\u016bzijoje u\u017eima tre\u010di\u0105 viet\u0105 pagal dyd\u012f, pagal svarb\u0105 jis nusileid\u017eia tik Pary\u017eiui. Lionas neda\u017enai patenka \u012f turistinius mar&scaron;rutus ir veltui, nes per daugiau nei 2000 met\u0173 istorij\u0105 jis gali pasigirti daugybe lankytin\u0173 viet\u0173. Pirmojo t\u016bkstantme\u010dio prad\u017eioje Lionas buvo Romos imperijos dalis ir i&scaron; tikr\u0173j\u0173 buvo Galijos sostin\u0117. Mieste buvo pastatyta daug statini\u0173, kai kurie i&scaron; j\u0173 i&scaron;liko iki &scaron;i\u0173 dien\u0173. Tai, pavyzd\u017eiui, garsieji akvedukai ir senovin\u0117s vonios. Didel\u012f susidom\u0117jim\u0105 kelia senamiestis &ndash; did\u017eiulis viduram\u017ei\u0173 Liono kvartalas, kuris d\u0117l savo dyd\u017eio ir istorini\u0173 paminkl\u0173 buvo \u012ftrauktas \u012f UNESCO pasaulio kult\u016bros paveldo s\u0105ra&scaron;\u0105.<\/p>\n<p><strong>Day 11 <\/strong><\/p>\n<p>&bull; Pusry\u010diai vie&scaron;butyje (perkant ekskursij\u0173 paket\u0105 pusry\u010diai \u012fskai\u010diuoti).<br \/> &bull; I&scaron;siregistravimas i&scaron; vie&scaron;bu\u010dio.<br \/> &bull; Vykstame \u012f Viurcburg\u0105.<br \/> &bull; Pageidaujantiems si\u016blome ekskursij\u0105 po Viurcburg\u0105 (papildomas mokestis &ndash; 10 &euro;\/asm.).<br \/> &bull; Vykstame \u012f tranzitin\u012f vie&scaron;but\u012f Lenkijoje.<br \/> &bull; \u012esik\u016brimas vie&scaron;butyje.<br \/> &bull; Nakvyn\u0117 vie&scaron;butyje. <\/p>\n<p>Viurcburgas yra &scaron;iaur\u0117s vakarin\u0117je Bavarijos federalin\u0117s \u017eem\u0117s dalyje ir gars\u0117ja savo architekt\u016bra bei vynais, o Viurcburgo rezidencija &scaron;iandien yra vienas geriausi\u0173 baroko pastat\u0173 Vokietijoje ir UNESCO pripa\u017eintas pasaulio kult\u016bros paveldo objektu.<\/p>\n<p><strong>Day 12 <\/strong><\/p>\n<p>&bull; Pusry\u010diai vie&scaron;butyje (perkant ekskursij\u0173 paket\u0105 pusry\u010diai \u012fskai\u010diuoti).<br \/> &bull; I&scaron;siregistravimas i&scaron; vie&scaron;bu\u010dio.<br \/> &bull; Vykstame link Lietuvos.<br \/> &bull; \u012e Kaun\u0105\/Vilni\u0173 gr\u012f\u017etame v\u0117lai vakare\/nakt\u012f. <\/p>","protected":false},"excerpt":{"rendered":"<p>1 diena &bull; I&scaron;vykimas i&scaron; Vilniaus ir Kauno. &bull; Kelion\u0117 per Lenkijos teritorij\u0105. &bull; \u012esik\u016brimas tranzitiniame 3* vie&scaron;butyje Lenkij&#8230;<\/p>","protected":false},"featured_media":11851,"comment_status":"open","ping_status":"closed","template":"","meta":{"om_disable_all_campaigns":false,"_monsterinsights_skip_tracking":false,"_monsterinsights_sitenote_active":false,"_monsterinsights_sitenote_note":"","_monsterinsights_sitenote_category":0},"product_brand":[],"product_cat":[669],"product_tag":[],"class_list":{"0":"post-12616","1":"product","2":"type-product","3":"status-publish","4":"has-post-thumbnail","6":"product_cat-keliones","8":"first","9":"instock","10":"virtual","11":"taxable","12":"product-type-simple"},"aioseo_notices":[],"_links":{"self":[{"href":"https:\/\/www.atravel.lt\/en\/wp-json\/wp\/v2\/product\/12616","targetHints":{"allow":["GET"]}}],"collection":[{"href":"https:\/\/www.atravel.lt\/en\/wp-json\/wp\/v2\/product"}],"about":[{"href":"https:\/\/www.atravel.lt\/en\/wp-json\/wp\/v2\/types\/product"}],"replies":[{"embeddable":true,"href":"https:\/\/www.atravel.lt\/en\/wp-json\/wp\/v2\/comments?post=12616"}],"wp:featuredmedia":[{"embeddable":true,"href":"https:\/\/www.atravel.lt\/en\/wp-json\/wp\/v2\/media\/11851"}],"wp:attachment":[{"href":"https:\/\/www.atravel.lt\/en\/wp-json\/wp\/v2\/media?parent=12616"}],"wp:term":[{"taxonomy":"product_brand","embeddable":true,"href":"https:\/\/www.atravel.lt\/en\/wp-json\/wp\/v2\/product_brand?post=12616"},{"taxonomy":"product_cat","embeddable":true,"href":"https:\/\/www.atravel.lt\/en\/wp-json\/wp\/v2\/product_cat?post=12616"},{"taxonomy":"product_tag","embeddable":true,"href":"https:\/\/www.atravel.lt\/en\/wp-json\/wp\/v2\/product_tag?post=12616"}],"curies":[{"name":"wp","href":"https:\/\/api.w.org\/{rel}","templated":true}]}}