{"id":12614,"date":"2026-03-21T15:44:44","date_gmt":"2026-03-21T13:44:44","guid":{"rendered":"https:\/\/www.atravel.lt\/produktas\/poilsis-siaures-rytu-ispanijoje-8-d-costa-bravoje-skrydis-su-airbaltic-is-rygos\/"},"modified":"2026-03-21T15:44:44","modified_gmt":"2026-03-21T13:44:44","slug":"poilsis-siaures-rytu-ispanijoje-8-d-costa-bravoje-skrydis-su-airbaltic-is-rygos","status":"publish","type":"product","link":"https:\/\/www.atravel.lt\/en\/product\/poilsis-siaures-rytu-ispanijoje-8-d-costa-bravoje-skrydis-su-airbaltic-is-rygos\/","title":{"rendered":"Poilsis \u0161iaur\u0117s ryt\u0173 Ispanijoje 8 d. Costa Bravoje (skrydis su AirBaltic i\u0161 Rygos)"},"content":{"rendered":"<p><strong>1 day <\/strong><\/p>\n<p>- Arrival at Riga Airport.<br \/> \u2022 Skrydis: Ryga \u2013 Barselona (~11:00-13:40).<br \/> \u2022 Perve\u017eimas \u012f pasirinkt\u0105 vie&scaron;but\u012f Costa Bravos\/Costa del Meresme pakrant\u0117je.<br \/> \u2022 \u012esik\u016brimas vie&scaron;butyje.<br \/> - Free time, relax by the sea.<br \/> \u2022 Vakarien\u0117 vie&scaron;butyje (papildomas mokestis u\u017e 7 vakarieni\u0173 paket\u0105 \u2013 80 \u20ac\/asm.).<br \/> \u2022 Nakvyn\u0117 vie&scaron;butyje.<\/p>\n<p><strong>Day 2 <\/strong><\/p>\n<p>\u2022 Pusry\u010diai vie&scaron;butyje (perkant ekskursij\u0173 paket\u0105 pusry\u010diai \u012fskai\u010diuoti).<br \/> - Free time, relax by the sea.<br \/> \u2022 Antroje dienos pus\u0117je ekskursija po Barselon\u0105.<br \/> - Free time.<br \/> \u2022 Sugr\u012f\u017eimas \u012f vie&scaron;but\u012f.<br \/> \u2022 Vakarien\u0117 vie&scaron;butyje (papildomas mokestis u\u017e 7 vakarieni\u0173 paketas \u2013 80 \u20ac\/asm.).<br \/> \u2022 Nakvyn\u0117 vie&scaron;butyje.<\/p>\n<p>Barselona \u2013 Katalonijos sostin\u0117 ir vienas \u012fsp\u016bdingiausi\u0173 Europos miest\u0173, \u012fsik\u016br\u0119s &scaron;iaur\u0117s rytin\u0117je Ispanijos Vidur\u017eemio j\u016bros pakrant\u0117je. Miestas gars\u0117ja ne tik \u017eavingu viduram\u017ei\u0173 senamies\u010diu, bet ir i&scaron;skirtine modernistine architekt\u016bra \u2013 Antonio Gaudi ir kit\u0173 \u017eymi\u0173 k\u016br\u0117j\u0173 &scaron;edevrais. M\u016bs\u0173 kombinuota ekskursija po Barselon\u0105 prasid\u0117s i&scaron;oriniu &Scaron;v. &Scaron;eimynos (Sagrada Fam&iacute;lia) bazilikos ap\u017ei\u016br\u0117jimu. &Scaron;is katalon\u0173 modernizmo &scaron;edevras pelnytai laikomas tikra miesto vizitine kortele.<\/p>\n<p>Toliau va\u017eiuosime Paseo de Gracia, eleganti&scaron;kiausia Barselonos gatve, kurioje i&scaron;vysite gars\u0173j\u012f \u201eNesantaikos obuolio\u201c kvartal\u0105 su modernistiniais architekt\u0173 k\u016briniais: Casa Mil&agrave; (La Pedrera), Casa Batll&oacute;, Casa Lle&oacute; Morera ir kt. Kelion\u0119 t\u0119sime Paseo de Llu&iacute;s Companys al\u0117ja, vedan\u010dia \u012f Citadel\u0117s parko parod\u0173 erdves, kur pagrindinis akcentas \u2013 \u012fsp\u016bdingi Triumfo vartai. V\u0117liau vyksime prie Kristupo Kolumbo paminklo ir apsilankysime Ispanijos aik&scaron;t\u0117je \u2013 vienoje did\u017eiausi\u0173 ir gra\u017eiausi\u0173 Barselonos aik&scaron;\u010di\u0173.<\/p>\n<p>Laisvas laikas. Rekomenduojame pasivaik&scaron;\u010dioti garsiuoju La Rambla bulvaru, u\u017esukti \u012f Senojo Barselonos uosto rajon\u0105, paklaid\u017eioti Gotikos kvartalo gatvel\u0117mis ar \u012fsigyti suvenyr\u0173.<\/p>\n<p>Vakare vyksime prie Mon\u017euiko kalno, kur j\u016bs\u0173 lauks spalvingas reginys \u2013 Stebuklingasis &scaron;vies\u0173 ir muzikos fontanas. &Scaron;is fontanas, i&scaron;gars\u0117j\u0119s per 1992 m. olimpines \u017eaidynes, iki &scaron;iol stebina nuostabiu &scaron;vies\u0173, muzikos ir vandens choreografijos deriniu.<\/p>\n<p><strong>Day 3 <\/strong><\/p>\n<p>\u2022 Pusry\u010diai vie&scaron;butyje (perkant ekskursij\u0173 paket\u0105 pusry\u010diai \u012fskai\u010diuoti).<br \/> - Free day.<br \/> - Relax by the sea.<br \/> \u2022 Pageidaujantiems antroje dienos pus\u0117je si\u016blome ekskursij\u0105 po Costa Bravos pakrant\u0119 (papildomas mokestis \u2013 50 \u20ac\/asm.).<br \/> \u2022 Sugr\u012f\u017eimas \u012f vie&scaron;but\u012f.<br \/> \u2022 Vakarien\u0117 vie&scaron;butyje (papildomas mokestis u\u017e 7 vakarieni\u0173 paketas \u2013 80 \u20ac\/asm.).<br \/> \u2022 Nakvyn\u0117 vie&scaron;butyje.<\/p>\n<p>&Scaron;ios pakrant\u0117s gro\u017e\u012f su smaragdinio vandens \u017ealumos apsuptomis \u012flankomis sunku pervertinti. Ekskursijos metu aplankysime elitin\u012f Blaneso miesto rajon\u0105 \u2013 San Francisk\u0105 (&Scaron;v. Pranci&scaron;kus), esant\u012f aplink to paties pavadinimo \u012flankos. Vietov\u0117 savo pavadinim\u0105 gavo nuo nedidel\u0117s eleganti&scaron;kos ba\u017eny\u010dios su ap\u017evalgos aik&scaron;tele, i&scaron; kurios gal\u0117site gro\u017e\u0117tis j\u016bros vaizdais ir pasivaik&scaron;\u010dioti pakrante buvusiu XVIII am\u017eiaus sargybos keliu \u201eCami de Ronda\u201c. Toliau vyksime \u012f Lloret de Mar miest\u0105, kur pageidaujantys gal\u0117s aplankyti Clotilde sodus (\u012f\u0117jimo mokestis papildomas ~7 \u20ac\/asm.).<\/p>\n<p>Tada aplankysime Tossa de Mar miest\u0105, kuris pelnytai vadinamas Costa Bravos perlu. Miestas iki &scaron;i\u0173 dien\u0173 yra \u012fkv\u0117pimo &scaron;altinis poetams ir menininkams. Menininkas Marcas Chagallas ka\u017ekada vadino &scaron;\u012f miest\u0105 \u201e\u017dydruoju rojumi\u201c. Pasivaik&scaron;\u010diosime jo senovin\u0117mis gatvel\u0117mis ir gro\u017e\u0117sim\u0117s kvap\u0105 gniau\u017eian\u010diais vaizdais i&scaron; XI am\u017eiaus tvirtov\u0117s auk&scaron;\u010dio.<\/p>\n<p>&Scaron;io nuostabaus paj\u016brio gro\u017eio, su \u017ealiomis \u012flankomis ir smaragdine j\u016bra, tiesiog ne\u012fmanoma pervertinti. Ekskursijos metu aplankysime presti\u017ein\u012f Blanes miesto rajon\u0105 San Fransisko, \u012fsik\u016brus\u012f aplink to paties pavadinimo \u012flank\u0105. Rajonui vard\u0105 suteik\u0117 nedidel\u0117 eleganti&scaron;ka ba\u017eny\u010dia su ap\u017evalgos aik&scaron;tele, nuo kurios atsiveria \u012fsp\u016bdingi j\u016bros vaizdai. \u010cia taip pat gal\u0117site pasivaik&scaron;\u010dioti pakrante senuoju XVIII a. sargybos keliu \u201eCami de Ronda\u201c. V\u0117liau vyksime \u012f Ljoret de Mar\u0105, kur, pageidaujant, galima apsilankyti Klotildos soduose (\u012f\u0117jimo bilietas ~7 \u20ac\/asm.).<\/p>\n<p>Po to keliausime \u012f Tos\u0105 de Mar\u0105, kuri pelnytai vadinama Kosta Bravos perlu. &Scaron;is miestas iki &scaron;iol \u012fkvepia poetus ir dailininkus. Ne veltui dailininkas Markas &Scaron;agalas kadaise j\u012f pavadino \u201em\u0117lynuoju rojumi\u201c. Pasivaik&scaron;\u010diosime senosiomis miesto gatvel\u0117mis ir gro\u017e\u0117sim\u0117s kvap\u0105 gniau\u017eian\u010diais vaizdais nuo XI a. pilies sien\u0173.<\/p>\n<p>Laisvu metu Tosoje de Mare gal\u0117site i&scaron;simaudyti smaragdin\u0117se Kosta Bravos pakrant\u0117s bangose arba leistis \u012f pasiplaukiojim\u0105 laiveliu su panoraminiu dugnu po grotas ir \u012flankas (bilietas papildomai ~25 \u20ac\/asm.).<\/p>\n<p><strong>Day 4 <\/strong><\/p>\n<p>\u2022 Pusry\u010diai vie&scaron;butyje (perkant ekskursij\u0173 paket\u0105 pusry\u010diai \u012fskai\u010diuoti).<br \/> - Free time, relax by the sea.<br \/> \u2022 Antroje dienos pus\u0117je ekskursin\u0117 i&scaron;vyka \u201e\u017dirona ir Figueras\u201c.<br \/> \u2022 Sugr\u012f\u017eimas \u012f vie&scaron;but\u012f.<br \/> - Relax by the sea.<br \/> \u2022 Vakarien\u0117 vie&scaron;butyje (papildomas mokestis u\u017e 7 vakarieni\u0173 paketas \u2013 80 \u20ac\/asm.).<br \/> \u2022 Nakvyn\u0117 vie&scaron;butyje.<\/p>\n<p>\u017dirona &#8211; senovinis Ispanijos miestas, turintis turting\u0105 istorij\u0105. Viduram\u017ei\u0173 kvartalai iki &scaron;iol i&scaron;saugo atmint\u012f apie \u012fvykius, kurie \u010dia vyko ilgus &scaron;imtme\u010dius ir kur, vaik&scaron;\u010diodami ramiomis senamies\u010dio gatvel\u0117mis i&scaron;girsite senov\u0117s legendas apie \u017dironos gyventojus. \u017dironos \u017eyd\u0173 kvartalas laikomas vienu geriausiai i&scaron;silaikiusi\u0173 Europoje.<\/p>\n<p>Figueras miestas Katalonijoje, kuris yra Salvadoro Dali gimtin\u0117, centrin\u0117 miesto aik&scaron;t\u0117 pavadinta Gala ir Dali vardu. Aplankysite paties menininko suprojektuot\u0105 Dali teatr\u0105-muziej\u0173 (\u012f\u0117jimo bilietas apmokamas papildomai ~21 \u20ac\/asm.).<\/p>\n<p><strong>Day 5 <\/strong><\/p>\n<p>\u2022 Pusry\u010diai vie&scaron;butyje (perkant ekskursij\u0173 paket\u0105 pusry\u010diai \u012fskai\u010diuoti).<br \/> - Free time, relax by the sea.<br \/> \u2022 Antroje dienos pus\u0117je ekskursin\u0117 i&scaron;vyka \u012f Monserat\u0105.<br \/> \u2022 Sugr\u012f\u017eimas \u012f vie&scaron;but\u012f.<br \/> \u2022 Vakarien\u0117 vie&scaron;butyje (papildomas mokestis u\u017e 7 vakarieni\u0173 paketas \u2013 80 \u20ac\/asm.).<br \/> \u2022 Nakvyn\u0117 vie&scaron;butyje.<\/p>\n<p>Montseratas \u2013 tai daugiau nei t\u016bkstantis \u012fsp\u016bding\u0173 uol\u0173, kurian\u010di\u0173 nepakartojam\u0105 kra&scaron;tovaizd\u012f ir kerin\u010di\u0173 savo fantasti&scaron;komis formomis. &Scaron;is kalnynas susiformavo prie&scaron; kelis milijonus met\u0173, o v\u0117liau gamta j\u012f pama\u017eu \u201ei&scaron;dro\u017e\u0117\u201c \u012f ne\u012fprastas fig\u016bras. Vietiniai gyventojai, pasitelk\u0119 vaizduot\u0119, suteik\u0117 vir&scaron;\u016bn\u0117ms vardus pagal j\u0173 formas \u2013 \u010dia rasite \u201eDramblio straubl\u012f\u201c, \u201eMumij\u0105\u201c, \u201eKaukol\u0119\u201c, \u201eBernardo \u017eirg\u0105\u201c, \u201eSargybin\u012f\u201c ir daugel\u012f kit\u0173. Pats pavadinimas Montserrat rei&scaron;kia \u201epjaustyt\u0105, sukarpyt\u0105 kaln\u0105\u201c. 725 m auk&scaron;tyje \u012fsik\u016br\u0119s benediktin\u0173 Monserato vienuolynas (Monasterio de Montserrat) \u2013 vienas svarbiausi\u0173 Katalonijos dvasini\u0173 simboli\u0173, kurio istorija siekia beveik t\u016bkstant\u012f met\u0173. Tai veikiantis vienuolynas, kuriame iki &scaron;iol vyksta pamaldos ir saugomos relikvijos, o piligrimai i&scaron; viso pasaulio atvyksta patirti \u010dia vykstan\u010di\u0173 stebukl\u0173.<\/p>\n<p>Ekskursijos metu su\u017einosite vienuolyno istorij\u0105, i&scaron;girsite daug \u012fdomi\u0173 legend\u0173 apie tai, kaip atsirado vienuolynas ir apie stebuklus, susijusius su Juodosios Mergel\u0117s statula.<\/p>\n<p>Laisvalaikiu gal\u0117site aplankyti bazilik\u0105 ir nusilenkti pagrindiniam vienuolyno traukos objektui \u201eJuodosios Madonos\u201c (papildomai apmokami \u012f\u0117jimo bilietai ~8 \u20ac\/asm.). Aplink vienuolyn\u0105 driekiasi daugyb\u0117 vaizding\u0173 tak\u0173, religin\u0117s skulpt\u016bros ir priblo&scaron;kiantys kaln\u0173 peiza\u017eai. Pasivaik&scaron;\u010diojimas po vienuolyno apylinkes &#8211; puiki proga pajusti tikr\u0105j\u0105 &scaron;i\u0173 viet\u0173 dvasi\u0105 ir pasim\u0117gauti j\u0173 i&scaron;skirtiniu gro\u017eiu.<\/p>\n<p><strong>Day 6 <\/strong><\/p>\n<p>\u2022 Pusry\u010diai vie&scaron;butyje (perkant ekskursij\u0173 paket\u0105 pusry\u010diai \u012fskai\u010diuoti).<br \/> - Free day.<br \/> - Relax by the sea.<br \/> \u2022 Pageidaujantiems si\u016blome ekskursin\u0119 i&scaron;vyk\u0105 \u201ePerpinjanas &#8211; Koliuras\u201c (papildomas mokestis &#8211; 59 \u20ac\/asm.).<br \/> \u2022 Sugr\u012f\u017eimas \u012f vie&scaron;but\u012f.<br \/> \u2022 Vakarien\u0117 vie&scaron;butyje (papildomas mokestis u\u017e 7 vakarieni\u0173 paketas \u2013 80 \u20ac\/asm.).<br \/> \u2022 Nakvyn\u0117 vie&scaron;butyje.<\/p>\n<p>&Scaron;ios ekskursijos metu aplankysite Pranc\u016bzijos Aude-Orientales Pir\u0117n\u0173 departamento sostin\u0119, Perpinjano miest\u0105 ir Koliuro miestel\u012f, kur m\u0117gausit\u0117s Violetin\u0117s Pranc\u016bzijos pakrant\u0117s gro\u017eiu.<\/p>\n<p>Pirmiausia aplankysime Perpinjano miest\u0105, kur ekskursijos po istorin\u012f centr\u0105 metu pamatysite viduram\u017ei&scaron;k\u0105 Kastellet tvirtov\u0119-vartus, pateksite \u012f XIV a. j\u016br\u0173 bir\u017eos pastat\u0105 ir katedr\u0105. Laisvalaikiu gal\u0117site pasivaik&scaron;\u010dioti miesto gatv\u0117mis, aplankyti daugyb\u0119 jo parduotuvi\u0173 ar i&scaron;gerti kavos jaukiose pranc\u016bzi&scaron;kose kavin\u0117se.<\/p>\n<p>Taip pat aplankysime Pranc\u016bzijos miestel\u012f &#8211; Koliur\u0105, kuris yra Purpurin\u0117s Pranc\u016bzijos pakrant\u0117s perlas. Nuo neatmenam\u0173 laik\u0173 mieste buvo tradicija namus da\u017eyti bet kokia spalva, i&scaron;skyrus balt\u0105. La&scaron;i&scaron;os, ochros, ro\u017ein\u0117s spalvos, alyvmed\u017ei\u0173 nameliai kartu su dangaus, j\u016bros ir vynuogyn\u0173 \u017ealumos spalvomis \u012fkv\u0117p\u0117 meninink\u0105 Henri Mathis, kuris atrado nauj\u0105 tapybos stili\u0173 \u2013 \u201efovizmas\u201c. Mieste yra ir reik&scaron;ming\u0173 architekt\u016bros paminkl\u0173 \u2013 didinga Karaliau\u010diaus pilis, kuri\u0105 prad\u0117jo statyti tamplieri\u0173 riteriai, ir Mergel\u0117s Marijos ba\u017eny\u010dia.<\/p>\n<p>Laisvu laiku gal\u0117site pasivaik&scaron;\u010dioti \u017eavingomis miesto gatvel\u0117mis, paragauti pranc\u016bzi&scaron;kos virtuv\u0117s patiekal\u0173 viename i&scaron; daugyb\u0117s restoran\u0173, taip pat pasim\u0117gauti maudyn\u0117mis nuostabiuose, &scaron;variuose Koldi\u016bro papl\u016bdimiuose.<\/p>\n<p><strong>Day 7 <\/strong><\/p>\n<p>\u2022 Pusry\u010diai vie&scaron;butyje (perkant ekskursij\u0173 paket\u0105 pusry\u010diai \u012fskai\u010diuoti).<br \/> - Free day.<br \/> - Relax by the sea.<br \/> - <span style=\"color:#2980b9\"><strong>TIK NUO BIR\u017dELIO M\u0116NESIO!<\/strong> Pageidaujantiems si\u016blome perve\u017eim\u0105 \u012f temin\u012f pramog\u0173 park\u0105 \u201ePort Aventura\u201c (papildomas mokestis nuo 50 \u20ac asmeniui + \u012f\u0117jimo bilietas).<\/span><br \/> \u2022 Sugr\u012f\u017eimas \u012f vie&scaron;but\u012f.<br \/> \u2022 Vakarien\u0117 vie&scaron;butyje (papildomas mokestis u\u017e 7 vakarieni\u0173 paketas \u2013 80 \u20ac\/asm.).<br \/> \u2022 Nakvyn\u0117 vie&scaron;butyje.<\/p>\n<p><span style=\"color:#2980b9\"><strong>TIK NUO BIR\u017dELIO M\u0116NESIO! <\/strong><br \/> Teminis pramog\u0173 parkas \u201ePort Aventura\u201c \u2013 vienas garsiausi\u0173 Europoj, esantis Salou kurorte, Kosta Dorados pakrant\u0117je. Jame j\u016bs\u0173 laukia net 43 \u012fsp\u016bdingi atrakcionai, kvap\u0105 gniau\u017eiantys pasirodymai, parduotuv\u0117s, restoranai ir daugyb\u0117 kit\u0173 pramog\u0173.<\/span><\/p>\n<p><span style=\"color:#2980b9\">Parke \u012frengtos &scaron;e&scaron;ios temin\u0117s zonos \u2013 nuo Vidur\u017eemio j\u016bros regiono ir Polinezijos iki Kinijos ir Laukini\u0173 Vakar\u0173. Taip pat \u010dia gausu &scaron;eimoms skirt\u0173 atrakcion\u0173, vyksta \u012fvair\u016bs pramoginiai &scaron;ou, o ma\u017eiesiems lankytojams veikia speciali vaik\u0173 zona.<\/span><\/p>\n<p><strong>Day 8 <\/strong><\/p>\n<p>\u2022 Pusry\u010diai vie&scaron;butyje (perkant ekskursij\u0173 paket\u0105 pusry\u010diai \u012fskai\u010diuoti).<br \/> \u2022 I&scaron;siregistravimas i&scaron; vie&scaron;bu\u010dio.<br \/> \u2022 Perve\u017eimas \u012f Barselonos oro uost\u0105.<br \/> \u2022 Skrydis: Barselona \u2013 Ryga (14:25-19:00).<br \/> \u2022 Atvykimas \u012f Ryg\u0105.<\/p>","protected":false},"excerpt":{"rendered":"<p>1 diena \u2022 Atvykimas \u012f Rygos oro uost\u0105. \u2022 Skrydis: Ryga \u2013 Barselona (~11:00-13:40). \u2022 Perve\u017eimas \u012f pasirinkt\u0105 vie&scaron;but\u012f Costa Bravos\/Costa del Meresme pakr&#8230;<\/p>","protected":false},"featured_media":11849,"comment_status":"open","ping_status":"closed","template":"","meta":{"om_disable_all_campaigns":false,"_monsterinsights_skip_tracking":false,"_monsterinsights_sitenote_active":false,"_monsterinsights_sitenote_note":"","_monsterinsights_sitenote_category":0},"product_brand":[],"product_cat":[669],"product_tag":[],"class_list":{"0":"post-12614","1":"product","2":"type-product","3":"status-publish","4":"has-post-thumbnail","6":"product_cat-keliones","8":"first","9":"instock","10":"virtual","11":"taxable","12":"purchasable","13":"product-type-simple"},"aioseo_notices":[],"_links":{"self":[{"href":"https:\/\/www.atravel.lt\/en\/wp-json\/wp\/v2\/product\/12614","targetHints":{"allow":["GET"]}}],"collection":[{"href":"https:\/\/www.atravel.lt\/en\/wp-json\/wp\/v2\/product"}],"about":[{"href":"https:\/\/www.atravel.lt\/en\/wp-json\/wp\/v2\/types\/product"}],"replies":[{"embeddable":true,"href":"https:\/\/www.atravel.lt\/en\/wp-json\/wp\/v2\/comments?post=12614"}],"wp:featuredmedia":[{"embeddable":true,"href":"https:\/\/www.atravel.lt\/en\/wp-json\/wp\/v2\/media\/11849"}],"wp:attachment":[{"href":"https:\/\/www.atravel.lt\/en\/wp-json\/wp\/v2\/media?parent=12614"}],"wp:term":[{"taxonomy":"product_brand","embeddable":true,"href":"https:\/\/www.atravel.lt\/en\/wp-json\/wp\/v2\/product_brand?post=12614"},{"taxonomy":"product_cat","embeddable":true,"href":"https:\/\/www.atravel.lt\/en\/wp-json\/wp\/v2\/product_cat?post=12614"},{"taxonomy":"product_tag","embeddable":true,"href":"https:\/\/www.atravel.lt\/en\/wp-json\/wp\/v2\/product_tag?post=12614"}],"curies":[{"name":"wp","href":"https:\/\/api.w.org\/{rel}","templated":true}]}}