{"id":12613,"date":"2026-03-21T15:44:44","date_gmt":"2026-03-21T13:44:44","guid":{"rendered":"https:\/\/www.atravel.lt\/produktas\/pazintine-kelione-i-maroka-skrydis-is-rygos-su-airbaltic\/"},"modified":"2026-03-21T15:44:44","modified_gmt":"2026-03-21T13:44:44","slug":"pazintine-kelione-i-maroka-skrydis-is-rygos-su-airbaltic","status":"publish","type":"product","link":"https:\/\/www.atravel.lt\/en\/product\/pazintine-kelione-i-maroka-skrydis-is-rygos-su-airbaltic\/","title":{"rendered":"Pa\u017eintin\u0117 kelion\u0117 \u012f Marok\u0105 (skrydis i\u0161 Rygos su AirBaltic)"},"content":{"rendered":"<p><strong>1 day<\/strong><\/p>\n<p>- Meeting at Riga Airport.<br \/> \u2022 Skrydis: Ryga &#8211; Marake&scaron;as.<br \/> \u2022 Atvykimas \u012f Marok\u0105.<br \/> \u2022 Vykstame \u012f vie&scaron;but\u012f.<br \/> \u2022 \u012esik\u016brimas vie&scaron;butyje.<br \/> \u2022 Nakvyn\u0117 vie&scaron;butyje.<\/p>\n<p><strong>Day 2 <\/strong><\/p>\n<p>\u2022 Pusry\u010diai vie&scaron;butyje (perkant ekskursij\u0173 paket\u0105 pusry\u010diai \u012fskai\u010diuoti).<br \/> \u2022 I&scaron;siregistravimas i&scaron; vie&scaron;bu\u010dio.<br \/> \u2022 Vykstame \u012f Marake&scaron;\u0105.<br \/> \u2022 Ekskursija po Marake&scaron;\u0105.<br \/> \u2022 Vykstame \u012f Kasablank\u0105.<br \/> \u2022 \u012esik\u016brimas vie&scaron;butyje Kasablankoje arba jos apylink\u0117se.<br \/> - Recreation.<br \/> \u2022 Nakvyn\u0117 vie&scaron;butyje.<\/p>\n<p>Marake&scaron;as &#8211; vienas gra\u017eiausi\u0173 pasaulio miest\u0173. Marake&scaron;as buvo vienu i&scaron; karalyst\u0117s sostini\u0173 valdant trims Maroko sulton\u0173 dinastijoms \u2013 b\u016btent \u010dia sutelkta daugyb\u0117 muziej\u0173 ir architekt\u016bros paminkl\u0173, kuri\u0173 kiekvienas yra meno &scaron;edevras.<\/p>\n<p> Ap\u017evalgin\u0117s ekskursijos metu i&scaron;vysite pagrindinius miesto lankytinus objektus ir architekt\u016bros paminklus, tokius kaip La Koutoubia me\u010det\u0117, Bahia r\u016bmai (\u012f\u0117jimo bilietas ~ 7 \u20ac\/asm.), did\u017eiausia Ben Youssef medres\u0117 (mokykla) Maroke (\u012f\u0117jimo bilietas ~ 6 \u20ac) ir daugyb\u0117 kit\u0173 istorini\u0173 paminkl\u0173.<\/p>\n<p> Aplankysime garsi\u0105j\u0105 Jamaa el Fna aik&scaron;t\u0119 \u2013 tai tikras teatras po atviru dangumi. Ko \u010dia tik nepamatysi: jogai, gyva\u010di\u0173 ker\u0117tojai, burtininkai, vaisi\u0173 ir egzoti&scaron;k\u0173 prieskoni\u0173 prekeiviai.<br \/> Turb\u016bt pasaulyje n\u0117ra miesto, kuris taip nustebint\u0173 savo kult\u016br\u0173 mi&scaron;iniu, architekt\u016bros gro\u017eiu ir jo autenti&scaron;ka atmosfera kaip Marake&scaron;as \u2013 Maroko perlas.<\/p>\n<p><strong>Day 3 <\/strong><\/p>\n<p>\u2022 Pusry\u010diai vie&scaron;butyje (perkant ekskursij\u0173 paket\u0105 pusry\u010diai \u012fskai\u010diuoti).<br \/> \u2022 I&scaron;siregistravimas i&scaron; vie&scaron;bu\u010dio.<br \/> \u2022 Ekskursin\u0117 i&scaron;vyka \u201eKasablanka &#8211; Rabatas &#8211; Meknesas\u201c.<br \/> \u2022 Vykstame \u012f Fes\u0105.<br \/> \u2022 \u012esik\u016brimas vie&scaron;butyje.<br \/> - Recreation.<br \/> \u2022 Nakvyn\u0117 vie&scaron;butyje.<\/p>\n<p>Viena pagrindini\u0173 Kasablankos lankytin\u0173 viet\u0173 &#8211; did\u017eiausia Maroke me\u010det\u0117 &#8211; Hasano II me\u010det\u0117. Pranc\u016bz\u0173 architekto Michelio Pinso projektas ir XX am\u017eiaus pabaigos technologija leido sukurti me\u010det\u0119 su i&scaron;traukiamu stogu, kuri maldos sal\u0119 gal\u0117t\u0173 paversti atvira terasa. \u010cia yra auk&scaron;\u010diausias pasaulyje minaretas (apie 200 m). Me\u010det\u0117 papuo&scaron;ta visomis Maroko amatininkams priklausan\u010diomis technikomis: mozaikomis, tapyba ir med\u017eio dro\u017eyba. Me\u010det\u0117je taip pat yra biblioteka ir nacionalinis muziejus (\u012f\u0117jimo bilietas ~15 \u20ac\/asm.).<\/p>\n<p> &Scaron;iuolaikin\u012f miest\u0105 galima vertinti pagal judr\u0173 Maarifo kvartal\u0105 \u2013 tai vienas ry&scaron;kiausi\u0173 miesto mikrorajon\u0173. Turistai m\u0117gsta apsilankyti &scaron;iose gatv\u0117se su prabangiomis parduotuv\u0117mis ir madingomis \u012fstaigomis, vir&scaron; kuri\u0173 st\u016bkso Twin Center bok&scaron;tai.<\/p>\n<p> Vykstame \u012f Rabat\u0105.<\/p>\n<p> Rabatas &#8211; pasaki&scaron;kai gra\u017eus miestas, \u012fsik\u016br\u0119s ant Atlanto vandenyno krant\u0173, pasitiks jus su vaizdingomis apylink\u0117mis, kuriose pilna \u017eydin\u010dios gamtos, gausybe architekt\u016bros ir istorijos paminkl\u0173 bei senov\u0117s Magrebo valstyb\u0117s atmosfera. Ap\u017evalgin\u0117s ekskursijos metu i&scaron;vysite Karali&scaron;kuosius r\u016bmus, XII am\u017eiaus Hassano minaret\u0105 (Rabatos simbolis), memorialin\u012f Mohamedo V kompleks\u0105, istorinius XII am\u017eiaus Udaya vartus.<\/p>\n<p> T\u0119siame i&scaron;vyk\u0105 \u012f Meknes\u0105.<\/p>\n<p> Meknesas \u2013 vienas i&scaron; trij\u0173 imperatori&scaron;k\u0173j\u0173 Maroko miest\u0173, kuris labiau nei kiti sugeb\u0117jo i&scaron;saugoti t\u0173 laik\u0173 atmosfer\u0105. Senamies\u010dio tvirtov\u0117s sienos viduje sukomponuoti nuostab\u016bs sodai, o El-Gedim aik&scaron;t\u0117 kiekvien\u0105 vakar\u0105 prisipildo b\u016br\u0117jais, \u017eonglieriais, ugnies rijikais ir gyva\u010di\u0173 ker\u0117tojais. Mansur plyt\u0173 keramikos gamybai.<\/p>\n<p> Ap\u017evalgin\u0117s ekskursijos metu pamatysime XVII am\u017eiaus Moulay Ismail miest\u0105, arklides, Moulay Ismail mauzoliej\u0173, istorinius Bab el-Mansurbriki vartus.<\/p>\n<p><strong>Day 4 <\/strong><\/p>\n<p>\u2022 Pusry\u010diai vie&scaron;butyje (perkant ekskursij\u0173 paket\u0105 pusry\u010diai \u012fskai\u010diuoti).<br \/> \u2022 Ekskursija po Fesos miest\u0105.<br \/> \u2022 Sugr\u012f\u017etame \u012f vie&scaron;butyje.<br \/> - Recreation.<br \/> \u2022 Nakvyn\u0117 vie&scaron;butyje.<\/p>\n<p>Ekskursijos po Fes\u0105 metu ap\u017ei\u016br\u0117sime Medinos lankytinas vietas: me\u010det\u0119-universitet\u0105 Karaouin (IX-XII a.), Bou Inania Madrasah (\u012f\u0117jimo bilietai apmokami papildomai ~ 5 \u20ac), Dar el-Makhzen r\u016bmus, taip pat garsias odos dirbtuves, keramikos gamybos gamyklas, turgus.<\/p>\n<p><strong>Day 5 <\/strong><\/p>\n<p>\u2022 Pusry\u010diai vie&scaron;butyje (perkant ekskursij\u0173 paket\u0105 pusry\u010diai \u012fskai\u010diuoti).<br \/> - Free day.<br \/> \u2022 Pageidaujantiems si\u016blome ekskursin\u0119 i&scaron;vyk\u0105 \u012f &Scaron;ef&scaron;aun\u0105 (papildomas mokestis &#8211; 60 \u20ac\/asm.).<br \/> \u2022 Sugr\u012f\u017etame \u012f vie&scaron;but\u012f.<br \/> - Free time.<br \/> \u2022 Nakvyn\u0117 vie&scaron;butyje.<\/p>\n<p>&Scaron;ef&scaron;auenas &#8211; nedidelis miestas, esantis kaln\u0173 &scaron;laituose tarp Tan\u017eero ir Tetuano. Miesto pavadinimas kil\u0119s nuo savoti&scaron;kos Rifo kalno vir&scaron;\u016bn\u0117s formos, primenan\u010dios o\u017ekos ragus. Pa\u017eod\u017eiui \u201eChef Chaouen\u201c rei&scaron;kia \u201e\u017evilgsnis \u012f ragus\u201c. Beveik visi namai senojoje miesto dalyje nuda\u017eyti dangaus m\u0117lyna ir balta spalvomis. Miestas taip pat \u017einomas d\u0117l marihuanos augintoj\u0173 su savo dideliais priemies\u010di\u0173 plantacijomis, d\u0117l kuri\u0173 &Scaron;ef&scaron;auenas buvo vadinamas \u201eha&scaron;i&scaron;o sostine\u201c.<\/p>\n<p><strong>Day 6 <\/strong><\/p>\n<p>\u2022 Pusry\u010diai vie&scaron;butyje (perkant ekskursij\u0173 paket\u0105 pusry\u010diai \u012fskai\u010diuoti).<br \/> \u2022 I&scaron;siregistravimas i&scaron; vie&scaron;bu\u010dio.<br \/> \u2022 Vykstame \u012f Beni Mellal miest\u0105.<br \/> \u2022 Ekskursija po Beni Mellal miest\u0105.<br \/> \u2022 Sugr\u012f\u017etame \u012f vie&scaron;but\u012f.<br \/> \u2022 Nakvyn\u0117 vie&scaron;butyje.<\/p>\n<p>Vyksime keliu per Vidurio Atlaso kaln\u0173 masyv\u0105. Pakeliui sustosime \u201e&Scaron;veicarijos mieste Maroke\u201c \u2013 Ifrane. Tur\u0117site galimyb\u0119 padaryti daug panoramini\u0173 nuotrauk\u0173! Numatyti ir kiti nedideli sustojimai prie gra\u017ei\u0173 kra&scaron;tovaizd\u017ei\u0173.<\/p>\n<p>Atvykimas, ekskursija po Beni Mellal miest\u0105. Miestas yra Vidurio Atlaso kaln\u0173 pap\u0117d\u0117je. Ekskursijos metu aplankysime pagrindines miesto \u012f\u017eymybes ir park\u0105 su nedidele kaskada nuo Ain-Asserdun &scaron;altinio.<\/p>\n<p><strong>Day 7 <\/strong><\/p>\n<p>\u2022 Pusry\u010diai vie&scaron;butyje (perkant ekskursij\u0173 paket\u0105 pusry\u010diai \u012fskai\u010diuoti).<br \/> \u2022 I&scaron;siregistravimas i&scaron; vie&scaron;bu\u010dio.<br \/> \u2022 Vykstame \u012f ekskursin\u0119 i&scaron;vyk\u0105 prie Uzud krioklio.<br \/> \u2022 Vykstame Marake&scaron;\u0105.<br \/> \u2022 \u012esik\u016brimas vie&scaron;butyje.<br \/> \u2022 Nakvyn\u0117 vie&scaron;butyje.<\/p>\n<p>Ekskursin\u0117 i&scaron;vyka \u012f gra\u017eiausi\u0105 ir did\u017eiausi\u0105 &scaron;alyje Uzud kriokl\u012f leis geriau pa\u017einti Maroko karalyst\u0117s gamt\u0105; i&scaron;sid\u0117st\u0119s Atlaso kaln\u0173 pap\u0117d\u0117je krioklys gra\u017eiai krenta triguba kaskada i&scaron; 110 metr\u0173 auk&scaron;\u010dio. Takas \u012f Uzud eina per alyvmed\u017eius. Art\u0117jant vakarui turist\u0173 laukia staigmena \u2013 prie krioklio atsigerti ateina daug be\u017ed\u017eioni\u0173. Da\u017enai vai&scaron;indami be\u017ed\u017eiones keliautojai pripratino gyv\u016bnus prie skan\u0117st\u0173. Tur\u0117site galimyb\u0119 ap\u017ei\u016br\u0117ti kriokl\u012f ne tik jo pap\u0117d\u0117je, bet ir i&scaron; vir&scaron;aus.<\/p>\n<p> Berber\u0173 moliniai namai kartu su ochros spalvos smiltainiais, karts nuo karto atsirandan\u010diais d\u0117l kaln\u0173 serpantino pos\u016bki\u0173, leis jums padaryti nepamir&scaron;tamas nuotraukas ir am\u017eiams palikti Marok\u0105 savo &scaron;irdyje. Kelion\u0117s pabaigoje tur\u0117site galimyb\u0119 papietauti tikrame berber\u0173 restorane (piet\u016bs apmokami papildomai ~ 15 \u20ac\/asm.).<\/p>\n<p><strong>Day 8 <\/strong><\/p>\n<p>\u2022 Pusry\u010diai vie&scaron;butyje (perkant ekskursij\u0173 paket\u0105 pusry\u010diai \u012fskai\u010diuoti).<br \/> \u2022 I&scaron;siregistravimas i&scaron; vie&scaron;bu\u010dio.<br \/> - Transfer to the airport.<br \/> - Check-in.<br \/> \u2022 Skrydis: Marake&scaron;as &#8211; Ryga.<br \/> \u2022 Atvykimas \u012f Ryg\u0105.<\/p>","protected":false},"excerpt":{"rendered":"<p>1 diena \u2022 Susitikimas Rygos oro uoste. \u2022 Skrydis: Ryga &#8211; Marake&scaron;as. \u2022 Atvykimas \u012f Marok\u0105. \u2022 Vykstame \u012f vie&scaron;but\u012f. \u2022 \u012esik\u016brimas vie&scaron;butyje. \u2022&#8230;<\/p>","protected":false},"featured_media":11848,"comment_status":"open","ping_status":"closed","template":"","meta":{"om_disable_all_campaigns":false,"_monsterinsights_skip_tracking":false,"_monsterinsights_sitenote_active":false,"_monsterinsights_sitenote_note":"","_monsterinsights_sitenote_category":0},"product_brand":[],"product_cat":[669],"product_tag":[],"class_list":{"0":"post-12613","1":"product","2":"type-product","3":"status-publish","4":"has-post-thumbnail","6":"product_cat-keliones","8":"first","9":"instock","10":"virtual","11":"taxable","12":"purchasable","13":"product-type-simple"},"aioseo_notices":[],"_links":{"self":[{"href":"https:\/\/www.atravel.lt\/en\/wp-json\/wp\/v2\/product\/12613","targetHints":{"allow":["GET"]}}],"collection":[{"href":"https:\/\/www.atravel.lt\/en\/wp-json\/wp\/v2\/product"}],"about":[{"href":"https:\/\/www.atravel.lt\/en\/wp-json\/wp\/v2\/types\/product"}],"replies":[{"embeddable":true,"href":"https:\/\/www.atravel.lt\/en\/wp-json\/wp\/v2\/comments?post=12613"}],"wp:featuredmedia":[{"embeddable":true,"href":"https:\/\/www.atravel.lt\/en\/wp-json\/wp\/v2\/media\/11848"}],"wp:attachment":[{"href":"https:\/\/www.atravel.lt\/en\/wp-json\/wp\/v2\/media?parent=12613"}],"wp:term":[{"taxonomy":"product_brand","embeddable":true,"href":"https:\/\/www.atravel.lt\/en\/wp-json\/wp\/v2\/product_brand?post=12613"},{"taxonomy":"product_cat","embeddable":true,"href":"https:\/\/www.atravel.lt\/en\/wp-json\/wp\/v2\/product_cat?post=12613"},{"taxonomy":"product_tag","embeddable":true,"href":"https:\/\/www.atravel.lt\/en\/wp-json\/wp\/v2\/product_tag?post=12613"}],"curies":[{"name":"wp","href":"https:\/\/api.w.org\/{rel}","templated":true}]}}