{"id":12612,"date":"2026-03-21T15:44:44","date_gmt":"2026-03-21T13:44:44","guid":{"rendered":"https:\/\/www.atravel.lt\/produktas\/kelione-lektuvu-i-graikija-su-poilsiu-olimpineje-rivjeroje-skrydis-is-rygos\/"},"modified":"2026-03-21T15:44:44","modified_gmt":"2026-03-21T13:44:44","slug":"kelione-lektuvu-i-graikija-su-poilsiu-olimpineje-rivjeroje-skrydis-is-rygos","status":"publish","type":"product","link":"https:\/\/www.atravel.lt\/en\/product\/kelione-lektuvu-i-graikija-su-poilsiu-olimpineje-rivjeroje-skrydis-is-rygos\/","title":{"rendered":"Kelion\u0117 l\u0117ktuvu \u012f Graikij\u0105 su poilsiu Olimpin\u0117je Rivjeroje (skrydis i\u0161 Rygos)"},"content":{"rendered":"<p><strong>1 day <\/strong><\/p>\n<p>- Arrival at Riga Airport.<br \/> - Check-in.<br \/> \u2022 Skrydis: Ryga &#8211; Salonikai.<\/p>\n<p><strong>Day 2 <\/strong><\/p>\n<p>\u2022 Atskridimas \u012f Salonikus.<br \/> \u2022 Perve\u017eimas \u012f vie&scaron;but\u012f.<br \/> \u2022 \u012esik\u016brimas vie&scaron;butyje.<br \/> - Recreation.<br \/> \u2022 Pusry\u010diai vie&scaron;butyje (perkant ekskursij\u0173 paket\u0105 pusry\u010diai \u012fskai\u010diuoti).<br \/> - Free day by the sea.<br \/> \u2022 Vakarien\u0117 vie&scaron;butyje (papildomas mokestis).<br \/> \u2022 Nakvyn\u0117 vie&scaron;butyje.<\/p>\n<p><strong>Day 3 <\/strong><\/p>\n<p>\u2022 Pusry\u010diai vie&scaron;butyje (perkant ekskursij\u0173 paket\u0105 pusry\u010diai \u012fskai\u010diuoti).<br \/> \u2022 Laisva diena. Poilsis prie j\u016bros.<br \/> \u2022 Antroje dienos pus\u0117je ekskursin\u0117 i&scaron;vyka \u201eOlimpas \u2013 Vergina\u201c.<br \/> \u2022 Sugr\u012f\u017etame \u012f vie&scaron;but\u012f.<br \/> \u2022 Vakarien\u0117 vie&scaron;butyje (papildomas mokestis).<br \/> \u2022 Nakvyn\u0117 vie&scaron;butyje.<\/p>\n<p>Pirmoji ekskursijos \u012f Olimp\u0105 stotel\u0117 bus ap\u017evalgos aik&scaron;tel\u0117 1300 metr\u0173 auk&scaron;tyje &#8211; pusiaukel\u0117je \u012f vir&scaron;\u0173. I&scaron; jos galima gro\u017e\u0117tis nepakartojamu &scaron;iaur\u0117s Graikijos vaizdu ir pamatyti auk&scaron;\u010diausi\u0105 kalnag\u016bbrio ta&scaron;k\u0105 &#8211; Mitikos vir&scaron;\u016bn\u0119, kurios auk&scaron;tis siekia 2917 m. Olimpas yra ne tik istorinis ir mitologinis rei&scaron;kinys, bet ir archeologinis gamtos paminklas nuo XX am\u017eiaus pabaigos. \u012esik\u016br\u0119s \u012f &Scaron;iaur\u0117s Rytus nuo Tesalijos kalnas senov\u0117je buvo nat\u016brali ne\u012fveikiama siena tarp Tesalijos ir Makedonijos. Nuo 1938 m. Olimpo kalnas tapo gamtos draustiniu. Olimpo teritorija yra 10 000 akr\u0173 \u017eem\u0117s, kurioje auga 1700 augal\u0173 r\u016b&scaron;i\u0173, 23 i&scaron; j\u0173 auga tik \u010dia. Be augal\u0173, Olimpe gyvena 8 varliagyvi\u0173 r\u016b&scaron;ys, 22 ropli\u0173 r\u016b&scaron;ys, 32 laukini\u0173 \u017einduoli\u0173 r\u016b&scaron;ys, 136 pauk&scaron;\u010di\u0173 r\u016b&scaron;ys.<\/p>\n<p> Kita stotel\u0117 yra Vergina (\u012f\u0117jimo bilietai apmokami papildomai ~ 20 \u20ac\/asm.) \u2013 buvusi Makedonijos karalyst\u0117s sostin\u0117. Jau XX am\u017eiuje \u010dia buvo rasti karali&scaron;k\u0173j\u0173 asmen\u0173 kapai: Pilypas II ir jo septintoji \u017emona &#8211; Kleopatra, taip pat Aleksandras IV \u2013 Aleksandro Did\u017eiojo ir Roksanos s\u016bnus.<\/p>\n<p><strong>Day 4 <\/strong><\/p>\n<p>\u2022 Pusry\u010diai vie&scaron;butyje (perkant ekskursij\u0173 paket\u0105 pusry\u010diai \u012fskai\u010diuoti).<br \/> - Free time.<br \/> \u2022 Antroje dienos pus\u0117je ekskursin\u0117 i&scaron;vyka \u201eSalonikai\u201c.<br \/> \u2022 Vakarien\u0117 vie&scaron;butyje (papildomas mokestis).<br \/> \u2022 Nakvyn\u0117 vie&scaron;butyje.<\/p>\n<p>Ekskursijos metu susipa\u017einsite su miesto istorija, pamatysite \u201eBalt\u0105j\u012f bok&scaron;t\u0105\u201c &#8211; miesto simbol\u012f, pastatyt\u0105 1430 m., rotond\u0105 ir Galeriaus arkos \u012fsp\u016bdingus vaizdus, diding\u0105 &Scaron;v. Demetrijaus Tesalonikie\u010dio &scaron;ventykl\u0105 \u2013 vien\u0105 seniausi\u0173 &scaron;ventykl\u0173 Graikijoje. I&scaron;vyk\u0105 u\u017ebaigsite ekskursija po Akropol\u012f. Tai Bizantijos tvirtov\u0117s sienos, senamiestis su siauromis vingio gatvel\u0117mis. Nuo 300 metr\u0173 auk&scaron;\u010dio vir&scaron; j\u016bros lygio gal\u0117site pasigro\u017e\u0117ti nuostabiu Makedonijos sostin\u0117s vaizdu, esan\u010diu aplink Term\u0117j\u0173 \u012flank\u0105.<\/p>\n<p><strong>Day 5 <\/strong><\/p>\n<p>\u2022 Pusry\u010diai vie&scaron;butyje (perkant ekskursij\u0173 paket\u0105 pusry\u010diai \u012fskai\u010diuoti).<br \/> - Free day.<br \/> \u2022 Pageidaujantiems si\u016blome ekskursin\u0119 i&scaron;vyk\u0105 \u201eMeteorai\u201c (papildomas mokestis \u2013 45 \u20ac\/asm. + papildomai apmokami \u012f\u0117jimo bilietai ~ 10 \u20ac\/asm.).<br \/> \u2022 Po ekskursijos tur\u0117site galimyb\u0119 papietauti.<br \/> \u2022 Sugr\u012f\u017etame \u012f vie&scaron;but\u012f.<br \/> \u2022 Vakarien\u0117 vie&scaron;butyje (papildomas mokestis).<br \/> \u2022 Nakvyn\u0117 vie&scaron;butyje.<\/p>\n<p>J\u016bs\u0173 lauks \u017eavinga kelion\u0117 su apsilankymu dviejuose vienuolynuose ir ikon\u0173 tapybos dirbtuv\u0117se. &Scaron;ventieji Meteorai yra unikalus gamtos rei&scaron;kinys ir vienas did\u017eiausi\u0173 ortodoks\u0173 vienuolyn\u0173 kompleks\u0173 Graikijoje.<\/p>\n<p>Patys kalnai yra nuostab\u016bs ir verti d\u0117mesio, bet Meteorai yra ir krik&scaron;\u010dioni\u0173 piligrimyst\u0117 Graikijoje.<\/p>\n<p>Meteoro vienuolyno bendruomen\u0117 atsirado IX a., kai vietiniuose urvuose apsigyveno atsiskyr\u0117liai. Sekmadieniais ir &scaron;ven\u010di\u0173 dienomis jie susirinkdavo bendroms maldoms ir pietums. Did\u0117jant vienuoli\u0173 skai\u010diui, buvo pastatyti du pirmieji Dupiani ir Staji sketai. J\u0173 \u012fk\u016brimas \u017eymi vienuolin\u0117s Meteoros \u201evalstyb\u0117s\u201c prad\u017ei\u0105.<\/p>\n<p>Did\u017eiausi\u0105 vienuolyno kompleks\u0105 sudar\u0117 24 vienuolynai, esantys ant uol\u0173 vir&scaron;\u016bni\u0173. Vienuolyno centras klest\u0117jo iki XVII a., dabar i&scaron;lik\u0119 tik &scaron;e&scaron;i veikiantys sta\u010diatiki\u0173 vienuolynai: keturi vyri&scaron;ki \u2013 \u201eDidysis meteoras\u201c, \u201e&Scaron;v. Nikolajaus Anapavsaso\u201c, \u201eVarlaamo\u201c, \u201e&Scaron;v. Trejyb\u0117s\u201c ir du moteri&scaron;ki \u2013 \u201eRusanu\u201c ir \u201e &Scaron;v. Stepono\u201c.<\/p>\n<p><strong>Day 6 <\/strong><\/p>\n<p>\u2022 Pusry\u010diai vie&scaron;butyje (perkant ekskursij\u0173 paket\u0105 pusry\u010diai \u012fskai\u010diuoti).<br \/> - Free day.<br \/> - Relax by the sea.<br \/> \u2022 Vakarien\u0117 vie&scaron;butyje (papildomas mokestis).<br \/> \u2022 Nakvyn\u0117 vie&scaron;butyje.<\/p>\n<p><strong>Day 7 <\/strong><\/p>\n<p>\u2022 Pusry\u010diai vie&scaron;butyje (perkant ekskursij\u0173 paket\u0105 pusry\u010diai \u012fskai\u010diuoti).<br \/> \u2022 I&scaron;siregistravimas i&scaron; vie&scaron;bu\u010dio.<br \/> \u2022 2 dien\u0173 ekskursin\u0117 i&scaron;vyka \u201eDelfai ir At\u0117nai\u201c.<br \/> \u2022 Vykstame \u012f tranzitin\u012f vie&scaron;but\u012f.<br \/> \u2022 \u012esik\u016brimas vie&scaron;butyje.<br \/> \u2022 Nakvyn\u0117 vie&scaron;butyje.<\/p>\n<p>Delfai &#8211; did\u017eiausias senov\u0117s Graikijos religinis centras, kur garsioji Pytija prana&scaron;avo dievo Apolono vardu. Kelias iki Delf\u0173 miesto trunka apie 4 valandas.<\/p>\n<p> Kelion\u0117s metu i&scaron;girsite istorijas apie senov\u0117s mitus, legendas ir istorijas. Keliausime per Tesalijos sl\u0117n\u012f (Kentaur\u0173 gimtin\u0119) ir va\u017eiuosime aplink Paran\u0105 (Apolono dvar\u0105, kuriame jis linksminosi su m\u016bzomis, ir tai vadinosi muzika) (\u012f\u0117jimo bilietai apmokami papildomai ~ 20 \u20ac\/asm.).<\/p>\n<p> Mes atvyksime apie pietus, kur j\u016bs\u0173 lauks patraukli ekskursija po Delf\u0173 kompleks\u0105.<\/p>\n<p> Kelion\u0119 prad\u0117sime nuo Kastalskio &scaron;altinio, pagal legend\u0105 &scaron;io kaln\u0173 &scaron;altinio vandenys turi atjauninant\u012f poveik\u012f (i&scaron;bandyta daugeli\u0173 keliautoj\u0173).<\/p>\n<p> Ap\u017ei\u016br\u0117sime archeologin\u012f paminkl\u0105 &#8211; Sakral\u0173 keli\u0105. Mes vaik&scaron;\u010diosime Sakraliniu keliu (modernaus parod\u0173 centro analogu), kur senov\u0117s miestai stat\u0117 savo lobius, parodydami visai Graikijai kiekvieno atskiro polio turtus ir didingum\u0105. Delf\u0173 miestas senov\u0117s graikams buvo visatos centras \u2013 \u201e\u017dem\u0117s bamba\u201c, Dzeusas kart\u0105 nusprend\u0117 apskai\u010diuoti, kur gi yra pasaulio centras, anot jo paskai\u010diavim\u0173 pasaulio centras yra Graikijoje, o tiksliau \u2013 b\u016btent Delfuose.<\/p>\n<p> V\u0117liau pamatysime Apolono &scaron;ventykl\u0105. Vieta, kur prana&scaron;avo Pytija, kadaise buvo u\u017edengta senov\u0117s Graikijos i&scaron;min\u010di\u0173 filosofin\u0117mis tez\u0117mis. Prie&scaron; j\u016bs\u0173 akis taip pat atsivers teatras, stadionas ir daugyb\u0117 kit\u0173 paminkl\u0173. Jeigu Jus vertinate istorij\u0105, tuomet jus tiesiog privalote apsilankyti Delfuose.<\/p>\n<p> Po apsilankymo Delfuose tur\u0117site laiko papietauti, o tada vyksime \u012f At\u0117nus.<\/p>\n<p><strong>Day 8 <\/strong><\/p>\n<p>\u2022 Pusry\u010diai vie&scaron;butyje (perkant ekskursij\u0173 paket\u0105 pusry\u010diai \u012fskai\u010diuoti).<br \/> \u2022 I&scaron;siregistravimas i&scaron; vie&scaron;bu\u010dio.<br \/> \u2022 Vykstame \u012f At\u0117nus (papildomai apmokami \u012f\u0117jimo bilietai ~30 \u20ac\/asm.).<br \/> - Transfer to the airport.<\/p>\n<p>Ekskursija po At\u0117nus &#8211; Graikijos sostin\u0119, su turtinga ir spalvinga jos istorija. Susipa\u017einsime su garsiomis ne tik At\u0117n\u0173, bet ir visos &scaron;alies vietomis.<\/p>\n<p>Pamatysime Parlamento pastat\u0105, ank&scaron;\u010diau \u010dia buvo karali&scaron;kieji r\u016bmai (geriau \u017einomi kaip \u201eSeniej\u012f r\u016bmai\u201c). Pastato viduje yra violetinio marmuro ir aukso spalvos linijos. Prie&scaron;ais parlamento pastat\u0105 yra ne\u017einomo kareivio kapas, kas valand\u0105 galite steb\u0117ti, kaip Nacionalin\u0117 gvardija pakei\u010dia sargyb\u0105. D\u017eiaugsim\u0117s nacionalinio sodo gro\u017eiu ir maitinsime antis kartu su At\u0117n\u0173 gyventojais ir aplankysime Olimpo Dzeuso &scaron;ventykl\u0105, kuri pagal tirono Pisistrato planus tur\u0117jo u\u017ego\u017eti visus tuo metu buvusius pasaulio stebuklus. Toliau nueisime \u012f Panathena stadion\u0105 &#8211; vienintel\u012f stadion\u0105 pasaulyje, kuris buvo visi&scaron;kai pastatytas i&scaron; balto marmuro. Pasigro\u017e\u0117site nacionaline biblioteka. Ai&scaron;ku u\u017esuksime ir \u012f senov\u0117s At\u0117n\u0173 &scaron;ventykl\u0105 &#8211; Akropol\u012f, jo did\u017eiausias &scaron;ventyklas ir nuostabius teatrus. B\u016btinai i&scaron;tirsite Partenon\u0105 &#8211; &scaron;ventykl\u0105, pastatyt\u0105 nuostabios karalien\u0117s At\u0117n\u0117s garbei; &Scaron;ventykla Erechtheion, taip pat skirt\u0105 At\u0117nei. Pasak legendos, ji buvo pastatyta gin\u010do vietoje tarp Poseidono ir At\u0117n\u0117s d\u0117l vie&scaron;patavimo teis\u0117s At\u0117nuose. \u010cia yra vienintelis veikiantis senov\u0117s miesto teatras &#8211; Herodes Atticus Odeonas, kuris yra pagrindin\u0117 koncert\u0173 vieta At\u0117nuose.<\/p>\n<p>Tur\u0117site puiki\u0105 galimyb\u0119 padaryti ry&scaron;kias ir \u012fsimintinas nuotraukas.<\/p>\n<p><strong>Day 9<\/strong><\/p>\n<p>- Check-in.<br \/> \u2022 Skrydis: Salonikai &#8211; Ryga.<br \/> - Arrival in Riga.<\/p>","protected":false},"excerpt":{"rendered":"<p>1 diena \u2022 Atvykimas \u012f Rygos oro uost\u0105. \u2022 Registracija \u012f skryd\u012f. \u2022 Skrydis: Ryga &#8211; Salonikai. 2 diena \u2022 Atskridimas \u012f Salonikus. \u2022 Perve\u017eimas \u012f vie&scaron;but\u012f&#8230;.<\/p>","protected":false},"featured_media":11847,"comment_status":"open","ping_status":"closed","template":"","meta":{"om_disable_all_campaigns":false,"_monsterinsights_skip_tracking":false,"_monsterinsights_sitenote_active":false,"_monsterinsights_sitenote_note":"","_monsterinsights_sitenote_category":0},"product_brand":[],"product_cat":[669],"product_tag":[],"class_list":{"0":"post-12612","1":"product","2":"type-product","3":"status-publish","4":"has-post-thumbnail","6":"product_cat-keliones","8":"first","9":"instock","10":"virtual","11":"taxable","12":"purchasable","13":"product-type-simple"},"aioseo_notices":[],"_links":{"self":[{"href":"https:\/\/www.atravel.lt\/en\/wp-json\/wp\/v2\/product\/12612","targetHints":{"allow":["GET"]}}],"collection":[{"href":"https:\/\/www.atravel.lt\/en\/wp-json\/wp\/v2\/product"}],"about":[{"href":"https:\/\/www.atravel.lt\/en\/wp-json\/wp\/v2\/types\/product"}],"replies":[{"embeddable":true,"href":"https:\/\/www.atravel.lt\/en\/wp-json\/wp\/v2\/comments?post=12612"}],"wp:featuredmedia":[{"embeddable":true,"href":"https:\/\/www.atravel.lt\/en\/wp-json\/wp\/v2\/media\/11847"}],"wp:attachment":[{"href":"https:\/\/www.atravel.lt\/en\/wp-json\/wp\/v2\/media?parent=12612"}],"wp:term":[{"taxonomy":"product_brand","embeddable":true,"href":"https:\/\/www.atravel.lt\/en\/wp-json\/wp\/v2\/product_brand?post=12612"},{"taxonomy":"product_cat","embeddable":true,"href":"https:\/\/www.atravel.lt\/en\/wp-json\/wp\/v2\/product_cat?post=12612"},{"taxonomy":"product_tag","embeddable":true,"href":"https:\/\/www.atravel.lt\/en\/wp-json\/wp\/v2\/product_tag?post=12612"}],"curies":[{"name":"wp","href":"https:\/\/api.w.org\/{rel}","templated":true}]}}