{"id":12611,"date":"2026-03-21T15:44:44","date_gmt":"2026-03-21T13:44:44","guid":{"rendered":"https:\/\/www.atravel.lt\/produktas\/armenijos-legendos-skrydis-is-rygos\/"},"modified":"2026-03-21T15:44:44","modified_gmt":"2026-03-21T13:44:44","slug":"armenijos-legendos-skrydis-is-rygos","status":"publish","type":"product","link":"https:\/\/www.atravel.lt\/en\/product\/armenijos-legendos-skrydis-is-rygos\/","title":{"rendered":"Arm\u0117nijos legendos (skrydis i\u0161 Rygos)"},"content":{"rendered":"<p><strong>1 day <\/strong><\/p>\n<p>- Arrival at Riga Airport.<br \/> - Check-in.<br \/> \u2022 Skrydis: Ryga \u2013 Jerevanas (~23:35-04:45*).<\/p>\n<p><strong>Day 2 <\/strong><\/p>\n<p>- Arrival in Yerevan.<br \/> \u2022 Perve\u017eimas \u012f vie&scaron;but\u012f.<br \/> \u2022 \u012esik\u016brimas vie&scaron;butyje.<br \/> - Recreation.<br \/> \u2022 Pusry\u010diai vie&scaron;butyje.<br \/> - Free time.<br \/> \u2022 Pa\u017eintin\u0117 ekskursija po Jerevan\u0105 (\u012f\u0117jimo bilietai apmokami papildomai).<br \/> \u2022 Sugr\u012f\u017etame \u012f vie&scaron;but\u012f.<br \/> \u2022 Nakvyn\u0117 vie&scaron;butyje.<\/p>\n<p>Ekskursijos metu susipa\u017einsite su pagrindiniu Arm\u0117nijos miestu \u2013 saul\u0117tuoju Jerevanu, kuriame senov\u0117 ir modernumas steb\u0117tinai dera kiekviename kampelyje.<\/p>\n<p>Pirmasis sustojimas \u2013 Jerevano kaskados \u2013 didingas architekt\u016brinis kompleksas ir tikras muziejus po atviru dangumi. Tarp &scaron;iuolaikini\u0173 skulpt\u016br\u0173 ir teras\u0173 atsiveria kvap\u0105 gniau\u017eianti miesto panorama bei didingasis Araratas, ypa\u010d \u012fsp\u016bdingas ryto ar vakaro saul\u0117s spinduliuose.<\/p>\n<p>V\u0117liau aplankysite Matenadaranas \u2013 vien\u0105 did\u017eiausi\u0173 sen\u0173j\u0173 rankra&scaron;\u010di\u0173 saugykl\u0173 pasaulyje. Muziejuje kruop&scaron;\u010diai saugomi t\u016bkstantme\u010di\u0173 senumo manuskriptai, senoviniai \u017eem\u0117lapiai ir knygos, atspindin\u010dios turting\u0105 arm\u0117n\u0173 ra&scaron;tijos ir mokslo istorij\u0105.<\/p>\n<p>Po to vyksite \u012f memorialin\u012f kompleks\u0105 Cicernakaberdas, skirt\u0105 Arm\u0117n\u0173 genocido aukoms atminti. Ramyb\u0117s ir \u017ealumos apsuptyje pajusite li\u016bdesio, atminties ir dvasinio atgimimo prasm\u0119.<\/p>\n<p><strong>Day 3 <\/strong><\/p>\n<p>\u2022 Pusry\u010diai vie&scaron;butyje (perkant ekskursij\u0173 paket\u0105 pusry\u010diai \u012fskai\u010diuoti).<br \/> - Free day.<br \/> \u2022 Pageidaujantiems si\u016blome ekskursij\u0105 su degustacija Konjako gamykloje (papildomas mokestis 25 \u20ac\/asm.).<br \/> \u2022 Ekskursija \u201ePasivaik&scaron;\u010diojimas &Scaron;iaur\u0117s prospektu\u201c (\u012f\u0117jimo bilietai apmokami papildomai).<br \/> \u2022 Po ekskursijos, pageidaujant, si\u016bloma vakarien\u0117 nacionaliniu stiliumi (papildomas mokestis &#8211; 40 \u20ac\/asm.).<br \/> \u2022 Sugr\u012f\u017etame \u012f vie&scaron;but\u012f.<br \/> \u2022 Nakvyn\u0117 vie&scaron;butyje.<\/p>\n<p>Garsiojoje \u201eArarat\u201c arba \u201eNoy\u201c konjako gamykloje J\u016bs\u0173 lauks pa\u017eintis su r\u016bsiais ir legendinio arm\u0117ni&scaron;ko konjako degustacija. Su\u017einosite apie g\u0117rimo gamybos tradicijas, brandinimo proces\u0105 ir gal\u0117site pajusti tikro arm\u0117ni&scaron;ko meistri&scaron;kumo skon\u012f.<\/p>\n<p>Free time.<\/p>\n<p>Toliau \u2013 pasivaik&scaron;\u010diojimas &Scaron;iaur\u0117s prospektu (\u012f\u0117jimo bilietai mokami papildomai). Pasinersite \u012f &scaron;iuolaikinio miesto atmosfer\u0105 \u2013 jaukias kavines, parduotuves, gatv\u0117s muzikant\u0173 melodijas ir gyv\u0105 vietos gyventoj\u0173 energij\u0105. Tai pagrindin\u0117 p\u0117s\u010di\u0173j\u0173 al\u0117ja, jungianti Operos ir baleto teatr\u0105 su Respublikos aik&scaron;te.<\/p>\n<p>Pasivaik&scaron;\u010diojimo kulminacija \u2013 dainuojantys fontanai Respublikos aik&scaron;t\u0117je, viena populiariausi\u0173 vakarinio miesto viet\u0173. Skambant kerin\u010diai muzikai ir \u017eai\u017earuojant spalvotiems &scaron;vies\u0173 spinduliams, vanduo \u201e&scaron;oka\u201c melodij\u0173 ritmu ir kuria u\u017eburiant\u012f regin\u012f.<\/p>\n<p>&Scaron;i vakaro i&scaron;vyka padovanos &scaron;ilumos, gro\u017eio ir romantikos poj\u016bt\u012f \u2013 neatsiejam\u0105 vakarinio Jerevano dal\u012f.<\/p>\n<p><strong>Day 4 <\/strong><\/p>\n<p>\u2022 Pusry\u010diai vie&scaron;butyje (perkant ekskursij\u0173 paket\u0105 pusry\u010diai \u012fskai\u010diuoti).<br \/> - Free day.<br \/> \u2022 Pageidaujantiems si\u016blome ekskursin\u0119 i&scaron;vyk\u0105 \u201eUol\u0173 paslaptys: Garni ir Geghardas\u201c (papildomas mokestis 40 \u20ac\/asm.+ \u012f\u0117jimo bilietai).<br \/> \u2022 Sugr\u012f\u017etame \u012f vie&scaron;but\u012f.<br \/> \u2022 Nakvyn\u0117 vie&scaron;butyje.<\/p>\n<p>&Scaron;iandien leisisite \u012f \u012fsp\u016bding\u0105 kelion\u0119 po senov\u0117s Arm\u0117nij\u0105, kur J\u016bs\u0173 laukia kaln\u0173 paslaptys, akmenyje i&scaron;kalta istorija ir iki m\u016bs\u0173 dien\u0173 i&scaron;lik\u0119s gyvas paveldas.<\/p>\n<p>Garni &scaron;ventykla, vienintel\u0117 pagoni&scaron;ka helenistinio stiliaus &scaron;ventykla NVS teritorijoje. Pastatyta I am\u017eiuje, ji \u017eavi kolon\u0173 elegancija ir form\u0173 harmonija, primindama laikus, kai Arm\u0117nijoje buvo garbinama saul\u0117 ir senieji dievai. I&scaron; &scaron;ventyklos terasos atsiveria \u012fsp\u016bdingas Azato up\u0117s tarpeklis.<\/p>\n<p>V\u0117liau vyksite prie gamtos stebuklo \u2013 \u201eAkmen\u0173 simfonijos\u201c, kur sta\u010dios uolos sudarytos i&scaron; taisykling\u0173 bazalto kolon\u0173, primenan\u010di\u0173 mil\u017eini&scaron;kus vargon\u0173 vamzd\u017eius. Nusileidimas \u012f Azato tarpekl\u012f leis i&scaron; arti i&scaron;vysti &scaron;\u012f unikal\u0173 geologin\u012f k\u016brin\u012f ir pajusti gamtos didyb\u0119.<\/p>\n<p>Toliau ekskursija t\u0119sis Geghardo vienuolyne, \u012ftrauktame \u012f UNESCO pasaulio paveldo s\u0105ra&scaron;\u0105. Jo vidaus erdv\u0117s i&scaron; dalies i&scaron;kaltos uoloje, gars\u0117ja ypatinga akustika ir paslaptinga atmosfera. Geghardas \u2013 viena labiausiai gerbiam\u0173 &scaron;ventovi\u0173 Arm\u0117nijoje, kur akmens didyb\u0117 susilieja su dvasine galia.<\/p>\n<p>Programos pabaigoje \u2013 arm\u0117ni&scaron;ko lava&scaron;o kepimo edukacija tradiciniame tandyre. Su\u017einosite sen\u0105sias &scaron;io nacionalinio kepinio paslaptis ir gal\u0117site paragauti k\u0105 tik i&scaron;kepto, &scaron;ilto ir kvapnaus lava&scaron;o (papildomas mokestis 15 \u20ac\/asm).<\/p>\n<p>&Scaron;i ekskursija atvers Jums senov\u0117s paslaptis, \u012fam\u017eintas akmenyje, ir leis prisiliesti prie gyvosios arm\u0117n\u0173 kult\u016bros sielos.<\/p>\n<p><strong>Day 5 <\/strong><\/p>\n<p>\u2022 Pusry\u010diai vie&scaron;butyje (perkant ekskursij\u0173 paket\u0105 pusry\u010diai \u012fskai\u010diuoti).<br \/> \u2022 I&scaron;siregistravimas i&scaron; vie&scaron;bu\u010dio.<br \/> \u2022 Ekskursin\u0117 i&scaron;vyka \u201eTik\u0117jimo dvasia ir vyno kra&scaron;tas: Chor Virapas ir Areni\u201c (\u012f\u0117jimo bilietai mokami papildomai).<br \/> \u2022 Po ekskursijos vykstame \u012f vie&scaron;but\u012f.<br \/> \u2022 \u012esik\u016brimas vie&scaron;butyje.<br \/> \u2022 Nakvyn\u0117 vie&scaron;butyje.<\/p>\n<p>Pasinerite \u012f senosios Arm\u0117nijos atmosfer\u0105, kur kiekvienas akmuo saugo istorij\u0105, o kiekvienas kra&scaron;tovaizdis primena am\u017einyb\u0119.<\/p>\n<p>Pirmoji stotel\u0117 \u2013 Chor Virapo vienuolynas, \u012fsik\u016br\u0119s Ararato kalno pap\u0117d\u0117je. Pasak legendos, b\u016btent \u010dia buvo kalinamas &scaron;ventasis Grigalius &Scaron;viet\u0117jas, atne&scaron;\u0119s krik&scaron;\u010dionyb\u0119 \u012f Arm\u0117nij\u0105. Nuo vienuolyno sien\u0173 atsiveria artimiausias ir vienas \u012fsp\u016bdingiausi\u0173 vaizd\u0173 \u012f legendin\u012f Ararat\u0105.<\/p>\n<p>Toliau aplankysite Areni-1, dar vadinam\u0105 Pauk&scaron;\u010di\u0173 urvu \u2013 vien\u0105 svarbiausi\u0173 archeologini\u0173 objekt\u0173 pasaulyje. \u010cia aptikta seniausia \u017einoma vynin\u0117 ir daugiau nei 6000 met\u0173 senumo odin\u0117 avalyn\u0117.<\/p>\n<p>Kita stotel\u0117 \u2013 Noravanko vienuolynas, didingai st\u016bksantis tarp ugnies spalvos uol\u0173 vaizdingame tarpeklyje. Jo dviej\u0173 auk&scaron;t\u0173 ba\u017eny\u010dia \u017eavi architekt\u016bros elegancija ir dr\u0105siu sumanymu.<\/p>\n<p>Kelion\u0117s pabaigoje \u2013 vyno degustacija Areni regione, laikomame Arm\u0117nijos vyndaryst\u0117s &scaron;irdimi. Paragausite i&scaron; vietini\u0173 vynuogi\u0173 veisli\u0173 gaminam\u0173 vyn\u0173 bei pagal sen\u0105sias tradicijas ruo&scaron;t\u0173 vaisini\u0173 vyn\u0173.<\/p>\n<p>&Scaron;i ekskursija padovanos harmoning\u0105 \u012fsp\u016bd\u017ei\u0173 visum\u0105 \u2013 nuo senov\u0117s istorijos ir dvasingumo iki pasim\u0117gavimo gamta ir vynu.<\/p>\n<p><strong>Day 6 <\/strong><\/p>\n<p>\u2022 Pusry\u010diai vie&scaron;butyje (perkant ekskursij\u0173 paket\u0105 pusry\u010diai \u012fskai\u010diuoti).<br \/> \u2022 I&scaron;siregistravimas i&scaron; vie&scaron;bu\u010dio.<br \/> \u2022 Ekskursin\u0117 i&scaron;vyka \u201eSkrydis vir&scaron; tarpeklio: Tatevas ir kriokliai\u201c (\u012f\u0117jimo bilietai mokami papildomai).<br \/> \u2022 Po ekskursijos vykstame \u012f vie&scaron;but\u012f.<br \/> \u2022 \u012esik\u016brimas vie&scaron;butyje.<br \/> \u2022 Nakvyn\u0117 vie&scaron;butyje.<\/p>\n<p>Leisit\u0117s \u012f \u012fsp\u016bding\u0105 kelion\u0119 po piet\u0173 Arm\u0117nij\u0105 \u2013 region\u0105, kuriame didingi kalnai, senoviniai vienuolynai ir gamtos stebuklai susilieja \u012f darni\u0105 visum\u0105.<\/p>\n<p>Kelion\u0117 prasid\u0117s lyn\u0173 keltuvu Tatevo sparnai, \u012ftrauktu \u012f Gineso rekord\u0173 knyg\u0105 kaip ilgiausias pasaulyje reversinis lyn\u0173 keltuvas (5,7 km). Skrydis vir&scaron; Vorotano up\u0117s tarpeklio padovanos nepamir&scaron;tamus kaln\u0173 ir sl\u0117ni\u0173 vaizdus.<\/p>\n<p>Atvyk\u0119 aplankysite Tatevo vienuolynas \u2013 viduram\u017ei\u0173 architekt\u016bros &scaron;edevr\u0105, \u012fsik\u016brus\u012f ant sta\u010dios uolos kra&scaron;to. IX am\u017eiuje tai buvo vienas svarbiausi\u0173 &scaron;alies dvasini\u0173 ir &scaron;vietimo centr\u0173.<\/p>\n<p>Toliau vyksite prie &Scaron;aki krioklio \u2013 vieno galingiausi\u0173 ir vaizdingiausi\u0173 Arm\u0117nijoje. Jo vandens kaskados krinta tarp uol\u0173 ir \u017ealumos, kurdamos \u012fsp\u016bding\u0105 gamtos paveiksl\u0105.<\/p>\n<p>Ekskursijos pabaigoje aplankysite Orbelian\u0173 karavanserajus, esant\u012f 2410 metr\u0173 auk&scaron;tyje, buvusio Did\u017eiojo &Scaron;ilko kelio trasoje. &Scaron;is XIV a. akmeninis prieglobstis kadaise saugojo pirklius ir keliautojus, o &scaron;iandien vis dar alsuoja sen\u0173j\u0173 keli\u0173 dvasia.<\/p>\n<p>&Scaron;i ekskursija leis prisiliesti prie viduram\u017ei\u0173 architekt\u016bros genialumo ir pasigro\u017e\u0117ti nepakartojamu Arm\u0117nijos gamtos gro\u017eiu.<\/p>\n<p><strong>Day 7 <\/strong><\/p>\n<p>\u2022 Pusry\u010diai vie&scaron;butyje (perkant ekskursij\u0173 paket\u0105 pusry\u010diai \u012fskai\u010diuoti).<br \/> \u2022 I&scaron;siregistravimas i&scaron; vie&scaron;bu\u010dio.<br \/> \u2022 Ekskursin\u0117 i&scaron;vyka \u201e\u017dydrasis Sevano e\u017eeras ir Dilid\u017eanas\u201c (\u012f\u0117jimo bilietai mokami papildomai).<br \/> \u2022 Vykstame \u012f vie&scaron;but\u012f.<br \/> \u2022 \u012esik\u016brimas vie&scaron;butyje.<br \/> \u2022 Nakvyn\u0117 vie&scaron;butyje.<\/p>\n<p>&Scaron;i kelion\u0117 nuves Jus per vaizdingiausius &scaron;iaurin\u0117s Arm\u0117nijos kampelius \u2013 nuo spindin\u010dio kaln\u0173 e\u017eero iki &scaron;e&scaron;\u0117ling\u0173 Dilid\u017eano mi&scaron;k\u0173.<\/p>\n<p>Pirmiausia aplankysite Sevano e\u017eeras \u2013 \u201em\u0117lyn\u0105j\u0105 Arm\u0117nijos perl\u0105\u201c, vien\u0105 auk&scaron;\u010diausiai vir&scaron; j\u016bros lygio esan\u010di\u0173 g\u0117lavandeni\u0173 e\u017eer\u0173 pasaulyje, apsupt\u0105 diding\u0173 kaln\u0173.<\/p>\n<p>V\u0117liau vyksite \u012f Sevanavanko vienuolynas, nuo kurio atsiveria \u012fsp\u016bdingi vaizdai \u012f e\u017eero platybes ir kaln\u0173 vir&scaron;\u016bnes.<\/p>\n<p>Toliau kelion\u0117 t\u0119sis \u012f Dilid\u017ean\u0105 \u2013 miest\u0105, gars\u0117jant\u012f savo gamta ir Kaukazo \u017eavesiu. Va\u017eiuodami tuneliu i&scaron;vysite, kaip staiga kei\u010diasi kra&scaron;tovaizdis: at&scaron;iaur\u016bs Sevano kalnai u\u017eleid\u017eia viet\u0105 \u017ealiuojantiems Dilid\u017eano mi&scaron;kams.<\/p>\n<p>Galiausiai aplankysite Hagarcino vienuolynas, pasisl\u0117pus\u012f tankiame mi&scaron;ke. &Scaron;i X\u2013XIII a. balto akmens &scaron;ventov\u0117 tarsi i&scaron;augusi i&scaron; kaln\u0173, skleid\u017eia harmonijos ir ramyb\u0117s atmosfer\u0105.<\/p>\n<p>&Scaron;i ekskursija padovanos tyrumo, \u012fkv\u0117pimo ir vidin\u0117s pusiausvyros jausm\u0105.<\/p>\n<p><strong>Day 8 <\/strong><\/p>\n<p>\u2022 Pusry\u010diai vie&scaron;butyje (perkant ekskursij\u0173 paket\u0105 pusry\u010diai \u012fskai\u010diuoti).<br \/> \u2022 I&scaron;siregistravimas i&scaron; vie&scaron;bu\u010dio.<br \/> \u2022 Ekskursin\u0117 i&scaron;vyka \u201eLori lobiai: Fioletovo \u2013 Giumri \u2013 Marma&scaron;enas\u201c (\u012f\u0117jimo bilietai mokami papildomai).<br \/> \u2022 Vykstame \u012f vie&scaron;but\u012f.<br \/> \u2022 \u012esik\u016brimas vie&scaron;butyje.<br \/> \u2022 Nakvyn\u0117 vie&scaron;butyje.<\/p>\n<p>Leiskit\u0117s \u012f kelion\u0119 po &scaron;iaur\u0117s Arm\u0117nij\u0105, kur Jus pasitiks reti kult\u016briniai papro\u010diai, savita architekt\u016bra ir nuostab\u016bs kra&scaron;tovaizd\u017eiai.<\/p>\n<p>Pirmoji stotel\u0117 \u2013 Fioletovo kaimas, \u012fkurtas XIX a. Molokan\u0173 bendruomen\u0117s. \u010cia susipa\u017einsite su j\u0173 gyvenimo b\u016bdu, tradicijomis ir kult\u016bra, kuri beveik nepakitusi i&scaron;liko per am\u017eius.<\/p>\n<p>Toliau mar&scaron;rutas ves \u012f Gyumri \u2013 antr\u0105 pagal dyd\u012f Arm\u0117nijos miest\u0105, \u017einom\u0105 kaip \u201ejuoko ir amatinink\u0173 sostin\u0117\u201c. Aplankysite Juod\u0105j\u0105 tvirtov\u0119, masyv\u0173 XIX a. gynybin\u012f kompleks\u0105, o v\u0117liau pasivaik&scaron;\u010diosite po sen\u0105j\u012f kvartal\u0105, kur juodo tufio namai ir rai\u017eytos durys kuria nepamir&scaron;tam\u0105 miesto charakter\u012f.<\/p>\n<p>Dienos pabaigoje aplankysite Marmashen vienuolynas, pastatyt\u0105 i&scaron; raudono tufio prie Ahurjano up\u0117s kranto. &Scaron;is vienuolyn\u0173 kompleksas \u017eavi form\u0173 harmonija ir &scaron;iltu akmens atspalviu.<\/p>\n<p>&Scaron;i ekskursija leis pa\u017einti kult\u016brin\u0119 &scaron;iaur\u0117s Arm\u0117nijos dvasi\u0105, kur tradicijos yra saugomos ir perduodamos i&scaron; kartos \u012f kart\u0105.<\/p>\n<p><strong>Day 9 <\/strong><\/p>\n<p>\u2022 Ankstyvas i&scaron;siregistravimas i&scaron; vie&scaron;bu\u010dio.<br \/> - Transfer to the airport.<br \/> - Check-in.<br \/> \u2022 Skrydis: Jerevanas \u2013 Ryga (~05:30-08:55).<br \/> - Arrival in Riga.<\/p>","protected":false},"excerpt":{"rendered":"<p>1 diena \u2022 Atvykimas \u012f Rygos oro uost\u0105. \u2022 Registracija \u012f skryd\u012f. \u2022 Skrydis: Ryga \u2013 Jerevanas (~23:35-04:45*). 2 diena \u2022 Atskridimas \u012f Jerevan\u0105. \u2022 Perve\u017eimas \u012f vi&#8230;<\/p>","protected":false},"featured_media":12003,"comment_status":"open","ping_status":"closed","template":"","meta":{"om_disable_all_campaigns":false,"_monsterinsights_skip_tracking":false,"_monsterinsights_sitenote_active":false,"_monsterinsights_sitenote_note":"","_monsterinsights_sitenote_category":0},"product_brand":[],"product_cat":[669],"product_tag":[],"class_list":{"0":"post-12611","1":"product","2":"type-product","3":"status-publish","4":"has-post-thumbnail","6":"product_cat-keliones","8":"first","9":"instock","10":"virtual","11":"taxable","12":"purchasable","13":"product-type-simple"},"aioseo_notices":[],"_links":{"self":[{"href":"https:\/\/www.atravel.lt\/en\/wp-json\/wp\/v2\/product\/12611","targetHints":{"allow":["GET"]}}],"collection":[{"href":"https:\/\/www.atravel.lt\/en\/wp-json\/wp\/v2\/product"}],"about":[{"href":"https:\/\/www.atravel.lt\/en\/wp-json\/wp\/v2\/types\/product"}],"replies":[{"embeddable":true,"href":"https:\/\/www.atravel.lt\/en\/wp-json\/wp\/v2\/comments?post=12611"}],"wp:featuredmedia":[{"embeddable":true,"href":"https:\/\/www.atravel.lt\/en\/wp-json\/wp\/v2\/media\/12003"}],"wp:attachment":[{"href":"https:\/\/www.atravel.lt\/en\/wp-json\/wp\/v2\/media?parent=12611"}],"wp:term":[{"taxonomy":"product_brand","embeddable":true,"href":"https:\/\/www.atravel.lt\/en\/wp-json\/wp\/v2\/product_brand?post=12611"},{"taxonomy":"product_cat","embeddable":true,"href":"https:\/\/www.atravel.lt\/en\/wp-json\/wp\/v2\/product_cat?post=12611"},{"taxonomy":"product_tag","embeddable":true,"href":"https:\/\/www.atravel.lt\/en\/wp-json\/wp\/v2\/product_tag?post=12611"}],"curies":[{"name":"wp","href":"https:\/\/api.w.org\/{rel}","templated":true}]}}