{"id":12610,"date":"2026-03-21T15:44:44","date_gmt":"2026-03-21T13:44:44","guid":{"rendered":"https:\/\/www.atravel.lt\/produktas\/islandija-vulkanu-ir-troliu-salis-skrydis-is-rygos-su-airbaltic\/"},"modified":"2026-03-21T15:44:44","modified_gmt":"2026-03-21T13:44:44","slug":"islandija-vulkanu-ir-troliu-salis-skrydis-is-rygos-su-airbaltic","status":"publish","type":"product","link":"https:\/\/www.atravel.lt\/en\/product\/islandija-vulkanu-ir-troliu-salis-skrydis-is-rygos-su-airbaltic\/","title":{"rendered":"ISLANDIJA &#8211; vulkan\u0173 ir troli\u0173 \u0161alis (skrydis i\u0161 Rygos su AirBaltic)"},"content":{"rendered":"<h3 style=\"text-align: center\"><span style=\"font-size:18px\"><strong><span style=\"color:#c0392b\">Yra galimyb\u0117 skristi i&scaron; Vilniaus! D\u0117l skryd\u017ei\u0173 prieinamumo ir galim\u0173 priemok\u0173 teirautis el. pa&scaron;tu!<\/span><\/strong><\/span><\/h3>\n<hr \/>\n<p><strong>1 day <\/strong><\/p>\n<p>- Arrival at Riga Airport.<br \/> - Check-in.<br \/> \u2022 Skrydis: Ryga \u2013 Reikjavikas (~22:45-23:40).<br \/> \u2022 Atskridimas \u012f Reikjavik\u0105.<br \/> \u2022 Perve\u017eimas \u012f vie&scaron;but\u012f.<br \/> \u2022 \u012esik\u016brimas vie&scaron;butyje.<br \/> \u2022 Nakvyn\u0117 vie&scaron;butyje.<\/p>\n<p><strong>Day 2 <\/strong><\/p>\n<p>\u2022 Pusry\u010diai vie&scaron;butyje (perkant ekskursij\u0173 paket\u0105 pusry\u010diai \u012fskai\u010diuoti).<br \/> \u2022 Ap\u017evalgin\u0117 ekskursija po Reikjavik\u0105.<br \/> - Free time.<br \/> \u2022 Pageidaujantiems si\u016blome i&scaron;vyk\u0105 \u012f Reikjaneso pusiasal\u012f prie Kleifarvatn e\u017eero ir kar&scaron;t\u0173j\u0173 &scaron;altini\u0173 Krysuvik (papildomas mokestis &#8211; 60 \u20ac\/asm., \u012fvyks susirinkus min. 15 keliautoj\u0173).<br \/> \u2022 Nakvyn\u0117 vie&scaron;butyje.<br \/> \u2022 Sugr\u012f\u017etame \u012f vie&scaron;but\u012f.<br \/> - Recreation.<br \/> \u2022 Nakvyn\u0117 vie&scaron;butyje.<\/p>\n<p>Pa\u017eintin\u0117 ekskursija po Reikjavik\u0105 \u2013 did\u017eiausi\u0105 Islandijos miest\u0105, kur\u012f visgi galima apeiti ma\u017eiau nei per dien\u0105. &Scaron;iauriausioje pasaulio sostin\u0117je tikrai yra k\u0105 pamatyti!<br \/> amatysime parlamento pastat\u0105 (Altingas buvo \u012fkurtas 930 m. dabartinio Tinkvelyro parko teritorijoje, o XIX a. viduryje perkeltas \u012f Reikjavik\u0105; dabartinis akmeninis pastatas buvo pastatytas 1881 m.); skulpt\u016br\u0105 \u201eSaul\u0117s keliautojas\u201c (Sun Voyager), primenan\u010di\u0105 ir banginio skelet\u0105, ir viking\u0173 laivo karkas\u0105; vien\u0105 \u012fsp\u016bdingiausi\u0173 pasaulio ba\u017eny\u010di\u0173 \u2013 Hallgr&iacute;mskirkja, kurios forma primena liepsn\u0105 lede (laisvo laiko metu gal\u0117site pakilti \u012f ba\u017eny\u010dios ap\u017evalgos aik&scaron;tel\u0119 (bilieto kaina apie 10 \u20ac), i&scaron; kurios atsiveria kvap\u0105 gniau\u017eianti miesto ir Esjos kalno panorama).<br \/> Daugyb\u0117 muziej\u0173 pla\u010diai atvers Jums duris: tarp j\u0173 \u2013 lauko muziejus \u201e&Aacute;rb&aelig;jarsafn\u201c, Islandijos nacionalinis muziejus, j\u016br\u0173 muziejus \u201eVikin\u201c, muziejus \u201eIslandijos banginiai\u201c su 23 nat\u016bralaus dyd\u017eio bangini\u0173 modeliais, \u201eAurora Reykjav&iacute;k\u201c \u2013 &scaron;iaur\u0117s pa&scaron;vais\u010di\u0173 centras ir kiti (bilietai \u012f muziejus apmokami papildomai).<\/p>\n<p>Pageidaujantiems si\u016blome i&scaron;vyk\u0105 \u012f Reikjaneso pusiasal\u012f prie Kleifarvatn e\u017eero ir kar&scaron;t\u0173j\u0173 &scaron;altini\u0173 Krysuvik (papildomas mokestis &#8211; 60 \u20ac\/asm., \u012fvyks susirinkus min. 15 keliautoj\u0173).<\/p>\n<p>Taip pat si\u016blome perve\u017eim\u0105 \u012f \u017dydr\u0105j\u0105 lag\u016bn\u0105 su galimybe m\u0117gautis SPA proced\u016bromis (papildomas mokestis &#8211; 30 \u20ac + \u012f\u0117jimo bilietai ~ nuo 120 \u20ac).<\/p>\n<p>\u017dydroji lag\u016bna \u2013 tai geoterminis baseinas, \u012fsik\u016br\u0119s lavos lauke Reikjaneso pusiasalyje ir tap\u0119s vienu pagrindini\u0173 Islandijos simboli\u0173. Lag\u016bnos j\u016bros vanduo pasi\u017eymi melsvai pieniniu atspalviu ir yra prisotintas mineralin\u0117mis druskomis, kurios teigiamai veikia \u017emogaus organizm\u0105. Dugn\u0105 dengia baltoji molio ko&scaron;\u0117, kuri naudinga odai. Vandens temperat\u016bra i&scaron;tisus metus siekia apie 39 \u00b0C, o gylis \u2013 nuo 1 iki 3 metr\u0173.<\/p>\n<p><strong>Day 3 <\/strong><\/p>\n<p>\u2022 Pusry\u010diai vie&scaron;butyje (perkant ekskursij\u0173 paket\u0105 pusry\u010diai \u012fskai\u010diuoti).<br \/> \u2022 Vykstame \u012f Snaefellsnes pusiasal\u012f.<br \/> \u2022 Ap\u017evalgin\u0117 ekskursija po pusiasal\u012f.<br \/> \u2022 Sugr\u012f\u017etame \u012f vie&scaron;but\u012f.<br \/> - Recreation.<br \/> \u2022 Nakvyn\u0117 vie&scaron;butyje.<\/p>\n<p>Snaefellsnes \u2013 pusiasalis, esantis vakarin\u0117je Islandijos dalyje yra laikomas viena i&scaron; gra\u017eiausi\u0173 viet\u0173 saloje. \u010cia aplankysime daug nuostabi\u0173 gamtos k\u016brini\u0173: vulkaninius laukus, pseudo kraterius, vulkaninius kraterius, uol\u0173 urvus, Snaefellsjokull ledyn\u0105, apie kur\u012f Jules Vern ra&scaron;\u0117 savo romane \u201eKelion\u0117 \u012f \u017dem\u0117s centr\u0105\u201c. &Scaron;is ledynas yra vienas i&scaron; ma\u017eiausi\u0173, ta\u010diau vaizdingiausias. Manoma, kad Sn&aelig;fellsnes pusiasalyje yra vienas i&scaron; \u017dem\u0117s bioenergetini\u0173 &scaron;altini\u0173.<\/p>\n<p><strong>Day 4 <\/strong><\/p>\n<p>\u2022 Pusry\u010diai vie&scaron;butyje (perkant ekskursij\u0173 paket\u0105 pusry\u010diai \u012fskai\u010diuoti).<br \/> \u2022 Vykstame \u012f pietin\u0119 pakrant\u0119.<br \/> \u2022 Ap\u017evalgin\u0117 ekskursija po pietin\u0119 pakrant\u0119.<br \/> \u2022 Sugr\u012f\u017etame \u012f vie&scaron;but\u012f.<br \/> - Recreation.<br \/> \u2022 Nakvyn\u0117 vie&scaron;butyje.<\/p>\n<p>Ekskursijos metu pamatysime Reynisdrangar &#8211; bazalto kolonas (vien\u0105 gra\u017eiausi\u0173 gamtos darini\u0173, susiformavusi\u0173 ugnikalnio i&scaron;siver\u017eimo metu), taip pat vadinamuosius troli\u0173 pir&scaron;tus. Pasak legendos, du troliai band\u0117 i&scaron;traukti \u012f krant\u0105 trij\u0173 stieb\u0173 laiv\u0105, \u012fstrigus\u012f netoli pakrant\u0117s, ta\u010diau, \u012fsijaut\u0119 \u012f darb\u0105, nesp\u0117jo pasisl\u0117pti nuo pirm\u0173j\u0173 saul\u0117s spinduli\u0173 ir virto akmenin\u0117mis uolomis. Pa\u017evelgsime \u012f gars\u0173j\u012f ugnikaln\u012f Eyjafjallaj&ouml;kull, kuris 2010 met\u0173 i&scaron;siver\u017eim\u0173 metu paraly\u017eiavo oro susisiekim\u0105 vir&scaron; dalies &Scaron;iaur\u0117s Amerikos ir did\u017eiosios Europos dalies. Taip pat pamatysime Seljalandsfoss ir Sk&oacute;gafoss krioklius, M&yacute;rdalsj&ouml;kull ir Eyjafjallaj&ouml;kull ledynus, Hekla ir Katla ugnikalnius.<\/p>\n<p>Tur\u0117site galimyb\u0119 apsilankyti etnografiniame muziejuje &#8222;Skogar&#8221; (papildomas mokestis u\u017e \u012f\u0117jimo biliet\u0105 ~20 \u20ac\/asm.). &Scaron;\u012f muziej\u0173 sudaro trys dalys. Viena i&scaron; dali\u0173 &#8211; muziejus po atviru dangumi, kuriame pateikiami \u012fvairi\u0173 laikotarpi\u0173 Islandijos architekt\u016bros pavyzd\u017eiai. Nacionaliniame muziejuje demonstruojami senieji to meto island\u0173 gyvenimo buities daiktai (\u017evejybos, med\u017eiokl\u0117s ir kt.). Technikos muziejuje galima susipa\u017einti su transporto istorija ir evoliucija, transporto komunikacijomis bei technologijomis, kurios buvo naudojamos XIX ir XX am\u017eiuje.<\/p>\n<p><strong>Day 5 <\/strong><\/p>\n<p>\u2022 Pusry\u010diai vie&scaron;butyje (perkant ekskursij\u0173 paket\u0105 pusry\u010diai \u012fskai\u010diuoti).<br \/> \u2022 I&scaron;siregistravimas i&scaron; vie&scaron;bu\u010dio.<br \/> \u2022 Ekskursija turistiniu mar&scaron;rutu \u201eAuksinis \u017eiedas: Thingvellir\u2013Geysir\u2013Gullfoss\u201c.<br \/> - Transfer to the airport.<br \/> - Check-in.<\/p>\n<p>\u201eAuksinis \u017eiedas\u201c populiariausias turistinis mar&scaron;rutas Islandijoje, kuris jungia pagrindin\u0117s Islandijos lankytinas vietas. Tarp j\u0173 \u2013 nacionalinis parkas \u201eThingvellir\u201c, kuris yra \u012ftrauktas \u012f UNESCO pasaulio paveldo s\u0105ra&scaron;\u0105. &Scaron;i vieta \u017einoma tuo, kad \u010dia rinkdavosi seniausias Europoje tautos susirinkimas \u2013 Altingas. Parke taip pat galima pamatyti \u017eem\u0117s plutos l\u016b\u017e\u012f tarp Eurazijos ir Amerikos tektonini\u0173 plok&scaron;\u010di\u0173. Toliau lankysime geizeri\u0173 sl\u0117n\u012f, kur i&scaron;vysime gars\u0173j\u012f Geysir, nuo kurio pavadinimo kilo bendras vis\u0173 geizeri\u0173 pavadinimas, ir Strokkur \u2013 aktyv\u0173 geizer\u012f, kuris kas 5 minutes i&scaron;siver\u017eia \u012f or\u0105 iki 30 metr\u0173 auk&scaron;\u010dio. Taip pat pamatysime galing\u0105j\u012f Gullfoss kriokl\u012f \u2013 gra\u017eiausi\u0105 kriokl\u012f &scaron;alyje ir vien\u0105 vandeningiausi\u0173 Europoje.<\/p>\n<p>Papildomai gal\u0117site aplankyti u\u017egesusio ugnikalnio Kerid krater\u012f su giliu nuostabaus gro\u017eio e\u017eeru jo dugne (papildomai apmokamas \u012f\u0117jimo bilietas ~5 \u20ac\/asm.).<\/p>\n<p><strong>Day 6 <\/strong><\/p>\n<p>\u2022 Skrydis: Reikjavikas &#8211; Ryga (~00:30-07:05).<br \/> - Arrival in Riga.<\/p>","protected":false},"excerpt":{"rendered":"<p>Yra galimyb\u0117 skristi i&scaron; Vilniaus! D\u0117l skryd\u017ei\u0173 prieinamumo ir galim\u0173 priemok\u0173 teirautis el. pa&scaron;tu! 1 diena \u2022 Atvykimas \u012f Rygos oro uost\u0105. \u2022 Regist&#8230;<\/p>","protected":false},"featured_media":11846,"comment_status":"open","ping_status":"closed","template":"","meta":{"om_disable_all_campaigns":false,"_monsterinsights_skip_tracking":false,"_monsterinsights_sitenote_active":false,"_monsterinsights_sitenote_note":"","_monsterinsights_sitenote_category":0},"product_brand":[],"product_cat":[669],"product_tag":[],"class_list":{"0":"post-12610","1":"product","2":"type-product","3":"status-publish","4":"has-post-thumbnail","6":"product_cat-keliones","8":"first","9":"instock","10":"virtual","11":"taxable","12":"purchasable","13":"product-type-simple"},"aioseo_notices":[],"_links":{"self":[{"href":"https:\/\/www.atravel.lt\/en\/wp-json\/wp\/v2\/product\/12610","targetHints":{"allow":["GET"]}}],"collection":[{"href":"https:\/\/www.atravel.lt\/en\/wp-json\/wp\/v2\/product"}],"about":[{"href":"https:\/\/www.atravel.lt\/en\/wp-json\/wp\/v2\/types\/product"}],"replies":[{"embeddable":true,"href":"https:\/\/www.atravel.lt\/en\/wp-json\/wp\/v2\/comments?post=12610"}],"wp:featuredmedia":[{"embeddable":true,"href":"https:\/\/www.atravel.lt\/en\/wp-json\/wp\/v2\/media\/11846"}],"wp:attachment":[{"href":"https:\/\/www.atravel.lt\/en\/wp-json\/wp\/v2\/media?parent=12610"}],"wp:term":[{"taxonomy":"product_brand","embeddable":true,"href":"https:\/\/www.atravel.lt\/en\/wp-json\/wp\/v2\/product_brand?post=12610"},{"taxonomy":"product_cat","embeddable":true,"href":"https:\/\/www.atravel.lt\/en\/wp-json\/wp\/v2\/product_cat?post=12610"},{"taxonomy":"product_tag","embeddable":true,"href":"https:\/\/www.atravel.lt\/en\/wp-json\/wp\/v2\/product_tag?post=12610"}],"curies":[{"name":"wp","href":"https:\/\/api.w.org\/{rel}","templated":true}]}}