{"id":12608,"date":"2026-03-21T15:44:44","date_gmt":"2026-03-21T13:44:44","guid":{"rendered":"https:\/\/www.atravel.lt\/produktas\/naujieji-metai-portugalijoje-skrydis-is-vilniaus-su-airbaltic\/"},"modified":"2026-03-21T15:44:44","modified_gmt":"2026-03-21T13:44:44","slug":"naujieji-metai-portugalijoje-skrydis-is-vilniaus-su-airbaltic","status":"publish","type":"product","link":"https:\/\/www.atravel.lt\/en\/product\/naujieji-metai-portugalijoje-skrydis-is-vilniaus-su-airbaltic\/","title":{"rendered":"Naujieji metai Portugalijoje (skrydis i\u0161 Vilniaus su AirBaltic)"},"content":{"rendered":"<p><strong>1 day <\/strong><\/p>\n<p>- Arrival at Vilnius Airport.<br \/> \u2022 Skrydis: Vilnius \u2013 Lisabona (~12:25-15:10).<br \/> \u2022 Atskridimas \u012f Lisabon\u0105.<br \/> \u2022 Vykstame \u012f vie&scaron;but\u012f.<br \/> \u2022 \u012esik\u016brimas vie&scaron;butyje.<br \/> - Free time.<br \/> \u2022 Nakvyn\u0117 vie&scaron;butyje.<\/p>\n<p><strong>Day 2 <\/strong><\/p>\n<p>\u2022 Pusry\u010diai vie&scaron;butyje (perkant ekskursij\u0173 paket\u0105 pusry\u010diai \u012fskai\u010diuoti).<br \/> \u2022 Ekskursin\u0117 i&scaron;vyka \u201eTomaras, Batalija, grotos ir Fatima\u201c.<br \/> - Free time.<br \/> \u2022 Sugr\u012f\u017etame \u012f vie&scaron;but\u012f.<br \/> - Recreation.<br \/> \u2022 Nakvyn\u0117 vie&scaron;butyje.<\/p>\n<p>Tomaro miestas buvo \u012fkurtas XII a. pabaigoje Did\u017eiojo Tamplieri\u0173 Ordino Magistr\u0173. Miestas gars\u0117ja ne tik istorija, bet ir \u017eymiuoju Tamplieri\u0173 ir Kristaus vienuolynu kuris buvo \u012ftrauktas \u012f UNESCO pasaulio paveldo s\u0105ra&scaron;\u0105 1983 m. Vienuolyne i&scaron;saugota unikali apvali ba\u017eny\u010dia \u2013 \u201esharrol\u0105\u201c. Tvirtov\u0117s ir vienuolyno lankymas (papildomai apmokami \u012f\u0117jimo bilietai ~15 \u20ac\/asm.).<\/p>\n<p>Toliau vyksime \u012f Batalijos miestel\u012f, kuriame \u012fsik\u016br\u0119s portugal\u0173 gotikin\u0117s architekt\u016bros perlas \u2013 Santa Maria da Victoria katedra, kuri\u0105 pastat\u0117 karalius Jo&atilde;o I Aljubarrotos m\u016b&scaron;io garbei (papildomai apmokami \u012f\u0117jimo bilietai ~10 \u20ac\/asm.).<\/p>\n<p>Laisvas laikas suvenyrams.<\/p>\n<p>Toliau eisime \u012f grotas. Tarp daugyb\u0117s Portugalijos stebukl\u0173 yra ir labai ne\u012fprast\u0173 \u2013 sukurt\u0173 gamtos. Gruta da Moeda kaln\u0173 sistemos grotos, kuriose savo akimis galima pamatyti stalaktitus ir stalagmitus, po\u017eeminius krioklius ir Tro&scaron;kim\u0173 e\u017eer\u0105 (papildomai apmokami \u012f\u0117jimo bilietai ~10 \u20ac\/asm.).<\/p>\n<p>Sustoj\u0119 papietauti gr\u012f&scaron;ime \u012f Fatim\u0105, kur 1917 metais apsirei&scaron;k\u0117 Mergel\u0117 Marija ir susipa\u017einsime su milijonus piligrim\u0173 i&scaron; viso pasaulio pritraukian\u010diu piligrimyst\u0117s centru.<\/p>\n<p><strong>Day 3 <\/strong><\/p>\n<p>\u2022 Pusry\u010diai vie&scaron;butyje (perkant ekskursij\u0173 paket\u0105 pusry\u010diai \u012fskai\u010diuoti).<br \/> - Free day.<br \/> \u2022 Pageidaujantiems si\u016blome ekskursin\u0119 i&scaron;vyk\u0105 \u012f Porto (papildomas mokestis 59 \u20ac\/asm.).<br \/> - Free time.<br \/> \u2022 Pageidaujantiems si\u016blome pasiplaukiojim\u0105 Douro upe (papildomas mokestis ~15 \u20ac\/asm.).<br \/> \u2022 Sugr\u012f\u017etame \u012f vie&scaron;but\u012f.<br \/> - Recreation.<br \/> \u2022 Nakvyn\u0117 vie&scaron;butyje.<\/p>\n<p>Ekskursijos po Porto miest\u0105 metu ap\u017ei\u016br\u0117site Klierik\u0173 Bok&scaron;t\u0105, kuris yra vienas i&scaron; miesto simboli\u0173, pritrenkiantis savo auk&scaron;\u010diu ir gro\u017eiu, pabuvosite Laisv\u0117s aik&scaron;t\u0117je, kuri laikoma istorinio miesto &scaron;irdimi, taip pat &Scaron;v. Benedikto gele\u017einkelio stotyje, kuri \u012ftraukta \u012f 14-os gra\u017eiausi\u0173 gele\u017einkelio sto\u010di\u0173 pasaulyje s\u0105ra&scaron;\u0105. Nuo stoties netoli stovi XI a. Katedra \u2013 religijos galyb\u0117s simbolis. Po ekskursijos po miest\u0105 apsilankysite vyno r\u016bsiuose, kur br\u0119sta pats \u017einomiausias Portugalijos vynas \u2013 portveinas. Su\u017einosite vyno atsiradimo istorij\u0105 ir gaminimo tradicijas, J\u016bs b\u016bsite pakviesti \u012f vyno degustacij\u0105 (papildomas mokestis ~18 \u20ac\/asm.). Degustacijos metu J\u016bs i&scaron;moksite teisingai m\u0117gautis portveinu, o taip pat atskirti j\u012f pagal kategorijas. \u010cia gal\u0117site ir \u012fsigyti &scaron;io nuostabaus g\u0117rimo. Laisvas laikas. Pageidaujantiems si\u016blome pasiplaukiojim\u0105 Douro upe (papildomas mokestis ~18 \u20ac \/asm.).<\/p>\n<p><strong>Day 4 <\/strong><\/p>\n<p>\u2022 Pusry\u010diai vie&scaron;butyje (perkant ekskursij\u0173 paket\u0105 pusry\u010diai \u012fskai\u010diuoti).<br \/> \u2022 Ekskursin\u0117 i&scaron;vyka \u201eAlkobas\u0105, Nazar\u0117 ir Obidos\u201c.<br \/> - Free time.<br \/> \u2022 Sugr\u012f\u017etame \u012f vie&scaron;but\u012f.<br \/> \u2022 Pasiruo&scaron;imas Nauj\u0173j\u0173 met\u0173 sutikimui.<br \/> - Recreation.<br \/> \u2022 Nakvyn\u0117 vie&scaron;butyje.<\/p>\n<p>Vyksime \u012f karali&scaron;k\u0105j\u012f kaim\u0105 \u2013 Obidos, kuris viduram\u017eiais buvo pramintas \u201enuotak\u0173 miestu\u201c. Miestelis visi&scaron;kai pasisl\u0117p\u0119s u\u017e gynybini\u0173 sien\u0173, kur karaliauja viduram\u017ei\u0173 dvasia, o vietiniai vai&scaron;ina nuostab\u0173 g\u0117rim\u0105 \u201ejinja\u201c &#8211; vy&scaron;ni\u0173 likeris, kuris yra geriamas i&scaron; &scaron;okoladini\u0173 taureli\u0173. Taip pat su\u017einosime kaip atsirado portugali&scaron;kas &scaron;okoladas, kod\u0117l kop\u016bsto lapas stebuklingas ir pamatysime XVII a. tapytojo \u017dosef de Obidos darbus.<\/p>\n<p>Laisvas laikas po ekskursijos.<\/p>\n<p>Toliau vyksime \u012f \u017evej\u0173 kaimel\u012f Nazar\u0117, kur su Don Roupinho \u012fvyko stebuklas ir i&scaron;siai&scaron;kinsime, kod\u0117l vietiniai \u017evejai vienu metu d\u0117vi 7 sijonus, taip pat \u010dia galima paragauti gard\u017ei\u0173 patiekal\u0173 su j\u016bros g\u0117ryb\u0117mis (papildomas mokestis).<\/p>\n<p>Laisvas laikas po ekskursijos, pageidaujantys gal\u0117s pasimaudyti (priklausomai nuo bang\u0173 auk&scaron;\u010dio) arba \u012fsigyti suvenyr\u0173 ir pasivaik&scaron;\u010dioti po miestel\u012f.<\/p>\n<p>Toliau aplankysime Alkobasa &#8211; miestel\u012f su did\u017eiuliu cisters\u0173 katedros ir vienuolyno kompleksu, &scaron;i vieta pritraukia romantikus ir \u012fsimyl\u0117jusias poras, nes b\u016btent \u010dia, viduram\u017ei\u0173 abatijoje yra palaidoti Pedro I ir In&ecirc;s de Castro. &Scaron;i li\u016bdnai \u017einoma karali&scaron;koji pora da\u017enai vadinama Portugalijos Romeo ir D\u017euljeta.<\/p>\n<p><strong>Day 5 <\/strong><\/p>\n<p>\u2022 Pusry\u010diai vie&scaron;butyje (perkant ekskursij\u0173 paket\u0105 pusry\u010diai \u012fskai\u010diuoti).<br \/> \u2022 Ekskursin\u0117 i&scaron;vyka \u012f Lisabon\u0105.<br \/> - Free time after the tour.<br \/> \u2022 Sugr\u012f\u017etame \u012f vie&scaron;but\u012f.<br \/> - Recreation.<br \/> \u2022 Nakvyn\u0117 vie&scaron;butyje.<\/p>\n<p>Lisabona \u2013 vienas seniausi\u0173 Europos miest\u0173, pastatytas finikie\u010di\u0173. Miesto veidas per &scaron;imtme\u010dius labai pasikeit\u0117. Jame p\u0117dsakus paliko visos tragedijos, ka\u017ekada u\u017epl\u016bdusios Portugalij\u0105, o ypa\u010d 1755-\u0173j\u0173 met\u0173 \u017eem\u0117s dreb\u0117jimas. Tik nedidelis Belenio rajonas primena apie gra\u017eiausios Europos sostin\u0117s didyb\u0119. J\u016bs pamatysite Jeronimo vienuolyn\u0105 ir Belenio bok&scaron;t\u0105, kurie \u012ftraukti \u012f UNESCO paveldo s\u0105ra&scaron;\u0105. Tai pastatai i&scaron;siskiriantys savo architekt\u016briniu stiliumi \u2013 manuelino, kuris sutinkamas tik Portugalijoje. Vienuolyne palaidotas Vasko de Gama, poetas Kamoenas ir Avizos dinastijos karaliai. &Scaron;alia puikuojasi prezidento r\u016bmai, kariet\u0173 muziejus, Imperijos aik&scaron;t\u0117 ir paminklas pirmiesiems atrad\u0117jams. Netoliese yra ir seniausia kepykla, kurioje kepami sald\u016bs pyrag\u0117liai ,,pa&scaron;tei&scaron; de Belen\u201c, kuri\u0173 privalu paragauti. Toliau kelion\u0119 t\u0119site palei Te\u017eo up\u0119 iki pagrindin\u0117s miesto Komercijos aik&scaron;t\u0117s. \u010cia stovi paminklas karaliui \u017doze Pirmajam ir nuostabi triumfo arka. Pasivaik&scaron;\u010diosite po Bai&scaron;os rajon\u0105, kuris labiausiai nukent\u0117jo nuo \u017eem\u0117s dreb\u0117jimo ir buvo atstatytas pagal Markizo Pombalos plan\u0105. Taip pat praeisite Rosiu aik&scaron;t\u0119, Figeiros aik&scaron;t\u0119 ir Augusto gatv\u0119, kur viename skersgatvyje atsiveria vaizdas \u012f Santa \u017du&scaron;ta lift\u0105.<\/p>\n<p><strong>Day 6 <\/strong><\/p>\n<p>\u2022 Pusry\u010diai vie&scaron;butyje (perkant ekskursij\u0173 paket\u0105 pusry\u010diai \u012fskai\u010diuoti).<br \/> \u2022 Ekskursin\u0117 i&scaron;vyka \u201eSenoji Portugalijos sostin\u0117 \u2013 Koimbra\u201c.<br \/> - Free time.<br \/> \u2022 Sugr\u012f\u017etame \u012f vie&scaron;but\u012f.<br \/> - Recreation.<br \/> \u2022 Nakvyn\u0117 vie&scaron;butyje.<\/p>\n<p>Koimbra \u2013 senovinis student\u0173 miestas, laikomas nacionalin\u0117s kult\u016bros sostine ir i&scaron;silavinimo lop&scaron;iu. B\u016btent \u010dia yra pirmasis &scaron;alies universitetas, \u012fsteigtas 1290 m. Universiteto pasidid\u017eiavimas \u2013 paauksuotais elementais turtinga barokin\u0117 Joaninos biblioteka. B\u016btent &scaron;iame miestelyje pamatysime ir sen\u0105j\u0105 tvirtov\u0119, miesto katedr\u0105. Leisdamiesi siauromis gatvel\u0117mis atsidursime Mondego up\u0117s pakrant\u0117je.<\/p>\n<p>Toliau keliausime \u012f Busako paslapting\u0105 mi&scaron;k\u0105, kuriame kadaise gyveno druidai, XIX am\u017eiuje karalius Ferdinandas II \u010dia \u012freng\u0117 med\u017eiokl\u0117s plotus, o karalius Karlosas I pastat\u0117 savo r\u016bmus.<\/p>\n<p><strong>Day 7 <\/strong><\/p>\n<p>\u2022 Pusry\u010diai vie&scaron;butyje (perkant ekskursij\u0173 paket\u0105 pusry\u010diai \u012fskai\u010diuoti).<br \/> - Free day.<br \/> \u2022 Pageidaujantiems si\u016blome ekskursin\u0119 i&scaron;vyka \u201eSintra ir Roko ky&scaron;ulys\u201c (papildomas mokestis &#8211; 59 \u20ac\/asm.).<br \/> - Free time.<br \/> \u2022 Sugr\u012f\u017etame \u012f vie&scaron;ut\u012f.<br \/> - Recreation.<br \/> \u2022 Nakvyn\u0117 vie&scaron;butyje.<\/p>\n<p>Sintra \u2013 tai vieta, kurioje kiekvienas gali atrasti dalel\u0119 savo t\u0117vyn\u0117s. Apsilankysite Rigaleiro sodyboje (\u012f\u0117jimo bilietai: suaugusiems ~11 \u20ac, vaikams 6-16 met\u0173 ir suaugusiems nuo 65 met\u0173 ~6 \u20ac, iki 5 met\u0173 &#8211; nemokamai), po kurios Jums i&scaron;kils daug filosofini\u0173 klausim\u0173 ir m\u012fsli\u0173, kaip atsirado pati paslaptingiausia vieta Portugalijoje. O atsakymai pritrenks net pat\u012f did\u017eiausi\u0105 mistik\u0105. Ne veltui daugelis ra&scaron;ytoj\u0173 ir poet\u0173 k\u016br\u0117 b\u016btent &scaron;iose vietose, tokie kaip: Louis de Camoes, Lord Byron, G. H. Andersen, J. Rawling ir daugelis kit\u0173.<\/p>\n<p>Po Sintros vyksime \u012f Roko ky&scaron;ul\u012f \u2013 \u201eviet\u0105, kur baigiasi \u017eem\u0117 ir prasideda j\u016bra\u201c (Luis Cam&otilde;ens). Pakeliui pamatysime nepaprast\u0105 kra&scaron;tovaizd\u017eio kontrast\u0105, besikei\u010diant\u012f nuo pu&scaron;yn\u0173 ir eukalipt\u0173 mi&scaron;k\u0173 iki sm\u0117lyn\u0173.<\/p>\n<p><strong>Day 8 <\/strong><\/p>\n<p>\u2022 Pusry\u010diai vie&scaron;butyje (perkant ekskursij\u0173 paket\u0105 pusry\u010diai \u012fskai\u010diuoti).<br \/> \u2022 I&scaron;siregistravimas i&scaron; vie&scaron;bu\u010dio.<br \/> - Going to the airport.<br \/> - Check-in.<br \/> \u2022 Skrydis: Lisabona \u2013 Vilnius (~15:55-22:20).<br \/> \u2022 Atvykimas \u012f Vilni\u0173.<\/p>","protected":false},"excerpt":{"rendered":"<p>1 diena \u2022 Atvykimas \u012f Vilniaus oro uost\u0105. \u2022 Skrydis: Vilnius \u2013 Lisabona (~12:25-15:10). \u2022 Atskridimas \u012f Lisabon\u0105. \u2022 Vykstame \u012f vie&scaron;but\u012f. \u2022 \u012esik\u016brimas vie&#8230;<\/p>","protected":false},"featured_media":12001,"comment_status":"open","ping_status":"closed","template":"","meta":{"om_disable_all_campaigns":false,"_monsterinsights_skip_tracking":false,"_monsterinsights_sitenote_active":false,"_monsterinsights_sitenote_note":"","_monsterinsights_sitenote_category":0},"product_brand":[],"product_cat":[669],"product_tag":[],"class_list":{"0":"post-12608","1":"product","2":"type-product","3":"status-publish","4":"has-post-thumbnail","6":"product_cat-keliones","8":"first","9":"instock","10":"virtual","11":"taxable","12":"purchasable","13":"product-type-simple"},"aioseo_notices":[],"_links":{"self":[{"href":"https:\/\/www.atravel.lt\/en\/wp-json\/wp\/v2\/product\/12608","targetHints":{"allow":["GET"]}}],"collection":[{"href":"https:\/\/www.atravel.lt\/en\/wp-json\/wp\/v2\/product"}],"about":[{"href":"https:\/\/www.atravel.lt\/en\/wp-json\/wp\/v2\/types\/product"}],"replies":[{"embeddable":true,"href":"https:\/\/www.atravel.lt\/en\/wp-json\/wp\/v2\/comments?post=12608"}],"wp:featuredmedia":[{"embeddable":true,"href":"https:\/\/www.atravel.lt\/en\/wp-json\/wp\/v2\/media\/12001"}],"wp:attachment":[{"href":"https:\/\/www.atravel.lt\/en\/wp-json\/wp\/v2\/media?parent=12608"}],"wp:term":[{"taxonomy":"product_brand","embeddable":true,"href":"https:\/\/www.atravel.lt\/en\/wp-json\/wp\/v2\/product_brand?post=12608"},{"taxonomy":"product_cat","embeddable":true,"href":"https:\/\/www.atravel.lt\/en\/wp-json\/wp\/v2\/product_cat?post=12608"},{"taxonomy":"product_tag","embeddable":true,"href":"https:\/\/www.atravel.lt\/en\/wp-json\/wp\/v2\/product_tag?post=12608"}],"curies":[{"name":"wp","href":"https:\/\/api.w.org\/{rel}","templated":true}]}}