{"id":12607,"date":"2026-03-21T15:44:43","date_gmt":"2026-03-21T13:44:43","guid":{"rendered":"https:\/\/www.atravel.lt\/produktas\/malaizija-su-poilsiu-langkawi-saloje-15-d-skrydis-is-rygos\/"},"modified":"2026-03-21T15:44:44","modified_gmt":"2026-03-21T13:44:44","slug":"malaizija-su-poilsiu-langkawi-saloje-15-d-skrydis-is-rygos","status":"publish","type":"product","link":"https:\/\/www.atravel.lt\/en\/product\/malaizija-su-poilsiu-langkawi-saloje-15-d-skrydis-is-rygos\/","title":{"rendered":"MALAIZIJA SU POILSIU LANGKAWI SALOJE 15 D.(skrydis i\u0161 Rygos)"},"content":{"rendered":"<h3 style=\"margin-bottom:8px;text-align:center\"><span style=\"font-size:20px !important\"><span><span style=\"font-weight:500\"><span style=\"line-height:1.2\"><span style=\"text-shadow:#000000 1px 1px 1px !important\"><span style=\"text-transform:uppercase !important\"><span style=\"color:#b58129 !important\"><span style=\"font-family:Nunito, sans-serif\"><span style=\"font-style:normal\"><span><span style=\"white-space:normal\"><span><span><span><span style=\"font-size:18px\"><span><span><span style=\"color:#e74c3c\"><strong style=\"font-weight:bolder\">D\u0116MESIO! REIKALAVIMAI VYKSTANT \u012e KELION\u0118:<\/strong><\/span><\/span><\/span><\/span><\/span><\/span><\/span><\/span><\/span><\/span><\/span><\/span><\/span><\/span><\/span><\/span><\/span><\/span><\/h3>\n<ol>\n<li>\n<p><span style=\"font-size:14px\"><span><span style=\"font-style:normal\"><span><span style=\"font-weight:400\"><span style=\"white-space:normal\"><span><span><span><span style=\"color:#e74c3c\"><span><strong style=\"font-weight:bolder\">Visi atvykstantys \u012f Singap\u016br\u0105, privalo ne anks\u010diau nei prie&scaron; 3 dienas iki atvykimo savaranki&scaron;kai u\u017epildyti ir pateikti elektronin\u0119 sveikatos deklaracij\u0105: <\/strong><\/span><\/span><span><span><span style=\"line-height:normal\"><span><span class=\"MsoHyperlink\"><span><span style=\"text-decoration:underline\"><span><span><a href=\"https:\/\/eservices.ica.gov.sg\/sgarrivalcard\/\" style=\"color:blue;text-decoration:underline\" target=\"_blank\"><span style=\"color:#2980b9\"><span><b style=\"font-weight:bolder\">https:\/\/eservices.ica.gov.sg\/sgarrivalcard\/<\/b><\/span><\/span><\/a><\/span><\/span><\/span><\/span><\/span><\/span><\/span><\/span><\/span><\/span><\/span><\/span><\/span><\/span><\/span><\/span><\/span><\/span><\/p>\n<\/li>\n<li>\n<p><span style=\"font-size:14px\"><strong><span style=\"color:#e74c3c\">Visi atvykstantys \u012f Malaizij\u0105 privalo u\u017epildyti atvykimo deklaracij\u0105 &#8211;<\/span><span style=\"color:#2980b9\"> <\/span><a href=\"https:\/\/imigresen-online.imi.gov.my\/mdac\/main\"><span style=\"color:#2980b9\">Malaysia Digital Arrival Card (MDAC)<\/span><\/a><span style=\"color:#e74c3c\"> (DEKLARACIJ\u0104 GALIMA PRAD\u0116TI PILDYTI LIKUS 3 DIENOMS IKI ATVYKIMO \u012e MALAIZIJ\u0104)<\/span><\/strong><\/span><\/p>\n<\/li>\n<\/ol>\n<hr \/>\n<p><strong>1 day <\/strong><\/p>\n<p>- Arrival at Riga Airport.<br \/> - Check-in.<br \/> \u2022 Skrydis: Ryga \u2013 Stambulas.<br \/> - Arrival in Istanbul.<\/p>\n<p><strong>Day 2 <\/strong><\/p>\n<p>- Flight Istanbul - Singapore.<br \/> - Arrive in Singapore.<br \/> \u2022 Perve\u017eimas \u012f vie&scaron;but\u012f.<br \/> \u2022 \u012esik\u016brimas vie&scaron;butyje.<br \/> - Recreation.<br \/> \u2022 Nakvyn\u0117 vie&scaron;butyje.<\/p>\n<p><strong>Day 3 <\/strong><\/p>\n<p>\u2022 Pusry\u010diai vie&scaron;butyje (perkant ekskursij\u0173 paket\u0105 pusry\u010diai \u012fskai\u010diuoti).<br \/> \u2022 I&scaron;siregistravimas i&scaron; vie&scaron;bu\u010dio.<br \/> - Sightseeing tour of Singapore.<br \/> \u2022 Po ekskursijos vykstame \u012f Kval\u0105 Lump\u016br\u0105 (Malaizija).<br \/> \u2022 \u012esik\u016brimas vie&scaron;butyje.<br \/> - Recreation.<br \/> \u2022 Nakvyn\u0117 vie&scaron;butyje.<\/p>\n<p>Singap\u016bras (pa\u017eod\u017eiui i&scaron;vertus \u201eLi\u016bto miestas\u201c) \u2013 vienas saugiausi\u0173 ir labiausiai ap\u017eeldint\u0173 miest\u0173 visame pasaulyje. Jis d\u017eiugina ak\u012f savo grynumu, gro\u017eiu ir puo&scaron;numu, o auk&scaron;tas gyvenimo lygis atsiveria komforto ir r\u016bpes\u010dio vietiniams gyventojams aprai&scaron;komis. Singap\u016bro istorija nenustoja stebinti, jo dabartis d\u017eiugina, o ateitis intriguoja; &scaron;is miestas-valstyb\u0117 lyg viesulas pulsuoja gyvybe ir am\u017eiams i&scaron;lieka savo sve\u010di\u0173 &scaron;irdyse.<\/p>\n<p><strong>Day 4 <\/strong><\/p>\n<p>\u2022 Pusry\u010diai vie&scaron;butyje (perkant ekskursij\u0173 paket\u0105 pusry\u010diai \u012fskai\u010diuoti).<br \/> \u2022 Ap\u017evalgin\u0117 ekskursija po Kval\u0105 Lump\u016br\u0105.<br \/> - Free time after the excursion.<br \/> \u2022 Laisvas laikas arba pageidaujantiems \u2013 ekskursija \u012f Batu urvus ir Kvala Selangor\u0105 (jonvabali\u0173 ferm\u0105 ir be\u017ed\u017eioni\u0173 kaln\u0105) (papildomas mokestis \u2013 75\u20ac\/asm, laivo bilietai ir vakarien\u0117 \u012fskai\u010diuoti, \u012f\u0117jimo bilietai \u012f Batu urvus apmokami atskirai).<br \/> \u2022 Gr\u012f\u017eimas \u012f vie&scaron;but\u012f.<br \/> - Recreation.<br \/> \u2022 Nakvyn\u0117 vie&scaron;butyje.<\/p>\n<p>Ap\u017evalgin\u0117 ekskursija po Kvala Lump\u016br\u0105 suteikia puiki\u0105 prog\u0105 ne tik pasim\u0117gauti gra\u017eiausiais Malaizijos sostin\u0117s vaizdais, bet ir susipa\u017einti su Malaizijos finansinio, socialinio ir politinio gyvenimo ypatumais, susipa\u017einti su vietos papro\u010diais ir tradicijomis bei paragauti skaniausi\u0173 vietin\u0117s virtuv\u0117s delikates\u0173.<\/p>\n<p>Me\u010det\u0117s, dangorai\u017eiai, bok&scaron;tai-mil\u017einai, televizijos bok&scaron;tas, ne\u012fsivaizduojamas \u017emoni\u0173 skai\u010dius \u2013 Kvala Lump\u016bras yra ne\u012ftik\u0117tinas miestas, si\u016blantis nei&scaron;semiam\u0105 gausyb\u0119 nepamir&scaron;tamiausi\u0173 \u012fsp\u016bd\u017ei\u0173.<\/p>\n<p>Po pa\u017einties su miestu \u2013 laisvas laikas arba apsilankymas Batu urvuose bei pa\u017eintin\u0117 kelion\u0117 \u012f Kvala Selangor\u0105 (jonvabali\u0173 ferm\u0105 ir be\u017ed\u017eioni\u0173 kaln\u0105) (papildomas mokestis \u2013 75 \u20ac\/asm. (kelion\u0117 laivu ir vakarien\u0117 \u012fskai\u010diuoti; \u012f\u0117jimo bilietai \u012f Batu urvus yra apmokami pa\u010di\u0173 keliautoj\u0173)).<\/p>\n<p>Batu urvai \u2013 vieni did\u017eiausi\u0173 urv\u0173 visame pasaulyje (pro kai kuriuos gali praskristi netgi straigtasparniai)! Angli&scaron;kai vadinam\u0173 Batu Caves viduje galima rasti hinduist\u0173 &scaron;ventykl\u0105 bei aplink besisukan\u010dius be\u017ed\u017eioni\u0173 pulkus.<\/p>\n<p>Toliau laukia kelion\u0117 \u012f Kvala Selangor\u0105, kur senojo forto teritorijoje, esan\u010dio ant Malakos s\u0105siaurio kranto, stovi \u012fsik\u016br\u0119s Bukit Malawati gamtos rezervatas. \u010cia gyvena mielos be\u017ed\u017eion\u0117l\u0117s (sidabriniai lang\u016brai), kuri\u0173 maitinimas taip pat yra ekskursin\u0117s programos dalis!<\/p>\n<p>Nepamir&scaron;tama ekskursijos pabaiga \u2013 \u012fsp\u016bdingas reginys jonvabali\u0173 rezervate. \u010cia sve\u010diai plaukioja plaustais Kvala Selangoro upe, kuri\u0105 tamsiu paros metu i&scaron; vis\u0173 pusi\u0173 magi&scaron;ka &scaron;viesa ap&scaron;vie\u010dia jonvabaliai. Tai i&scaron;ties nuostabus ir pasaki&scaron;kas reginys.<\/p>\n<p><strong>Day 5 <\/strong><\/p>\n<p>\u2022 Pusry\u010diai vie&scaron;butyje (perkant ekskursij\u0173 paket\u0105 pusry\u010diai \u012fskai\u010diuoti).<br \/> \u2022 I&scaron;siregistravimas i&scaron; vie&scaron;bu\u010dio.<br \/> - Transfer to the airport.<br \/> \u2022 Skrydis: Kvala Lump\u016bras \u2013 Langkawi (privalomas mokestis \u2013 nuo 160 \u20ac\/asm, \u012fskai\u010diuotas rankinis baga\u017eas iki 7 kg ir registruotas baga\u017eas iki 15 kg).<br \/> \u2022 Atvykimas \u012f Langkawi sal\u0105.<br \/> \u2022 \u012esik\u016brimas vie&scaron;butyje.<br \/> - Recreation.<br \/> \u2022 Nakvyn\u0117 vie&scaron;butyje.<\/p>\n<p>Langkawi \u2013 pagrindin\u0117 Langkawi salyno sala. Sala gars\u0117ja nuostabiais balto sm\u0117lio papl\u016bdimiais, \u012fsp\u016bdingais gamtos vaizdais ir skaidrios j\u016bros horizontais. Sala yra pusiaujo klimato juostoje, tad \u010dia i&scaron;tisus metus vyrauja kar&scaron;ti ir saul\u0117ti orai (vidutin\u0117 oro temperat\u016bra +28\u00b0C, vidutin\u0117 vandens temperat\u016bra +26\u00b0C). \u010cia gausu \u017emogaus nepaliest\u0173 laukini\u0173 kra&scaron;tovaizd\u017ei\u0173, paslapting\u0173 urv\u0173 su stalaktitais ir stalagmitais bei mangrovi\u0173 s\u0105\u017ealyn\u0173. Gamtos apsuptyje namus yra rad\u0119 ir unikal\u016bs raudon\u0173 plyt\u0173 spalvos ereliai, kurie yra tap\u0119 oficialiu Langkawi salos simboliu.<\/p>\n<p><strong>Day 6 <\/strong><\/p>\n<p>\u2022 Pusry\u010diai vie&scaron;butyje (perkant ekskursij\u0173 paket\u0105 pusry\u010diai \u012fskai\u010diuoti).<br \/> \u2022 Ekskursin\u0117 i&scaron;vyka po Langkawi sal\u0105 (\u012f\u0117jimo bilietai apmokami papildomai: krokodil\u0173 ferma ~ 45 MYR, vaisi\u0173 sodas ~ 30 MYR).<br \/> - Free time after the tour.<br \/> \u2022 Gr\u012f\u017eimas \u012f vie&scaron;but\u012f.<br \/> - Recreation.<br \/> \u2022 Nakvyn\u0117 vie&scaron;butyje.<\/p>\n<p>Langkawi poluliariausia sala poilsiui, tod\u0117l labai svarbu susipa\u017einti ir su salos \u201e\u012f\u017eymyb\u0117mis\u201c. Ekskursijos metu pasigro\u017e\u0117sime salos panorama. Adrenalino m\u0117g\u0117jai gal\u0117s pasivaik&scaron;\u010dioti \u017eymiuoju \u201eDangaus tiltu\u201c, pastatytu Gungung Mat Chinchang vir&scaron;ukaln\u0117je. V\u0117liau vyksime prie vieno i&scaron; gra\u017eiausi\u0173 kriokli\u0173 Malaizijoje \u2013 Temurun.<\/p>\n<p>Langkawi krokodil\u0173 ferma yra viena did\u017eiausi\u0173 visame pasaulyje: \u010dia gyvena did\u017eiuliai aligatoriai bei nedidukai kaimanai. I&scaron; \u010dia keliai veda ir \u012f \u012fsp\u016bding\u0105 vaisi\u0173 sod\u0105, kuriame sve\u010diai turi galimyb\u0119 paragauti skaniausi\u0173 Malaizijos vaisi\u0173 tiesiai nuo med\u017ei\u0173 &scaron;ak\u0173.<\/p>\n<p>Toliau laukia ir nuostabus Kuah miestel\u012f, kurio pagrindin\u0117je aik&scaron;t\u0117je stovi i&scaron;kil\u0119s didingas miesto akcentas, visos salos simbolis \u2013 rausvai rudas erelis. B\u016btent j\u012f mato visi sve\u010diai, atvykstantys \u012f vietin\u012f j\u016br\u0173 uost\u0105 i&scaron; Tailando bei kaimynin\u0117s Penango salos (\u012f\u0117jimo bilietai apmokami atskirai ~ 40 \u20ac\/asm).<\/p>\n<p><strong>Day 7 <\/strong><\/p>\n<p>\u2022 Pusry\u010diai vie&scaron;butyje (perkant ekskursij\u0173 paket\u0105 pusry\u010diai \u012fskai\u010diuoti).<br \/> - Free day.<br \/> - Relax by the sea.<br \/> \u2022 Pageidaujantiems \u2013 ekskursin\u0117 i&scaron;vyka po Langkawi salas (papildomas mokestis &#8211; 69 \u20ac\/asm, \u012f kain\u0105 \u012fskai\u010diuotas \u012f\u0117jimo bilietas prie e\u017eero, i&scaron;vyka laivu, piet\u016bs-BBQ. Minimalus keliautoj\u0173 skai\u010dius \u2013 20 \u017em.).<br \/> \u2022 Gr\u012f\u017eimas \u012f vie&scaron;but\u012f.<br \/> - Recreation.<br \/> \u2022 Nakvyn\u0117 vie&scaron;butyje.<\/p>\n<p>Pulau Dayang Bunting sala (dar \u017einoma kaip \u201eN\u0117&scaron;\u010dios Mergel\u0117s\u201c sala), kurios centre banguoja \u017eydras g\u0117lo vandens e\u017eeras, panir\u0119s \u012f d\u017ei\u016bngli\u0173 \u017ealum\u0105 ir i&scaron; vis\u0173 pusi\u0173 apsuptas uol\u0173. Tai gaivus e\u017eeras, kadaise susiformav\u0119s i&scaron; &scaron;altini\u0173 ir lietaus vandens. O savo pavadinim\u0105 sala \u012fgavo d\u0117l unikali\u0173 kont\u016br\u0173, kuriuose galima \u012f\u017ei\u016br\u0117ti ant nugaros gulin\u010dios n\u0117&scaron;\u010dios moters form\u0105.<\/p>\n<p>Netoliese atplaukian\u010di\u0173 laukia ir \u201edid\u017eiojo li\u016bto\u201c sala, o pakeliui keliautojai gali steb\u0117ti, kaip yra matinami laukiniai ereliai. \u201eRy\u017ei\u0173\u201c saloje keliautojai stabteli pietums, maudyn\u0117ms ir poilsiui papl\u016bdimyje.<\/p>\n<p><strong>Day 8 <\/strong><\/p>\n<p>\u2022 Pusry\u010diai vie&scaron;butyje (perkant ekskursij\u0173 paket\u0105 pusry\u010diai \u012fskai\u010diuoti).<br \/> - Free day.<br \/> \u2022 Nakvyn\u0117 vie&scaron;butyje.<\/p>\n<p><strong>Day 9 <\/strong><\/p>\n<p>\u2022 Pusry\u010diai vie&scaron;butyje (perkant ekskursij\u0173 paket\u0105 pusry\u010diai \u012fskai\u010diuoti).<br \/> - Free day.<br \/> \u2022 Nakvyn\u0117 vie&scaron;butyje.<\/p>\n<p><strong>Day 10 <\/strong><\/p>\n<p>\u2022 Pusry\u010diai vie&scaron;butyje (perkant ekskursij\u0173 paket\u0105 pusry\u010diai \u012fskai\u010diuoti).<br \/> - Free day.<br \/> - Relax by the sea.<br \/> \u2022 Pageidaujantiems \u2013 antroje dienos pus\u0117je ekskursin\u0117 i&scaron;vyka \u012f Kilim draustin\u012f ir mangrovi\u0173 d\u017eiungles (papildomas mokestis \u2013 69 \u20ac\/asm. + \u012f\u0117jimo bilietai: urvai ~2 MYR, \u017eibintai ~ 1 MYR, be\u017ed\u017eioni\u0173 maistas ~ 5 MYR u\u017e pakuot\u0119).<br \/> \u2022 Gr\u012f\u017eimas \u012f vie&scaron;but\u012f.<br \/> - Recreation.<br \/> \u2022 Nakvyn\u0117 vie&scaron;butyje.<\/p>\n<p>Mangrovi\u0173 d\u017eiungl\u0117s yra bene labiausiai stulbinanti Kilim draustinio atrakcija. Atosl\u016bgio metu unikalioje vietos ekosistemoje atsiverio plikos augmenijos &scaron;aknys, kuriose be\u017ed\u017eion\u0117s ir kiti gyv\u016bnai klajoja ie&scaron;kodami maisto. Ekskursij\u0173 met\u0173 lankytojai turi galimyb\u0119 steb\u0117ti pamaitinti erelius ir be\u017ed\u017eiones bei steb\u0117ti j\u0173 gyvenim\u0105 nat\u016bralioje j\u0173 buvein\u0117je. Toliau sve\u010di\u0173 laukia kelion\u0117s valtimis \u012f senovinius urvus, o papietavus \u017euv\u0173 \u016bkyje \u012f ilgus pasivaik&scaron;\u010diojimus traukia &scaron;iaurin\u0117 salos pakrant\u0117.<\/p>\n<p><strong>Day 11 <\/strong><\/p>\n<p>\u2022 Pusry\u010diai vie&scaron;butyje (perkant ekskursij\u0173 paket\u0105 pusry\u010diai \u012fskai\u010diuoti).<br \/> - Relax by the sea.<br \/> \u2022 Nakvyn\u0117 vie&scaron;butyje.<\/p>\n<p><strong>Day 12 <\/strong><\/p>\n<p>\u2022 Pusry\u010diai vie&scaron;butyje (perkant ekskursij\u0173 paket\u0105 pusry\u010diai \u012fskai\u010diuoti).<br \/> - Relax by the sea.<br \/> \u2022 Nakvyn\u0117 vie&scaron;butyje.<\/p>\n<p><strong>Day 13 <\/strong><\/p>\n<p>\u2022 Pusry\u010diai vie&scaron;butyje (perkant ekskursij\u0173 paket\u0105 pusry\u010diai \u012fskai\u010diuoti).<br \/> \u2022 I&scaron;siregistravimas i&scaron; vie&scaron;bu\u010dio.<br \/> - Transfer to the airport.<br \/> - Check-in.<br \/> \u2022 Skrydis: Langkawi \u2013 Singap\u016bras (privalomas mokestis \u2013 nuo 160 \u20ac\/asm., baga\u017eas \u012fskai\u010diuotas).<br \/> - Arrive in Singapore.<br \/> \u2022 Perve\u017eimas \u012f vie&scaron;but\u012f.<br \/> \u2022 \u012esik\u016brimas vie&scaron;butyje.<br \/> \u2022 Nakvyn\u0117 vie&scaron;butyje.<\/p>\n<p><strong>Day 14 <\/strong><\/p>\n<p>\u2022 Pusry\u010diai vie&scaron;butyje (perkant ekskursij\u0173 paket\u0105 pusry\u010diai \u012fskai\u010diuoti).<br \/> \u2022 I&scaron;siregistravimas i&scaron; vie&scaron;bu\u010dio.<br \/> \u2022 Vakarin\u0117 ekskursija po Singap\u016br\u0105.<br \/> \u2022 Po ekskursijos perve\u017eimas \u012f Singap\u016bro oro uost\u0105.<br \/> - Check-in.<br \/> \u2022 Skrydis: Singap\u016bras \u2013 Stambulas.<\/p>\n<p><strong>Day 15 <\/strong><\/p>\n<p>- Arrival in Istanbul.<br \/> \u2022 Skrydis: Stambulas \u2013 Ryga.<br \/> - Arrival in Riga.<\/p>","protected":false},"excerpt":{"rendered":"<p>D\u0116MESIO! REIKALAVIMAI VYKSTANT \u012e KELION\u0118: Visi atvykstantys \u012f Singap\u016br\u0105, privalo ne anks\u010diau nei prie&scaron; 3 dienas iki atvykimo savaranki&scaron;kai u\u017epildy&#8230;<\/p>","protected":false},"featured_media":11843,"comment_status":"open","ping_status":"closed","template":"","meta":{"om_disable_all_campaigns":false,"_monsterinsights_skip_tracking":false,"_monsterinsights_sitenote_active":false,"_monsterinsights_sitenote_note":"","_monsterinsights_sitenote_category":0},"product_brand":[],"product_cat":[669],"product_tag":[],"class_list":{"0":"post-12607","1":"product","2":"type-product","3":"status-publish","4":"has-post-thumbnail","6":"product_cat-keliones","8":"first","9":"instock","10":"virtual","11":"taxable","12":"purchasable","13":"product-type-simple"},"aioseo_notices":[],"_links":{"self":[{"href":"https:\/\/www.atravel.lt\/en\/wp-json\/wp\/v2\/product\/12607","targetHints":{"allow":["GET"]}}],"collection":[{"href":"https:\/\/www.atravel.lt\/en\/wp-json\/wp\/v2\/product"}],"about":[{"href":"https:\/\/www.atravel.lt\/en\/wp-json\/wp\/v2\/types\/product"}],"replies":[{"embeddable":true,"href":"https:\/\/www.atravel.lt\/en\/wp-json\/wp\/v2\/comments?post=12607"}],"wp:featuredmedia":[{"embeddable":true,"href":"https:\/\/www.atravel.lt\/en\/wp-json\/wp\/v2\/media\/11843"}],"wp:attachment":[{"href":"https:\/\/www.atravel.lt\/en\/wp-json\/wp\/v2\/media?parent=12607"}],"wp:term":[{"taxonomy":"product_brand","embeddable":true,"href":"https:\/\/www.atravel.lt\/en\/wp-json\/wp\/v2\/product_brand?post=12607"},{"taxonomy":"product_cat","embeddable":true,"href":"https:\/\/www.atravel.lt\/en\/wp-json\/wp\/v2\/product_cat?post=12607"},{"taxonomy":"product_tag","embeddable":true,"href":"https:\/\/www.atravel.lt\/en\/wp-json\/wp\/v2\/product_tag?post=12607"}],"curies":[{"name":"wp","href":"https:\/\/api.w.org\/{rel}","templated":true}]}}