{"id":12606,"date":"2026-03-21T15:44:43","date_gmt":"2026-03-21T13:44:43","guid":{"rendered":"https:\/\/www.atravel.lt\/produktas\/singapuras-malaizija-su-poilsiu-labuan-ir-borneo-salose-17-d-skrydis-is-rygos\/"},"modified":"2026-03-21T15:44:43","modified_gmt":"2026-03-21T13:44:43","slug":"singapuras-malaizija-su-poilsiu-labuan-ir-borneo-salose-17-d-skrydis-is-rygos","status":"publish","type":"product","link":"https:\/\/www.atravel.lt\/en\/product\/singapuras-malaizija-su-poilsiu-labuan-ir-borneo-salose-17-d-skrydis-is-rygos\/","title":{"rendered":"Singap\u016bras &#8211; Malaizija su poilsiu Labuan ir Borneo salose 17 d. (skrydis i\u0161 Rygos)"},"content":{"rendered":"<h3 style=\"margin-bottom:8px;text-align:center\"><span style=\"font-size:20px\"><span><span style=\"font-weight:500\"><span style=\"line-height:1.2\"><span style=\"text-shadow:#000000 1px 1px 1px !important\"><span style=\"text-transform:uppercase !important\"><span style=\"color:#b58129 !important\"><span style=\"font-family:Nunito, sans-serif\"><span style=\"font-style:normal\"><span><span style=\"white-space:normal\"><span><span><span><span><span><span style=\"color:#e74c3c\"><strong style=\"font-weight:bolder\">D\u0116MESIO! REIKALAVIMAI VYKSTANT \u012e KELION\u0118:<\/strong><\/span><\/span><\/span><\/span><\/span><\/span><\/span><\/span><\/span><\/span><\/span><\/span><\/span><\/span><\/span><\/span><\/span><\/h3>\n<p><span style=\"font-size:16px\"><span style=\"color:#e74c3c\"><strong>1. Visi atvykstantys \u012f Singap\u016br\u0105, privalo ne anks\u010diau nei prie&scaron; 3 dienas iki atvykimo savaranki&scaron;kai u\u017epildyti ir pateikti elektronin\u0119 sveikatos deklaracij\u0105 &#8211; <a href=\"https:\/\/eservices.ica.gov.sg\/sgarrivalcard\/\">Singapore Arrival Card (SGAC)<\/a>.<\/strong><\/span><\/span><\/p>\n<p><strong><span style=\"font-size:16px\"><span style=\"color:#e74c3c\">2. Visi atvykstantys \u012f Malaizij\u0105 privalo u\u017epildyt atvykimo deklaracij\u0105 &#8211; <a href=\"https:\/\/imigresen-online.imi.gov.my\/mdac\/main\">MalaysIa Digital Arrival Card (MDAC)<\/a> (DEKLARACIJ\u0104 GALIMA PRAD\u0116TI PILDYTI LIKUS 3 DIENOMS IKI ATVYKIMO \u012e MALAIZIJ\u0104).<\/span><\/span><\/strong><\/p>\n<hr \/>\n<p><strong>1 day <\/strong><\/p>\n<p>- Arrival at Riga Airport.<br \/>\n\u2022 Skrydis: Ryga \u2013 Stambulas (~19:50-23:10).<br \/>\n- Arrival in Istanbul.<br \/>\n\u2022 Skrydis: Stambulas \u2013 Singap\u016bras (~02:05-17:55*).<\/p>\n<p><strong>Day 2 <\/strong><\/p>\n<p>- Arrive in Singapore.<br \/>\n\u2022 Perve\u017eimas \u012f vie&scaron;but\u012f.<br \/>\n\u2022 \u012esik\u016brimas 3* vie&scaron;butyje.<br \/>\n- Recreation.<br \/>\n\u2022 Nakvyn\u0117 vie&scaron;butyje.<\/p>\n<p><strong>Day 3 <\/strong><\/p>\n<p>\u2022 Pusry\u010diai vie&scaron;butyje (perkant ekskursij\u0173 paket\u0105 pusry\u010diai \u012fskai\u010diuoti).<br \/>\n\u2022 I&scaron;siregistravimas i&scaron; vie&scaron;bu\u010dio.<br \/>\n- Sightseeing tour of Singapore.<br \/>\n- We're on our way to Kuala Lumpur (Malaysia).<br \/>\n- Arrive in Kuala Lumpur.<br \/>\n\u2022 \u012esik\u016brimas vie&scaron;butyje.<br \/>\n\u2022 Nakvyn\u0117 vie&scaron;butyje.<\/p>\n<p>Singap\u016bras (pa\u017eod\u017eiui i&scaron;vertus \u201eLi\u016bto miestas\u201c) \u2013 vienas saugiausi\u0173 ir labiausiai ap\u017eeldint\u0173 miest\u0173 visame pasaulyje. Jis d\u017eiugina ak\u012f savo grynumu, gro\u017eiu ir puo&scaron;numu, o auk&scaron;tas gyvenimo lygis atsiveria komforto ir r\u016bpes\u010dio vietiniams gyventojams aprai&scaron;komis. Singap\u016bro istorija nenustoja stebinti, jo dabartis d\u017eiugina, o ateitis intriguoja; &scaron;is miestas-valstyb\u0117 lyg viesulas pulsuoja gyvybe ir am\u017eiams i&scaron;lieka savo sve\u010di\u0173 &scaron;irdyse.<\/p>\n<p><strong>Day 4 <\/strong><\/p>\n<p>\u2022 Pusry\u010diai vie&scaron;butyje (perkant ekskursij\u0173 paket\u0105 pusry\u010diai \u012fskai\u010diuoti).<br \/>\n- Sightseeing tour of Kuala Lumpur.<br \/>\n\u2022 Laisvas laikas arba pageidaujantiems \u2013 ekskursija \u012f Batu urvus ir Kvala Selangor\u0105 (jonvabali\u0173 ferm\u0105 ir be\u017ed\u017eioni\u0173 kaln\u0105) (papildomas mokestis \u2013 75\u20ac\/asm, laivo bilietai ir vakarien\u0117 \u012fskai\u010diuoti, \u012f\u0117jimo bilietai \u012f Batu urvus apmokami atskirai).<br \/>\n\u2022 Sugr\u012f\u017etame \u012f vie&scaron;but\u012f.<br \/>\n- Recreation.<br \/>\n\u2022 Nakvyn\u0117 vie&scaron;butyje.<\/p>\n<p>Ap\u017evalgin\u0117 ekskursija po Kvala Lump\u016br\u0105 suteikia puiki\u0105 prog\u0105 ne tik pasim\u0117gauti gra\u017eiausiais Malaizijos sostin\u0117s vaizdais, bet ir susipa\u017einti su Malaizijos finansinio, socialinio ir politinio gyvenimo ypatumais, susipa\u017einti su vietos papro\u010diais ir tradicijomis bei paragauti skaniausi\u0173 vietin\u0117s virtuv\u0117s delikates\u0173.<\/p>\n<p>Me\u010det\u0117s, dangorai\u017eiai, bok&scaron;tai-mil\u017einai, televizijos bok&scaron;tas, ne\u012fsivaizduojamas \u017emoni\u0173 skai\u010dius \u2013 Kvala Lump\u016bras yra ne\u012ftik\u0117tinas miestas, si\u016blantis nei&scaron;semiam\u0105 gausyb\u0119 nepamir&scaron;tamiausi\u0173 \u012fsp\u016bd\u017ei\u0173.<\/p>\n<p>Po pa\u017einties su miestu \u2013 laisvas laikas arba apsilankymas Batu urvuose bei pa\u017eintin\u0117 kelion\u0117 \u012f Kvala Selangor\u0105 (jonvabali\u0173 ferm\u0105 ir be\u017ed\u017eioni\u0173 kaln\u0105) (papildomas mokestis \u2013 75 \u20ac\/asm. (kelion\u0117 laivu ir vakarien\u0117 \u012fskai\u010diuoti; \u012f\u0117jimo bilietai \u012f Batu urvus yra apmokami pa\u010di\u0173 keliautoj\u0173)).<\/p>\n<p>Batu urvai \u2013 vieni did\u017eiausi\u0173 urv\u0173 visame pasaulyje (pro kai kuriuos gali praskristi netgi straigtasparniai)! Angli&scaron;kai vadinam\u0173 Batu Caves viduje galima rasti hinduist\u0173 &scaron;ventykl\u0105 bei aplink besisukan\u010dius be\u017ed\u017eioni\u0173 pulkus.<\/p>\n<p>Toliau laukia kelion\u0117 \u012f Kvala Selangor\u0105, kur senojo forto teritorijoje, esan\u010dio ant Malakos s\u0105siaurio kranto, stovi \u012fsik\u016br\u0119s Bukit Malawati gamtos rezervatas. \u010cia gyvena mielos be\u017ed\u017eion\u0117l\u0117s (sidabriniai lang\u016brai), kuri\u0173 maitinimas taip pat yra ekskursin\u0117s programos dalis!<\/p>\n<p>Nepamir&scaron;tama ekskursijos pabaiga \u2013 \u012fsp\u016bdingas reginys jonvabali\u0173 rezervate. \u010cia sve\u010diai plaukioja plaustais Kvala Selangoro upe, kuri\u0105 tamsiu paros metu i&scaron; vis\u0173 pusi\u0173 magi&scaron;ka &scaron;viesa ap&scaron;vie\u010dia jonvabaliai. Tai i&scaron;ties nuostabus ir pasaki&scaron;kas reginys.<\/p>\n<p><strong>Day 5 <\/strong><\/p>\n<p>\u2022 Pusry\u010diai vie&scaron;butyje (perkant ekskursij\u0173 paket\u0105 pusry\u010diai \u012fskai\u010diuoti).<br \/>\n\u2022 Laisva diena Kvala Lump\u016bre.<br \/>\n\u2022 Nakvyn\u0117 vie&scaron;butyje.<\/p>\n<p><strong>Day 6 <\/strong><\/p>\n<p>\u2022 Ankstyvas i&scaron;siregistravimas i&scaron; vie&scaron;bu\u010dio.<br \/>\n- Transfer to the airport.<br \/>\n\u2022 Vidinis skrydis: Kvala Lump\u016bras &#8211; Labuan sala (privalomas mokestis u\u017e vidinius skryd\u017eius \u2013 nuo 100 \u20ac\/asm.).<br \/>\n\u2022 Atskridimas \u012f Labuan sal\u0105.<br \/>\n\u2022 Perve\u017eimas \u012f vie&scaron;but\u012f,<br \/>\n\u2022 \u012esik\u016brimas vie&scaron;butyje.<br \/>\n- Recreation.<br \/>\n\u2022 Nakvyn\u0117 vie&scaron;butyje.<\/p>\n<p>Labuan sala (Malaizija) &#8211; atogr\u0105\u017e\u0173 sala, kuri\u0105 skalauja Piet\u0173 Kinijos j\u016bros vandenys. Vidutin\u0117 oro temperat\u016bra Labuan saloje i&scaron;tisus metus siekia + 30 laipsni\u0173. Sala vilioja turistus savo balto sm\u0117lio papl\u016bdimiais, nardymu ir nardymo sportu, taip pat nebrangiais apsipirkimais, nes yra neapmokestinama prekybos zona.<\/p>\n<p><strong>Day 7 <\/strong><\/p>\n<p>\u2022 Pusry\u010diai vie&scaron;butyje (perkant ekskursij\u0173 paket\u0105 pusry\u010diai \u012fskai\u010diuoti).<br \/>\n- Relax by the sea.<br \/>\n- In the second half of the day, take a tour of Labuan Island.<br \/>\n\u2022 Sugr\u012f\u017etame \u012f vie&scaron;but\u012f.<br \/>\n- Recreation.<br \/>\n\u2022 Nakvyn\u0117 vie&scaron;butyje.<\/p>\n<p>Ekskursijos po sal\u0105 metu aplankysime Labuan muziej\u0173, kuriame susipa\u017einsime su jo istorija ir kult\u016bra, vietin\u0117mis tradicijomis ir kasybos metodais; Taikos parkas, pastatytas kaip memorialas siekiant neu\u017emir&scaron;ti ko&scaron;mari&scaron;kus karo \u012fvykius. Jo teritorijoje yra piliakalnis, nedideli sodai ir pav\u0117sin\u0117s, tvenkiniai ir tiltai.<br \/>\nWe'll stop at the largest Duty Free shop. We'll take a look at Kampung Air (Village on the Water), a complex of wooden houses, bridges and labyrinths; you'll have the chance to wander around and see a glimpse of normal Malaysian life.<\/p>\n<p><strong>Day 8 <\/strong><\/p>\n<p>\u2022 Pusry\u010diai vie&scaron;butyje (perkant ekskursij\u0173 paket\u0105 pusry\u010diai \u012fskai\u010diuoti).<br \/>\n- Free day.<br \/>\n\u2022 Pageidaujantiems si\u016blome ekskursin\u0119 i&scaron;vyk\u0105 \u012f Brun\u0117j\u0173 (papildomas mokestis \u2013 89 \u20ac\/asm. + ~40 \u20ac\/asm. u\u017e kelto biliet\u0105 arba perve\u017eim\u0105 autobusu i&scaron; Kota Kinabalu iki Brun\u0117jaus).<br \/>\n\u2022 Sugr\u012f\u017etame \u012f vie&scaron;but\u012f.<br \/>\n- Recreation.<br \/>\n\u2022 Nakvyn\u0117 vie&scaron;butyje.<\/p>\n<p>Brun\u0117jaus sultonatas &#8211; valstyb\u0117, esanti &scaron;iaurin\u0117je Borneo salos pakrant\u0117je ir u\u017eimanti apie 1% salos teritorijos. Piln\u0105 pavadinim\u0105 \u201eNegara-Brunei Darussalam\u201c galima i&scaron;versti kaip \u201eBrun\u0117jus &#8211; pasaulio buvein\u0117\u201c. D\u0117l dideli\u0173 naftos ir duj\u0173 atsarg\u0173 ir kompetentingos sultono politikos paskirstytos pajamos i&scaron; j\u0173 gamybos ir perdirbimo Brun\u0117jus u\u017eima vien\u0105 i&scaron; pirmaujan\u010di\u0173 viet\u0173 pagal gyvenimo lyg\u012f regione.<\/p>\n<p>Aplankysime sultonato sostin\u0119 Bandar-Seri-Begawan miest\u0105, kuriame gausu kult\u016brini\u0173 objekt\u0173. Tarp j\u0173 did\u017eiausia me\u010det\u0117 &scaron;alyje D\u017eeimso Asro Hassanalas Bolkiahas, pavadintas Brun\u0117jaus sultono vardu, kuris valdonuo 1967 m. ir iki &scaron;iol. Puik\u016bs marmuriniai minaretai ir auksiniai kupolai, kuri\u0173 yra 29 (sultono eil\u0117s numeris dinastijos hierarchijoje), yra matomi i&scaron; beveik bet kurios miesto vietos. Pamatysime IstanNurulIman &#8211; sultono r\u016bmus-rezidencij\u0105, paskendusius prabangoje. R\u016bm\u0173 dekoravimui architektai negail\u0117jo marmuro ir aukso: tauri\u0173j\u0173 metal\u0173 apdaila yra net ant pa\u010di\u0173 nereik&scaron;mingiausi\u0173 element\u0173, toki\u0173 kaip dur\u0173 rankenos, lifto mygtukai, lang\u0173 r\u0117mai. Valdovo rezidencija i&scaron;tisus metus yra u\u017edaryta turistams ir tik pasibaigus musulmon\u0173 &scaron;vent\u0117i &#8211; Ramadanui, sultonas atveria r\u016bm\u0173 duris. Aplankysime Omar Ali Sayfuddin me\u010det\u0119 &#8211; pagrindin\u0119 &scaron;alies me\u010det\u0119, pavadint\u0105 28-ojo Brunejaus sultono vardu. Tai yra pagrindinis valstyb\u0117s simbolis ir viena gra\u017eiausi\u0173 me\u010de\u010di\u0173 visame Azijos ir Ramiojo vandenyno regione. Be d\u0117mesio neliks irpagrindinis Brun\u0117jaus muziejus &#8211; karali&scaron;k\u0173j\u0173 regalij\u0173 muziejus, kuriame surinkti eksponatai, susij\u0119 su karali&scaron;k\u0173j\u0173 ceremonij\u0173 rengimu.<\/p>\n<p><strong>Day 9 <\/strong><\/p>\n<p>\u2022 Pusry\u010diai vie&scaron;butyje (perkant ekskursij\u0173 paket\u0105 pusry\u010diai \u012fskai\u010diuoti).<br \/>\n- Free day.<br \/>\n\u2022 Nakvyn\u0117 vie&scaron;butyje.<\/p>\n<p><strong>Day 10 <\/strong><\/p>\n<p>\u2022 Pusry\u010diai vie&scaron;butyje (perkant ekskursij\u0173 paket\u0105 pusry\u010diai \u012fskai\u010diuoti).<br \/>\n\u2022 I&scaron;siregistravimas i&scaron; vie&scaron;bu\u010dio.<br \/>\n\u2022 Vykstame \u012f Kota Kinabalu (papildomai apmokamas perve\u017eimas autobusu ir kelto bilietas ~ 15 \u20ac\/asm.).<br \/>\n- Arrive in Kota Kinabalu.<br \/>\n\u2022 \u012esik\u016brimas vie&scaron;butyje.<br \/>\n- Recreation.<br \/>\n\u2022 Nakvyn\u0117 vie&scaron;butyje.<\/p>\n<p><strong>Day 11<\/strong><\/p>\n<p>\u2022 Pusry\u010diai vie&scaron;butyje (perkant ekskursij\u0173 paket\u0105 pusry\u010diai \u012fskai\u010diuoti).<br \/>\n- Free day.<br \/>\n\u2022 Pageidaujantiems si\u016blome perve\u017eim\u0105 \u012f Manukan sal\u0105 (papildomas mokestis \u2013 nuo 25 \u20ac\/asm., kaina priklauso nuo norin\u010di\u0173j\u0173 skai\u010diaus).<br \/>\n- We return to Kota Kinabalu.<br \/>\n- Sightseeing tour of Kota Kinabalu.<br \/>\n\u2022 Sugr\u012f\u017etame \u012f vie&scaron;but\u012f.<br \/>\n\u2022 Nakvyn\u0117 vie&scaron;butyje.<\/p>\n<p>Manukan sala &#8211; viena i&scaron; 5 sal\u0173, sudaran\u010di\u0173 Tunka Abdul Rahman nacionalin\u012f j\u016br\u0173 park\u0105. Jis \u012fsik\u016br\u0119s vos 5 km nuo Kota Kinabalu prieplaukos ir yra populiarus tarp turist\u0173 ir vietini\u0173 gyventoj\u0173; ir nenuostabu, nes papl\u016bdimiai su palm\u0117mis ir baltu sm\u0117liu harmoningai derinami su skaidriu j\u016bros vandeniu, kuriame gyvena spalvingos \u012fvairi\u0173 spalv\u0173 ir dyd\u017ei\u0173 \u017euvys. Manukano sala yra puiki vieta maudytis &scaron;iltoje Piet\u0173 Kinijos j\u016broje ir degintis.<\/p>\n<p>Return to Kota Kinabalu. Sightseeing tour of the city.<\/p>\n<p>Kota Kinabalu (Malaizija) &#8211; Sabos sostin\u0117 ir pagrindinis uostamiestis, esantis Piet\u0173 Kinijos j\u016bros pakrant\u0117je, Borneo saloje. Miestas i&scaron;siskiria kontrastingumu ir \u012fvairove, nes jame yra malaj\u0173, kin\u0173 ir europieti&scaron;kos architekt\u016bros bruo\u017e\u0173.<\/p>\n<p>Ap\u017evalgin\u0117s ekskursijos metu i&scaron;vysime ne\u012fprast\u0105 112 metr\u0173 ilgio pastat\u0105, vadinam\u0105 Tun Mustafa bok&scaron;tu. Jis unikalus tuo, kad neturi atramos, ta\u010diau j\u012f laiko tik plieniniai strypai. I&scaron; keturi\u0173 pana&scaron;i\u0173 architekt\u016brini\u0173 statini\u0173 pasaulyje Tun Mustafa bok&scaron;tas yra auk&scaron;\u010diausias.<\/p>\n<p>Toliau aplankysime Poh Toh Szu &#8211; kin\u0173 budist\u0173 &scaron;ventykl\u0105, kurioje yra deiv\u0117s Kuan Yin statula, palaiminanti visus lankytojus, taip pat miesto me\u010det\u0119 Kota Kinabalu &#8211; modernios islamo architekt\u016bros pavyzd\u012f. Me\u010det\u0119 i&scaron; trij\u0173 pusi\u0173 supa vanduo, tod\u0117l ji buvo vadinama \u201epl\u016bduriuojan\u010diu me\u010dete-laivu\u201c.<\/p>\n<p>We'll visit the local Handicraft Market, full of souvenirs, handicrafts and other goods.<\/p>\n<p><strong>Day 12 <\/strong><\/p>\n<p>\u2022 Pusry\u010diai vie&scaron;butyje (perkant ekskursij\u0173 paket\u0105 pusry\u010diai \u012fskai\u010diuoti).<br \/>\n\u2022 Ekskursin\u0117 i&scaron;vyka \u012f etnin\u012f kaim\u0105 d\u017eiungl\u0117se (papildomai apmokami \u012f\u0117jimo bilietai \u012f etnin\u012f kaim\u0105 ~27 \u20ac\/asm.).<br \/>\n\u2022 Pageidaujantiems si\u016blome Safar\u012f-kruiz\u0105 Garam upe (papildomas mokestis \u2013 35 \u20ac\/asm.).<br \/>\n\u2022 Sugr\u012f\u017etame \u012f vie&scaron;but\u012f.<br \/>\n- Recreation.<br \/>\n\u2022 Nakvyn\u0117 vie&scaron;butyje.<\/p>\n<p>Vyksime \u012f etnin\u012f kaim\u0105. Kadaise ten gyveno \u201egalv\u0173\u201c med\u017eiotojai, vietin\u0117s gentys tur\u0117jo siaubing\u0105 tradicij\u0105 nukirsti prie&scaron;inink\u0173 galvas ir kabinti jas aplink savo namus, kad \u012fbaugint\u0173 prie&scaron;us. &Scaron;ios \u017eavios kelion\u0117s metu susipa\u017einsite su genties gyvenimu ir kult\u016bra, aplankysite j\u0173 namus, &scaron;audysite i&scaron; ginkl\u0173, i&scaron;moksite gaminti tradicinius patiekalus, taip pat pasigaminti ugn\u012f i&scaron; bambuko lazdeli\u0173. T\u0119sdami pa\u017eint\u012f, rasite spalving\u0105 &scaron;oki\u0173 &scaron;ou, kuriame gal\u0117site sudalyvauti.<\/p>\n<p>Renginio pabaigoje j\u016bs\u0173 lauks piet\u016bs, gal\u0117site paragauti vi&scaron;tienos, m\u0117sos, ry\u017ei\u0173, dar\u017eovi\u0173 ir vaisi\u0173 patiekal\u0173.<\/p>\n<p>Pageidaujantiems, si\u016blome Safari-kruiz\u0105 Garam upe (papildomas mokestis &#8211; 35 \u20ac).<\/p>\n<p>Mes plauksime motorine valtimi palei Garamos up\u0119, tekan\u010di\u0105 per d\u017eiungles. &Scaron;iose vietose gyvena Didnos\u0117s be\u017ed\u017eion\u0117s; pamatysime &scaron;iuos nuostabius gyv\u016bnus j\u0173 nat\u016bralioje aplinkoje ir i&scaron;girsime \u012fdomi\u0173 istorij\u0173 i&scaron; vadovo. Bet ne tik Didnos\u0117s be\u017ed\u017eion\u0117s gyvena up\u0117s krante, \u010dia taip pat galite rasti vandens buivol\u0173, makak\u0173 ir net krokodil\u0173.<\/p>\n<p>At the end of our tour, you'll have another short float down the river after dark.<\/p>\n<p><strong>Day 13 <\/strong><\/p>\n<p>\u2022 Pusry\u010diai vie&scaron;butyje (perkant ekskursij\u0173 paket\u0105 pusry\u010diai \u012fskai\u010diuoti).<br \/>\n\u2022 Ekskursin\u0117 i&scaron;vyka \u012f Kinabalu nacionalin\u012f park\u0105 (papildomai apmokami \u012f\u0117jimo bilietai ~ 20 \u20ac\/asm.).<br \/>\n\u2022 Sugr\u012f\u017etame \u012f vie&scaron;but\u012f.<br \/>\n\u2022 Nakvyn\u0117 vie&scaron;butyje.<\/p>\n<p>Kinabalu nacionalinis parkas &#8211; paplit\u0119s aplink to paties pavadinimo kaln\u0105, kurio auk&scaron;tis siekia ~ 4100 metr\u0173. Tai yra vienas auk&scaron;\u010diausi\u0173 ta&scaron;k\u0173 Pietry\u010di\u0173 Azijoje ir vienas i&scaron; pirm\u0173j\u0173 nacionalini\u0173 park\u0173 Malaizijoje. Kadangi didel\u0117je augal\u0173 ir gyv\u016bn\u0173 populiacijoje yra daugiau nei 4500 r\u016b&scaron;i\u0173 floros ir faunos, UNESCO \u012ftrauk\u0117 Kinabalu park\u0105 \u012f savo s\u0105ra&scaron;\u0105.<br \/>\nKelias \u012f park\u0105 truks apie 2 val., pakeliui sustosime Nebalu kaime, i&scaron; kurio atsiveria nuostab\u016bs vaizdai \u012f Kinabalu kaln\u0105. \u010cia gal\u0117site nusipirkti suvenyrus, kuriuos rankomis pagamino vietiniai meistrai.<\/p>\n<p>Pasivaik&scaron;\u010diojimas takais, nutiestais tarp d\u017eiungli\u0173, kartu su gaiviu kaln\u0173 oru ir gido pasakojimais apie keistus floros ir faunos atstovus, \u012fskaitant 50 cm ilgio mil\u017eini&scaron;kus kirminus, mus\u0117d\u017ei\u0173-lelij\u0173, ragasnapi\u0173 nieko nepaliks abejing\u0173. O pasivaik&scaron;\u010diojimas pakabintu tiltu, 30 metr\u0173 auk&scaron;tyje, \u012fkraus adrenalino ir prad\u017eiugins.<\/p>\n<p>Parke taip pat yra kar&scaron;t\u0173 &scaron;altini\u0173, kuriuose gausu vandenilio sulfido. Juos atrado Japonijos kari&scaron;kiai per Antr\u0105j\u012f pasaulin\u012f kar\u0105 ir jie buvo naudojami j\u0117goms atkurti po m\u016b&scaron;i\u0173. Dabar kiekvienas gali maudytis &scaron;iuose gydomuose vandenyse. Tur\u0117site galimyb\u0119 i&scaron;bandyti laisvu laiku.<\/p>\n<p>Ekskursijos pabaigoje pam\u0117ginsime parodyti jums nuostabiausi\u0105 parko gyventoj\u0105 &#8211; \u017eydin\u010di\u0105 rafflesia. Tai yra did\u017eiausia g\u0117l\u0117 planetoje, kai kuri\u0173 egzempliori\u0173 ilgis siekia 1 m. skersmens, o mas\u0117 yra daugiau nei 10 kg! Rafflesia neturi sezoni&scaron;kumo ir \u017eydi tik 4 dienas per metus, kad pamatytum\u0117te jos \u017eyd\u0117jim\u0105 jums turi labai pasisekti, ir visai tik\u0117tina, kad s\u0117km\u0117 mums nusi&scaron;ypsos.<\/p>\n<p><strong>Day 14 <\/strong><\/p>\n<p>\u2022 Pusry\u010diai vie&scaron;butyje (perkant ekskursij\u0173 paket\u0105 pusry\u010diai \u012fskai\u010diuoti).<br \/>\n- Free day.<br \/>\n\u2022 Nakvyn\u0117 vie&scaron;butyje.<\/p>\n<p><strong>Day 15 <\/strong><\/p>\n<p>\u2022 Pusry\u010diai vie&scaron;butyje (perkant ekskursij\u0173 paket\u0105 pusry\u010diai \u012fskai\u010diuoti).<br \/>\n\u2022 I&scaron;siregistravimas i&scaron; vie&scaron;bu\u010dio.<br \/>\n- Transfer to the airport.<br \/>\n- Check-in.<br \/>\n\u2022 Skrydis: Kota Kinabalu \u2013 Singap\u016bras (privalomas mokestis u\u017e vidinius skryd\u017eius \u2013 nuo 100 \u20ac\/asm.).<br \/>\n- Arrive in Singapore.<br \/>\n\u2022 Vykstame \u012f vie&scaron;but\u012f.<br \/>\n\u2022 \u012esik\u016brimas vie&scaron;butyje.<br \/>\n- Recreation.<br \/>\n\u2022 Nakvyn\u0117 vie&scaron;butyje.<\/p>\n<p><strong>16 diena <\/strong><\/p>\n<p>\u2022 Pusry\u010diai vie&scaron;butyje (perkant ekskursij\u0173 paket\u0105 pusry\u010diai \u012fskai\u010diuoti).<br \/>\n\u2022 I&scaron;siregistravimas i&scaron; vie&scaron;bu\u010dio.<br \/>\n\u2022 Pageidaujantiems si\u016blome vakarin\u0119 ekskursij\u0105 po Singap\u016br\u0105 (papildomas mokestis \u2013 45 \u20ac\/asm.).<br \/>\n- Transfer to the airport.<br \/>\n- Check-in.<br \/>\n\u2022 Skrydis: Singap\u016bras \u2013 Stambulas (~23:10-05:15*).<br \/>\n- Arrival in Istanbul.<\/p>\n<p><strong>17 diena<\/strong><\/p>\n<p>\u2022 Skrydis: Stambulas \u2013 Ryga (~07:05-10:10).<br \/>\n- Arrival in Riga.<\/p>","protected":false},"excerpt":{"rendered":"<p>D\u0116MESIO! REIKALAVIMAI VYKSTANT \u012e KELION\u0118: 1. Visi atvykstantys \u012f Singap\u016br\u0105, privalo ne anks\u010diau nei prie&scaron; 3 dienas iki atvykimo savaranki&scaron;kai u\u017epi&#8230;<\/p>","protected":false},"featured_media":11842,"comment_status":"open","ping_status":"closed","template":"","meta":{"om_disable_all_campaigns":false,"_monsterinsights_skip_tracking":false,"_monsterinsights_sitenote_active":false,"_monsterinsights_sitenote_note":"","_monsterinsights_sitenote_category":0},"product_brand":[],"product_cat":[669],"product_tag":[],"class_list":{"0":"post-12606","1":"product","2":"type-product","3":"status-publish","4":"has-post-thumbnail","6":"product_cat-keliones","8":"first","9":"instock","10":"virtual","11":"taxable","12":"product-type-simple"},"aioseo_notices":[],"_links":{"self":[{"href":"https:\/\/www.atravel.lt\/en\/wp-json\/wp\/v2\/product\/12606","targetHints":{"allow":["GET"]}}],"collection":[{"href":"https:\/\/www.atravel.lt\/en\/wp-json\/wp\/v2\/product"}],"about":[{"href":"https:\/\/www.atravel.lt\/en\/wp-json\/wp\/v2\/types\/product"}],"replies":[{"embeddable":true,"href":"https:\/\/www.atravel.lt\/en\/wp-json\/wp\/v2\/comments?post=12606"}],"wp:featuredmedia":[{"embeddable":true,"href":"https:\/\/www.atravel.lt\/en\/wp-json\/wp\/v2\/media\/11842"}],"wp:attachment":[{"href":"https:\/\/www.atravel.lt\/en\/wp-json\/wp\/v2\/media?parent=12606"}],"wp:term":[{"taxonomy":"product_brand","embeddable":true,"href":"https:\/\/www.atravel.lt\/en\/wp-json\/wp\/v2\/product_brand?post=12606"},{"taxonomy":"product_cat","embeddable":true,"href":"https:\/\/www.atravel.lt\/en\/wp-json\/wp\/v2\/product_cat?post=12606"},{"taxonomy":"product_tag","embeddable":true,"href":"https:\/\/www.atravel.lt\/en\/wp-json\/wp\/v2\/product_tag?post=12606"}],"curies":[{"name":"wp","href":"https:\/\/api.w.org\/{rel}","templated":true}]}}