{"id":12605,"date":"2026-03-21T15:44:43","date_gmt":"2026-03-21T13:44:43","guid":{"rendered":"https:\/\/www.atravel.lt\/produktas\/kelione-lektuvu-i-sveicarija-skrydis-is-vilniaus\/"},"modified":"2026-03-21T15:44:43","modified_gmt":"2026-03-21T13:44:43","slug":"kelione-lektuvu-i-sveicarija-skrydis-is-vilniaus","status":"publish","type":"product","link":"https:\/\/www.atravel.lt\/en\/product\/kelione-lektuvu-i-sveicarija-skrydis-is-vilniaus\/","title":{"rendered":"Kelion\u0117 l\u0117ktuvu \u012f \u0160veicarij\u0105 (skrydis i\u0161 Vilniaus)"},"content":{"rendered":"<h3 style=\"text-align: center\"><strong><span style=\"color:#e74c3c\">Kelion\u0117 organizuojama reisiniais skryd\u017eiais, tod\u0117l d\u0117l l\u0117ktuvo biliet\u0173 pabrangimo organizatorius gali atmesti rezervacij\u0105 arba pasi\u016blyti keliautojui priemok\u0105!<\/span><\/strong><\/h3>\n<hr \/>\n<p><strong>1 day <\/strong><\/p>\n<p>- Arrival at Vilnius Airport.<br \/> - Check-in.<br \/> \u2022 Skrydis: Vilniaus &#8211; Bergamo (Milanas).<br \/> \u2022 Atvykimas \u012f Bergamo.<br \/> \u2022 Ekskursin\u0117 i&scaron;vyka \u012f Lugan\u0105.<br \/> \u2022 Po ekskursijos vykstame \u012f vie&scaron;but\u012f.<br \/> \u2022 \u012esik\u016brimas vie&scaron;butyje.<br \/> \u2022 Nakvyn\u0117 vie&scaron;butyje.<\/p>\n<p>Luganas &#8211; nuostab\u016bs gamtos peiza\u017eai, miestas yra \u012fsik\u016br\u0119s ant Lugano e\u017eero ir yra apsuptas Alpi\u0173, tai puikus vandens ir kaln\u0173 vaizdo derinys. Lugano mieste yra daug senovini\u0173 r\u016bm\u0173, ba\u017eny\u010di\u0173, panoramini\u0173 ap\u017evalgos aik&scaron;teli\u0173 ir daug kit\u0173 \u012fdomi\u0173 viet\u0173.<\/p>\n<p><strong>Day 2 <\/strong><\/p>\n<p>\u2022 Pusry\u010diai vie&scaron;butyje (perkant ekskursij\u0173 paket\u0105 pusry\u010diai \u012fskai\u010diuoti).<br \/> - Free day.<br \/> \u2022 Pageidaujantiems si\u016blome ekskursin\u0119 i&scaron;vyk\u0105 \u201eReino krioklio, Bazelis, Ciurichas\u201c (papildomas mokestis \u2013 60 \u20ac\/asm.).<br \/> \u2022 Sugr\u012f\u017etame \u012f vie&scaron;but\u012f.<br \/> \u2022 Nakvyn\u0117 vie&scaron;butyje.<\/p>\n<p>Vykstame prie Reino kriokli\u0173 (papildomai apmokami \u012f\u0117jimo bilietai ~3 \u20ac\/asm.).<br \/> Gra\u017e\u016bs kra&scaron;tovaizd\u017eiai, galingas Reino krioklys, ne\u012ftik\u0117tinu grei\u010diu tekantis skaidraus vandens srautai, ore kylantys gaivumas ir gamtos didingumas ver\u010dia mus aik\u010dioti i&scaron; nuostabos. &Scaron;ie peiza\u017eai \u012fkv\u0117p\u0117 daugel\u012f poet\u0173 ir ra&scaron;ytoj\u0173, jie garantuos jums ger\u0105 nuotaik\u0105.<\/p>\n<p>Kita stotel\u0117 \u2013 Bazelio miestas.<br \/> Bazelis \u2013 miestas, turintis 2 t\u016bkst. met\u0173 istorij\u0105, \u012fsik\u016br\u0119s dviejuose Reino up\u0117s krantuose. \u012ekvepiantis, unikalus miestas, kuriame tikroji &scaron;veicari&scaron;ka kokyb\u0117 dera su kosmopoliti&scaron;kais gyventojais, gyvenan\u010diais Pranc\u016bzijos ir Vokietijos pasienyje. Bazelyje yra vienas geriausiai i&scaron;silaikiusi\u0173 ir gra\u017eiausi\u0173 viduram\u017ei\u0173 centr\u0173 Europoje, kuriame yra de&scaron;imtys muziej\u0173 ir galerij\u0173.<\/p>\n<p>Toliau vyksime \u012f Ciurich\u0105.<br \/> Ciurichas &#8211; miestas, kuriame yra vienas auk&scaron;\u010diausi\u0173 pragyvenimo lygi\u0173 pasaulyje. Tai did\u017eiausias &Scaron;veicarijos ekonominis ir kult\u016brinis centras, tuo pat metu d\u0117l unikalaus kra&scaron;tovaizd\u017eio ir architekt\u016bros derinio &#8211; vienas gra\u017eiausi\u0173 Europos miest\u0173. Jaukiai \u012fsik\u016br\u0119s tarp dviej\u0173 kaln\u0173, miestas pakyla &scaron;laitais su amfiteatru ir padalintas per pus\u0119 Limmato upe, atsiveria i&scaron; abiej\u0173 Ciuricho e\u017eero pusi\u0173 savo geriausiais fasadais. Puikiu oru vir&scaron; horizonto i&scaron;kyla &Scaron;veicarijos Alpi\u0173 panorama.<\/p>\n<p><strong>Day 3 <\/strong><\/p>\n<p>\u2022 Pusry\u010diai vie&scaron;butyje (perkant ekskursij\u0173 paket\u0105 pusry\u010diai \u012fskai\u010diuoti).<br \/> \u2022 Ekskursin\u0117 i&scaron;vyka \u012f Liucern\u0105.<br \/> - Free time.<br \/> \u2022 Pageidaujantiems si\u016blome ekskursin\u0119 i&scaron;vyk\u0105 prie kriokli\u0173 ir Interlaken\u0105 (papildomas mokestis \u2013 40 \u20ac\/asm.).<br \/> \u2022 Sugr\u012f\u017etame \u012f vie&scaron;but\u012f.<br \/> \u2022 Nakvyn\u0117 vie&scaron;butyje.<\/p>\n<p>Liucerna &#8211; pagrindinis centrin\u0117s &Scaron;veicarijos miestas. \u012esik\u016br\u0119s prie \u201eKeturi\u0173 Kanton\u0173\u201c e\u017eero ir yra apsuptas kalv\u0173 ir kaln\u0173. B\u016bdama geografiniu ir istoriniu &scaron;alies centru, kelis &scaron;imtme\u010dius ji buvo laikoma nepripa\u017einta &Scaron;veicarijos sostine.<\/p>\n<p>I&scaron;vyka prie Reichenbacho krioklio, \u012f \u012fsp\u016bding\u0105 Lauterbrunneno kriokli\u0173 sl\u0117n\u012f ir \u012f Interlaken\u0105 (papildomas mokestis \u2013 40 \u20ac\/asm.).<br \/> Sustosime prie Reichenbacho krioklio, garsaus d\u0117l &Scaron;erloko Holmso istorij\u0173, vyksime \u012f vaizding\u0105 Lauterbrunneno sl\u0117n\u012f, kuriame driekiasi de&scaron;imtys kriokli\u0173, ir pasivaik&scaron;\u010diosime po Interlaken\u0105 \u2013 vien\u0105 gra\u017eiausi\u0173 &Scaron;veicarijos kurort\u0173.<\/p>\n<p><strong>Day 4 <\/strong><\/p>\n<p>\u2022 Pusry\u010diai vie&scaron;butyje (perkant ekskursij\u0173 paket\u0105 pusry\u010diai \u012fskai\u010diuoti).<br \/> \u2022 I&scaron;siregistravimas i&scaron; vie&scaron;bu\u010dio.<br \/> \u2022 Ekskursin\u0117 i&scaron;vyka \u201eBernas-Vev\u0117-Montr\u0117- &Scaron;iljono pilis\u201c.<br \/> \u2022 Vykstame \u012f vie&scaron;but\u012f.<br \/> \u2022 \u012esik\u016brimas vie&scaron;butyje.<br \/> \u2022 Nakvyn\u0117 vie&scaron;butyje.<\/p>\n<p>I&scaron;vysite viduram\u017ei&scaron;k\u0105 Bern\u0105 su jo legendiniu Zytglogge bok&scaron;tu, pasivaik&scaron;\u010diosite jaukia Vev\u0117s pakrante, pajusite kurorto atmosfer\u0105 Montr\u0117 mieste ir pamatysite \u012fsp\u016bding\u0105 &Scaron;ijono pil\u012f \u017denevos e\u017eero pakrant\u0117je \u2013 vien\u0105 \u012fsp\u016bdingiausi\u0173 &Scaron;veicarijos tvirtovi\u0173.<\/p>\n<p><strong>Day 5 <\/strong><\/p>\n<p>\u2022 Pusry\u010diai vie&scaron;butyje (perkant ekskursij\u0173 paket\u0105 pusry\u010diai \u012fskai\u010diuoti).<br \/> \u2022 I&scaron;siregistravimas i&scaron; vie&scaron;bu\u010dio.<br \/> \u2022 Ekskursija po \u017denev\u0105.<br \/> \u2022 Vykstame link Bergamo.<br \/> \u2022 \u012esik\u016brimas vie&scaron;butyje.<br \/> \u2022 Nakvyn\u0117 vie&scaron;butyje.<\/p>\n<p>\u017deneva &#8211; antras pagal dyd\u012f &Scaron;veicarijos miestas, kuriame \u012fsik\u016brusios toki\u0173 svarbi\u0173 pasaulio organizacij\u0173, kaip \u201eTarptautin\u0117 Raudonojo Kry\u017eiaus draugija\u201c ir Jungtin\u0117s Tautos b\u016bstin\u0117, taip pat daugyb\u0117 nepaprasto gro\u017eio kaln\u0173 ir vandens kra&scaron;tovaizd\u017ei\u0173.<\/p>\n<p><strong>Day 6 <\/strong><\/p>\n<p>\u2022 Pusry\u010diai vie&scaron;butyje (perkant ekskursij\u0173 paket\u0105 pusry\u010diai \u012fskai\u010diuoti).<br \/> \u2022 I&scaron;siregistravimas i&scaron; vie&scaron;bu\u010dio.<br \/> - Transfer to the airport.<br \/> - Check-in.<br \/> \u2022 Skrydis: Bergamo (Milanas) \u2013 Vilnius.<br \/> \u2022 Atvykimas \u012f Vilni\u0173.<\/p>","protected":false},"excerpt":{"rendered":"<p>Kelion\u0117 organizuojama reisiniais skryd\u017eiais, tod\u0117l d\u0117l l\u0117ktuvo biliet\u0173 pabrangimo organizatorius gali atmesti rezervacij\u0105 arba pasi\u016blyti keliautojui priemok\u0105! 1&#8230;<\/p>","protected":false},"featured_media":11841,"comment_status":"open","ping_status":"closed","template":"","meta":{"om_disable_all_campaigns":false,"_monsterinsights_skip_tracking":false,"_monsterinsights_sitenote_active":false,"_monsterinsights_sitenote_note":"","_monsterinsights_sitenote_category":0},"product_brand":[],"product_cat":[669],"product_tag":[],"class_list":{"0":"post-12605","1":"product","2":"type-product","3":"status-publish","4":"has-post-thumbnail","6":"product_cat-keliones","8":"first","9":"instock","10":"virtual","11":"taxable","12":"purchasable","13":"product-type-simple"},"aioseo_notices":[],"_links":{"self":[{"href":"https:\/\/www.atravel.lt\/en\/wp-json\/wp\/v2\/product\/12605","targetHints":{"allow":["GET"]}}],"collection":[{"href":"https:\/\/www.atravel.lt\/en\/wp-json\/wp\/v2\/product"}],"about":[{"href":"https:\/\/www.atravel.lt\/en\/wp-json\/wp\/v2\/types\/product"}],"replies":[{"embeddable":true,"href":"https:\/\/www.atravel.lt\/en\/wp-json\/wp\/v2\/comments?post=12605"}],"wp:featuredmedia":[{"embeddable":true,"href":"https:\/\/www.atravel.lt\/en\/wp-json\/wp\/v2\/media\/11841"}],"wp:attachment":[{"href":"https:\/\/www.atravel.lt\/en\/wp-json\/wp\/v2\/media?parent=12605"}],"wp:term":[{"taxonomy":"product_brand","embeddable":true,"href":"https:\/\/www.atravel.lt\/en\/wp-json\/wp\/v2\/product_brand?post=12605"},{"taxonomy":"product_cat","embeddable":true,"href":"https:\/\/www.atravel.lt\/en\/wp-json\/wp\/v2\/product_cat?post=12605"},{"taxonomy":"product_tag","embeddable":true,"href":"https:\/\/www.atravel.lt\/en\/wp-json\/wp\/v2\/product_tag?post=12605"}],"curies":[{"name":"wp","href":"https:\/\/api.w.org\/{rel}","templated":true}]}}