{"id":12603,"date":"2026-03-21T15:44:43","date_gmt":"2026-03-21T13:44:43","guid":{"rendered":"https:\/\/www.atravel.lt\/produktas\/jungtines-amerikos-valstijos-vakarine-pakrante-11-d-skrydis-is-rygos\/"},"modified":"2026-03-21T15:44:43","modified_gmt":"2026-03-21T13:44:43","slug":"jungtines-amerikos-valstijos-vakarine-pakrante-11-d-skrydis-is-rygos","status":"publish","type":"product","link":"https:\/\/www.atravel.lt\/en\/product\/jungtines-amerikos-valstijos-vakarine-pakrante-11-d-skrydis-is-rygos\/","title":{"rendered":"Jungtin\u0117s Amerikos Valstijos &#8211; Vakarin\u0117 pakrant\u0117 11 d. (skrydis i\u0161 Rygos)"},"content":{"rendered":"<h3 style=\"margin-top: 16px;text-align: center\"><span style=\"font-size:18px\"><span style=\",serif\"><strong><span style=\"background:white\"><span style=\"color:red\">LR pilie\u010diams vykstant \u012f JAV yra reikalingas <\/span><\/span><\/strong><strong><span style=\"background:white\"><span style=\"color:red\"><span style=\"font-weight:normal\"><a href=\"https:\/\/esta.cbp.dhs.gov\/\" style=\"color:blue;text-decoration:underline\"><b>Elektroninis Leidimas (ESTA)<\/b><\/a><\/span><\/span><\/span><\/strong><strong><span style=\"background:white\"><span style=\"color:red\">, kuriuo keliautojai r\u016bpinasi savaranki&scaron;kai!<\/span><\/span><\/strong><\/span><\/span><\/h3>\n<hr \/>\n<p><strong>1 day <\/strong><\/p>\n<p>- Arrival at Riga Airport.<br \/> - Check-in.<br \/> \u2022 Skrydis: Ryga \u2013 Stambulas (~20:00-23:20)<br \/> \u2022 Atvykimas \u012f Stambul\u0105. <\/p>\n<p><strong>Day 2 <\/strong><\/p>\n<p>\u2022 Skrydis: Stambulas &#8211; Los And\u017eelas (~08:10-11:50).<br \/> \u2022 Atvykstame \u012f Los And\u017eel\u0105.<br \/> \u2022 Vykstame \u012f Las Vegas\u0105\/Las Vegaso apylinkes.<br \/> \u2022 \u012esik\u016brimas vie&scaron;butyje. <br \/> \u2022 Nakvyn\u0117 vie&scaron;butyje. <\/p>\n<p><strong>Day 3 <\/strong><\/p>\n<p>\u2022 Ekskursija po Las Vegas\u0105.<br \/> - Free time after the tour.<br \/> \u2022 Sugr\u012f\u017etame \u012f vie&scaron;but\u012f.<br \/> \u2022 Vakare pageidaujantiems si\u016blome ekskursin\u0119 i&scaron;vyk\u0105 po vakarin\u012f Las Vegas\u0105 (papildomas mokestis &#8211; 60 \u20ac\/asm.).<br \/> \u2022 Nakvyn\u0117 vie&scaron;butyje. <\/p>\n<p>Las Vegas &#8211; &scaron;vies\u0173 ir azarto miestas, garsus visame pasaulyje savo prabangiai vie&scaron;bu\u010diais ir kazino, koncertais ir ne\u012ftik\u0117tin\u0173 &scaron;ou programomis, pramogomis ir siau\u010dian\u010diais vakareliais. Vegase yra didingiausi ir did\u017eiausi kazino vie&scaron;bu\u010diai, kurie u\u017eima vietas did\u017eiausi\u0173 \u017dem\u0117s vie&scaron;bu\u010di\u0173 de&scaron;imtuke, tokie kaip, \u201eBellagio\u201c vie&scaron;butis, gars\u0117jantis muzikiniu fontanu, kuris tuo pa\u010diu metu leid\u017eia daugiau kaip 1000 vandens srovi\u0173, arba senov\u0117s rom\u0117n\u0173 stiliaus papuo&scaron;tas \u201eCesars Palace\u201c. Pagal statistik\u0105, vienam Vegaso gyventojui priklauso po vien\u0105 lo&scaron;imo automat\u0105, o 82% turist\u0173 bent kart\u0105 su\u017eaid\u017eia.<\/p>\n<p>Pa\u017eintinio poilsio gerb\u0117jai nebus palikti nuo&scaron;alyje \u2013 \u010dia yra labai daug muziej\u0173, pavyzd\u017eiui, Madame Tussauds va&scaron;ko muziejus (jo pagrindinis skirtumas nuo Londono filialo yra ekspozicija, skirta \u017evaig\u017ed\u0117ms, veikian\u010dioms vietos pramog\u0173 pramonei) arba Neono muziejus &#8211; pagrindinis miesto atributas, be kurio \u012fsivaizduoti Las Vegas\u0105 papras\u010diausiai ne\u012fmanoma.<\/p>\n<p>M\u016bs\u0173 kelion\u0117 prasideda netoli garsaus \u017eenklo \u201eSveiki atvyk\u0119 \u012f Las Vegas\u0105!\u201c prie \u012fva\u017eiavimo \u012f miest\u0105. &Scaron;\u012f lentel\u0117 laikui b\u0117gant tapo ant tiek populiari, kad kartais reikia atstov\u0117ti \u0117il\u0119, kad nusifotografuoti. Toliau nuva\u017eiuosime \u012f pagrindin\u0119 miesto gatv\u0119 &#8211; Las Vegase. Architekt\u0173 vaizduote, kurie pastat\u0117 &scaron;\u012f miest\u0105 su visais vie&scaron;bu\u010diais ir kazino, galima pavyd\u0117ti: Eifelio bok&scaron;tas ir Venecijos kanalai, taikiai bendraujantys su Sfinkso ir ultramoderniais pastatais. Ir, \u017einoma, mes pateksime \u012f Las Vegas\u0105, kur prasid\u0117jo jo istorija. Pa\u017evelgsime \u012f koply\u010dias, \u017einomas visame pasaulyje, kurios suteikia galimyb\u0119 susituokti \u010dia ir dabar.<\/p>\n<p>Vakare pageidaujantiems si\u016blome ekskursin\u0119 i&scaron;vyk\u0105 po vakarin\u012f Las Vegas\u0105 (papildomas mokestis 60 \u20ac\/asm.).<\/p>\n<p>Ekskursijos metu po vakarin\u012f Las Vegas\u0105 pamatysime prabangius vie&scaron;bu\u010dius ir kazino \u017einomus visame pasaulyje, pa\u017evelgsite \u012f &scaron;iuolaikinius grandiozinio masto objektus neonin\u0117se spalvose. Tokius kaip, \u201eLuxor Las Vegas\u201c, pastatytas kaip Egipto piramid\u0117, kurios auk&scaron;tis vir&scaron;ija 100 metr\u0173, kiekvien\u0105 nakt\u012f nuo vie&scaron;bu\u010dio atidarymo dienos, i&scaron; piramid\u0117s vir&scaron;aus atsiranda galingas &scaron;viesos spindulys, kur\u012f galima pamatyti net i&scaron; \u017dem\u0117s orbitos. Gal\u0117site dalyvauti vienoje i&scaron; daugelio kasdien organizuojam\u0173 &scaron;ou program\u0173, ir, \u017einoma, i&scaron;bandysite laim\u0119 praleid\u017eiant laik\u0105 m\u0117gstamame kazino.<\/p>\n<p><strong>Day 4 <\/strong><\/p>\n<p>- Free day.<br \/> \u2022 Pageidaujantiems si\u016blome ekskursin\u0119 i&scaron;vyk\u0105 \u012f Did\u012fj\u012f kanjon\u0105 (papildomas mokestis &#8211; 100 \u20ac\/asm. + \u012f\u0117jimo bilietas ~80 $\/asm.).<br \/> \u2022 Sugr\u012f\u017etame \u012f vie&scaron;but\u012f.<br \/> \u2022 Nakvyn\u0117 vie&scaron;butyje. <\/p>\n<p>Didysis kanjonas, \u012fsik\u016br\u0119s Arizonoje, yra did\u017eiausias ir vienas seniausi\u0173 kanjon\u0173 planetoje. Kanjonas gars\u0117ja savo dyd\u017eiu ir visi&scaron;kai pateisina savo pavadinim\u0105: jo ilgis apie 450 kilometr\u0173, plotis svyruoja nuo 6 iki 26 kilometr\u0173, o kai kuriose vietose gylis siekia net 1800 metr\u0173. Kolorado up\u0117, kuri yra jo kilm\u0117s &scaron;altinis, teka apa\u010dioje. Kanjono flora ir fauna, taip pat kaip ir jo klimatas, skirtingose dalyse skiriasi. \u010cia kaktusai ir dykumos staiga virsta mi&scaron;kais su ber\u017eais ir pu&scaron;imis. 1979 m. Kanjonas buvo \u012ftrauktas \u012f UNESCO Pasaulio paveldo s\u0105ra&scaron;\u0105. Ekskursijos metu j\u016bs\u0173 laukia nuostab\u016bs Did\u017eiojo kanjono ir Kolorado up\u0117s vaizdai, pamatysite in\u017einerijos pasiekim\u0105 &#8211; stiklin\u012f tilt\u0105 \u201eSkywalk\u201c, o dr\u0105siausi gal\u0117s pasivaik&scaron;\u010dioti stiklo pavir&scaron;iaus tiltu, tarsi ore (vaik&scaron;\u010diojimo tiltu kaina ~25 $).<\/p>\n<p><strong>Day 5 <\/strong><\/p>\n<p>\u2022 I&scaron;siregistravimas i&scaron; vie&scaron;bu\u010dio.<br \/> - Free day.<br \/> \u2022 Pageidaujantiems si\u016blome ekskursin\u0119 i&scaron;vyk\u0105 \u012f nacionalin\u012f park\u0105 \u201eUgnies sl\u0117nis\u201c (papildomas mokestis &#8211; 70 \u20ac\/asm. + \u012f\u0117jimo bilietas ~10 $\/asm.).<br \/> \u2022 Vykstame \u012f tranzitin\u012f vie&scaron;but\u012f.<br \/> \u2022 \u012esik\u016brimas vie&scaron;butyje.<br \/> \u2022 Nakvyn\u0117 vie&scaron;butyje. <\/p>\n<p>\u012esik\u016br\u0119s Mohavos dykumoje vos valand\u0105 nuo triuk&scaron;mingo Las Vegaso sl\u0117nio, nacionalinis \u201eUgnies sl\u0117nio\u201c parkas atkreipia keliautoj\u0173 d\u0117mes\u012f nuostabiomis raudonojo smiltainio fig\u016bromis, senesn\u0117mis nei 150 mln. met\u0173. Kanjonai ir uolos, arkos ir \u201esl\u0117nio\u201c nusileidimai turi skirtingus ugnies atspalvius: nuo terakotinio iki &scaron;viesiai ro\u017ein\u0117s spalvos. Sm\u0117lio akmens pavir&scaron;iaus tekst\u016bros, atsiradusios nuo atmosferos poveikio, yra tiesiog nuostabios, o \u201eugnin\u0117s bangos\u201c stebina vaizduot\u0119. Kosminiai parko kra&scaron;tovaizd\u017eiai sukuria jausm\u0105, kad pati gamta \u010dia suk\u016br\u0117 parod\u0105 po atviru dangumi. Visa tai ne\u012fmanoma apib\u016bdinti \u017eod\u017eiais, tai tiesiog reikia pamatyti!<\/p>\n<p><strong>Day 6 <\/strong><\/p>\n<p>\u2022 Ekskursija po Los And\u017eel\u0105.<br \/> \u2022 Sugr\u012f\u017etame \u012f vie&scaron;but\u012f.<br \/> \u2022 Nakvyn\u0117 vie&scaron;butyje. <\/p>\n<p>Los And\u017eelas arba angel\u0173 miestas &#8211; did\u017eiausias miestas Kalifornijoje ir antras pagal gyventoj\u0173 skai\u010di\u0173 JAV miestas. Miestas \u012fsik\u016br\u0119s tarp \u017eali\u0173j\u0173 kalv\u0173 begaliniuose papl\u016bdimiuose pietin\u0117je valstyb\u0117s dalyje. \u201cL.A.\u201c yra Amerikos kino ir televizijos pramon\u0117s sostin\u0117, populiari\u0173 papl\u016bdimi\u0173 ir apsipirkimo vieta, o taip pat Holivudo \u201e\u017evaig\u017ed\u017ei\u0173 med\u017eiokl\u0117s&#8221; arena.<\/p>\n<p>Populiariausias Los And\u017eelo rajonas yra Holivudas. Mil\u017eini&scaron;kas u\u017era&scaron;as \u201eHolivudas\u201c Mount-Lee kalno &scaron;laite yra matomas mieste beveik i&scaron; visur. Be abejo, \u017eenklas yra labiausiai atpa\u017e\u012fstamas u\u017era&scaron;as pasaulyje. Ne ma\u017eiau populiari vieta &#8211; Holivudo \u201e&Scaron;lov\u0117s al\u0117ja\u201c, kurioje &scaron;iandien yra daugiau nei 2500 varini\u0173 \u017evaig\u017ed\u017ei\u0173. Bendras al\u0117jos ilgis yra apie 18 kvartal\u0173. Joje pristatomos radijo ir teatro, garso \u012fra&scaron;\u0173 ir kino pramog\u0173 industrijos \u017evaig\u017ed\u0117s. \u201eBeverly Hills\u201c yra turtinga ir spalvinga erdv\u0117 vakarin\u0117je Los And\u017eelo pus\u0117je, kur kiekvienas jo kampelis yra prabangus. Garsioji elitini\u0173 parduotuvi\u0173 gatv\u0117 &#8211; \u201eRodeo Drive\u201c. Brang\u016bs automobiliai ir garsi\u0173 pasaulio preki\u0173 \u017eenkl\u0173 parduotuves, palm\u0117s ir saul\u0117 &#8211; jus persekios kiekviename \u017eingsnyje, o pasivaik&scaron;\u010diojimas p\u0117s\u010diomis primins kadrus i&scaron; film\u0173. \u201eSunset Boulevard\u201c &#8211; ilga, vingiuota gatv\u0117, prasidedanti miesto centre ir einanti per Holivud\u0105, Beverly Hills, Holmby Hills ir daugel\u012f kit\u0173 rajon\u0173. Populiariausia bulvaro dalis yra saul\u0117lyd\u017eio juosta. Joje daug brangi\u0173 restoran\u0173, naktini\u0173 klub\u0173 ir kavini\u0173. \u201eGriffith\u201c parkas, vadinamas miesto centriniu parku, kaip Niujorko parkas, \u012fsik\u016br\u0119s Los And\u017eelo centre ir turi did\u017eiul\u012f 1700 hektar\u0173 plot\u0105. Jo teritorijoje yra daug pramog\u0173, pavyzd\u017eiui, u\u017era&scaron;o \u201eHolivudas\u201c steb\u0117jimo vieta, \u201eGriffith\u201c planetariumas, observatorija, muziejai ir traukini\u0173 kopijos, taip pat vaik\u0173 atrakcionai.<\/p>\n<p><strong>Day 7 <\/strong><\/p>\n<p>\u2022 Vykstame \u012f San Dieg\u0105.<br \/> \u2022 Ekskursija po San Diego miest\u0105.<br \/> - Free time after the tour.<br \/> \u2022 Sugr\u012f\u017etame \u012f vie&scaron;but\u012f.<br \/> \u2022 Nakvyn\u0117 vie&scaron;butyje. <\/p>\n<p>Pietin\u0117je Kalifornijos dalyje, netoli Meksikos sienos, \u012fsik\u016br\u0119s saul\u0117tas San Diegas, apsuptas Ramiojo vandenyno nuo vakar\u0173 pus\u0117s. Jis pritraukia turistus savo sm\u0117lio papl\u016bdimiais, nuostabiu klimatu ir ry&scaron;kia saule. \u010cia beveik n\u0117ra lietaus, audr\u0173 ir tornado. Daug vaizding\u0173 papl\u016bdimi\u0173, kartu su didingu vandenynu, suteikia puikias galimybes ramiam poilsiui ir pramogoms.<\/p>\n<p>Ta\u010diau be papl\u016bdimi\u0173, mieste yra daugyb\u0117 pramog\u0173: \u201eCoronado\u201c tiltas bumerango formos, did\u017eiulis \u201eBalboa\u201c parkas, jungiantis teatrus, muziejus ir sporto objektus, garsus San Diego zoologijos sodas ir laivas \u201eIndijos \u017evaig\u017ed\u0117\u201c, kuris apiplauk\u0117 aplink pasaul\u012f. Vietoje, vadinamoje La Jolla Cove, gyvena ruoniai ir j\u016br\u0173 li\u016btai. Istoriniame centre vyrauja autenti&scaron;ka senovin\u0117 atmosfera, o gatv\u0117se vaik&scaron;\u010dioja pirm\u0173j\u0173 misionieri\u0173 apranga apsireng\u0119 aktoriai. Vaik&scaron;\u010diodami, gal\u0117site pamatyti, kaip atrod\u0117 pirmosios gyvenviet\u0117s.<\/p>\n<p><strong>Day 8 <\/strong><\/p>\n<p>- Free day.<br \/> \u2022 Pageidaujantiems si\u016blome ekskursij\u0105 po Beverli Hilso rajon\u0105 (papildomas mokestis &#8211; 90 \u20ac\/asm.).<br \/> \u2022 Nakvyn\u0117 vie&scaron;butyje. <\/p>\n<p>Sveiki atvyk\u0119 \u012f Beverli Hils\u0105 \u2013 legendin\u012f Los And\u017eelo rajon\u0105, prabangos, \u017eavesio ir Holivudo istorij\u0173 simbol\u012f!<\/p>\n<p>Ekskursijos metu pasivaik&scaron;\u010diosite garsiomis gatv\u0117mis, kuriose gyvena pasaulinio lygio kino \u017evaig\u017ed\u0117s, pamatysite \u012fsp\u016bdingas vilas ir su\u017einosite, kokias paslaptis slepia &scaron;ie kalnai. Va\u017eiuosite prabangia Rodeo Drive gatve \u2013 tikru rojum apsipirkimo m\u0117g\u0117jams, kur \u012fsik\u016br\u0119 garsiausi\u0173 pasaulio prek\u0117s \u017eenkl\u0173 butik\u0173 salonai, da\u017enai matomi kino filmuose. Pamatysite gars\u0173j\u012f vie&scaron;but\u012f Beverly Wilshire, kuriame buvo filmuojamas legendinis filmas \u201eGra\u017euol\u0117\u201c, bei presti\u017einius gyvenamuosius rajonus, kur kiekvienas namas \u2013 tarsi architekt\u016bros &scaron;edevras. Su\u017einosite, kurios Holivudo \u017evaig\u017ed\u0117s &scaron;iuo metu gyvena Beverli Hilse, kur vyksta slap\u010diausi vakar\u0117liai ir kod\u0117l &scaron;is rajonas tapo turto bei s\u0117km\u0117s sinonimu.<\/p>\n<p><strong>Day 9 <\/strong><\/p>\n<p>- Free day.<br \/> \u2022 Nakvyn\u0117 vie&scaron;butyje. <\/p>\n<p><strong>Day 10 <\/strong><\/p>\n<p>\u2022 I&scaron;siregistravimas i&scaron; vie&scaron;bu\u010dio.<br \/> \u2022 Vykstame \u012f Los And\u017eelo oro uost\u0105.<br \/> - Check-in.<br \/> \u2022 Skrydis: Los And\u017eelas \u2013 Stambulas (~14:05-13:15*). <\/p>\n<p><strong>Day 11 <\/strong><\/p>\n<p>\u2022 Atvykstame \u012f Stambulo oro uost\u0105.<br \/> \u2022 Skrydis: Stambulas \u2013 Ryga (~15:50-18:05).<br \/> \u2022 Atvykstame \u012f Ryg\u0105. <\/p>","protected":false},"excerpt":{"rendered":"<p>LR pilie\u010diams vykstant \u012f JAV yra reikalingas Elektroninis Leidimas (ESTA), kuriuo keliautojai r\u016bpinasi savaranki&scaron;kai! 1 diena \u2022 Atvykimas \u012f Rygos oro uos&#8230;<\/p>","protected":false},"featured_media":11839,"comment_status":"open","ping_status":"closed","template":"","meta":{"om_disable_all_campaigns":false,"_monsterinsights_skip_tracking":false,"_monsterinsights_sitenote_active":false,"_monsterinsights_sitenote_note":"","_monsterinsights_sitenote_category":0},"product_brand":[],"product_cat":[669],"product_tag":[],"class_list":{"0":"post-12603","1":"product","2":"type-product","3":"status-publish","4":"has-post-thumbnail","6":"product_cat-keliones","8":"first","9":"instock","10":"virtual","11":"taxable","12":"purchasable","13":"product-type-simple"},"aioseo_notices":[],"_links":{"self":[{"href":"https:\/\/www.atravel.lt\/en\/wp-json\/wp\/v2\/product\/12603","targetHints":{"allow":["GET"]}}],"collection":[{"href":"https:\/\/www.atravel.lt\/en\/wp-json\/wp\/v2\/product"}],"about":[{"href":"https:\/\/www.atravel.lt\/en\/wp-json\/wp\/v2\/types\/product"}],"replies":[{"embeddable":true,"href":"https:\/\/www.atravel.lt\/en\/wp-json\/wp\/v2\/comments?post=12603"}],"wp:featuredmedia":[{"embeddable":true,"href":"https:\/\/www.atravel.lt\/en\/wp-json\/wp\/v2\/media\/11839"}],"wp:attachment":[{"href":"https:\/\/www.atravel.lt\/en\/wp-json\/wp\/v2\/media?parent=12603"}],"wp:term":[{"taxonomy":"product_brand","embeddable":true,"href":"https:\/\/www.atravel.lt\/en\/wp-json\/wp\/v2\/product_brand?post=12603"},{"taxonomy":"product_cat","embeddable":true,"href":"https:\/\/www.atravel.lt\/en\/wp-json\/wp\/v2\/product_cat?post=12603"},{"taxonomy":"product_tag","embeddable":true,"href":"https:\/\/www.atravel.lt\/en\/wp-json\/wp\/v2\/product_tag?post=12603"}],"curies":[{"name":"wp","href":"https:\/\/api.w.org\/{rel}","templated":true}]}}