{"id":12600,"date":"2026-03-21T15:44:43","date_gmt":"2026-03-21T13:44:43","guid":{"rendered":"https:\/\/www.atravel.lt\/produktas\/slovenija-kroatija-su-apgyvendinimu-apartamentuose-skrydis-is-rygos-su-airbaltic\/"},"modified":"2026-03-21T15:44:43","modified_gmt":"2026-03-21T13:44:43","slug":"slovenija-kroatija-su-apgyvendinimu-apartamentuose-skrydis-is-rygos-su-airbaltic","status":"publish","type":"product","link":"https:\/\/www.atravel.lt\/en\/product\/slovenija-kroatija-su-apgyvendinimu-apartamentuose-skrydis-is-rygos-su-airbaltic\/","title":{"rendered":"Slov\u0117nija &#8211; Kroatija su apgyvendinimu apartamentuose (skrydis i\u0161 Rygos su AirBaltic)"},"content":{"rendered":"<h3><strong><span style=\"color:#e74c3c\">D\u0116MESIO!<br \/> Visuose 2-vie\u010diuose apartamentuose yra tik 1 didel\u0117 lova, o 4-vie\u010diuose apartamentuose yra viena didel\u0117 lova (viename kambaryje) ir 2 viengul\u0117s lovos (kitame kambaryje)!<\/span><\/strong><\/h3>\n<hr \/>\n<p><strong>1 day <\/strong><\/p>\n<p>- Arrival at Riga Airport.<br \/> \u2022 Skrydis: Ryga &#8211; Liubliana.<br \/> \u2022 Perve\u017eimas i&scaron; oro uosto \u012f Kroatij\u0105.<br \/> \u2022 \u012esik\u016brimas keturvie\u010diuose apartamentuose Malinska miestelyje Krk saloje.<br \/> \u2022 Laisva diena arba poilsis prie j\u016bros.<br \/> - Overnight in apartment.<\/p>\n<p>Malinska yra vakarin\u0117je Krk salos pakrant\u0117je \u2013 pla\u010diame \u012flankos vingyje, apsuptame \u017ealumos, o pu&scaron;ynas pakrant\u0117je suteikia maloni\u0105 v\u0117s\u0105 ir apsaugo nuo saul\u0117s. &Scaron;iose vietose vaik&scaron;\u010dioti labai \u012fdomu, o papl\u016bdimiai yra pelnytai apdovanoti M\u0117lyn\u0105ja v\u0117liava.<\/p>\n<p> Tur\u0117site laisv\u0105 dien\u0105 persijungti ant \u201ekroati&scaron;kos bangos\u201c, pasim\u0117gauti pietinio kurortinio miestelio atmosfera, pasimaudyti skaidriame Adrijos j\u016bros vandenyje, pasideginti po &scaron;velnia saule, skaniai pavakarieniauti ir pails\u0117ti.<\/p>\n<p><strong>Day 2 <\/strong><\/p>\n<p>- Relax by the sea.<br \/> \u2022 Antroje dienos pus\u0117je ekskursin\u0117 i&scaron;vyka po Krk sal\u0105 (Oto KRK).<br \/> \u2022 Sugr\u012f\u017etame \u012f apartamentus.<br \/> - Recreation.<br \/> - Overnight in apartment.<\/p>\n<p>Kvie\u010diame leistis \u012f ekskursij\u0105 po did\u017eiausi\u0105 ir gra\u017eiausi\u0105 Kvarnerio \u012flankos sal\u0105 &#8211; Krk sal\u0105.<\/p>\n<p> Kai kuriems Krk yra auksin\u0117 sala. Kiti vadina ja \u017ealia. Abu teis\u016bs. Pirmieji vertina jos turistines vertybes, o antriesiems lemiama tapo augmenijos spalva.<\/p>\n<p> Pagrindinis Krk miestas, turintis t\u0105 pat\u012f pavadinim\u0105 i&scaron; trij\u0173 priebalsi\u0173, tiesiog u\u017eburia siauromis judriomis gatvel\u0117mis, kuriose vaik&scaron;\u010diojo rom\u0117nai, jaukiais venecijieti&scaron;ko stiliaus kiemais su privalomomis g\u0117l\u0117mis ant palangi\u0173, vaizdinga krantine, kurioje vyksta aktyvi prekyba suvenyrais. Mieste gausu prie&scaron;istorini\u0173 Ilyrijos, Graikijos ir Romos paminkl\u0173, ta\u010diau nepaisant seno am\u017eiaus Krk miestas yra gyvas ir linksmas. Jame gausu \u012fvairi\u0173 parduotuvi\u0173, ger\u0173 \u017euvies restoran\u0173 ir, \u017einoma, parduotuvi\u0173 su naminiais ledais, vadinamais Sladoled, kuri\u0173 tikrai verta paragauti.<\/p>\n<p> Susipa\u017ein\u0119 su Krk miestu keliausime \u012f Ba&scaron;kos miestel\u012f, kurio nuostabiai \u012frengti papl\u016bdimiai laikomi vienais gra\u017eiausi\u0173 ir populiariausi\u0173 saloje. Ir tai patikrinsime sustoj\u0119 apie 2 val. maudyn\u0117ms ir poilsiui.<\/p>\n<p> Pails\u0117j\u0119 keliausime \u012f nuostab\u0173j\u012f Vrbnik miest\u0105, esant\u012f ant 50 metr\u0173 auk&scaron;\u010dio skard\u017eio. Jis laikomas vienu geriausiai i&scaron;likusi\u0173 Kroatijos \u012ftvirtint\u0173 miest\u0173. Senoji istorin\u0117 miesto dalis \u2013 tarsi labirintas ir itin vaizdinga. Vrbnik mieste yra siauriausia gatv\u0117 pasaulyje, \u012ftraukta \u012f Gineso rekord\u0173 knyg\u0105. Ji yra tik 60 cm plo\u010dio, gal\u0117site pabandyti per j\u0105 praeiti.<br \/> Be savo architekt\u016brinio \u017eavesio, Vrbnik gars\u0117ja ir puikiu baltuoju vynu \u201eVrbnicka \u017elahtina\u201c, gaminamu i&scaron; ypatingos tik \u010dia augan\u010dios vynuogi\u0173 veisl\u0117s. Kroati&scaron;kas \u017eodis \u201e\u017elahtina\u201c ver\u010diamas kaip \u201ekilnus\u201c, o vynas atitinka savo pavadinim\u0105.<\/p>\n<p> Po ekskursijos pageidaujantys gal\u0117s padegustuoti vyn\u0105 ir vietin\u0117s gamybos rakij\u0105 (u\u017e papildom\u0105 mokest\u012f).<\/p>\n<p><strong>Day 3 <\/strong><\/p>\n<p>- Relax by the sea.<br \/> \u2022 Antroje dienos pus\u0117je ekskursin\u0117 i&scaron;vyka \u201eIstrijos pusiasal\u012f\u201c.<br \/> \u2022 Po ekskursin\u0117s i&scaron;vykos sugr\u012f\u017etame \u012f apartamentus.<br \/> - Recreation.<br \/> - Overnight in apartment.<\/p>\n<p>Ekskursija prasid\u0117s pasivaik&scaron;\u010diojimu po senovin\u012f Rovinio miest\u0105. Geriausias &scaron;io miesto apib\u016bdinimas yra \u201epasaka\u201c. Jo architekt\u016bra yra pasaki&scaron;ka: visos epochos ir stiliai, kuriuos jis mat\u0117 per savo gyvenim\u0105, paliko joje savo p\u0117dsak\u0105. Jo &scaron;velnus Vidur\u017eemio j\u016bros klimatas lygiai taip pat yra tiesiog pasaki&scaron;kas. Ne\u012ftik\u0117tinai gra\u017ei pakrant\u0117, papuo&scaron;ta sal\u0173 \u201ekaroliukais\u201c, am\u017einai i&scaron;liks kiekvieno \u010dia apsilankiusio \u017emogaus atmintyje. Garsus mokslin\u0117s fantastikos ra&scaron;ytojas \u017diulis Vernas ie&scaron;kodamas gra\u017ei\u0173 viet\u0173 miest\u0173 prototipams, kuriuose gyveno jo herojai, pasirinko b\u016btent Rovinio miest\u0105. Apskritai miestas i&scaron;gars\u0117jo kaip romanti&scaron;kiausias Kroatijoje. Rovin\u012f taip pat galima vadinti itali&scaron;kiausiu Kroatijos miestu. Ir i&scaron; ties\u0173 miesto architekt\u016bra, gyvenimo b\u016bdas ir pati atmosfera labai pana&scaron;i \u012f piet\u0173 Italijos miestelius.<\/p>\n<p> Pore\u010d \u2013 palei pakrant\u0119 yra \u012fsik\u016brusi promenada, nuo kurios atsiveria gra\u017eus vaizdas \u012f netoliese esan\u010dias salas. Pore\u010d yra labai \u012fdomus architekt\u016brine prasme. Pagrindin\u0117s gatv\u0117s yra nutiestos klasikiniu rom\u0117ni&scaron;ku stiliumi, o j\u0173 sankirtoje yra viena gra\u017eiausi\u0173 aik&scaron;\u010di\u0173 \u2013 Marafor. Apylink\u0117se i&scaron;lik\u0119 daug religini\u0173 pastat\u0173, i&scaron; kuri\u0173 \u017einomiausia \u2013 &Scaron;v. Eufrazijaus bazilika. Bazilikos sales puo&scaron;ia nuostabios bizanti&scaron;kos mozaikos, tapusios pasaulin\u0117s reik&scaron;m\u0117s orientyru.<\/p>\n<p><strong>Day 4 <\/strong><\/p>\n<p>\u2022 Laisva diena, poilsis prie j\u016bros.<br \/> - Overnight in apartment.<\/p>\n<p><strong>Day 5 <\/strong><\/p>\n<p>\u2022 Laisva diena, poilsis prie j\u016bros.<br \/> \u2022 Pageidaujantiems si\u016blome i&scaron;vyk\u0105 laivu su i&scaron;kyla (papildomas mokestis \u2013 60 \u20ac\/asm.).<br \/> - Overnight in apartment.<\/p>\n<p>Laisva diena gali b\u016bti skirta ramiam papl\u016bdimio poilsiui, kurorto pramogoms ir apsipirkimui. Beje, vanduo Adrijos j\u016broje skaidrus net 50 metr\u0173 gylyje, tad ir be kauk\u0117s galima gro\u017e\u0117tis povandeniniu pasauliu. O su pavir&scaron;utinio nardymo \u012franga labai nesunku susipa\u017einti su j\u016br\u0173 \u017evaig\u017ed\u0117mis, ry&scaron;kiomis \u017euvimis, atsiskyr\u0117liais krabais ir \u012fvairiomis kriaukl\u0117mis. Vanduo gana s\u016brus, tod\u0117l lengva pl\u016bduriuoti, &scaron;iltas, tod\u0117l malonu maudytis, tad nesimaudyti tiesiog ne\u012fmanoma.<\/p>\n<p> Pageidaujantiems si\u016blome pasiplaukiojim\u0105 laiveliu po Kvarner \u012flank\u0105 (papildomas mokestis \u2013 60 \u20ac\/asm.). Praplauksime pro pat\u012f \u017eymiausi\u0105 tilt\u0105 jungiant\u012f Krk sal\u0105 su \u017eemynu.<br \/> J\u016bs\u0173 laukia maudyn\u0117s pa\u010dioje gra\u017eiausioje ir turistams sunkiai pasiekiamoje \u012flankos dalyje. V\u0117liau J\u016bs\u0173 lauks vakarien\u0117, kurios metu gal\u0117site pasim\u0117gauti &scaron;vie\u017eios \u017euvies patiekalais. Visos i&scaron;vykos metu laivo kapitonas vai&scaron;ins vietiniu vynu.<\/p>\n<p><strong>Day 6 <\/strong><\/p>\n<p>- Relax by the sea.<br \/> \u2022 Pageidaujantiems si\u016blome ekskursin\u0119 i&scaron;vyk\u0105 \u012f Plitvicos e\u017eer\u0173 Nacionalin\u012f park\u0105 (papildomas mokestis \u2013 50 \u20ac\/asm. + \u012f\u0117jimo bilietai: suaugusiems ~ 40 \u20ac\/asm.; vaikams nuo 7 iki 18 met\u0173 ~ 15 \u20ac\/asm.).<br \/> \u2022 Po ekskursin\u0117s i&scaron;vykos sugr\u012f\u017etame \u012f apartamentus.<br \/> - Recreation.<br \/> - Overnight in apartment.<\/p>\n<p>Plitvicos e\u017eer\u0173 Nacionalinis parkas \u2013 tai pasaulin\u0117s reik&scaron;m\u0117s rezervatas, saugomas UNESCO. \u010cia 92 kri&scaron;toliniai kriokliai tviska visomis vaivoryk&scaron;t\u0117s spalvomis (did\u017eiausias i&scaron; j\u0173 siekia beveik 90 metr\u0173 auk&scaron;t\u012f), o &scaron;e&scaron;iolikos e\u017eer\u0173 skaidriame vandenyje ta&scaron;ko did\u017eiul\u0117s \u017euvys &#8211; jos visi&scaron;kai nebijo turist\u0173 ir laisvai maitinasi duona beveik i&scaron; rank\u0173. Pagrindinis nacionalinio parko rei&scaron;kinys \u2013 kriokliais sujungti e\u017eerai, kurie egzistuoja ypatingos kalkakmenio r\u016b&scaron;ies d\u0117ka. Vanduo, tekantis per karstines uolienas, yra taip prisotintas kalcio, tad viskas, kas patenka \u012f e\u017eerus, pasidengia plonu baltu apvalkalu ir virsta akmenimis. Kiekvienas nukrit\u0119s lapas, kiekviena i&scaron;d\u017ei\u016bvusi &scaron;akel\u0117 i&scaron;laiko form\u0105 ir keistai \u201e\u017ei\u016bri\u201c i&scaron; apa\u010dios. Plitvica yra ne\u012ftik\u0117tinai romanti&scaron;ka vieta.<\/p>\n<p> E\u017eerus supa tank\u016bs buk\u0173 ir egli\u0173 mi&scaron;kai, i&scaron; dalies primenantys taig\u0105, kur klesti daugyb\u0117 gyv\u016bn\u0173 kaip, pavyzd\u017eiui, rudieji lokiai, tap\u0119 Plitvicos simboliu. Tad nepamir&scaron;kite \u012fsigyti suvenyrinio me&scaron;kiuko su priminimu apie nuostabius Plitvicos e\u017eerus.<\/p>\n<p><strong>Day 7 <\/strong><\/p>\n<p>\u2022 Laisva diena, poilsis prie j\u016bros.<br \/> - Overnight in apartment.<\/p>\n<p><strong>Day 8 <\/strong><\/p>\n<p>\u2022 Ankstyvas i&scaron;siregistravimas i&scaron; apartament\u0173.<br \/> \u2022 Vykstame \u012f Liublian\u0105.<br \/> \u2022 Ekskursija p\u0117s\u010diomis po Liublian\u0105.<br \/> \u2022 Po ekskursijos vykstame \u012f oro uost\u0105.<br \/> \u2022 Registracija \u012f skryd\u012f<br \/> \u2022 Skrydis: Liubliana \u2013 Ryga.<br \/> \u2022 Atvykimas \u012f Ryg\u0105.<\/p>\n<p>Liubliana \u2013 Slov\u0117nijos sostin\u0117 ir did\u017eiausias miestas, \u012fsik\u016br\u0119s ant Liublianikos up\u0117s kranto vaizdingame sl\u0117nyje. Tai pagrindinis &scaron;alies kult\u016bros, transporto ir ekonomikos centras, kuriame gyvena beveik 300 t\u016bkst. \u017emoni\u0173. Liubliana \u2013 viena ma\u017eiausi\u0173 ir jaukiausi\u0173 Europos sostini\u0173. \u010cia yra \u012fdomi\u0173 istorijos ir architekt\u016bros paminkl\u0173: senoji pilis (Grad), senoviniai ir viduram\u017ei\u0173 pastatai, baroko ansambliai XVII-XVIII a.<\/p>","protected":false},"excerpt":{"rendered":"<p>D\u0116MESIO! Visuose 2-vie\u010diuose apartamentuose yra tik 1 didel\u0117 lova, o 4-vie\u010diuose apartamentuose yra viena didel\u0117 lova (viename kambaryje) ir 2 viengul\u0117s lovos (&#8230;<\/p>","protected":false},"featured_media":11836,"comment_status":"open","ping_status":"closed","template":"","meta":{"om_disable_all_campaigns":false,"_monsterinsights_skip_tracking":false,"_monsterinsights_sitenote_active":false,"_monsterinsights_sitenote_note":"","_monsterinsights_sitenote_category":0},"product_brand":[],"product_cat":[669],"product_tag":[],"class_list":{"0":"post-12600","1":"product","2":"type-product","3":"status-publish","4":"has-post-thumbnail","6":"product_cat-keliones","8":"first","9":"instock","10":"virtual","11":"taxable","12":"purchasable","13":"product-type-simple"},"aioseo_notices":[],"_links":{"self":[{"href":"https:\/\/www.atravel.lt\/en\/wp-json\/wp\/v2\/product\/12600","targetHints":{"allow":["GET"]}}],"collection":[{"href":"https:\/\/www.atravel.lt\/en\/wp-json\/wp\/v2\/product"}],"about":[{"href":"https:\/\/www.atravel.lt\/en\/wp-json\/wp\/v2\/types\/product"}],"replies":[{"embeddable":true,"href":"https:\/\/www.atravel.lt\/en\/wp-json\/wp\/v2\/comments?post=12600"}],"wp:featuredmedia":[{"embeddable":true,"href":"https:\/\/www.atravel.lt\/en\/wp-json\/wp\/v2\/media\/11836"}],"wp:attachment":[{"href":"https:\/\/www.atravel.lt\/en\/wp-json\/wp\/v2\/media?parent=12600"}],"wp:term":[{"taxonomy":"product_brand","embeddable":true,"href":"https:\/\/www.atravel.lt\/en\/wp-json\/wp\/v2\/product_brand?post=12600"},{"taxonomy":"product_cat","embeddable":true,"href":"https:\/\/www.atravel.lt\/en\/wp-json\/wp\/v2\/product_cat?post=12600"},{"taxonomy":"product_tag","embeddable":true,"href":"https:\/\/www.atravel.lt\/en\/wp-json\/wp\/v2\/product_tag?post=12600"}],"curies":[{"name":"wp","href":"https:\/\/api.w.org\/{rel}","templated":true}]}}