{"id":12599,"date":"2026-03-21T15:44:43","date_gmt":"2026-03-21T13:44:43","guid":{"rendered":"https:\/\/www.atravel.lt\/produktas\/pazintis-su-stambulu-turkija-skrydis-is-rygos\/"},"modified":"2026-03-21T15:44:43","modified_gmt":"2026-03-21T13:44:43","slug":"pazintis-su-stambulu-turkija-skrydis-is-rygos","status":"publish","type":"product","link":"https:\/\/www.atravel.lt\/en\/product\/pazintis-su-stambulu-turkija-skrydis-is-rygos\/","title":{"rendered":"Pa\u017eintis su Stambulu (Turkija) Skrydis i\u0161 Rygos"},"content":{"rendered":"<p><strong>1 day <\/strong><\/p>\n<p>- Arrival at Riga Airport.<br \/> \u2022 Skrydis: Ryga &#8211; Stambulas.<br \/> \u2022 Perve\u017eimas \u012f vie&scaron;but\u012f.<br \/> \u2022 \u012esik\u016brimas 3* vie&scaron;butyje.<br \/> \u2022 Nakvyn\u0117 vie&scaron;butyje.<\/p>\n<p><strong>Day 2 <\/strong><\/p>\n<p>\u2022 Pusry\u010diai vie&scaron;butyje (perkant ekskursij\u0173 paket\u0105 pusry\u010diai \u012fskai\u010diuoti).<br \/> \u2022 Ap\u017evalgin\u0117 ekskursija po Stambul\u0105.<br \/> - Free time.<br \/> \u2022 Sugr\u012f\u017etame \u012f vie&scaron;but\u012f.<br \/> - Recreation.<br \/> \u2022 Nakvyn\u0117 vie&scaron;butyje.<\/p>\n<p>Stambulo geografi&scaron;kai priskiriamas Europai, nors dalis yra ir Azijoje. Po ap\u017evalgin\u0117s ekskursijos, Bosforo tiltu keliausime \u012f Stambulo Azijin\u0119 dal\u012f. Pakilsime \u012f Camlica kaln\u0105 &#8211; auk&scaron;\u010diausi\u0105 viet\u0105 Stambule (apie 267 m. vir&scaron; j\u016bros lygio). Nuo kalno atsiveria stulbinantys miesto panoramos vaizdai.<\/p>\n<p>Taip pat aplankysime Osman\u0173 sulton\u0173 r\u016bmus (Beylerbeyi) &#8211; 19 a. sulton\u0173 vasaros rezidencij\u0105, &scaron;iuo metu tai vienas did\u017eiausi\u0173 pasaulyje muziej\u0173 (papildomai apmokami \u012f\u0117jimo bilietai ~800 TRY\/asm.). Ap\u017ei\u016br\u0117j\u0119 &#8211; nusileisime prie Bosforo krantin\u0117s, galimyb\u0117 papietauti vietiniuose restoranuose ar kavin\u0117se.<\/p>\n<p>T\u0119siame ekskursij\u0105 po Europin\u0119 Stambulo dal\u012f. Ap\u017ei\u016br\u0117sime Konstantinopolio gynybin\u0119 sien\u0105, kuri driekiasi prie Marmaro j\u016bros ir Auksinio rago \u012flankos. Ma\u017edaug prie&scaron; 7 t\u016bkstan\u010dius met\u0173 upi\u0173 vaga \u012fsiliejo \u012f Bosforo s\u0105siaur\u012f ir taip suformavo nuostabi\u0105 Auksinio rago \u012flank\u0105, Gal\u0117site pasim\u0117gauti &scaron;iuo nuostabiu peiza\u017eu.<\/p>\n<p>T\u0119siant ekskursij\u0105, vyksime \u012f Graikijos patriarchat\u0105, kur laikomos &scaron;vent\u0173j\u0173 relikvijos.<\/p>\n<p><strong>Day 3 <\/strong><\/p>\n<p>\u2022 Pusry\u010diai vie&scaron;butyje (perkant ekskursij\u0173 paket\u0105 pusry\u010diai \u012fskai\u010diuoti).<br \/> \u2022 Ekskursija p\u0117s\u010diomis po Konstantinopol\u012f.<br \/> - Free time.<br \/> \u2022 Sugr\u012f\u017etame \u012f vie&scaron;but\u012f.<br \/> - Recreation.<br \/> \u2022 Nakvyn\u0117 vie&scaron;butyje.<\/p>\n<p>Ekskursijos metu pamatysime Antikin\u012f hipodrom\u0105, kuriame vyko ir iki &scaron;i\u0173 dien\u0173 i&scaron;lik\u0119 ve\u017eim\u0173 lenktyn\u0117s: Egiptieti&scaron;kas obeliskas, serpantinin\u0117 kolona, a\u017e\u016brin\u0117 kolona ir Voki&scaron;kas &scaron;altinis.<\/p>\n<p>Aplankysime M\u0117lyn\u0105j\u0105 me\u010det\u0119 (Sultono Ahmeto me\u010det\u0119), Sofijos katedr\u0105, kurioje po vienu kupolu vienu metu yra islamas ir krik&scaron;\u010dionyb\u0117 (papildomai apmokami \u012f\u0117jimo bilietai ~950 TRY\/asm.).<\/p>\n<p>Toliau vyksime \u012f senovin\u012f po\u017eemin\u012f rezervuar\u0105 &#8211; Bazilikos vandens saugykl\u0105 (Yerebatan Sarnici) (papildomi apmokami \u012f\u0117jimo bilietai ~1950 TRY\/asm.). Saugykla buvo apleista iki XX am\u017eiaus 80-\u0173j\u0173. Saugykloje \u012frengtas gra\u017eus ap&scaron;vietimas, vandens lygis siekia apie 50 cm. Bazilikos cisternoje buvo filmuojami \u012fvair\u016bs filmai, tokie kaip \u201cD\u017eeimsas Bondas\u201d ir \u201cOdis\u0117ja\u201d. Apie saugykl\u0105 sklando daug legend\u0173 ir \u012fsitikinim\u0173, apie kai kuriuos i&scaron; j\u0173 i&scaron;girsite ekskursijos metu.<\/p>\n<p>Toliau vyksime \u012f Topkapi sultono r\u016bmus (\u012f\u0117jimo bilietai apmokami papildomai ~2750 TRY\/asm.), kurie iki XIX am\u017eiaus buvo turk\u0173 padi&scaron;\u0173 rezidencija. &Scaron;iais laikais r\u016bmai laikomi vienu \u012fdomiausi\u0173 muziej\u0173 ir lankytin\u0173 viet\u0173 Stambule.<\/p>\n<p>Ekskursijos pabaigoje aplankysite \u201eAuksin\u012f turg\u0173\u201c.<\/p>\n<p><strong>Day 4 <\/strong><\/p>\n<p>\u2022 Pusry\u010diai vie&scaron;butyje (perkant ekskursij\u0173 paket\u0105 pusry\u010diai \u012fskai\u010diuoti).<br \/> \u2022 Ekskursija \u201eDolmabahce r\u016bmai\u201c (\u012f\u0117jimo bilietai apmokami papildomai ~2000 TRY\/asm.).<br \/> - Free time.<br \/> \u2022 Pageidaujantiems pasiplaukiojimas laiveliu po Bosfor\u0105 (papildomas mokestis &#8211; 25\u20ac\/asm., jei susirenka 20 \u017em. grup\u0117)<br \/> \u2022 Sugr\u012f\u017etame \u012f vie&scaron;but\u012f.<br \/> - Recreation.<br \/> \u2022 Nakvyn\u0117 vie&scaron;butyje.<\/p>\n<p>Dolmabahce r\u016bmai &#8211; tai XIX a. prabang\u016bs sultono r\u016bmai Stambule, nors ir statyti &scaron;alies nuosmukio laikotarpiu. R\u016bmuose b\u016btina ap\u017ei\u016br\u0117ti kupolin\u0119 Ceremonij\u0173 sal\u0119, talpinan\u010di\u0105 2500 \u017emoni\u0173. Kitos r\u016bm\u0173 \u012f\u017eymyb\u0117s \u2013 Kri&scaron;tolo laiptai, \u017dydrasis salonas, Imperatori&scaron;kieji vartai. R\u016bmai statyti konkuruojant su geriausiomis Europos pilimis. Baroko stiliaus r\u016bmai Bosforo pakrant\u0117je &#8211; kupini ypatingo \u017eavesio. Visa tai gal\u0117site pamatyti savo akimis i&scaron;vykos metu (papildomai apmokami \u012f\u0117jimo bilietai ~2000 TRY\/asm.).<\/p>\n<p>Laisvas laikas, galimyb\u0117 papietauti.<\/p>\n<p>Pageidaujantiems si\u016blome kelion\u0119 laivu Bosforo s\u0105siauriu (papildomas mokestis ~ 25 \u20ac\/asm., \u012fvyks jeigu susirinks 20 keliautoj\u0173 grup\u0117).<\/p>\n<p><strong>Day 5 <\/strong><\/p>\n<p>\u2022 Ankstyvas i&scaron;siregistravimas i&scaron; vie&scaron;bu\u010dio.<br \/> - Going to the airport.<br \/> - Check-in.<br \/> \u2022 Skrydis: Stambulas &#8211; Ryga.<br \/> \u2022 Atvykimas \u012f Ryg\u0105.<\/p>","protected":false},"excerpt":{"rendered":"<p>1 diena \u2022 Atvykimas \u012f Rygos oro uost\u0105. \u2022 Skrydis: Ryga &#8211; Stambulas. \u2022 Perve\u017eimas \u012f vie&scaron;but\u012f. \u2022 \u012esik\u016brimas 3* vie&scaron;butyje. \u2022 Nakvyn\u0117 vie&scaron;buty&#8230;<\/p>","protected":false},"featured_media":11835,"comment_status":"open","ping_status":"closed","template":"","meta":{"om_disable_all_campaigns":false,"_monsterinsights_skip_tracking":false,"_monsterinsights_sitenote_active":false,"_monsterinsights_sitenote_note":"","_monsterinsights_sitenote_category":0},"product_brand":[],"product_cat":[669],"product_tag":[],"class_list":{"0":"post-12599","1":"product","2":"type-product","3":"status-publish","4":"has-post-thumbnail","6":"product_cat-keliones","8":"first","9":"instock","10":"virtual","11":"taxable","12":"purchasable","13":"product-type-simple"},"aioseo_notices":[],"_links":{"self":[{"href":"https:\/\/www.atravel.lt\/en\/wp-json\/wp\/v2\/product\/12599","targetHints":{"allow":["GET"]}}],"collection":[{"href":"https:\/\/www.atravel.lt\/en\/wp-json\/wp\/v2\/product"}],"about":[{"href":"https:\/\/www.atravel.lt\/en\/wp-json\/wp\/v2\/types\/product"}],"replies":[{"embeddable":true,"href":"https:\/\/www.atravel.lt\/en\/wp-json\/wp\/v2\/comments?post=12599"}],"wp:featuredmedia":[{"embeddable":true,"href":"https:\/\/www.atravel.lt\/en\/wp-json\/wp\/v2\/media\/11835"}],"wp:attachment":[{"href":"https:\/\/www.atravel.lt\/en\/wp-json\/wp\/v2\/media?parent=12599"}],"wp:term":[{"taxonomy":"product_brand","embeddable":true,"href":"https:\/\/www.atravel.lt\/en\/wp-json\/wp\/v2\/product_brand?post=12599"},{"taxonomy":"product_cat","embeddable":true,"href":"https:\/\/www.atravel.lt\/en\/wp-json\/wp\/v2\/product_cat?post=12599"},{"taxonomy":"product_tag","embeddable":true,"href":"https:\/\/www.atravel.lt\/en\/wp-json\/wp\/v2\/product_tag?post=12599"}],"curies":[{"name":"wp","href":"https:\/\/api.w.org\/{rel}","templated":true}]}}