{"id":12598,"date":"2026-03-21T15:44:43","date_gmt":"2026-03-21T13:44:43","guid":{"rendered":"https:\/\/www.atravel.lt\/produktas\/rytietiskos-uzbekistano-pasakos-skrydis-is-rygos\/"},"modified":"2026-03-21T15:44:43","modified_gmt":"2026-03-21T13:44:43","slug":"rytietiskos-uzbekistano-pasakos-skrydis-is-rygos","status":"publish","type":"product","link":"https:\/\/www.atravel.lt\/en\/product\/rytietiskos-uzbekistano-pasakos-skrydis-is-rygos\/","title":{"rendered":"Rytieti\u0161kos Uzbekistano Pasakos (skrydis i\u0161 Rygos)"},"content":{"rendered":"<p><strong>1 day<\/strong><\/p>\n<p>- Arrival at Riga Airport.<br \/> - Check-in.<br \/> \u2022 Skrydis: Ryga \u2013 Ta&scaron;kentas (~15:00-22:30).<br \/> \u2022 Atvykimas \u012f Ta&scaron;kent\u0105.<br \/> \u2022 Perve\u017eimas \u012f vie&scaron;but\u012f.<br \/> \u2022 \u012esik\u016brimas vie&scaron;butyje.<br \/> \u2022 Nakvyn\u0117 vie&scaron;butyje.<\/p>\n<p><strong>Day 2 <\/strong><\/p>\n<p>\u2022 Pusry\u010diai vie&scaron;butyje (perkant ekskursij\u0173 paket\u0105 pusry\u010diai \u012fskai\u010diuoti).<br \/> \u2022 Ekskursija po Ta&scaron;kent\u0105.<br \/> \u2022 Vykstame \u012f vie&scaron;but\u012f.<br \/> - Recreation.<br \/> \u2022 Nakvyn\u0117 vie&scaron;butyje.<\/p>\n<p>Ta&scaron;kentas &#8211; Uzbekistano sostin\u0117 \u2013 didelis megalopolis, vienas seniausi\u0173 Centrin\u0117s Azijos miest\u0173, \u012fsik\u016br\u0119s klestin\u010dios oaz\u0117s centre. Ram\u016bs parkai, vie&scaron;ieji sodai su fontanais, viduram\u017ei\u0173 gatv\u0117s derinamos su sovietme\u010dio pastatais, rytieti&scaron;ki turg\u016bs ir modern\u016bs pastatai i&scaron; stiklo ir metalo nepaliks abejing\u0173 n\u0117 vieno nusprendusio j\u012f aplankyti.<\/p>\n<p>Aplankysime senamiest\u012f, Khast-Imam kompleks\u0105, Amiro Tim\u016bro aik&scaron;t\u0119 ir Nepriklausomyb\u0117s aik&scaron;t\u0119. Pamatysime Barak Khan medres\u0105, Katedros me\u010det\u0119, Ryt\u0173 rankra&scaron;\u010di\u0173 bibliotek\u0105, Dr\u0105sos paminkl\u0105, Represij\u0173 auk\u0173 atminimo kompleks\u0105, Romanov\u0173 namus, Operos ir baleto r\u016bmus.<\/p>\n<p><strong>Day 3 <\/strong><\/p>\n<p>\u2022 Pusry\u010diai vie&scaron;butyje (perkant ekskursij\u0173 paket\u0105 pusry\u010diai \u012fskai\u010diuoti).<br \/> \u2022 I&scaron;siregistravimas i&scaron; vie&scaron;bu\u010dio.<br \/> \u2022 Vykstame \u012f Samarkand\u0105.<br \/> \u2022 Ekskursija po Samarkand\u0105 (papildomai apmokami \u012f\u0117jimo bilietai ~ 20 \u20ac\/asm.).<br \/> \u2022 \u012esik\u016brimas vie&scaron;butyje.<br \/> - Recreation.<br \/> \u2022 Nakvyn\u0117 vie&scaron;butyje.<\/p>\n<p>Samarkandas buvo \u012fkurtas dar VI am\u017eiuje prie&scaron; Krist\u0173, tod\u0117l jis yra vienas seniausi\u0173 pasaulio miest\u0173. Samarkandas pasiek\u0117 savo klest\u0117jimo vir&scaron;\u016bn\u0119 XIV a., kai tapo Tamerlano imperijos ir Timurid dinastijos sostine. Per &scaron;\u012f laikotarp\u012f buvo pastatyta dauguma architekt\u016bros objekt\u0173, 2001 m. \u012ftraukt\u0173 \u012f UNESCO Pasaulio paveldo s\u0105ra&scaron;\u0105.<\/p>\n<p>Aplankysime Registano aik&scaron;t\u0119 &#8211; \u201evieta, padengta sm\u0117liu\u201c. Pagal legend\u0105, senov\u0117je &scaron;ioje vietoje buvo rengiamos demonstracin\u0117s mirties bausm\u0117s. Kad auk\u0173 kraujas geriau \u012fsigert\u0173 ir neb\u016bt\u0173 pastebimas, \u017eem\u0117 buvo padengta sm\u0117liu.<\/p>\n<p>V\u0117liau pamatysime Bibi-Chanym me\u010det\u0119, did\u017eiausi\u0105 Vidurin\u0117je Azijoje ir vien\u0105 i&scaron; nuostabiausi\u0173 pasaulyje. Taip pat matysime Ulugbeko observatorij\u0105, &Scaron;ah-i-Zinda kompleks\u0105, Gur-Emir mauzoliej\u0173, kur \u201eilsisi\u201c Tamerlano ir jo palikuoni\u0173 palaikai.<\/p>\n<p>Apsilankymas garsiajame miesto Ryt\u0173 turguje, kur\u012f \u012fk\u016br\u0117 Tim\u016bras.<\/p>\n<p><strong>Day 4 <\/strong><\/p>\n<p>\u2022 Pusry\u010diai vie&scaron;butyje (perkant ekskursij\u0173 paket\u0105 pusry\u010diai \u012fskai\u010diuoti).<br \/> \u2022 T\u0119siame ekskursij\u0105 po Samarkand\u0105.<br \/> - Free time.<br \/> - Recreation.<br \/> \u2022 Nakvyn\u0117 vie&scaron;butyje.<\/p>\n<p>Samarkandas &#8211; miestas turi \u012fdomi\u0105 istorij\u0105 \u2013 valdant \u010cingischanui jis buvo beveik visi&scaron;kai sunaikintas, ta\u010diau Tamerlanas atk\u016br\u0117 Samarkand\u0105 ir padar\u0117 j\u012f savo imperijos sostine. Valdant Ulugbekui mieste buvo pastatyta daug medres\u0173, tod\u0117l jis tapo viso regiono mokslo centru.<\/p>\n<p>Ekskursijos metu aplankysime ir pamatysime &scaron;iuos objektus: Senovini\u0173 apeigini\u0173 &Scaron;ahi Zindos kap\u0173 kompleksas (XI-XIV\/XV a.) &#8211; vienas vaizdingiausi\u0173 Samarkando paminkl\u0173, Samarkando &scaron;ventov\u0117 prana&scaron;o Danieliaus mauzoliejus su gydomuoju &scaron;altiniu (trij\u0173 religij\u0173 garbinimo vieta).<\/p>\n<p>Apsilankymas Ulugbeko observatorijoje, garsiojo Ryt\u0173 astronomo \u2013 XV a. ir Ulugbeko muziejuje bei apsilankymas &scaron;ilko popieriaus gamybos gamykloje, kaip viduram\u017eiais.<\/p>\n<p>Pageidaujantiems si\u016blome mant\u0173 su m\u0117sa ir moli\u016bgu gaminimo meistri&scaron;kumo klas\u0119 tautiniame name (papildomas mokestis &#8211; 20 \u20ac\/asm.). Mantai &#8211; tradicinis uzbek\u0173 patiekalas, pana&scaron;us \u012f ma\u017eus kold\u016bnus, gaminamas ant gar\u0173 su \u012fvairiais \u012fdarais.<\/p>\n<p><strong>Day 5 <\/strong><\/p>\n<p>\u2022 Pusry\u010diai vie&scaron;butyje (perkant ekskursij\u0173 paket\u0105 pusry\u010diai \u012fskai\u010diuoti).<br \/> \u2022 I&scaron;siregistravimas i&scaron; vie&scaron;bu\u010dio.<br \/> \u2022 Vykstame \u012f Buchar\u0105.<br \/> \u2022 Ekskursija po Buchar\u0105 (papildomai apmokami \u012f\u0117jimo bilietai ~25 \u20ac\/asm.).<br \/> \u2022 \u012esik\u016brimas vie&scaron;butyje.<br \/> \u2022 Nakvyn\u0117 vie&scaron;butyje.<\/p>\n<p>Buchara &#8211; Ryt\u0173 perlas, taip pat kaip ir Samarkandas, Buchara ilg\u0105 laik\u0105 buvo vienas pagrindini\u0173 Did\u017eiojo &scaron;ilko kelio tarp Kinijos ir Europos ta&scaron;k\u0173. Istorin\u0117 Bucharos dalis buvo \u012ftraukta \u012f UNESCO pasaulio paveldo s\u0105ra&scaron;\u0105.<\/p>\n<p>Susipa\u017einsime su Lyabi-Khauz architekt\u016briniu kompleksu, kurio i&scaron;skirtinis bruo\u017eas yra tai, kad jo centras yra ne miesto aik&scaron;t\u0117, o baseino vandens pavir&scaron;ius (papildomai apmokami \u012f\u0117jimo bilietai). Ekskursijos metu ap\u017ei\u016br\u0117sime ir aplankysime &scaron;iuos objektus: l\u0117li\u0173 dirbtuves, Toki Sarrofon tre\u010di\u0105j\u012f prekybos kupol\u0105, senov\u0117s Bucharos karavan\u0105 Saray, Magoki Attari me\u010det\u0119.<\/p>\n<p><strong>Day 6 <\/strong><\/p>\n<p>\u2022 Pusry\u010diai vie&scaron;butyje (perkant ekskursij\u0173 paket\u0105 pusry\u010diai \u012fskai\u010diuoti).<br \/> \u2022 T\u0119siame ekskursij\u0105 po Buchar\u0105.<br \/> \u2022 Vykstame \u012f vie&scaron;but\u012f.<br \/> \u2022 Nakvyn\u0117 vie&scaron;butyje.<\/p>\n<p>&Scaron;i\u0105 dien\u0105 aplankysime diding\u0105 Ismailo Samani mauzoliej\u0173, galingo Samanid\u0173 dinastijos emyro palaidojimo viet\u0105, ap\u017ei\u016br\u0117sime Bolo-Hauz kompleks\u0105, kur\u012f reprezentuoja me\u010det\u0117 ir minaretas, ir, \u017einoma, Arka-citadel\u0117s tvirtov\u0119. Bucharos emyras, \u012fk\u016bnijantis didyb\u0119, gali\u0105 ir neprieinamum\u0105. Ekskursijos metu susipa\u017einsime su &scaron;iais objektais: Toki Telpakfurushon antrasis prekybos kupolas, Tim Passage Abdullahan., Ensemble Kosh., Tre\u010diasis Toki Zargaron prekybinis kupolas, Ensemble Poyi Kalon. Chashmai Ajubo mauzoliejus.<\/p>\n<p>Pageidaujantiems, si\u016blome plovo gaminimo meistri&scaron;kumo klas\u0119 tautiniame name, gal\u0117site m\u0117gautis tikro uzbeki&scaron;ko plovo skoniu, paruo&scaron;tu savo rankomis (papildomas mokestis &#8211; 20 \u20ac\/asm.). Uzbeki&scaron;kas plovas &#8211; patiekalas i&scaron; m\u0117sos, ry\u017ei\u0173, svog\u016bn\u0173, mork\u0173 ir prieskoni\u0173 \u2013 \u012ftrauktas \u012f UNESCO nematerialaus kult\u016bros paveldo s\u0105ra&scaron;\u0105. Taip pat uzbek\u0173 plovas buvo \u012ftrauktas \u012f Gineso rekord\u0173 knyg\u0105. Plovas yra patiekiamas per visas uzbek\u0173 &scaron;ventes, net jei jo savininkas yra kitos tautyb\u0117s.<\/p>\n<p><strong>Day 7 <\/strong><\/p>\n<p>\u2022 Pusry\u010diai vie&scaron;butyje (perkant ekskursij\u0173 paket\u0105 pusry\u010diai \u012fskai\u010diuoti).<br \/> \u2022 Ekskursin\u0117 i&scaron;vyka po Bucharos apylinkes (papildomas mokestis \u2013 50 \u20ac\/asm., \u012f\u0117jimo bilietai \u012fskai\u010diuoti \u012f kain\u0105).<br \/> - Free time.<br \/> \u2022 Traukiniu vykstame \u012f Ta&scaron;kent\u0105 (papildomas mokestis \u2013 30 \u20ac\/asm., u\u017esakomas ir apmokamas i&scaron; anksto!).<br \/> \u2022 Atvykstame \u012f Ta&scaron;kent\u0105.<br \/> \u2022 Vykstame \u012f vie&scaron;but\u012f.<br \/> \u2022 \u012esik\u016brimas vie&scaron;butyje.<br \/> \u2022 Nakvyn\u0117 vie&scaron;butyje.<\/p>\n<p>Pamatysite ne\u012ftik\u0117tino gro\u017eio Sitorai Mohi-Khosa r\u016bmus, kurie, kaip \u017einoma, yra Bucharos emyr\u0173 u\u017emies\u010dio rezidencija. Komplekso pavadinimas ver\u010diamas kaip \u201e\u017dvaig\u017ed\u0117s r\u016bmai, pana&scaron;\u016bs \u012f M\u0117nul\u012f\u201c. &Scaron;iandien, kaip ir prie&scaron; &scaron;imtus met\u0173, po teritorij\u0105 vaik&scaron;to povai, primenantys laikus, kai emyrai rengdavo prabangius pri\u0117mimus kilmingiems \u017emon\u0117ms. Nepamir&scaron;tam\u0173 \u012fsp\u016bd\u017ei\u0173 taip pat patirsite apsilank\u0119 Bahauddin Naqshbandi, Bucharos glob\u0117jo, mauzoliej\u0173, kuris yra centrin\u0117 kulto memorialinio komplekso laidojimo vieta. Kompleksas \u012fdomus d\u0117l gra\u017ei\u0173 da\u017eyt\u0173 rai\u017eyt\u0173 lub\u0173. Ekskursijos pabaigoje aplankysime Chor-Bakr nekropol\u012f, kurio pavadinimas i&scaron;vertus i&scaron; pers\u0173 kalbos rei&scaron;kia \u201eketuri broliai\u201c. Nekropolyje palaidoti Juybar Sayyid dinastijos &scaron;eichai. Chor-Bakr taip pat \u017einomas kaip \u201emirusi\u0173j\u0173 miestas\u201c \u2013 nekropolio kompleksas primena gyvenviet\u0119, kurioje vietoje nam\u0173 yra &scaron;eimynin\u0117s kriptos, me\u010det\u0117s, chankos ir medres\u0117s.<\/p>\n<p><strong>Day 8 <\/strong><\/p>\n<p>\u2022 Ansktyvas i&scaron;siregistravimas i&scaron; vie&scaron;bu\u010dio.<br \/> - Going to the airport.<br \/> - Check-in.<br \/> \u2022 Skrydis: Ta&scaron;kentas &#8211; Ryga (~08:15-12:00).<br \/> \u2022 Atvykimas \u012f Ryg\u0105.<\/p>","protected":false},"excerpt":{"rendered":"<p>1 diena \u2022 Atvykimas \u012f Rygos oro uost\u0105. \u2022 Registracija \u012f skryd\u012f. \u2022 Skrydis: Ryga \u2013 Ta&scaron;kentas (~15:00-22:30). \u2022 Atvykimas \u012f Ta&scaron;kent\u0105. \u2022 Perve\u017eimas \u012f&#8230;<\/p>","protected":false},"featured_media":11834,"comment_status":"open","ping_status":"closed","template":"","meta":{"om_disable_all_campaigns":false,"_monsterinsights_skip_tracking":false,"_monsterinsights_sitenote_active":false,"_monsterinsights_sitenote_note":"","_monsterinsights_sitenote_category":0},"product_brand":[],"product_cat":[669],"product_tag":[],"class_list":{"0":"post-12598","1":"product","2":"type-product","3":"status-publish","4":"has-post-thumbnail","6":"product_cat-keliones","8":"first","9":"instock","10":"virtual","11":"taxable","12":"purchasable","13":"product-type-simple"},"aioseo_notices":[],"_links":{"self":[{"href":"https:\/\/www.atravel.lt\/en\/wp-json\/wp\/v2\/product\/12598","targetHints":{"allow":["GET"]}}],"collection":[{"href":"https:\/\/www.atravel.lt\/en\/wp-json\/wp\/v2\/product"}],"about":[{"href":"https:\/\/www.atravel.lt\/en\/wp-json\/wp\/v2\/types\/product"}],"replies":[{"embeddable":true,"href":"https:\/\/www.atravel.lt\/en\/wp-json\/wp\/v2\/comments?post=12598"}],"wp:featuredmedia":[{"embeddable":true,"href":"https:\/\/www.atravel.lt\/en\/wp-json\/wp\/v2\/media\/11834"}],"wp:attachment":[{"href":"https:\/\/www.atravel.lt\/en\/wp-json\/wp\/v2\/media?parent=12598"}],"wp:term":[{"taxonomy":"product_brand","embeddable":true,"href":"https:\/\/www.atravel.lt\/en\/wp-json\/wp\/v2\/product_brand?post=12598"},{"taxonomy":"product_cat","embeddable":true,"href":"https:\/\/www.atravel.lt\/en\/wp-json\/wp\/v2\/product_cat?post=12598"},{"taxonomy":"product_tag","embeddable":true,"href":"https:\/\/www.atravel.lt\/en\/wp-json\/wp\/v2\/product_tag?post=12598"}],"curies":[{"name":"wp","href":"https:\/\/api.w.org\/{rel}","templated":true}]}}