{"id":12597,"date":"2026-03-21T15:44:42","date_gmt":"2026-03-21T13:44:42","guid":{"rendered":"https:\/\/www.atravel.lt\/produktas\/sakartvelas-su-poilsiu-prie-juros-11-d-skrydis-is-rygos\/"},"modified":"2026-03-21T15:44:42","modified_gmt":"2026-03-21T13:44:42","slug":"sakartvelas-su-poilsiu-prie-juros-11-d-skrydis-is-rygos","status":"publish","type":"product","link":"https:\/\/www.atravel.lt\/en\/product\/sakartvelas-su-poilsiu-prie-juros-11-d-skrydis-is-rygos\/","title":{"rendered":"Sakartvelas su poilsiu prie j\u016bros 11 d. (skrydis i\u0161 Rygos)"},"content":{"rendered":"<h3 style=\"text-align: center\"><span style=\"color:#e74c3c\"><strong>D\u0117mesio! Nuo 2024.06.01 Gruzijoje \u012fsigalioja nauji reikalavimai, visi atvykstantys \u012f &scaron;al\u012f privalo tur\u0117ti sveikatos draudim\u0105, galiojant\u012f visos kelion\u0117s metu. Keliautojams neturintiems draudimo gresia 110$ bauda!<\/strong><\/span><\/h3>\n<hr \/>\n<p><strong>1 day <\/strong><\/p>\n<p>- Arrival at Riga Airport.<br \/> - Check-in.<br \/> \u2022 Skrydis: Ryga \u2013 Tbilisis (~23:50-05:15*).<\/p>\n<p><strong>Day 2 <\/strong><\/p>\n<p>\u2022 Atskridimas \u012f Tbilis\u012f.<br \/> \u2022 Perve\u017eimas \u012f vie&scaron;but\u012f.<br \/> \u2022 \u012esik\u016brimas vie&scaron;butyje.<br \/> - Recreation.<br \/> \u2022 Pusry\u010diai vie&scaron;butyje (perkant ekskursij\u0173 paket\u0105 pusry\u010diai \u012fskai\u010diuoti).<br \/> - Tbilisi sightseeing tour.<br \/> - Free time after the city tour.<br \/> \u2022 Sugr\u012f\u017etame \u012f vie&scaron;but\u012f.<br \/> - Recreation.<br \/> \u2022 Nakvyn\u0117 vie&scaron;butyje.<\/p>\n<p>Tbilisis &#8211; vienas gra\u017eiausi\u0173 U\u017ekaukazijos miest\u0173. \u010cia gamta tarsi susilieja su \u017emogaus k\u016bryba, palikdama savo p\u0117dsak\u0105 architekt\u016bros objektuose ir i&scaron;tisuose ansambliuose. Kilsime keltuvu \u012f Narikala tvirtov\u0119 \u2013 tai garsiausias ir seniausias Tbilisio senov\u0117s paminklas ir \u012fvairi\u0173 epoch\u0173 tvirtov\u0117s kompleksas Senajame Tbilisyje, miestie\u010diai j\u0105 vadina \u201emiesto siela ir &scaron;irdimi\u201c. Tvirtov\u0117 buvo pastatyta ant sta\u010dios Sololaksky keteros IV am\u017eiuje. I&scaron; \u010dia atsiveria nuostab\u016bs vaizdai ir \u010dia galima pasidaryti geriausias nuotraukas atminimui.<\/p>\n<p>Toliau leisim\u0117s \u012f senamiest\u012f, i&scaron; pietvakari\u0173 pus\u0117s i&scaron;eisime \u012f aik&scaron;t\u0119, gal\u0117sime v\u0117l gro\u017e\u0117tis. vir&scaron;utin\u0117s miesto tvirtov\u0117s Narikala griuv\u0117siais, kurios kabo vir&scaron; miesto. Miesto teritorija \u2013 sieros pir\u010di\u0173 vieta. Kar&scaron;to vandenilio sulfido vandens tiekia &scaron;altiniai, i&scaron;tekantys i&scaron; Tabori kalno \u012fdub\u0173. Kadaise miesto kvartalai buvo u\u017estatyti karavanais, prekybos namais ir amat\u0173 dirbtuv\u0117mis. Pasivaik&scaron;\u010diojimo senamies\u010dio gatvel\u0117mis metu pamatysite paminkl\u0105 vienam geriausi\u0173 savo laik\u0173 re\u017eisieri\u0173 &#8211; Sergo Parad\u017eanovui, Taikos tilt\u0105 &#8211; &scaron;iuolaikin\u0117s architekt\u016bros &scaron;edevr\u0105, pasivaik&scaron;\u010diosite Rike parke &#8211; nauja poilsio vieta Tbilisio centre palei Kuros up\u0119.<\/p>\n<p><strong>Day 3 <\/strong><\/p>\n<p>\u2022 Pusry\u010diai vie&scaron;butyje (perkant ekskursij\u0173 paket\u0105 pusry\u010diai \u012fskai\u010diuoti).<br \/> \u2022 Pageidaujantiems si\u016blome ekskursin\u0119 i&scaron;vyk\u0105 \u201eGruzijos karo keliu\u201c (papildomas mokestis &#8211; 40 \u20ac\/asm.).<br \/> \u2022 Po ekskursijos sugr\u012f\u017etame \u012f vie&scaron;but\u012f.<br \/> - Recreation.<br \/> \u2022 Nakvyn\u0117 vie&scaron;butyje.<\/p>\n<p>Ekskursija istoriniu Gruzijos karo keliu, kertan\u010diu Kaukazo kalnus ir jungian\u010diu Vladikaukaz\u0105 ir Tbilis\u012f. Sustosime prie vaizdingo VI a. D\u017evari vienuolyno (UNESCO paveldas). Nuo vienuolyno atsiveria puik\u016bs vaizdai \u012f pirm\u0105j\u0105 sostin\u0119 &#8211; Mccheta prie Aragvi ir Mtkvari upi\u0173 santakos. Ekskursij\u0105 prad\u0117sime t\u0173 laik\u0173 Gruzijos keliu, vis\u0105 kelion\u0119 lyd\u0117s nepakartojami vaizdai. Tik per 2 valandas i&scaron; stepi\u0173 zonos pateksime \u012f alpi\u0173 zon\u0105. Atsid\u016brus prie \u017dinvalskio tvenkinio, ap\u017ei\u016br\u0117sime &scaron;io tvenkinio pakrant\u0117je pastatyta Ananuri tvirtov\u0119 bei XVII a. pastatyta Uspenskaja cerkv\u0119 \u2013 viena i&scaron; svarbiausi\u0173 Gruzijos religijos centr\u0173.<\/p>\n<p>Atvykimas \u012f Gudauri \u2013 pagrindin\u012f &scaron;alies slidin\u0117jimo kurort\u0105. Jei leis orai, vyksime \u012f Kazbegi per perk\u0117l\u0105! Atvykimas \u012f Kazbegi! Pageidaujantiems si\u016blome i&scaron;vyk\u0105 \u012f Gergeti Trejyb\u0117s ba\u017eny\u010di\u0105 (papildomas mokestis ~ 11 \u20ac\/asm.). Tai vienintel\u0117 ba\u017eny\u010dia su kry\u017eminiu kupolu &scaron;ioje vietov\u0117je. Gergeti Trejyb\u0117 \u2013 ba\u017eny\u010dia auk&scaron;tumoje, esanti 2170 m auk&scaron;tyje, Kazbego (Mkinvartsveri) kaln\u0173 pap\u0117d\u0117je. Tokio auk&scaron;\u010dio ba\u017eny\u010dios nerasite n\u0117 vienoje pasaulio &scaron;alyje. Netoli ba\u017eny\u010dios prasideda mar&scaron;rutas iki meteorologijos stoties, po kurio kylama \u012f Kazbeko vir&scaron;\u016bn\u0119.<\/p>\n<p><strong>Day 4 <\/strong><\/p>\n<p>\u2022 Pusry\u010diai vie&scaron;butyje (perkant ekskursij\u0173 paket\u0105 pusry\u010diai \u012fskai\u010diuoti).<br \/> \u2022 I&scaron;siregistravimas i&scaron; vie&scaron;bu\u010dio.<br \/> \u2022 Ekskursin\u0117 i&scaron;vyka \u012f Mcchet\u0105.<br \/> \u2022 T\u0119siame kelion\u0119 ir vykstame \u012f Uplistsikhe (papildomai apmokamas \u012f\u0117jimo bilietas ~10 \u20ac\/asm.).<br \/> \u2022 Sustosime pietums (pageidaujant u\u017e papildom\u0105 mokest\u012f, \u012feina \u012f degustacin\u012f paket\u0105 \u2013 40 \u20ac\/asm.).<br \/> \u2022 Vykstame link Bor\u017eomio.<br \/> \u2022 Ekskursija po Bor\u017eomio miest\u0105.<br \/> \u2022 Mineralini\u0173 &scaron;altini\u0173 lankymas (papildomas mokestis ~1 \u20ac\/asm. &#8211; \u012f\u0117jimo bilietas).<br \/> \u2022 Vykstame \u012f tranzitin\u012f vie&scaron;but\u012f.<br \/> \u2022 \u012esik\u016brimas vie&scaron;butyje.<br \/> - Recreation.<br \/> \u2022 Nakvyn\u0117 vie&scaron;butyje.<\/p>\n<p>Mccheta (UNESCO paveldas) yra vienas i&scaron; seniausi\u0173 miest\u0173 Gruzijoje, kurio atsiradimas susij\u0119s su legendiniais gruzin\u0173 prot\u0117viais. Ekskursijos metu aplankysite Sveticchovelio katedr\u0105, pastatyt\u0105 XI a. Ji i&scaron;kilo vietoje akmenin\u0117s bazilikos ir laikoma gruzin\u0173 tautos dvasiniu centru.<br \/> Aplankysime vyno namus, kur susipa\u017einsime su gruzin\u0173 vyndaryst\u0117s kult\u016bra (pageidaujant u\u017e papildom\u0105 mokest\u012f, \u012feina \u012f degustacin\u012f paket\u0105 \u2013 40 \u20ac\/asm).<\/p>\n<p>Uplistsikhe \u2013 unikalus \u201curv\u0173 miestas\u201d, vienas seniausi\u0173 gyvenvie\u010di\u0173 Kaukaze, \u012fkurtas X a. pr. Kr. (papildomai apmokamas \u012f\u0117jimo bilietas ~10 \u20ac\/asm.).<\/p>\n<p>Bor\u017eomis \u2013 kurortinis miestas Gruzijoje, Samcch\u0117s-D\u017eavachetijos regiono &scaron;iaur\u0117s rytuose. Miestas gars\u0117ja savo \u201eBorjomi\u201c mineraliniu vandeniu, kuris u\u017eima pirm\u0105j\u0105 viet\u0105 Gruzijoje. Atvyk\u0119 i&scaron; karto gal\u0117site i&scaron;bandyti tikr\u0105j\u012f \u201eBorjomi\u201c &scaron;altinio vanden\u012f!<\/p>\n<p><strong>Day 5 <\/strong><\/p>\n<p>\u2022 Pusry\u010diai vie&scaron;butyje (perkant ekskursij\u0173 paket\u0105 pusry\u010diai \u012fskai\u010diuoti).<br \/> \u2022 I&scaron;siregistravimas i&scaron; vie&scaron;bu\u010dio.<br \/> \u2022 Ekskursija autobusu po Kutais\u012f.<br \/> \u2022 Vykstame link Batumio.<br \/> \u2022 Ekskursija po Batum\u012f.<br \/> \u2022 \u012esik\u016brimas vie&scaron;butyje.<br \/> - Recreation.<br \/> \u2022 Nakvyn\u0117 vie&scaron;butyje.<\/p>\n<p>Kutaisis, \u012fsik\u016br\u0119s prie Rionio up\u0117s, yra antras pagal dyd\u012f miestas Gruzijoje. Kutaisio istorija siekia &scaron;imtme\u010dius, miesto teritorijoje buvo aptiktos paleolito eros gyvenviet\u0117s. Paleolito era vaidina svarb\u0173 vaidmen\u012f Gruzijos istorijoje. Iki &scaron;iol Gruzijos teritorijoje buvo aptikta ir i&scaron;tirta daugiau nei 400 &scaron;ios eros paminkl\u0173. Gruzijoje yra 6 paleolito paminkl\u0173 paplitimo sritys. &Scaron;is miestas i&scaron;laiko savo, kaip svarbaus gruzin\u0173 kult\u016bros centro, reik&scaron;m\u0119. Aplankysite Motsameto &scaron;ventykl\u0105, kurioje gal\u0117site sugalvoti nor\u0105, ir jis b\u016btinai i&scaron;sipildys.<\/p>\n<p>Batumi kurortas \u012fsik\u016br\u0119s &scaron;alies pietvakarin\u0117je dalyje, ant Juodosios j\u016bros kranto, Ad\u017earijos regione. Tai pagrindinis Gruzijos uostas ir pagrindinis turist\u0173 traukos centras, da\u017enai vadinamas antr\u0105j\u0105 Gruzijos sostine.<\/p>\n<p><strong>Day 6 <\/strong><\/p>\n<p>\u2022 Pusry\u010diai vie&scaron;butyje (perkant ekskursij\u0173 paket\u0105 pusry\u010diai \u012fskai\u010diuoti).<br \/> - Free day.<br \/> \u2022 Pageidaujantiems si\u016blome ekskursin\u0119 i&scaron;vyk\u0105 \u012f Ad\u017earij\u0105 (papildomas mokestis &#8211; 40 \u20ac\/asm.).<br \/> \u2022 Pageidaujantys gal\u0117s apsilankyti Batumio botanikos sode (\u012f\u0117jimo bilieto kaina ~8 \u20ac\/asm.).<br \/> \u2022 Sugr\u012f\u017etame \u012f vie&scaron;but\u012f.<br \/> - Recreation.<br \/> \u2022 Nakvyn\u0117 vie&scaron;butyje.<\/p>\n<p>Ad\u017earija &#8211; vienas gra\u017eiausi\u0173 Gruzijos kampeli\u0173, esantis prie j\u016bros, &scaron;alies pietvakariniame kampe ir turintis sien\u0105 su Turkija.<\/p>\n<p>Trauksime link Machuntseti kriokli\u0173, taip pat aplankysime \u012fsp\u016bding\u0105 karalien\u0117s Tamaros arkin\u012f tilt\u0105.<\/p>\n<p>T\u0119siame ekskursin\u0119 i&scaron;vyk\u0105 ir vykstame \u012f seniausi\u0105 Gruzijos Gonio tvirtov\u0119 (\u012f\u0117jimo mokestis ~2 \u20ac\/asm.).<\/p>\n<p>Batumio botanikos sodas \u012fkurtas miesto pakra&scaron;tyje (&scaron;iaurin\u0117je pus\u0117je), \u017daliajame ky&scaron;ulyje, ant Juodosios j\u016bros kranto. Sodas buvo atidarytas 1912 m. (papildomai apmokami \u012f\u0117jimo bilietai ~8 \u20ac\/asm.).<\/p>\n<p><strong>Day 7 <\/strong><\/p>\n<p>\u2022 Pusry\u010diai vie&scaron;butyje (perkant ekskursij\u0173 paket\u0105 pusry\u010diai \u012fskai\u010diuoti).<br \/> - Free day.<br \/> \u2022 Nakvyn\u0117 vie&scaron;butyje.<\/p>\n<p><strong>Day 8 <\/strong><\/p>\n<p>\u2022 Pusry\u010diai vie&scaron;butyje (perkant ekskursij\u0173 paket\u0105 pusry\u010diai \u012fskai\u010diuoti).<br \/> - Free day.<br \/> \u2022 Nakvyn\u0117 vie&scaron;butyje.<\/p>\n<p><strong>Day 9 <\/strong><\/p>\n<p>\u2022 Pusry\u010diai vie&scaron;butyje (perkant ekskursij\u0173 paket\u0105 pusry\u010diai \u012fskai\u010diuoti).<br \/> - Free day.<br \/> \u2022 Nakvyn\u0117 vie&scaron;butyje.<\/p>\n<p><strong>Day 10 <\/strong><\/p>\n<p>\u2022 Pusry\u010diai vie&scaron;butyje (perkant ekskursij\u0173 paket\u0105 pusry\u010diai \u012fskai\u010diuoti).<br \/> - Free day.<br \/> \u2022 Nakvyn\u0117 vie&scaron;butyje.<\/p>\n<p><strong>Day 11 <\/strong><\/p>\n<p>\u2022 Pusry\u010diai vie&scaron;butyje (perkant ekskursij\u0173 paket\u0105 pusry\u010diai \u012fskai\u010diuoti).<br \/> \u2022 I&scaron;siregistravimas i&scaron; vie&scaron;bu\u010dio.<br \/> - Free time.<br \/> - Transfer to the airport.<br \/> \u2022 Skrydis: Batumi \u2013 Ryga (~19:55-23:05).<br \/> - Arrival at Riga Airport.<\/p>","protected":false},"excerpt":{"rendered":"<p>D\u0117mesio! Nuo 2024.06.01 Gruzijoje \u012fsigalioja nauji reikalavimai, visi atvykstantys \u012f &scaron;al\u012f privalo tur\u0117ti sveikatos draudim\u0105, galiojant\u012f visos kelion\u0117s me&#8230;<\/p>","protected":false},"featured_media":11999,"comment_status":"open","ping_status":"closed","template":"","meta":{"om_disable_all_campaigns":false,"_monsterinsights_skip_tracking":false,"_monsterinsights_sitenote_active":false,"_monsterinsights_sitenote_note":"","_monsterinsights_sitenote_category":0},"product_brand":[],"product_cat":[669],"product_tag":[],"class_list":{"0":"post-12597","1":"product","2":"type-product","3":"status-publish","4":"has-post-thumbnail","6":"product_cat-keliones","8":"first","9":"instock","10":"virtual","11":"taxable","12":"purchasable","13":"product-type-simple"},"aioseo_notices":[],"_links":{"self":[{"href":"https:\/\/www.atravel.lt\/en\/wp-json\/wp\/v2\/product\/12597","targetHints":{"allow":["GET"]}}],"collection":[{"href":"https:\/\/www.atravel.lt\/en\/wp-json\/wp\/v2\/product"}],"about":[{"href":"https:\/\/www.atravel.lt\/en\/wp-json\/wp\/v2\/types\/product"}],"replies":[{"embeddable":true,"href":"https:\/\/www.atravel.lt\/en\/wp-json\/wp\/v2\/comments?post=12597"}],"wp:featuredmedia":[{"embeddable":true,"href":"https:\/\/www.atravel.lt\/en\/wp-json\/wp\/v2\/media\/11999"}],"wp:attachment":[{"href":"https:\/\/www.atravel.lt\/en\/wp-json\/wp\/v2\/media?parent=12597"}],"wp:term":[{"taxonomy":"product_brand","embeddable":true,"href":"https:\/\/www.atravel.lt\/en\/wp-json\/wp\/v2\/product_brand?post=12597"},{"taxonomy":"product_cat","embeddable":true,"href":"https:\/\/www.atravel.lt\/en\/wp-json\/wp\/v2\/product_cat?post=12597"},{"taxonomy":"product_tag","embeddable":true,"href":"https:\/\/www.atravel.lt\/en\/wp-json\/wp\/v2\/product_tag?post=12597"}],"curies":[{"name":"wp","href":"https:\/\/api.w.org\/{rel}","templated":true}]}}