{"id":12592,"date":"2026-03-21T15:44:42","date_gmt":"2026-03-21T13:44:42","guid":{"rendered":"https:\/\/www.atravel.lt\/produktas\/auksinis-indijos-trikampis-su-poilsiu-goa-skrydis-is-rygos\/"},"modified":"2026-03-21T15:44:42","modified_gmt":"2026-03-21T13:44:42","slug":"auksinis-indijos-trikampis-su-poilsiu-goa-skrydis-is-rygos","status":"publish","type":"product","link":"https:\/\/www.atravel.lt\/en\/product\/auksinis-indijos-trikampis-su-poilsiu-goa-skrydis-is-rygos\/","title":{"rendered":"Auksinis Indijos Trikampis su poilsiu Goa (skrydis i\u0161 Rygos)"},"content":{"rendered":"<h3 style=\"text-align: center\"><strong><span style=\"color:#2980b9\">TIK 2026.03.16-29 &#8211; 14 dien\u0173 programa!<\/span><\/strong><\/h3>\n<hr \/>\n<h3 style=\"margin-bottom:8px;text-align:center\"><span style=\"font-size:20px !important\"><span><span style=\"font-weight:500\"><span style=\"line-height:1.2\"><span style=\"text-shadow:#000000 1px 1px 1px !important\"><span style=\"text-transform:uppercase !important\"><span style=\"color:#b58129 !important\"><span style=\"font-family:Nunito, sans-serif\"><span style=\"font-style:normal\"><span><span style=\"white-space:normal\"><span><span><span><span style=\"font-size:18px\"><span><span><span style=\"color:#e74c3c\"><strong style=\"font-weight:bolder\">D\u0116MESIO! REIKALAVIMAI VYKSTANT \u012e KELION\u0118:<\/strong><\/span><\/span><\/span><\/span><\/span><\/span><\/span><\/span><\/span><\/span><\/span><\/span><\/span><\/span><\/span><\/span><\/span><\/span><\/h3>\n<ol>\n<li>\n<p><strong><span style=\"font-size:16px\"><span style=\"color:#e74c3c\">Vykstant \u012f Indij\u0105 yra reikalinga elektronin\u0117 viza, kuria keliautojai r\u016bpinasi SAVARANKI&Scaron;KAI! Viz\u0105 galima pateikti paspaudus <\/span><a href=\"https:\/\/indianvisaonline.gov.in\/evisa\/tvoa.html\"><span style=\"color:#2980b9\">\u010cIA<\/span><\/a>!<span style=\"color:#e74c3c\"> Vizos formos <\/span><a href=\"https:\/\/indianvisaonline.gov.in\/evisa\/images\/SampleForm.pdf\"><span style=\"color:#2980b9\">PAVYZDYS<\/span><\/a><\/span><\/strong><\/p>\n<\/li>\n<li>\n<p><span style=\"font-size:16px\"><span style=\"color:#e74c3c\"><strong>Visi atvykstantys \u012f Indij\u0105 privalo u\u017epildyti atvykimo deklaracij\u0105 <\/strong><\/span><strong><a href=\"https:\/\/indianvisaonline.gov.in\/earrival\/\"><span style=\"color:#2980b9\">E-ARRIVAL CARD<\/span><\/a><\/strong><span style=\"color:#e74c3c\"><strong> <\/strong><\/span><\/span><span style=\"font-size:16px\"><span style=\"color:#e74c3c\"><strong>&#8211;<\/strong><\/span><strong><span style=\"color:#e74c3c\"> <\/span><\/strong><span style=\"color:#e74c3c\"><strong>(DEKLARACIJ\u0104 GALIMA PRAD\u0116TI PILDYTI LIKUS 3 DIENOMS IKI ATVYKIMO \u012e INDIJ\u0104)<\/strong><\/span><\/span><\/p>\n<\/li>\n<\/ol>\n<hr \/>\n<p><strong>1 day <\/strong><\/p>\n<p>- Arrival at Riga Airport.<br \/> - Check-in.<br \/> \u2022 Skrydis: Ryga \u2013 Stambulas (~11:40-15:55).<br \/> - We arrive in Istanbul.<br \/> \u2022 Skrydis: Stambulas \u2013 Delis (~20:50-05:20*).<\/p>\n<p><strong>Day 2 <\/strong><\/p>\n<p>\u2022 Atvykstame \u012f Del\u012f.<br \/> \u2022 Vykstame \u012f vie&scaron;but\u012f.<br \/> \u2022 \u012esik\u016brimas vie&scaron;butyje.<br \/> \u2022 Pusry\u010diai vie&scaron;butyje (perkant ekskursij\u0173 paket\u0105 pusry\u010diai \u012fskai\u010diuoti).<br \/> - Recreation.<br \/> \u2022 Antroje dienos pus\u0117je ap\u017evalgin\u0117 ekskursija po Del\u012f.<br \/> \u2022 Sugr\u012f\u017etame \u012f vie&scaron;but\u012f.<br \/> \u2022 Nakvyn\u0117 vie&scaron;butyje.<\/p>\n<p>Apsilankysime did\u017eiausiame pasaulyje Qutub Minar plyt\u0173 minarete. Viduram\u017ei\u0173 kompleksas surenkamas i&scaron; sunaikint\u0173 Indijos &scaron;ventykl\u0173 gabal\u0173, taip pat jos teritorijoje yra paslaptinga gele\u017eies kolona, kuri, nepaisant lietaus sezon\u0173, ner\u016bdijo 1600 met\u0173.<\/p>\n<p>Ekskursijos metu pamatysime: Deli simbol\u012f &#8211; Lotus &scaron;ventykl\u0105, Indijos vartus ir Prezidento r\u016bmus &#8211; pagrindin\u0117 sikh\u0173 Bangla Sahib gurudv\u0105 ir Ind\u0173 &scaron;ventykl\u0105 Lakshmi Narayan.<\/p>\n<p><strong>Day 3 <\/strong><\/p>\n<p>\u2022 Pusry\u010diai vie&scaron;butyje (perkant ekskursij\u0173 paket\u0105 pusry\u010diai \u012fskai\u010diuoti).<br \/> \u2022 I&scaron;siregistravimas i&scaron; vie&scaron;bu\u010dio.<br \/> \u2022 I&scaron;vykimas \u012f Agr\u0105.<br \/> \u2022 Ekskursija po Agros miest\u0105.<br \/> \u2022 Vykstame \u012f vie&scaron;but\u012f.<br \/> \u2022 \u012esik\u016brimas vie&scaron;butyje.<br \/> - Recreation.<br \/> \u2022 Nakvyn\u0117 vie&scaron;butyje.<\/p>\n<p>Apsilankymas pagrindiniame Indijos traukos centre \u2013 septintuoju pasaulio stebuklu vadinamame ir &scaron;alies perlu laikomo Tad\u017e Mahalo mauzoliejuje, taip pat Agros forte ir Itmad-ud-Daula kape.<\/p>\n<p><strong>Day 4 <\/strong><\/p>\n<p>\u2022 Pusry\u010diai vie&scaron;butyje (perkant ekskursij\u0173 paket\u0105 pusry\u010diai \u012fskai\u010diuoti).<br \/> \u2022 I&scaron;siregistravimas i&scaron; vie&scaron;bu\u010dio.<br \/> \u2022 Vykstame \u012f D\u017eaipur\u0105.<br \/> \u2022 \u012esik\u016brimas vie&scaron;butyje.<br \/> - Recreation.<br \/> \u2022 Vakare pageidaujantiems si\u016blome apsilankyti folkloro kaimelyje \u201eChowki Dhani\u201c + degustacija (papildomas mokestis &#8211; 25 \u20ac\/asm.).<br \/> \u2022 Sugr\u012f\u017etame \u012f vie&scaron;but\u012f.<br \/> \u2022 Nakvyn\u0117 vie&scaron;butyje.<\/p>\n<p>Pakeliui aplankysime apleist\u0105 Fatehpur Sikri miest\u0105, kur\u012f pastat\u0117 imperatorius Akbaras.<\/p>\n<p>Chowki Dhani kaimas yra Rajasthano kult\u016bros veidrodis. Jis u\u017eima 10 akr\u0173 vaizdingos kaimo teritorijos ploto. Tradiciniai senov\u0117s laik\u0173 r\u016bmai gr\u0105\u017eina mus \u012f prie&scaron; daugel\u012f met\u0173 atgal, leisdami mums m\u0117gautis t\u0173 laik\u0173 kaimo komfortu. \u010cia kiekvien\u0105 vakar\u0105 vyksta \u012fvair\u016bs festivaliai, kuriuose parodytas turtingas ir energingas Rajasthano kult\u016bros paveldas. Vakarais groja muzika ir vyksta &scaron;okiai. Vietiniai liaudies menininkai atgaivino dekoratyvin\u012f ir taikom\u0105j\u012f men\u0105, kuris senov\u0117je buvo populiarus Chowki Dhani.<\/p>\n<p><strong>Day 5 <\/strong><\/p>\n<p>\u2022 Pusry\u010diai vie&scaron;butyje (perkant ekskursij\u0173 paket\u0105 pusry\u010diai \u012fskai\u010diuoti).<br \/> \u2022 I&scaron;siregistravimas i&scaron; vie&scaron;bu\u010dio.<br \/> \u2022 Ekskursin\u0117 i&scaron;vyka \u201eIndijos r\u016bmai\u201c.<br \/> \u2022 Vykstame \u012f Del\u012f.<br \/> \u2022 \u012esik\u016brimas vie&scaron;butyje.<br \/> \u2022 Nakvyn\u0117 vie&scaron;butyje.<\/p>\n<p>Ekskursijos metu pamatysime Amber fort\u0105, Vandens r\u016bmus, V\u0117j\u0173 r\u016bmus, Jahal Mahal ir sniego baltumo Lakshmi Narayan &scaron;ventykl\u0105, kuri\u0105 supa ve&scaron;l\u016bs \u017eali sodai. Ekskursija po miesto r\u016bmus, kuri\u0173 dalis dabar yra muziejus. Apsilankymas senovin\u0117je Jantar Mantar observatorijoje.<\/p>\n<p><strong>Day 6 <\/strong><\/p>\n<p>\u2022 Pusry\u010diai vie&scaron;butyje (perkant ekskursij\u0173 paket\u0105 pusry\u010diai \u012fskai\u010diuoti).<br \/> \u2022 I&scaron;siregistravimas i&scaron; vie&scaron;bu\u010dio.<br \/> - Going to the airport.<br \/> \u2022 Vidinis skrydis: Delis &#8211; Goa (\u012fskai\u010diuotas registruotas baga\u017eas iki 15 kg + rankinis baga\u017eas iki 7 kg).<br \/> \u2022 Atvykstame \u012f Go\u0105.<br \/> \u2022 Vykstame \u012f vie&scaron;but\u012f.<br \/> \u2022 \u012esik\u016brimas vie&scaron;butyje.<br \/> \u2022 Nakvyn\u0117 vie&scaron;butyje.<\/p>\n<p><strong>Day 7 <\/strong><\/p>\n<p>\u2022 Pusry\u010diai vie&scaron;butyje (perkant ekskursij\u0173 paket\u0105 pusry\u010diai \u012fskai\u010diuoti).<br \/> - Free day.<br \/> - Relax by the sea.<br \/> \u2022 Nakvyn\u0117 vie&scaron;butyje.<\/p>\n<p><strong>Day 8 <\/strong><\/p>\n<p>\u2022 Pusry\u010diai vie&scaron;butyje (perkant ekskursij\u0173 paket\u0105 pusry\u010diai \u012fskai\u010diuoti).<br \/> - Free day.<br \/> \u2022 Pageidaujantiems si\u016blome ekskursin\u0119 i&scaron;vyk\u0105 \u201eGoa, Dadsagaro kriokliai ir prieskoni\u0173 plantacija\u201c (papildomas mokestis 49 \u20ac\/asm., I&Scaron; ANKSTO papildomai apmokami \u012f\u0117jimo bilietai, pasiva\u017ein\u0117jimas d\u017eipais ir piet\u016bs apmokami ekskursijos metu &#8211; 25 \u20ac\/asm.).<br \/> \u2022 Sugr\u012f\u017etame \u012f vie&scaron;but\u012f.<br \/> \u2022 Nakvyn\u0117 vie&scaron;butyje.<\/p>\n<p>Aplankysime buvusi\u0105 Senosios Goa valstijos sostin\u0119 su nuostabiomis katalik\u0173 ba\u017eny\u010diomis: &Scaron;v. Kotrynos ba\u017eny\u010dia ir Bom Jesus bazilika (objektai \u012ftraukti \u012f UNESCO pasaulio paveldo s\u0105ra&scaron;\u0105).<\/p>\n<p>Toliau vyksime \u012f prieskoni\u0173 plantacij\u0105, kurioje gal\u0117site pamatyti vertingiausias prieskoni\u0173 r\u016b&scaron;is, atne&scaron;usias did\u017eiulius turtus Portugalijos kar\u016bnai. J\u016bs\u0173 lauks egzoti&scaron;ki piet\u016bs, kuriuos sudaro tradicin\u0117 Goa virtuv\u0117 ir vietinio g\u0117rimo fenni \u2013 degtin\u0117s i&scaron; anakard\u017ei\u0173 vaisi\u0173 degustacija.<\/p>\n<p>Kita stotel\u0117 \u2013 Kolem kaimelis. \u010cia pers\u0117sime \u012f d\u017eipus. Kelias eina per Bhagwan Mahavir gamtos rezervato bekel\u0117s reljef\u0105. Likusi\u0105 kelion\u0117s dal\u012f, apie 10 minu\u010di\u0173, eisime uol\u0117tu takeliu iki Dudsagaro krioklio pap\u0117d\u0117s. Pakeliui tikrai sutiksime miel\u0173 be\u017ed\u017eion\u0117li\u0173, kurias gal\u0117site nufotografuoti. Beje, maitinti be\u017ed\u017eiones grie\u017etai draud\u017eiama, ta\u010diau nepaisant to, daugelis pa\u017eeid\u017eia &scaron;i\u0105 taisykl\u0119.<\/p>\n<p>Dudhsagar krioklys yra 310 metr\u0173 auk&scaron;\u010dio ir pagal &scaron;\u012f kriterij\u0173 u\u017eima 5 viet\u0105 Indijoje. \u201eDudsagar\u201c i&scaron; marat\u0173 kalbos ver\u010diamas kaip pieno vandenynas. Ir i&scaron; tikr\u0173j\u0173, jo srov\u0117 susiskaido \u012f milijardus pursl\u0173, kurie primena pieno baltum\u0105. Krioklio pap\u0117d\u0117je yra v\u0117saus vandens e\u017eeras, kuriame galima maudytis.<\/p>\n<p>B\u016btinai pasiimkite su savimi fotoaparat\u0105, galvos apdangal\u0105, patogi\u0105 avalyn\u0119 (vaik&scaron;\u010diosime akmenuotu mi&scaron;ko takeliu), maudymosi kostium\u0117l\u012f ir rank&scaron;luost\u012f. Moterims \u2013 pe\u010dius ir kelius dengiantys drabu\u017eiai.<\/p>\n<p><strong>Day 9 <\/strong><\/p>\n<p>\u2022 Pusry\u010diai vie&scaron;butyje (perkant ekskursij\u0173 paket\u0105 pusry\u010diai \u012fskai\u010diuoti).<br \/> - Relax by the sea.<br \/> \u2022 Nakvyn\u0117 vie&scaron;butyje.<\/p>\n<p><strong>Day 10 <\/strong><\/p>\n<p>\u2022 Pusry\u010diai vie&scaron;butyje (perkant ekskursij\u0173 paket\u0105 pusry\u010diai \u012fskai\u010diuoti).<br \/> \u2022 Ekskursin\u0117 i&scaron;vyka \u201ePiet\u0173 Goa\u201c.<br \/> \u2022 Laisvas laikas Palolemo papl\u016bdimyje.<br \/> \u2022 Pageidaujantiems (u\u017e papildom\u0105 mokest\u012f) si\u016blome:<br \/> o I&scaron;vyk\u0105 laivu \u012f apleist\u0105 Butterfly papl\u016bdim\u012f.<br \/> o Plaukim\u0105 baidare arba valtimi \u012f mangrovi\u0173 mi&scaron;kus.<br \/> \u2022 Vykstame \u012f Cabo de Rama fort\u0105.<br \/> \u2022 Sugr\u012f\u017etame \u012f vie&scaron;but\u012f.<br \/> \u2022 Nakvyn\u0117 vie&scaron;butyje.<\/p>\n<p>&Scaron;i\u0105 dien\u0105 skirsime poilsiui gra\u017eiausiame Piet\u0173 Goa papl\u016bdimyje. Ta\u010diau pirmiausia aplankysime valstijos sostin\u0119 \u2013 Panaji miest\u0105 ir pasim\u0117gausime jo kolonijine portugali&scaron;ka architekt\u016bra, kuri telkiasi Fontaines rajone. \u201eFontan\u0173 kvartal\u0105\u201c ma\u017edaug prie&scaron; 200 met\u0173 prad\u0117jo kurti imigrantai i&scaron; Portugalijos. Vaik&scaron;tant siauromis gatvel\u0117mis su ry&scaron;kiai spalvingais rajone esan\u010diais namais, atrodo, kad esate Portugalijoje. Kvartalo dominuojan\u010diu bruo\u017eu pagr\u012fstai laikoma Dievo Motinos Nekaltojo Prasid\u0117jimo ba\u017eny\u010dia, kuri atrodo kaip sniego baltumo pyragas. Vargu ar kuris turistas gali likti abejingas &scaron;iam pastatui ir nenufotografuoti sav\u0119s jo fone.<\/p>\n<p>Toliau vyksime tiesiai \u012f pagrindin\u012f &scaron;ios dienos ta&scaron;k\u0105 \u2013 Palolem papl\u016bdim\u012f. Ne be reikalo daugelis turist\u0173 ir vietini\u0173 papl\u016bdim\u012f laiko gra\u017eiausiu Piet\u0173 Goa. \u010cia dera &scaron;variausias sm\u0117lis, vaizdingos kalvos, vir&scaron; vandens kaban\u010dios palm\u0117s ir rami, jauki atmosfera.<\/p>\n<p>Kelion\u0117s laivu \u012f Butterlfly papl\u016bdim\u012f metu (papildomas mokestis), plaukian\u010dius laivus \u012f sal\u0105, da\u017enai lydi delfin\u0173 ank&scaron;tys. Butterfly da\u017enai vadina be\u017ed\u017eioni\u0173 papl\u016bdimiu, nes \u010dia jie da\u017eni sve\u010diai.<\/p>\n<p>Plaukimo baidar\u0117mis ar valtimis metu vidaus vandenyse (papildomas mokestis), pamatysime mangrovi\u0173 mi&scaron;kus tur\u0117sime galimyb\u0119 pamaitinti erelius.<\/p>\n<p>Atsipalaidav\u0119 ant j\u016bros kranto vyksime \u012f Cabo de Rama fort\u0105. I&scaron; gido pasakojim\u0173 su\u017einosime svarbius forto istorijos etapus, savo akimis pamatysime nuostabius vaizdus, kurie atsiveria i&scaron; ten \u012f pakrant\u0119. Ekskursijos pabaigoje gro\u017e\u0117sim\u0117s saul\u0117lyd\u017eiu.<\/p>\n<p><strong>Day 11 <\/strong><\/p>\n<p>\u2022 Pusry\u010diai vie&scaron;butyje (perkant ekskursij\u0173 paket\u0105 pusry\u010diai \u012fskai\u010diuoti).<br \/> - Relax by the sea.<br \/> \u2022 Ekskursin\u0117 i&scaron;vyka \u201ePa\u017eintis su Mahara&scaron;tra\u201c.<br \/> \u2022 Krokodil\u0173 maitinimas prie Tiracol up\u0117s (papildomas mokestis + krokodil\u0173 maistas (vi&scaron;tiena ~400 rupij\u0173)).<br \/> \u2022 Sugr\u012f\u017etame \u012f vie&scaron;but\u012f.<br \/> \u2022 Nakvyn\u0117 vie&scaron;butyje.<\/p>\n<p>Mahara&scaron;tros valstija yra viena did\u017eiausi\u0173 ir daugiausiai gyventoj\u0173 turin\u010di\u0173 Indijos valstij\u0173. \u201eMaharashtra\u201c i&scaron;vertus i&scaron; sanskrito kalbos rei&scaron;kia \u201epuiki &scaron;alis\u201c. \u010cia yra daug gamtos ir kult\u016bros objekt\u0173, kurie verti d\u0117mesio. Pamatysime \u012fdomiausius i&scaron; esan\u010di\u0173 netoli m\u016bs\u0173 vie&scaron;bu\u010dio ir sienos su Goa valstija.<\/p>\n<p>Vengurla papl\u016bdimys yra vienas vaizdingiausi\u0173 piet\u0173 Mahara&scaron;tros papl\u016bdimi\u0173. Turistai \u010dia atvyksta retai, nes mieliau renkasi tik Goa papl\u016bdimius. Tod\u0117l gal\u0117site pails\u0117ti papl\u016bdimyje ir maudytis &scaron;iltuose Arabijos j\u016bros vandenyse beveik visi&scaron;kai vieni.<\/p>\n<p>Fortas Tiracol yra nedidel\u0117, gerai pri\u017ei\u016brima tvirtov\u0117 ant stataus kranto Tiracol up\u0117s \u017eiotyse. Tvirtov\u0117s sienos, vidin\u0117 aik&scaron;t\u0117 ir ba\u017eny\u010dia i&scaron;liko geros b\u016bkl\u0117s. &Scaron;iuo metu tvirtov\u0117s teritorijoje yra vie&scaron;butis, jos savininkai mielai priima smalsius turistus savo sienose.<\/p>\n<p>Tiracol up\u0117 yra nat\u016brali pelkinio krokodilo buvein\u0117. &Scaron;ie ropliai gali siekti 3,5 metro ilgio ir sverti daugiau nei 200 kilogram\u0173. Vietos gyventojai prie toki\u0173 kaimyn\u0173 priprato ir elgiasi normaliai, kai kurie net &scaron;eria &scaron;iuos gyv\u016bnus ir kvie\u010dia visus pa\u017evelgti \u012f juos savo akimis. Status up\u0117s krantas, aptvertas tvora, leid\u017eia gro\u017e\u0117tis ropliais i&scaron; saugaus atstumo. &Scaron;\u0117rimo metu \u012f ap\u017ei\u016bros viet\u0105 vienu metu gali atplaukti iki 30 krokodil\u0173.<\/p>\n<p><strong>Day 12 <\/strong><\/p>\n<p>\u2022 Pusry\u010diai vie&scaron;butyje (perkant ekskursij\u0173 paket\u0105 pusry\u010diai \u012fskai\u010diuoti).<br \/> \u2022 I&scaron;siregistravimas i&scaron; vie&scaron;bu\u010dio.<br \/> - Going to the airport.<br \/> - Check-in.<br \/> \u2022 Vidinis skrydis: Goa \u2013 Delis (\u012fskai\u010diuotas registruotas baga\u017eas iki 15 kg + rankinis baga\u017eas iki 7 kg).<br \/> \u2022 Atvykstame \u012f Del\u012f.<br \/> \u2022 Vykstame \u012f vie&scaron;but\u012f.<br \/> \u2022 \u012esik\u016brimas vie&scaron;butyje.<br \/> \u2022 Nakvyn\u0117 vie&scaron;butyje.<\/p>\n<p><strong>Day 13 <\/strong><\/p>\n<p>\u2022 Ankstyvas i&scaron;siregistravimas i&scaron; vie&scaron;bu\u010dio.<br \/> - Going to the airport.<br \/> - Check-in.<br \/> \u2022 Skrydis: Delis \u2013 Stambulas (~07:00-11:35).<br \/> - We arrive in Istanbul.<br \/> \u2022 Skrydis: Stambulas \u2013 Ryga (~15:50-18:05).<br \/> \u2022 Atvykstame \u012f Ryg\u0105.<\/p>\n<p><span style=\"color:#2980b9\"><strong>TIK KELION\u0116S DATA 2026.03.16-29<\/strong><\/span><br \/> <span style=\"color:#2980b9\">\u2022 Ankstyvas i&scaron;siregistravimas i&scaron; vie&scaron;bu\u010dio.<br \/> - Going to the airport.<br \/> - Check-in.<br \/> \u2022 Skrydis: Delis \u2013 Stambulas (~07:00-11:35).<br \/> - We arrive in Istanbul.<br \/> \u2022 Perve\u017eimas \u012f vie&scaron;but\u012f.<br \/> \u2022 \u012esik\u016brimas vie&scaron;butyje.<br \/> \u2022 Nakvyn\u0117 vie&scaron;butyje.<\/span><\/p>\n<p><span style=\"color:#2980b9\"><strong>Day 14 <\/strong><\/span><br \/> <span style=\"color:#2980b9\"><strong>TIK KELION\u0116S DATA 2026.03.16-29<\/strong><\/span><br \/> <span style=\"color:#2980b9\">\u2022 Ankstyvas i&scaron;siregistravimas i&scaron; vie&scaron;bu\u010dio.<br \/> \u2022 Vykstame \u012f Stambulo oro uost\u0105.<br \/> \u2022 Skrydis: Stambulas \u2013 Ryga (~07:05-10:10).<br \/> \u2022 Atvykstame \u012f Ryg\u0105.<\/span><\/p>","protected":false},"excerpt":{"rendered":"<p>TIK 2026.03.16-29 &#8211; 14 dien\u0173 programa! D\u0116MESIO! REIKALAVIMAI VYKSTANT \u012e KELION\u0118: Vykstant \u012f Indij\u0105 yra reikalinga elektronin\u0117 viza, kuria keliautojai r\u016bpinasi S&#8230;<\/p>","protected":false},"featured_media":11828,"comment_status":"open","ping_status":"closed","template":"","meta":{"om_disable_all_campaigns":false,"_monsterinsights_skip_tracking":false,"_monsterinsights_sitenote_active":false,"_monsterinsights_sitenote_note":"","_monsterinsights_sitenote_category":0},"product_brand":[],"product_cat":[669],"product_tag":[],"class_list":{"0":"post-12592","1":"product","2":"type-product","3":"status-publish","4":"has-post-thumbnail","6":"product_cat-keliones","8":"first","9":"instock","10":"virtual","11":"taxable","12":"purchasable","13":"product-type-simple"},"aioseo_notices":[],"_links":{"self":[{"href":"https:\/\/www.atravel.lt\/en\/wp-json\/wp\/v2\/product\/12592","targetHints":{"allow":["GET"]}}],"collection":[{"href":"https:\/\/www.atravel.lt\/en\/wp-json\/wp\/v2\/product"}],"about":[{"href":"https:\/\/www.atravel.lt\/en\/wp-json\/wp\/v2\/types\/product"}],"replies":[{"embeddable":true,"href":"https:\/\/www.atravel.lt\/en\/wp-json\/wp\/v2\/comments?post=12592"}],"wp:featuredmedia":[{"embeddable":true,"href":"https:\/\/www.atravel.lt\/en\/wp-json\/wp\/v2\/media\/11828"}],"wp:attachment":[{"href":"https:\/\/www.atravel.lt\/en\/wp-json\/wp\/v2\/media?parent=12592"}],"wp:term":[{"taxonomy":"product_brand","embeddable":true,"href":"https:\/\/www.atravel.lt\/en\/wp-json\/wp\/v2\/product_brand?post=12592"},{"taxonomy":"product_cat","embeddable":true,"href":"https:\/\/www.atravel.lt\/en\/wp-json\/wp\/v2\/product_cat?post=12592"},{"taxonomy":"product_tag","embeddable":true,"href":"https:\/\/www.atravel.lt\/en\/wp-json\/wp\/v2\/product_tag?post=12592"}],"curies":[{"name":"wp","href":"https:\/\/api.w.org\/{rel}","templated":true}]}}