{"id":12590,"date":"2026-03-21T15:44:42","date_gmt":"2026-03-21T13:44:42","guid":{"rendered":"https:\/\/www.atravel.lt\/produktas\/vokietija-belgija-olandija-su-galimybe-apsilankyti-geliu-parke-keukenhof\/"},"modified":"2026-03-21T15:44:42","modified_gmt":"2026-03-21T13:44:42","slug":"vokietija-belgija-olandija-su-galimybe-apsilankyti-geliu-parke-keukenhof","status":"publish","type":"product","link":"https:\/\/www.atravel.lt\/en\/product\/vokietija-belgija-olandija-su-galimybe-apsilankyti-geliu-parke-keukenhof\/","title":{"rendered":"VOKIETIJA &#8211; BELGIJA &#8211; OLANDIJA su galimybe apsilankyti g\u0117li\u0173 parke \u201eKeukenhof\u201c"},"content":{"rendered":"<h3><span style=\"color:#d35400\"><span style=\"font-size:10pt\"><span style=\"line-height:115%\"><span style=\",serif\"><b><i><span style=\"font-size:9.0pt\"><span style=\"line-height:115%\"><span style=\",sans-serif\">*SVARBU!<\/span><\/span><\/span><\/i><\/b><i><span style=\"font-size:9.0pt\"><span style=\"line-height:115%\"><span style=\",sans-serif\"> Perve\u017eimas autobusu\/mikroautobusu i&scaron; Vilniaus organizuojamas tik susirinkus daugiau nei 8 keliautojams, susirinkus ma\u017eesnei keliautoj\u0173 grupei Jums bus nupirkti tarpmiestinio autobuso bilietai ir iki pagrindinio autobuso (Kauno) vyksite tarpmiestiniu autobusu.<\/span><\/span><\/span><\/i><\/span><\/span><\/span><\/span><\/h3>\n<hr \/>\n<p><strong>1 day <\/strong><\/p>\n<p>\u2022 I&scaron;vykimas i&scaron; Lietuvos (<strong><span style=\"color:#d35400\">Vilniaus*<\/span><\/strong>, Kauno ar Panev\u0117\u017eio).<br \/> - Travelling through Poland.<br \/> \u2022 \u012esik\u016brimas vie&scaron;butyje.<br \/> \u2022 Nakvyn\u0117 vie&scaron;butyje.<\/p>\n<p><strong>Day 2 <\/strong><\/p>\n<p>\u2022 Pusry\u010diai vie&scaron;butyje (perkant ekskursij\u0173 paket\u0105 pusry\u010diai \u012fskai\u010diuoti).<br \/> \u2022 I&scaron;siregistravimas i&scaron; vie&scaron;bu\u010dio.<br \/> \u2022 Vykstame link Berlyno.<br \/> \u2022 Ap\u017evalgin\u0117 ekskursija p\u0117s\u010diomis po Berlyn\u0105.<br \/> \u2022 Vykstame \u012f vie&scaron;but\u012f.<br \/> \u2022 \u012esik\u016brimas vie&scaron;butyje.<br \/> \u2022 Nakvyn\u0117 vie&scaron;butyje.<\/p>\n<p>Ap\u017evalgin\u0117 ekskursija p\u0117s\u010diomis po Berlyno istorines vietas. Ekskursijos metu pamatysime: Brandenburgo vartus &#8211; bene vien\u0105 svarbiausi\u0173 miesto simboli\u0173, Reichstag\u0105 ir pasivaik&scaron;\u010diosime moderniu vyriausyb\u0117s kvartalu. Pasivaik&scaron;\u010diosime Unter den Linden bulvaru, v\u0117liau susipa\u017einsime su nuostabiu XVII-XVIII am\u017ei\u0173 architekt\u016briniu aik&scaron;\u010di\u0173 ansambliu \u2013 Gendarmenmarkt ir Bebel Platz. Taip pat ekskursijos metu pamatysime: Karali&scaron;k\u0105j\u0105 oper\u0105, Humboldto universitet\u0105, memorial\u0105 fa&scaron;izmo ir militarizmo aukoms atminti, aplankysime garsi\u0105j\u0105 Muziej\u0173 sal\u0105 ir, \u017einoma, diding\u0105 Berlyno katedr\u0105.<\/p>\n<p>O m\u016bs\u0173 \u012fdomaus ir turiningo pasivaik&scaron;\u010diojimo pabaiga bus apsilankymas centrin\u0117je Berlyno aik&scaron;t\u0117je \u2013 Alexanderplatz. P\u0117s\u010di\u0173j\u0173 aik&scaron;t\u0117 yra taisyklingo sta\u010diakampio formos ir yra istoriniame K&ouml;nigsstadt kvartale Mitte rajone. Ir, \u017einoma, nei viena ekskursija po Berlyn\u0105 neapsieina neaplankant seniausios i&scaron; esam\u0173 miesto ba\u017eny\u010di\u0173 \u2013 Marienkirche, pastatytos XIV am\u017eiuje, Nept\u016bno fontano ir visame pasaulyje \u017einomo, Berlyno televizijos bok&scaron;to, bene pretenzingiausio socializmo epochos pastato.<\/p>\n<p><strong>Day 3 <\/strong><\/p>\n<p>\u2022 I&scaron;siregistravimas i&scaron; vie&scaron;bu\u010dio.<br \/> \u2022 Vykstame \u012f Keukenhofo g\u0117li\u0173 park\u0105 (\u012f\u0117jimo bilietai u\u017esakomi i&scaron; anksto ir apmokami pa\u010di\u0173 keliautoj\u0173: suaugusiems ~21 \u20ac\/asm., vaikams 4-17 met\u0173 ~10 \u20ac\/asm., vaikams iki 3 met\u0173 &#8211; nemokamai).<br \/> \u2022 Vykstame \u012f vie&scaron;but\u012f Belgijos teritorijoje.<br \/> - Recreation.<br \/> \u2022 Nakvyn\u0117 vie&scaron;butyje.<\/p>\n<p>Visame pasaulyje \u017einomas g\u0117li\u0173 parkas Keukenhof yra viena i&scaron; populiariausi\u0173 piligrimyst\u0117s viet\u0173 pavasar\u012f Nyderlanduose atvykstantiems turistams. Reginys i&scaron;ties nuostabus: 32 hektar\u0173 plote surinkta daugiau nei 7 milijonai g\u0117li\u0173. \u010cia yra trys oran\u017eerijos: pirmoji &#8211; su \u012fvairi\u0173 veisli\u0173 ir atspalvi\u0173 tulp\u0117mis, auksiniais narcizais ir ve&scaron;liomis alyvomis, kita &#8211; su raudonos spalvos ro\u017ei\u0173 prabanga, o tre\u010dioji \u2013 su nepaprastai nuostabiomis orchid\u0117jomis. Parkas yra Lisse mieste ir veikia tik du m\u0117nesius per metus \u2013 nuo kovo vidurio iki gegu\u017e\u0117s vidurio.<br \/> Baland\u017eio 18 d. netoli g\u0117li\u0173 parko, vyks garsusis g\u0117li\u0173 paradas, kasmetinis g\u0117li\u0173 paradas \u2013 tai nuostabi\u0173 spalv\u0173 ir svaiginan\u010di\u0173 aromat\u0173 &scaron;vent\u0117. 20 did\u017eiuli\u0173 plaust\u0173 ir 30 ve\u017eim\u0173, gausiai papuo&scaron;t\u0173 g\u0117l\u0117mis, nukeliauja 42 kilometrus i&scaron; Noordwijk \u012f Harlem\u0105.<\/p>\n<p><strong>Day 4 <\/strong><\/p>\n<p>\u2022 Pusry\u010diai vie&scaron;butyje (perkant ekskursij\u0173 paket\u0105 pusry\u010diai \u012fskai\u010diuoti).<br \/> \u2022 Vykstame \u012f Briusel\u012f.<br \/> \u2022 Ekskursija po Briusel\u012f.<br \/> - Free time.<br \/> \u2022 Pageidaujantiems si\u016blome ekskursij\u0105 po Antverpen\u0105 (papildomas mokestis \u2013 45 \u20ac\/asm.).<br \/> \u2022 Sugr\u012f\u017etame \u012f vie&scaron;but\u012f.<br \/> \u2022 Nakvyn\u0117 vie&scaron;butyje.<\/p>\n<p>Nuostabaus Briuselio istorinis centras yra padalintas \u012f dvi dalis \u2013 vadinam\u0105j\u012f \u017demutin\u012f ir Auk&scaron;tutin\u012f miest\u0105. \u017demutin\u0117je jau seniai \u012fsib\u0117g\u0117jo paprastas gyvenimas, buvo vykdoma prekyba, vyst\u0117si amatai ir pramon\u0117. Auk&scaron;tutin\u0117je buvo \u012fsik\u016br\u0119 prabang\u016bs turting\u0173 \u017emoni\u0173 r\u016bmai ir dvarai. B\u016btent \u010dia i&scaron;saugotas istorinis i&scaron;planavimas ir dauguma sen\u0173j\u0173 pastat\u0173. Pagrindin\u0117s Briuselio lankytinos vietos yra sutelktos istoriniame centre.<br \/> \u017dymiausia miesto vieta yra Did\u017eioji aik&scaron;t\u0117, esanti \u017eemutin\u0117je miesto dalyje. Dauguma Briuselio lankytin\u0173 viet\u0173 vienaip ar kitaip susitelk\u0119 aplink j\u0105. Tikras architekt\u016bros &scaron;edevras \u2013 Rotu&scaron;\u0117, b\u016bdinga bet kuriam Europos miestui, tai tikras baroko stiliaus meno k\u016brinys. Rotu&scaron;\u0117 buvo pastatyta XV am\u017eiaus viduryje, su net 90 metr\u0173 auk&scaron;\u010dio bok&scaron;tu. I&scaron; \u010dia tarsi saugo miest\u0105 &scaron;v. Mykolo, Briuselio glob\u0117jo, statula. Netoliese yra dar vienas didingas pastatas \u2013 Karali&scaron;kieji r\u016bmai, pastatyti XVI am\u017eiuje.<br \/> Nu\u0117jus kelis metrus nuo pagrindin\u0117s aik&scaron;t\u0117s tikrai pamatysite \u017eymiausi\u0105 Briuselio \u012f\u017eymyb\u0119 legendin\u012f Manneken Pis \u2013 \u201eSisiojan\u010dio berniuko\u201c skulpt\u016br\u0105-fontan\u0105. Vienas i&scaron; i&scaron;kiliausiu auk&scaron;tutinio miesto pastat\u0173 &#8211; Karali&scaron;kieji r\u016bmai 18-19 a., &scaron;iuo metu tai Belgijos karaliaus rezidencija. Aplink r\u016bmus \u2013 nuostabaus gro\u017eio parkas. Dar vienas Briuselio simbolis \u2013 1958 metais \u012frengtas did\u017eiulis gele\u017eies kristalo maketas Atomium.<\/p>\n<p>Vyksime \u012f Antverpen\u0105 (papildomas mokestis -45 \u20ac\/asm.), kurio istoriniame centre sutelktos visos miesto lankytinos vietos. Miesto centras yra ant Scheldt up\u0117s kranto, kur kadaise buvo viduram\u017ei\u0173 gynybin\u0117 tvirtov\u0117. \u012e rytus yra gra\u017ei Sten pilis, &scaron;ita pilis buvo atstatyta po to, kai buvo visi&scaron;kai sunaikinta XIX am\u017eiuje. Dabar joje yra Nacionalinis j\u016br\u0173 muziejus. Pagrindin\u0117 miesto atrakcija gali b\u016bti vadinama &#8211; Grote Markt aik&scaron;t\u0117. I&scaron;vertus tai rei&scaron;kia didelis turgus. Tikra aik&scaron;t\u0117s puo&scaron;mena \u2013 jos fontanas su Silvijaus Brabo statula, kuris, pasak legendos, nugal\u0117jo pikt\u0105j\u012f mil\u017ein\u0105 Antigon\u0105. Kaip ir bet kurioje viduram\u017ei\u0173 Europos aik&scaron;t\u0117je, ji taip pat turi savo Rotu&scaron;\u0119, pastatyt\u0105 mi&scaron;riu gotikos ir renesanso stiliumi. \u012esp\u016bdinga ir didinga gotikin\u0117 Mergel\u0117s Marijos katedra, statyta XIV am\u017eiuje. Bok&scaron;to auk&scaron;tis siekia 123 metr\u0173, o viduje saugomi keturi Rubenso paveikslai, laikomi tikru Antverpeno pasidid\u017eiavimu.<br \/> Antverpenas \u2013 did\u017eiausias pasaulyje deimant\u0173 prekybos ir pjaustymo centras. Gal\u0117site aplankyti garsi\u0105j\u0105 Pelican Strasse, kurioje gausu juvelyrini\u0173 dirbini\u0173 parduotuvi\u0173, tur\u0117site galimyb\u0119 \u012fsigyti deimant\u0173 papuo&scaron;al\u0173 u\u017e prieinam\u0105 kain\u0105.<\/p>\n<p><strong>Day 5 <\/strong><\/p>\n<p>\u2022 Pusry\u010diai vie&scaron;butyje (perkant ekskursij\u0173 paket\u0105 pusry\u010diai \u012fskai\u010diuoti).<br \/> - Free day.<br \/> \u2022 Pageidaujantiems si\u016blome ekskursin\u0119 i&scaron;vyk\u0105 \u201eBriug\u0117 ir Gentas\u201c (papildomas mokestis \u2013 70 \u20ac\/asm.).<br \/> \u2022 Sugr\u012f\u017etame \u012f vie&scaron;but\u012f.<br \/> \u2022 Nakvyn\u0117 vie&scaron;butyje.<\/p>\n<p>Briug\u0117 \u2013 vienas gra\u017eiausi\u0173 Europos miest\u0173, dar vadinamas \u201eBelgijos &scaron;okolado sostine\u201c. Viduram\u017ei\u0173 gotikiniai ansambliai ir kanal\u0173 tinklas, gal kiek ir prastesnis u\u017e Venecijos, bet kasmet pritraukia minias turist\u0173. Pla\u010dios gatv\u0117s ir daug sen\u0173 pastat\u0173 liudija buvusi\u0105 miesto didyb\u0119. Briug\u0117 \u2013 svarbus ekonominis centras. XX a. pabaigoje u\u017e istorinio miesto branduolio buvo pastatytas modernus j\u016br\u0173 uostas, kurio d\u0117ka Briug\u0117 atgavo dar viduram\u017eiais prarast\u0105 prekybinio j\u016br\u0173 miesto vaidmen\u012f.<br \/> Apsilank\u0119 Briug\u0117je i&scaron; karto pasteb\u0117site, kad jo architekt\u016briniai ir meniniai ypatumai kruop&scaron;\u010diai saugomi ir perteikti miesto palikuoniams. &Scaron;is miestas i&scaron;skirtinis tuo, kad sujungia praeit\u012f ir &scaron;iuolaikin\u012f gyvenim\u0105.<\/p>\n<p>Vyksime \u012f Gent\u0105.<br \/> Gentui pavyko i&scaron;saugoti unikali\u0105 viduram\u017ei\u0173 atmosfer\u0105, kuri permerk\u0117 jo ma\u017eos gatvel\u0117s, per karus miestas prakti&scaron;kai nenukent\u0117jo, centre \u012fsik\u016brusi\u0173 senovini\u0173 pastat\u0173 gausa tiesiog stebi. \u010cia gal\u0117site pamatyti daugyb\u0119 gotikini\u0173 katedr\u0173, toki\u0173 kaip &Scaron;v. Mikalojaus, ir &Scaron;v. Bavo, viduram\u017ei\u0173 rotu&scaron;\u0117 ir varpin\u0117s bok&scaron;tas, pastatytas siekiant atkreipti miestie\u010di\u0173 d\u0117mes\u012f \u012f bet kok\u012f svarb\u0173 \u012fvyk\u012f. Kanalai ir nedideli tilteliai suteikia Gentui jaukumo ir primena &scaron;alia esan\u010di\u0105 Briug\u0119. \u012edomiausiu pastatu mieste neabejotinai galima vadinti viduram\u017ei\u0173 Gravensteno pil\u012f. Ji i&scaron;kilo XII am\u017eiuje, vienu metu buvo naudojama ne tik kaip Flandrijos graf\u0173 rezidencija, bet ir kaip monet\u0173 kalykla.<\/p>\n<p><strong>Day 6 <\/strong><\/p>\n<p>\u2022 Pusry\u010diai vie&scaron;butyje (perkant ekskursij\u0173 paket\u0105 pusry\u010diai \u012fskai\u010diuoti).<br \/> \u2022 I&scaron;siregistravimas i&scaron; vie&scaron;bu\u010dio.<br \/> \u2022 Vykstame \u012f Amsterdam\u0105.<br \/> \u2022 Ekskursija po Amsterdam\u0105.<br \/> - Free time.<br \/> \u2022 Pageidaujantiems si\u016blome pasiplaukioti laiveliu po Amsterdamo kanalus (papildomas mokestis ~25 \u20ac\/asm.).<br \/> \u2022 Vykstame \u012f tranzitin\u012f vie&scaron;but\u012f.<br \/> \u2022 \u012esik\u016brimas vie&scaron;butyje.<br \/> - Recreation.<br \/> \u2022 Nakvyn\u0117 vie&scaron;butyje.<\/p>\n<p>Olandai gars\u0117ja pagarba istorijai, o Amsterdamo centras rodo &scaron;\u012f pagarb\u0173 po\u017ei\u016br\u012f. Pro &scaron;viesias modernias gatves ai&scaron;kiai matomas unikalus, savitas viduram\u017ei\u0173 miestas. Su\u017einosite \u012fdomias Amsterdamo istorijas ir legendas, Amsterdamo suk\u016brimo versijas ir miesto raidos istorij\u0105. Ap\u017evalgin\u0117 ekskursija apima ekskursij\u0105 po visus pagrindinius Amsterdamo lankytinus objektus &#8211; tokius kaip Karali&scaron;kieji r\u016bmai, Naujosios ir Senosios ba\u017eny\u010dios, Berlage Bours, Centrin\u0117 stotis, Kin\u0173 kvartalas, &Scaron;v. Olafo koply\u010dia, seser\u0173-b\u0117gik\u0173 kiemas ir dar daugiau. Amsterdamas visame pasaulyje \u017einomas d\u0117l savo daugyb\u0117s kanal\u0173. Net Petras I \u012fvertino &scaron;io nuostabaus laivybos miesto statytoj\u0173 dr\u0105s\u0105 ir \u012f\u017evalgum\u0105.<br \/> Pageidaujantiems si\u016blome pasiplaukiojim\u0105 laiveliu Amsterdamo kanalais (papildomas mokestis ~25 \u20ac\/asm.).<\/p>\n<p><strong>Day 7 <\/strong><\/p>\n<p>\u2022 Pusry\u010diai vie&scaron;butyje (perkant ekskursij\u0173 paket\u0105 pusry\u010diai \u012fskai\u010diuoti).<br \/> \u2022 I&scaron;siregistravimas i&scaron; vie&scaron;bu\u010dio.<br \/> \u2022 Vykstame \u012f Lenkij\u0105.<br \/> \u2022 \u012esik\u016brimas tranzitiniame vie&scaron;butyje.<br \/> \u2022 Nakvyne vie&scaron;butyje.<\/p>\n<p><strong>Day 8 <\/strong><\/p>\n<p>\u2022 Pusry\u010diai vie&scaron;butyje (perkant ekskursij\u0173 paket\u0105 pusry\u010diai \u012fskai\u010diuoti).<br \/> \u2022 I&scaron;siregistravimas i&scaron; vie&scaron;bu\u010dio.<br \/> - Travelling through Poland.<br \/> \u2022 V\u0117lai vakare sugr\u012f\u017etame \u012f Lietuv\u0105.<\/p>","protected":false},"excerpt":{"rendered":"<p>*SVARBU! Perve\u017eimas autobusu\/mikroautobusu i&scaron; Vilniaus organizuojamas tik susirinkus daugiau nei 8 keliautojams, susirinkus ma\u017eesnei keliautoj\u0173 grupei Ju&#8230;<\/p>","protected":false},"featured_media":11826,"comment_status":"open","ping_status":"closed","template":"","meta":{"om_disable_all_campaigns":false,"_monsterinsights_skip_tracking":false,"_monsterinsights_sitenote_active":false,"_monsterinsights_sitenote_note":"","_monsterinsights_sitenote_category":0},"product_brand":[],"product_cat":[669],"product_tag":[],"class_list":{"0":"post-12590","1":"product","2":"type-product","3":"status-publish","4":"has-post-thumbnail","6":"product_cat-keliones","8":"first","9":"instock","10":"virtual","11":"taxable","12":"purchasable","13":"product-type-simple"},"aioseo_notices":[],"_links":{"self":[{"href":"https:\/\/www.atravel.lt\/en\/wp-json\/wp\/v2\/product\/12590","targetHints":{"allow":["GET"]}}],"collection":[{"href":"https:\/\/www.atravel.lt\/en\/wp-json\/wp\/v2\/product"}],"about":[{"href":"https:\/\/www.atravel.lt\/en\/wp-json\/wp\/v2\/types\/product"}],"replies":[{"embeddable":true,"href":"https:\/\/www.atravel.lt\/en\/wp-json\/wp\/v2\/comments?post=12590"}],"wp:featuredmedia":[{"embeddable":true,"href":"https:\/\/www.atravel.lt\/en\/wp-json\/wp\/v2\/media\/11826"}],"wp:attachment":[{"href":"https:\/\/www.atravel.lt\/en\/wp-json\/wp\/v2\/media?parent=12590"}],"wp:term":[{"taxonomy":"product_brand","embeddable":true,"href":"https:\/\/www.atravel.lt\/en\/wp-json\/wp\/v2\/product_brand?post=12590"},{"taxonomy":"product_cat","embeddable":true,"href":"https:\/\/www.atravel.lt\/en\/wp-json\/wp\/v2\/product_cat?post=12590"},{"taxonomy":"product_tag","embeddable":true,"href":"https:\/\/www.atravel.lt\/en\/wp-json\/wp\/v2\/product_tag?post=12590"}],"curies":[{"name":"wp","href":"https:\/\/api.w.org\/{rel}","templated":true}]}}