{"id":12589,"date":"2026-03-21T15:44:41","date_gmt":"2026-03-21T13:44:41","guid":{"rendered":"https:\/\/www.atravel.lt\/produktas\/kroatija-juodkalnija-albanija-skrydis-is-rygos-su-airbaltic\/"},"modified":"2026-03-21T15:44:42","modified_gmt":"2026-03-21T13:44:42","slug":"kroatija-juodkalnija-albanija-skrydis-is-rygos-su-airbaltic","status":"publish","type":"product","link":"https:\/\/www.atravel.lt\/en\/product\/kroatija-juodkalnija-albanija-skrydis-is-rygos-su-airbaltic\/","title":{"rendered":"Kroatija &#8211; Juodkalnija &#8211; Albanija (skrydis i\u0161 Rygos su AirBaltic)"},"content":{"rendered":"<p><strong>1 day <\/strong><\/p>\n<p>- Arrival at Riga Airport.<br \/> - Check-in.<br \/> \u2022 Skrydis: Ryga \u2013 Tivatas (~07:10-08:50).<br \/> \u2022 Atskridimas \u012f Juodkalnij\u0105.<br \/> \u2022 Ekskursin\u0117 i&scaron;vyka \u201eKotoro \u012flank\u0105\u201c.<br \/> \u2022 Vykstame \u012f apartamentus.<br \/> \u2022 \u012esik\u016brimas apartamentuose.<br \/> - Recreation.<br \/> - Overnight in apartment. <\/p>\n<p>Kotoro \u012flanka \u2013 pats vaizdingiausias Juodkalnijos kampelis. J\u016bs susipa\u017einsite su nuostabiais Vidur\u017eemio j\u016bros miesteliais. Kotoras \u012ftrauktas \u012f UNESCO pasaulio paveldo s\u0105ra&scaron;\u0105 kaip miestas turintis bene geriausiai i&scaron;silaikius\u012f viduram\u017ei\u0173 senamiest\u012f &scaron;ioje Europos dalyje. Miest\u0105 vald\u0117 skirtingos imperij\u0173, ta\u010diau did\u017eiausi\u0105 \u012ftak\u0105 architekt\u016brai tur\u0117jo Venecijos respublika, vald\u017eiusi Kotor\u0105 nuo XV a. iki XVII a. (papildomai apmokami \u012f\u0117jimo bilietai ~ 8 \u20ac\/asm. ir turistinis mokestis \u2013 1 \u20ac\/asm.).<\/p>\n<p>Perastas \u012fkurtas dar ilyr\u0173, kurie \u010dia gyveno prie&scaron; slavus. Tai miestas \u2013 muziejus, kuris suklest\u0117jo 17-18 am\u017eiuose. Dvarai ir ba\u017eny\u010dios pastatytos Venecijieti&scaron;ko baroko stiliumi. Nuo Perasto atsiveria nepakartojama panorama \u012f vis\u0105 Kotoro \u012flank\u0105.<\/p>\n<p>Tivatas \u2013 &scaron;iuolaikinis miestas su puikia krantine. Viename i&scaron; priemies\u010di\u0173 Porto Montenegro J\u016bs gal\u0117site pasigro\u017e\u0117ti sniego baltumo jachtomis nuo ma\u017eiausi\u0173 iki did\u017eiausi\u0173 liuks klas\u0117s. Antros tokios vietos Adrijos pakrant\u0117je nerasite.<\/p>\n<p><strong>Day 2 <\/strong><\/p>\n<p>\u2022 Ekskursin\u0117 i&scaron;vyka \u201eJuodkalnijos turas\u201c.<br \/> - Free time.<br \/> \u2022 Po ekskursijos sugr\u012f\u017etame \u012f apartamentus.<br \/> - Relax by the sea.<br \/> - Overnight in apartment. <\/p>\n<p>J\u016bs\u0173 laukia kelion\u0117 \u012f kalnus vaizdinga kaln\u0173 serpantine. Sustojimas panoramin\u0117je aik&scaron;tel\u0117je su nuostabiu Budvos rivjeros vaizdu. Aplankysime Cetin\u0119 \u2013 sen\u0105j\u0105 Juodkalnijos karali&scaron;k\u0105j\u0105 sostin\u0119. Cetin\u0117 \u2013 tai tikras Juodkalnijos miestas, \u010dia gyvena &scaron;alies dvasia. Norintys gal\u0117s aplankyti Karaliaus Nikolajaus muziej\u0173, paskutinio Juodkalnijos monarcho. Muziejuje atkurta karali&scaron;kos &scaron;eimos gyvenamoji aplinka: baldai, indai, asmeniniai daiktai, karaliaus ginklai, Europos monarch\u0173 dovanos, princesi\u0173 r\u016bbai. Taip pat Cetine yra &Scaron;v\u010d. Mergel\u0117s gimimo vienuolynas, kuriame saugomos gerbiamos krik&scaron;\u010dioni&scaron;kos relikvijos: &Scaron;v. Jono Krik&scaron;tytojo de&scaron;in\u0117, &Scaron;v. Petro Cetinskio palaikai ir &Scaron;ventojo Kry\u017eiaus dalel\u0117s.<\/p>\n<p>Toliau keliausime dar auk&scaron;\u010diau \u012f kalnus, \u012f Negu&scaron;\u0173 kaim\u0105. M\u0117gaukit\u0117s gaiviu kaln\u0173 oru ir nuostabiais \u017ealiuojan\u010diais pievomis! Kadaise Negu&scaron;ai buvo Juodkalnijos monarch\u0173 &scaron;eimos lop&scaron;ys, o &scaron;iandien \u2013 nacionalini\u0173 delikates\u0173 gamybos centras. Pagal senas tradicijas \u010dia gaminamas garsus juodkalnieti&scaron;kas pa&scaron;tetas (r\u016bkytas ir vytintas kiaulienos kumpis), taip pat s\u016briai, de&scaron;ros, vynai ir Rakki.<\/p>\n<p>Ekskursijos metu aplankysime Lipos urv\u0105 \u2013 garsiausi\u0105 Juodkalnijos karstin\u012f urv\u0105 (papildomai apmokamas \u012f\u0117jimo bilietas: suaugusiems &#8211; 15 \u20ac\/asm. ir vaikams 5-15 met\u0173 &#8211; 9 \u20ac\/asm.).<\/p>\n<p>Laisvas laikas degustacijai (papildomas mokestis 15 \u20ac) ir delikates\u0173 \u012fsigijimui.<\/p>\n<p><strong>Day 3 <\/strong><\/p>\n<p>\u2022 Ekskursin\u0117 i&scaron;vyka \u201eDurmitoro nacionalinis parkas, Juodasis e\u017eeras ir Djurd\u017eevi\u010diaus tiltas\u201c (papildomai apmokami \u012f\u0117jimo bilietai ~5 \u20ac\/asm.).<br \/> - Free time.<br \/> \u2022 Po ekskursijos sugr\u012f\u017etame \u012f apartamentus.<br \/> - Relax by the sea.<br \/> - Overnight in apartment. <\/p>\n<p>M\u016bs\u0173 kelion\u0117 prasid\u0117s sustojimu ap\u017evalgos aik&scaron;tel\u0117je, i&scaron; kurios atsiveria \u012fsp\u016bdinga Budvos rivjeros panorama. \u010cia gal\u0117site \u012fam\u017einti vien\u0105 vaizdingiausi\u0173 Juodkalnijos pakrant\u0117s kampeli\u0173.<\/p>\n<p>Toliau vyksime prie Djurd\u017eevi\u010diaus tilto, i&scaron;kilusio net 172 metr\u0173 auk&scaron;tyje vir&scaron; Taros up\u0117s kanjono \u2013 giliausio Europoje. Nuo tilto atsiveria kvap\u0105 gniau\u017eiantys vaizdai \u012f tarpekl\u012f ir aplinkinius kaln\u0173 masyvus. Ie&scaron;kantys adrenalino gal\u0117s i&scaron;bandyti nusileidim\u0105 lynu (zipline) vir&scaron; kanjono.<\/p>\n<p>V\u0117liau keliausime \u012f &scaron;iaurin\u0119 Juodkalnijos dal\u012f \u2013 diding\u0173 kaln\u0173, skaidri\u0173 upi\u0173 ir \u012fsp\u016bding\u0173 gamtos peiza\u017e\u0173 kra&scaron;t\u0105.<\/p>\n<p>Pakeliui sustosime kavos pertrauk\u0117lei, o tuomet atvyksime \u012f Durmitoro nacionalin\u012f park\u0105. Tai vieta, kur alpin\u0117s pievos dera su tankiais spygliuo\u010di\u0173 mi&scaron;kais, o auk&scaron;tai kalnuose tyvuliuoja Juodasis e\u017eeras \u2013 ledynin\u0117s kilm\u0117s e\u017eeras, gars\u0117jantis kri&scaron;tolo skaidrumo vandeniu. \u010cia tur\u0117site laisvo laiko pasivaik&scaron;\u010diojimams, poilsiui pakrant\u0117je, valties nuomai ar net maudyn\u0117ms (nors kaln\u0173 e\u017eero vanduo retai b\u016bna &scaron;iltas).<\/p>\n<p><strong>Day 4 <\/strong><\/p>\n<p>- Relax by the sea.<br \/> \u2022 Pageidaujantiems si\u016blome ekskursin\u0119 i&scaron;vyk\u0105 \u012f Albanij\u0105 (papildomas mokestis 50 \u20ac\/asm.).<br \/> \u2022 Laisvas laikas sename rytieti&scaron;kame 17 a. turguje (tik vykstantiems \u012f Albanij\u0105).<br \/> \u2022 Sugr\u012f\u017etame \u012f apartamentus.<br \/> - Recreation.<br \/> - Overnight in apartment. <\/p>\n<p>Prava\u017eiav\u0119 pas\u0173 kontrol\u0119, keliaujame \u012f &Scaron;kodr\u0105. <\/p>\n<p>&Scaron;kodra &#8211; tai seniausias miestas, \u012fkurtas 6a. pr. Kr. Jame gyvena 120 000 gyventoj\u0173 ir laikomas tre\u010diu miestu pagal dyd\u012f Albanijoje. Aplankysime Rozafos tvirtov\u0119, kuri pastatyta 4a. pr. Kr. Ir yra viena i&scaron; dviej\u0173 did\u017eiausi\u0173 tvirtovi\u0173 Albanijoje. Taip pat u\u017eeisime \u012f Romos katalik\u0173 &Scaron;v. Stefano ba\u017eny\u010di\u0105. Lankysim\u0117s kauki\u0173 gamykloje, kur per metus pagaminama apie 20 000 kauki\u0173 ir 80% i&scaron; j\u0173 eksportuojamos \u012f Venecij\u0105. Pasivaik&scaron;\u010diosime siauromis miesto gatvel\u0117mis, apstatytomis 2-3 auk&scaron;t\u0173 18a. namukais. Patyrin\u0117j\u0119 maldos namus, suprasime, kad Albanijoje puikiai sutaria musulmonai, sta\u010diatikiai ir katalikai (papildomai apmokami \u012f\u0117jimo bilietai ~10 \u20ac\/asm.).<\/p>\n<p><strong>Day 5 <\/strong><\/p>\n<p>- Free day.<br \/> - Overnight in apartment. <\/p>\n<p><strong>Day 6 <\/strong><\/p>\n<p>- Relax by the sea.<br \/> \u2022 Pageidaujantiems si\u016blome ekskursin\u0119 i&scaron;vyk\u0105 \u012f Dubrovnik\u0105 (papildomas mokestis 50 \u20ac\/asm.).<br \/> - Free time.<br \/> \u2022 Po ekskursijos sugr\u012f\u017etame \u012f apartamentus.<br \/> - Recreation.<br \/> - Overnight in apartment. <\/p>\n<p>Dubrovnikas pana&scaron;us \u012f pasak\u0173 karalyst\u0119. Kad apsigint\u0173 nuo prie&scaron;\u0173, miestas buvo apsuptas storomis gynybin\u0117mis sienomis, kurios beveik nepakitusios i&scaron;liko iki m\u016bs\u0173 dien\u0173. Gotika, renesansas ir barokas paliko p\u0117dsakus miesto architekt\u016broje. Miestas gyvas: vaikai \u017eaid\u017eia prie \u012ftvirtinim\u0173, siaurose gatv\u0117se d\u017ei\u016bsta r\u016bbai, o senukai neskub\u0117dami \u017evejoja.<br \/> Miestas reguliariai tampa dekoracija kino filmams: tai jis viduram\u017ei\u0173 miestas, tai fantastini\u0173, i&scaron;galvot\u0173 pasauli\u0173 dalis.<\/p>\n<p><strong>Day 7 <\/strong><\/p>\n<p>- Relax by the sea.<br \/> \u2022 Antroje dienos pus\u0117je si\u016blome ekskursin\u0119 i&scaron;vyk\u0105 prie Skadaro e\u017eero ir pasiplaukiojim\u0105 laivu (papildomas mokestis \u2013 25 \u20ac + Nacionalinio parko mokestis ~5 \u20ac).<br \/> \u2022 Si\u016blome pietus (papildomas mokestis \u2013 10 \u20ac\/asm.).<br \/> \u2022 Sugr\u012f\u017etame \u012f apartamentus.<br \/> - Recreation.<br \/> - Overnight in apartment. <\/p>\n<p><strong>Day 8 <\/strong><\/p>\n<p>\u2022 Ankstyvas i&scaron;siregistravimas i&scaron; apartament\u0173.<br \/> - We're on our way to Croatia.<br \/> \u2022 Vykstame link oro uosto.<br \/> \u2022 Registracija \u012f skyrd\u012f.<br \/> \u2022 Skrydis: Tivatas \u2013 Ryga (~09:30-13:10).<br \/> - Arrival in Riga. <\/p>","protected":false},"excerpt":{"rendered":"<p>1 diena \u2022 Atvykimas \u012f Rygos oro uost\u0105. \u2022 Registracija \u012f skryd\u012f. \u2022 Skrydis: Ryga \u2013 Tivatas (~07:10-08:50). \u2022 Atskridimas \u012f Juodkalnij\u0105. \u2022 Ekskursin\u0117 i&scaron;vyk&#8230;<\/p>","protected":false},"featured_media":11997,"comment_status":"open","ping_status":"closed","template":"","meta":{"om_disable_all_campaigns":false,"_monsterinsights_skip_tracking":false,"_monsterinsights_sitenote_active":false,"_monsterinsights_sitenote_note":"","_monsterinsights_sitenote_category":0},"product_brand":[],"product_cat":[669],"product_tag":[],"class_list":{"0":"post-12589","1":"product","2":"type-product","3":"status-publish","4":"has-post-thumbnail","6":"product_cat-keliones","8":"first","9":"instock","10":"virtual","11":"taxable","12":"purchasable","13":"product-type-simple"},"aioseo_notices":[],"_links":{"self":[{"href":"https:\/\/www.atravel.lt\/en\/wp-json\/wp\/v2\/product\/12589","targetHints":{"allow":["GET"]}}],"collection":[{"href":"https:\/\/www.atravel.lt\/en\/wp-json\/wp\/v2\/product"}],"about":[{"href":"https:\/\/www.atravel.lt\/en\/wp-json\/wp\/v2\/types\/product"}],"replies":[{"embeddable":true,"href":"https:\/\/www.atravel.lt\/en\/wp-json\/wp\/v2\/comments?post=12589"}],"wp:featuredmedia":[{"embeddable":true,"href":"https:\/\/www.atravel.lt\/en\/wp-json\/wp\/v2\/media\/11997"}],"wp:attachment":[{"href":"https:\/\/www.atravel.lt\/en\/wp-json\/wp\/v2\/media?parent=12589"}],"wp:term":[{"taxonomy":"product_brand","embeddable":true,"href":"https:\/\/www.atravel.lt\/en\/wp-json\/wp\/v2\/product_brand?post=12589"},{"taxonomy":"product_cat","embeddable":true,"href":"https:\/\/www.atravel.lt\/en\/wp-json\/wp\/v2\/product_cat?post=12589"},{"taxonomy":"product_tag","embeddable":true,"href":"https:\/\/www.atravel.lt\/en\/wp-json\/wp\/v2\/product_tag?post=12589"}],"curies":[{"name":"wp","href":"https:\/\/api.w.org\/{rel}","templated":true}]}}