{"id":12588,"date":"2026-03-21T15:44:41","date_gmt":"2026-03-21T13:44:41","guid":{"rendered":"https:\/\/www.atravel.lt\/produktas\/belgija-olandija-6-d-aplankant-geliu-parka-keukenhof-ir-geliu-parada-skrydis-is-rygos-i-kelna\/"},"modified":"2026-03-21T15:44:41","modified_gmt":"2026-03-21T13:44:41","slug":"belgija-olandija-6-d-aplankant-geliu-parka-keukenhof-ir-geliu-parada-skrydis-is-rygos-i-kelna","status":"publish","type":"product","link":"https:\/\/www.atravel.lt\/en\/product\/belgija-olandija-6-d-aplankant-geliu-parka-keukenhof-ir-geliu-parada-skrydis-is-rygos-i-kelna\/","title":{"rendered":"Belgija \u2013 Olandija (6 d.), aplankant g\u0117li\u0173 park\u0105 \u201eKeukenhof\u201c ir g\u0117li\u0173 parad\u0105 (skrydis i\u0161 Rygos \u012f Keln\u0105)"},"content":{"rendered":"<h3 style=\"text-align: center\"><strong><span style=\"color:#e74c3c\">Kelion\u0117 organizuojama reisiniais skryd\u017eiais, tod\u0117l d\u0117l l\u0117ktuvo biliet\u0173 pabrangimo, organizatorius gali atmesti rezervacij\u0105 arba pasi\u016blyti keliautojui priemok\u0105.<\/span><\/strong><\/h3>\n<hr \/>\n<p><strong>1 day <\/strong><\/p>\n<p>- Arrival at Riga Airport.<br \/> - Check-in.<br \/> \u2022 Skrydis: Ryga &#8211; Kelnas (~13:05-14:20, tiksl\u0173 skryd\u017eio laik\u0105 \u017ei\u016br\u0117kite m\u016bs\u0173 svetain\u0117je likus 2 dienoms iki kelion\u0117s klient\u0173 skiltyje \u201eI&Scaron;VYKIMAI\u201c).<br \/> \u2022 Atskridus ekskursija po Keln\u0105.<br \/> \u2022 Vykstame \u012f tranzitin\u012f vie&scaron;but\u012f.<br \/> \u2022 \u012esik\u016brimas vie&scaron;butyje.<br \/> - Recreation.<br \/> \u2022 Nakvyn\u0117 vie&scaron;butyje.<\/p>\n<p>Kelnas \u2013 vienas seniausi\u0173 Vokietijos miest\u0173, kur\u012f dar senov\u0117je \u012fk\u016br\u0117 rom\u0117nai. Jo simbolis \u2013 didingoji Kelno katedra, gotikos &scaron;edevras, \u012ftrauktas \u012f UNESCO pasaulio paveldo s\u0105ra&scaron;\u0105. Miestas gars\u0117ja jaukiomis Reino pakrant\u0117mis, siauromis senamies\u010dio gatvel\u0117mis, kuriose veikia tradicin\u0117s alin\u0117s, si\u016blan\u010dios gars\u0173j\u012f K&ouml;lsch al\u0173, ir kvepal\u0173 muziejumi Eau de Cologne, davusiu pasauliui legendin\u012f aromat\u0105. Kelnas meistri&scaron;kai derina senov\u0117s istorij\u0105 ir &scaron;iuolaikin\u012f gyvybingum\u0105 \u2013 tai tikroji Reino \u017eem\u0117s siela.<\/p>\n<p><strong>Day 2 <\/strong><\/p>\n<p>\u2022 Pusry\u010diai vie&scaron;butyje (perkant ekskursij\u0173 paket\u0105 pusry\u010diai \u012fskai\u010diuoti).<br \/> \u2022 I&scaron;siregistravimas i&scaron; vie&scaron;bu\u010dio.<br \/> \u2022 Vykstame \u012f Amsterdam\u0105.<br \/> \u2022 Ekskursija po Amsterdam\u0105.<br \/> - Free time.<br \/> \u2022 Pageidaujantiems si\u016blome pasiplaukioti laiveliu po Amsterdamo kanalus (papildomas mokestis ~25 \u20ac\/asm.).<br \/> \u2022 \u012esik\u016brimas vie&scaron;butyje.<br \/> - Recreation.<br \/> \u2022 Nakvyn\u0117 vie&scaron;butyje.<\/p>\n<p>Olandai gars\u0117ja pagarba istorijai, o Amsterdamo centras rodo &scaron;\u012f pagarb\u0173 po\u017ei\u016br\u012f. Pro &scaron;viesias modernias gatves ai&scaron;kiai matomas unikalus, savitas viduram\u017ei\u0173 miestas. Su\u017einosite \u012fdomias Amsterdamo istorijas ir legendas, Amsterdamo suk\u016brimo versijas ir miesto raidos istorij\u0105. Ap\u017evalgin\u0117 ekskursija apima ekskursij\u0105 po visus pagrindinius Amsterdamo lankytinus objektus &#8211; tokius kaip Karali&scaron;kieji r\u016bmai, Naujosios ir Senosios ba\u017eny\u010dios, Berlage Bours, Centrin\u0117 stotis, Kin\u0173 kvartalas, &Scaron;v. Olafo koply\u010dia, seser\u0173-b\u0117gik\u0173 kiemas ir dar daugiau. Amsterdamas visame pasaulyje \u017einomas d\u0117l savo daugyb\u0117s kanal\u0173. Net Petras I \u012fvertino &scaron;io nuostabaus laivybos miesto statytoj\u0173 dr\u0105s\u0105 ir \u012f\u017evalgum\u0105.<\/p>\n<p>Pageidaujantiems si\u016blome pasiplaukiojim\u0105 laiveliu Amsterdamo kanalais (papildomas mokestis ~25 \u20ac\/asm.).<\/p>\n<p><strong>Day 3 <\/strong><\/p>\n<p>\u2022 Pusry\u010diai vie&scaron;butyje (perkant ekskursij\u0173 paket\u0105 pusry\u010diai \u012fskai\u010diuoti).<br \/> - Free day.<br \/> \u2022 Pageidaujantiems si\u016blome ekskursin\u0119 i&scaron;vyk\u0105 \u201eBriug\u0117\u201c (papildomas mokestis \u2013 70 \u20ac\/asm.).<br \/> \u2022 Sugr\u012f\u017etame \u012f vie&scaron;but\u012f.<br \/> \u2022 Nakvyn\u0117 vie&scaron;butyje.<\/p>\n<p>Briug\u0117 \u2013 vienas gra\u017eiausi\u0173 Europos miest\u0173, dar vadinamas \u201eBelgijos &scaron;okolado sostine\u201c. Viduram\u017ei\u0173 gotikiniai ansambliai ir kanal\u0173 tinklas, gal kiek ir prastesnis u\u017e Venecijos, bet kasmet pritraukia minias turist\u0173. Pla\u010dios gatv\u0117s ir daug sen\u0173 pastat\u0173 liudija buvusi\u0105 miesto didyb\u0119. Briug\u0117 \u2013 svarbus ekonominis centras. XX a. pabaigoje u\u017e istorinio miesto branduolio buvo pastatytas modernus j\u016br\u0173 uostas, kurio d\u0117ka Briug\u0117 atgavo dar viduram\u017eiais prarast\u0105 prekybinio j\u016br\u0173 miesto vaidmen\u012f. Apsilank\u0119 Briug\u0117je i&scaron; karto pasteb\u0117site, kad jo architekt\u016briniai ir meniniai ypatumai kruop&scaron;\u010diai saugomi ir perteikti miesto palikuoniams. &Scaron;is miestas i&scaron;skirtinis tuo, kaip sujungia praeit\u012f ir &scaron;iuolaikin\u012f gyvenim\u0105.<\/p>\n<p><strong>Day 4 <\/strong><\/p>\n<p>\u2022 Pusry\u010diai vie&scaron;butyje (perkant ekskursij\u0173 paket\u0105 pusry\u010diai \u012fskai\u010diuoti).<br \/> \u2022 Vykstame \u012f Keukenhofo g\u0117li\u0173 park\u0105 (\u012f\u0117jimo bilietai u\u017esakomi i&scaron; anksto ir apmokami pa\u010di\u0173 keliautoj\u0173: suaugusiems ~21 \u20ac\/asm., vaikams 4-17 met\u0173 ~10 \u20ac\/asm., vaikams iki 3 met\u0173 &#8211; nemokamai).<br \/> \u2022 Sugr\u012f\u017etame \u012f vie&scaron;but\u012f.<br \/> - Recreation.<br \/> \u2022 Nakvyn\u0117 vie&scaron;butyje.<\/p>\n<p>Visame pasaulyje \u017einomas g\u0117li\u0173 parkas Keukenhof yra viena i&scaron; populiariausi\u0173 piligrimyst\u0117s viet\u0173 pavasar\u012f Nyderlanduose atvykstantiems turistams. Reginys i&scaron;ties nuostabus: 32 hektar\u0173 plote surinkta daugiau nei 7 milijonai g\u0117li\u0173. \u010cia yra trys oran\u017eerijos: pirmoji &#8211; su \u012fvairi\u0173 veisli\u0173 ir atspalvi\u0173 tulp\u0117mis, auksiniais narcizais ir ve&scaron;liomis alyvomis, kita &#8211; su raudonos spalvos ro\u017ei\u0173 prabanga, o tre\u010dioji \u2013 su nepaprastai nuostabiomis orchid\u0117jomis. Parkas yra Lisse mieste ir veikia tik du m\u0117nesius per metus \u2013 nuo kovo vidurio iki gegu\u017e\u0117s vidurio.<br \/> Baland\u017eio 18 d. netoli g\u0117li\u0173 parko, vyks garsusis g\u0117li\u0173 paradas, kasmetinis g\u0117li\u0173 paradas \u2013 tai nuostabi\u0173 spalv\u0173 ir svaiginan\u010di\u0173 aromat\u0173 &scaron;vent\u0117. 20 did\u017eiuli\u0173 plaust\u0173 ir 30 ve\u017eim\u0173, gausiai papuo&scaron;t\u0173 g\u0117l\u0117mis, nukeliauja 42 kilometrus i&scaron; Noordwijk \u012f Harlem\u0105.<\/p>\n<p><strong>Day 5 <\/strong><\/p>\n<p>\u2022 Pusry\u010diai vie&scaron;butyje (perkant ekskursij\u0173 paket\u0105 pusry\u010diai \u012fskai\u010diuoti).<br \/> \u2022 I&scaron;siregistravimas i&scaron; vie&scaron;bu\u010dio.<br \/> \u2022 Ekskursin\u0117 i&scaron;vyka \u012f Briusel\u012f.<br \/> \u2022 Po ekskursijos vykstame \u012f Kelno oro uost\u0105.<br \/> - Check-in.<br \/> \u2022 Skrydis: Kelnas \u2013 Ryga (~21:15-00:25*).<\/p>\n<p>Nuostabaus Briuselio istorinis centras yra padalintas \u012f dvi dalis \u2013 vadinam\u0105j\u012f \u017demutin\u012f ir Auk&scaron;tutin\u012f miest\u0105. \u017demutin\u0117je jau seniai \u012fsib\u0117g\u0117jo paprastas gyvenimas, buvo vykdoma prekyba, vyst\u0117si amatai ir pramon\u0117. Auk&scaron;tutin\u0117je buvo \u012fsik\u016br\u0119 prabang\u016bs turting\u0173 \u017emoni\u0173 r\u016bmai ir dvarai. B\u016btent \u010dia i&scaron;saugotas istorinis i&scaron;planavimas ir dauguma sen\u0173j\u0173 pastat\u0173. Pagrindin\u0117s Briuselio lankytinos vietos yra sutelktos istoriniame centre.<\/p>\n<p>\u017dymiausia miesto vieta yra Did\u017eioji aik&scaron;t\u0117, esanti \u017eemutin\u0117je miesto dalyje. Dauguma Briuselio lankytin\u0173 viet\u0173 vienaip ar kitaip susitelk\u0119 aplink j\u0105. Tikras architekt\u016bros &scaron;edevras \u2013 Rotu&scaron;\u0117, b\u016bdinga bet kuriam Europos miestui, tai tikras baroko stiliaus meno k\u016brinys. Rotu&scaron;\u0117 buvo pastatyta XV am\u017eiaus viduryje, su net 90 metr\u0173 auk&scaron;\u010dio bok&scaron;tu. I&scaron; \u010dia tarsi saugo miest\u0105 &scaron;v. Mykolo, Briuselio glob\u0117jo, statula. Netoliese yra dar vienas didingas pastatas \u2013 Karali&scaron;kieji r\u016bmai, pastatyti XVI am\u017eiuje.<\/p>\n<p>Nu\u0117jus kelis metrus nuo pagrindin\u0117s aik&scaron;t\u0117s tikrai pamatysite \u017eymiausi\u0105 Briuselio \u012f\u017eymyb\u0119 legendin\u012f Manneken Pis \u2013 \u201eSisiojan\u010dio berniuko\u201c skulpt\u016br\u0105-fontan\u0105. Vienas i&scaron; i&scaron;kiliausiu auk&scaron;tutinio miesto pastat\u0173 &#8211; Karali&scaron;kieji r\u016bmai 18-19 a., &scaron;iuo metu tai Belgijos karaliaus rezidencija. Aplink r\u016bmus \u2013 nuostabaus gro\u017eio parkas. Dar vienas Briuselio simbolis \u2013 1958 metais \u012frengtas did\u017eiulis gele\u017eies kristalo maketas Atomium.<\/p>\n<p><strong>Day 6 <\/strong><\/p>\n<p>- Arrival in Riga.<\/p>","protected":false},"excerpt":{"rendered":"<p>Kelion\u0117 organizuojama reisiniais skryd\u017eiais, tod\u0117l d\u0117l l\u0117ktuvo biliet\u0173 pabrangimo, organizatorius gali atmesti rezervacij\u0105 arba pasi\u016blyti keliautojui priemok\u0105&#8230;.<\/p>","protected":false},"featured_media":11825,"comment_status":"open","ping_status":"closed","template":"","meta":{"om_disable_all_campaigns":false,"_monsterinsights_skip_tracking":false,"_monsterinsights_sitenote_active":false,"_monsterinsights_sitenote_note":"","_monsterinsights_sitenote_category":0},"product_brand":[],"product_cat":[669],"product_tag":[],"class_list":{"0":"post-12588","1":"product","2":"type-product","3":"status-publish","4":"has-post-thumbnail","6":"product_cat-keliones","8":"first","9":"instock","10":"virtual","11":"taxable","12":"purchasable","13":"product-type-simple"},"aioseo_notices":[],"_links":{"self":[{"href":"https:\/\/www.atravel.lt\/en\/wp-json\/wp\/v2\/product\/12588","targetHints":{"allow":["GET"]}}],"collection":[{"href":"https:\/\/www.atravel.lt\/en\/wp-json\/wp\/v2\/product"}],"about":[{"href":"https:\/\/www.atravel.lt\/en\/wp-json\/wp\/v2\/types\/product"}],"replies":[{"embeddable":true,"href":"https:\/\/www.atravel.lt\/en\/wp-json\/wp\/v2\/comments?post=12588"}],"wp:featuredmedia":[{"embeddable":true,"href":"https:\/\/www.atravel.lt\/en\/wp-json\/wp\/v2\/media\/11825"}],"wp:attachment":[{"href":"https:\/\/www.atravel.lt\/en\/wp-json\/wp\/v2\/media?parent=12588"}],"wp:term":[{"taxonomy":"product_brand","embeddable":true,"href":"https:\/\/www.atravel.lt\/en\/wp-json\/wp\/v2\/product_brand?post=12588"},{"taxonomy":"product_cat","embeddable":true,"href":"https:\/\/www.atravel.lt\/en\/wp-json\/wp\/v2\/product_cat?post=12588"},{"taxonomy":"product_tag","embeddable":true,"href":"https:\/\/www.atravel.lt\/en\/wp-json\/wp\/v2\/product_tag?post=12588"}],"curies":[{"name":"wp","href":"https:\/\/api.w.org\/{rel}","templated":true}]}}