{"id":12587,"date":"2026-03-21T15:44:41","date_gmt":"2026-03-21T13:44:41","guid":{"rendered":"https:\/\/www.atravel.lt\/produktas\/portugalija-skrydis-is-rygos-i-porto-su-airbaltic\/"},"modified":"2026-03-21T15:44:41","modified_gmt":"2026-03-21T13:44:41","slug":"portugalija-skrydis-is-rygos-i-porto-su-airbaltic","status":"publish","type":"product","link":"https:\/\/www.atravel.lt\/en\/product\/portugalija-skrydis-is-rygos-i-porto-su-airbaltic\/","title":{"rendered":"Portugalija (skrydis i\u0161 Rygos \u012f Porto su AirBaltic)"},"content":{"rendered":"<h3 style=\"margin-top: 16px;margin-bottom: 16px;text-align: center\"><span style=\"font-size:16px\"><span style=\"line-height:115%\"><span><b><span style=\"line-height:115%\"><span>Yra galimyb\u0117 skristi i&scaron; Vilniaus su pers\u0117dimu Rygoje &#8211; priemoka nuo 150 \u20ac prie kelion\u0117s kainos<br \/> (d\u0117l galimyb\u0117s teirautis atskirai, viet\u0173 kiekis ribotas!)<\/span><\/span><\/b><\/span><\/span><\/span><\/h3>\n<hr \/>\n<p style=\"text-align: center\"><strong><span style=\"font-size:16px\"><span style=\"color:#e74c3c\">D\u0116MESIO! KELION\u0116S VADOVAS GALI KEISTI KELION\u0116S PROGRAMOS EIG\u0104 PRIKLAUSOMAI NUO SKRYD\u017dI\u0172 LAIK\u0172!<\/span><\/span><\/strong><\/p>\n<hr \/>\n<p><strong>1 day<\/strong><\/p>\n<p>- Arrival at Riga Airport.<br \/> - Check-in.<br \/> \u2022 Skrydis: Ryga \u2013 Porto.<br \/> \u2022 Atskrendame \u012f Porto.<br \/> \u2022 Vykstame \u012f vie&scaron;but\u012f.<br \/> \u2022 \u012esik\u016brimas vie&scaron;butyje.<br \/> - Free time.<br \/> \u2022 Nakvyn\u0117 vie&scaron;butyje.<\/p>\n<p><strong>Day 2 <\/strong><\/p>\n<p>\u2022 Pusry\u010diai vie&scaron;butyje (perkant ekskursij\u0173 paket\u0105 pusry\u010diai \u012fskai\u010diuoti).<br \/> \u2022 Ekskursin\u0117 i&scaron;vyka \u201eTomar, Batalija, grotos, Fatima\u201c.<br \/> \u2022 Laisvas laikas Fatima miestelyje.<br \/> \u2022 Sugr\u012f\u017etame \u012f vie&scaron;but\u012f.<br \/> - Recreation.<br \/> \u2022 Nakvyn\u0117 vie&scaron;butyje.<\/p>\n<p>Tomar miestas buvo \u012fkurtas XII a. pabaigoje Did\u017eiojo Tamplieri\u0173 Ordino Magistr\u0173. Miestas gars\u0117ja ne tik istorija, bet ir \u017eymiuoju Tamplieri\u0173 ir Kristaus vienuolynu, kuris buvo \u012ftrauktas \u012f UNESCO pasaulio paveldo s\u0105ra&scaron;\u0105 1983 m. Vienuolyne i&scaron;saugota unikali apvali ba\u017eny\u010dia \u2013 \u201esharrola\u201c. Tvirtov\u0117s ir vienuolyno lankymas (\u012f\u0117jimo bilietai apmokami papildomai ~15 \u20ac\/asm.).<\/p>\n<p> Vykstame \u012f Batalja. &Scaron;iame ma\u017eame miestelyje randasi Santa Maria da Viktorija dominikon\u0173 vienuolynas. Vienuolyno statybos prad\u0117tos 1385 m. vykdant karaliaus \u017doano I \u012fsakymu kaip pad\u0117kos \u017eenklas &Scaron;v\u010d. Mergelei Marijai u\u017e i&scaron;kovot\u0105 pergal\u0119 prie&scaron; kastilie\u010dius. Katedros ap\u017ei\u016bra, laisvas laikas suvenyrams ir pietums.<\/p>\n<p> Ekskursin\u0117s i&scaron;vykos metu taip pat vyksime \u012f grotas. Portugalija gars\u0117ja ne tik gra\u017eiais miestais ir miesteliais, bet ir \u012fsp\u016bdingomis grotomis, kur gyvai bus galima pamatyti po\u017eeminius krioklius, stalaktit\u0173 ir stalagmit\u0173 urvus ir net \u201eNor\u0173\u201c e\u017eer\u0105 (\u012f\u0117jimo bilietai apmokami papildomai ~8 \u20ac\/asm.).<\/p>\n<p> Sustoj\u0119 papietauti gr\u012f&scaron;ime \u012f Fatim\u0105, kur 1917 metais apsirei&scaron;k\u0117 Mergel\u0117 Marija ir susipa\u017einsime su milijonus piligrim\u0173 i&scaron; viso pasaulio pritraukian\u010diu piligrimyst\u0117s centru.<\/p>\n<p><strong>Day 3 <\/strong><\/p>\n<p>\u2022 Pusry\u010diai vie&scaron;butyje (perkant ekskursij\u0173 paket\u0105 pusry\u010diai \u012fskai\u010diuoti).<br \/> \u2022 Ekskursin\u0117 i&scaron;vyka \u201eKoimbra \u2013 Busako mi&scaron;kas\u201c.<br \/> \u2022 Sugr\u012f\u017etame \u012f vie&scaron;but\u012f.<br \/> - Recreation.<br \/> \u2022 Nakvyn\u0117 vie&scaron;butyje.<\/p>\n<p> Koimbra \u2013 senovinis student\u0173 miestas, laikomas nacionalin\u0117s kult\u016bros sostine ir i&scaron;silavinimo lop&scaron;iu. B\u016btent \u010dia yra pirmasis &scaron;alies universitetas, \u012fsteigtas 1290m. Universiteto pasidid\u017eiavimas \u2013 paauksuotais elementais turtinga barokin\u0117 Joaninos biblioteka. B\u016btent &scaron;iame miestelyje pamatysime ir sen\u0105j\u0105 tvirtov\u0119, miesto katedr\u0105. Leisdamiesi siauromis gatvel\u0117mis atsidursime Mondego up\u0117s pakrant\u0117je.<\/p>\n<p>Free time.<\/p>\n<p>T\u0119siame ekskursij\u0105 ir vykstame \u012f paslapting\u0105 Busako mi&scaron;k\u0105. &Scaron;i\u0173 mi&scaron;k\u0173 \u201esavininkai\u201c senais laikais buvo druidai, tod\u0117l sakoma, kad ten iki &scaron;iol vyksta stebuklai. Paker\u0117tas mi&scaron;k\u0173 ir ramyb\u0117s, karalius Karlas I pasistat\u0117 \u010dia med\u017eiotojo namel\u012f. Iki &scaron;i\u0173 dien\u0173 &scaron;ie mi&scaron;kai puosel\u0117jami ir saugomi.<\/p>\n<p><strong>Day 4 <\/strong><\/p>\n<p>\u2022 Pusry\u010diai vie&scaron;butyje (perkant ekskursij\u0173 paket\u0105 pusry\u010diai \u012fskai\u010diuoti).<br \/> - Free day.<br \/> \u2022 Pageidaujantiems si\u016blome ekskursin\u0119 i&scaron;vyk\u0105 \u012f Lisabon\u0105 (papildomas mokestis \u2013 49 \u20ac\/asm.).<br \/> - Free time after the tour.<br \/> \u2022 Sugr\u012f\u017etame \u012f vie&scaron;but\u012f.<br \/> - Recreation.<br \/> \u2022 Nakvyn\u0117 vie&scaron;butyje.<\/p>\n<p>Lisabona \u2013 vienas seniausi\u0173 Europos miest\u0173, pastatytas finikie\u010di\u0173. Miesto veidas per &scaron;imtme\u010dius labai pasikeit\u0117. Jame p\u0117dsakus paliko visos tragedijos, ka\u017ekada u\u017epl\u016bdusios Portugalij\u0105, o ypa\u010d 1755-\u0173j\u0173 met\u0173 \u017eem\u0117s dreb\u0117jimas. Tik nedidelis Belenio rajonas primena apie gra\u017eiausios Europos sostin\u0117s didyb\u0119. J\u016bs pamatysite Jeronimo vienuolyn\u0105 ir Belenio bok&scaron;t\u0105, kurie \u012ftraukti \u012f UNESCO paveldo s\u0105ra&scaron;\u0105. Tai pastatai, i&scaron;siskiriantys savo architekt\u016briniu stiliumi \u2013 manuelino, kuris sutinkamas tik Portugalijoje. Vienuolyne palaidotas Vasko de Gama, poetas Kamoenas ir Avizos dinastijos karaliai. &Scaron;alia puikuojasi prezidento r\u016bmai, Imperijos aik&scaron;t\u0117 ir paminklas pirmiesiems atrad\u0117jams. Netoliese yra ir seniausia kepykla, kurioje kepami sald\u016bs pyrag\u0117liai ,,pa&scaron;tei&scaron; de Belen\u201c, kuri\u0173 privalu paragauti. Toliau kelion\u0119 t\u0119site palei Te\u017eo up\u0119 iki pagrindin\u0117s miesto Komercijos aik&scaron;t\u0117s. \u010cia stovi paminklas karaliui \u017doze Pirmajam ir nuostabi triumfo arka. Pasivaik&scaron;\u010diosite po Bai&scaron;os rajon\u0105, kuris labiausiai nukent\u0117jo nuo \u017eem\u0117s dreb\u0117jimo ir buvo atstatytas pagal Markizo Pombalos plan\u0105. Taip pat praeisite Rosiu aik&scaron;t\u0119, Figeiros aik&scaron;t\u0119 ir Augusto gatv\u0119, kur viename skersgatvyje atsiveria vaizdas \u012f Santa \u017du&scaron;ta lift\u0105.<\/p>\n<p><strong>Day 5 <\/strong><\/p>\n<p>\u2022 Pusry\u010diai vie&scaron;butyje (perkant ekskursij\u0173 paket\u0105 pusry\u010diai \u012fskai\u010diuoti).<br \/> \u2022 Laisva diena arba pageidaujantiems si\u016blome ekskursin\u0119 i&scaron;vyka \u012f Sintr\u0105 ir Rokos ky&scaron;ul\u012f (papildomas mokestis 49 \u20ac\/asm. + \u012f\u0117jimo bilietai).<br \/> \u2022 Laisvas laikas Ka&scaron;kai&scaron;e.<br \/> \u2022 Sugr\u012f\u017etame \u012f vie&scaron;ut\u012f.<br \/> - Recreation.<br \/> \u2022 Nakvyn\u0117 vie&scaron;butyje.<\/p>\n<p>Sintra \u2013 tai vieta, kurioje kiekvienas gali atrasti dalel\u0119 savo t\u0117vyn\u0117s. Apsilankysite Rigaleiro sodyboje (\u012f\u0117jimo bilietai: suaugusiems ~20 \u20ac, vaikams 6-16 met\u0173 ir suaugusiems nuo 65 met\u0173 ~15 \u20ac, iki 5 met\u0173 &#8211; nemokamai), po kurios Jums i&scaron;kils daug filosofini\u0173 klausim\u0173 ir m\u012fsli\u0173, kaip atsirado pati paslaptingiausia vieta Portugalijoje. O atsakymai pritrenks net pat\u012f did\u017eiausi\u0105 mistik\u0105. Ne veltui daugelis ra&scaron;ytoj\u0173 ir poet\u0173 k\u016br\u0117 b\u016btent &scaron;iose vietose \u2013 Louis de Camoes, Lord Byron, G. H. Andersen, J. Rawling ir daugelis kit\u0173.<\/p>\n<p> Po Sintros vyksime \u012f Rokos ky&scaron;ul\u012f \u2013 \u201eviet\u0105, kur baigiasi \u017eem\u0117 ir prasideda j\u016bra\u201c (Luis Cam&otilde;ens). Pakeliui pamatysime nepaprast\u0105 kra&scaron;tovaizd\u017eio kontrast\u0105, besikei\u010diant\u012f nuo pu&scaron;yn\u0173 ir eukalipt\u0173 mi&scaron;k\u0173 iki sm\u0117lio kop\u0173.<\/p>\n<p> Tada laisvas laikas pakrant\u0117je Kaskaise, galimyb\u0117 papietauti (50m nuo papl\u016bdimio). Jei leis oras, bus galimyb\u0117 i&scaron;simaudyti.<\/p>\n<p><strong>Day 6 <\/strong><\/p>\n<p>\u2022 Pusry\u010diai vie&scaron;butyje (perkant ekskursij\u0173 paket\u0105 pusry\u010diai \u012fskai\u010diuoti).<br \/> \u2022 Ekskursin\u0117 i&scaron;vyka \u201eAlkobasas, Nazar\u0117, Obidos\u201c.<br \/> \u2022 Laisvas laikas Alkobaso mieste.<br \/> \u2022 Sugr\u012f\u017etame \u012f vie&scaron;but\u012f.<br \/> - Recreation.<br \/> \u2022 Nakvyn\u0117 vie&scaron;butyje.<\/p>\n<p>Vyksime \u012f karali&scaron;k\u0105j\u012f kaim\u0105 \u2013 Obidos, kuris viduram\u017eiais buvo pramintas \u201enuotak\u0173 miestu\u201c. Miestelis visi&scaron;kai pasisl\u0117p\u0119s u\u017e gynybini\u0173 sien\u0173, kur karaliauja viduram\u017ei\u0173 dvasia, o vietiniai vai&scaron;ina nuostabiu g\u0117rimu \u201ejinja\u201c &#8211; vy&scaron;ni\u0173 likeriu, kuris yra geriamas i&scaron; &scaron;okoladini\u0173 taureli\u0173. Taip pat su\u017einosime, kaip atsirado portugali&scaron;kas &scaron;okoladas, kod\u0117l kop\u016bsto lapas stebuklingas, ir pamatysime XVII a. tapytojo \u017dosef de Obidos darbus. Laisvas laikas po ekskursijos.<\/p>\n<p> Aplankysime Alkobaso miestel\u012f su did\u017eiuliu cisters\u0173 katedros ir vienuolyno kompleksu, taip pat su\u017einosime istorij\u0105 apie Pedro ir Ines, portugal\u0173 pramintus \u201eRomeo ir D\u017euljeta\u201c.<\/p>\n<p> Toliau vyksime \u012f \u017evej\u0173 kaimel\u012f Nazar\u0117, kur su Don Roupinho \u012fvyko stebuklas ir i&scaron;siai&scaron;kinsime, kod\u0117l vietiniai \u017evejai vienu metu d\u0117vi 7 sijonus, taip pat \u010dia galima paragauti gard\u017ei\u0173 patiekal\u0173 su j\u016bros g\u0117ryb\u0117mis (papildomas mokestis).<\/p>\n<p> Laisvas laikas po ekskursijos, pageidaujantys gal\u0117s pasimaudyti plia\u017ee (priklausomai nuo bang\u0173 auk&scaron;\u010dio) arba \u012fsigyti suvenyr\u0173 ir pasivaik&scaron;\u010dioti po miestel\u012f.<\/p>\n<p><strong>Day 7 <\/strong><\/p>\n<p>\u2022 Pusry\u010diai vie&scaron;butyje (perkant ekskursij\u0173 paket\u0105 pusry\u010diai \u012fskai\u010diuoti).<br \/> \u2022 I&scaron;siregistravimas i&scaron; vie&scaron;bu\u010dio.<br \/> \u2022 Vykstame \u012f Porto.<br \/> \u2022 Ekskursin\u0117 i&scaron;vyka \u012f Porto.<br \/> \u2022 Pageidaujantiems si\u016blome pasiplaukiojim\u0105 Duero upe (papildomas mokestis \u2013 18 \u20ac\/asm.).<br \/> \u2022 Vykstame \u012f tranzitin\u012f vie&scaron;but\u012f.<br \/> - Recreation.<br \/> \u2022 Nakvyn\u0117 vie&scaron;butyje.<\/p>\n<p>Ekskursijos po Porto miest\u0105 metu ap\u017ei\u016br\u0117site Klierik\u0173 Bok&scaron;t\u0105, kuris yra vienas i&scaron; miesto simboli\u0173, pritrenkiantis savo auk&scaron;\u010diu ir gro\u017eiu, pabuvosite Laisv\u0117s aik&scaron;t\u0117je, kuri laikoma istorinio miesto &scaron;irdimi, taip pat &Scaron;v. Benedikto gele\u017einkelio stotyje, kuri \u012ftraukta \u012f 14-os gra\u017eiausi\u0173 gele\u017einkelio sto\u010di\u0173 pasaulyje s\u0105ra&scaron;\u0105. Nuo stoties netoli stovi XII a. Katedra \u2013 religijos galyb\u0117s simbolis.<\/p>\n<p>Po ekskursijos apsilankysite vyno r\u016bsiuose, kur br\u0119sta pats \u017einomiausias Portugalijos vynas \u2013 portveinas. I&scaron;klaus\u0119 apie vyno atsiradimo istorij\u0105 ir gaminimo tradicijas, J\u016bs b\u016bsite pakviesti \u012f vyno degustacij\u0105 (papildomas mokestis ~18 \u20ac\/asm.). Degustacijos metu J\u016bs i&scaron;moksite teisingai m\u0117gautis portveinu, o taip pat atskirti j\u012f pagal kategorijas ir gal\u0117site \u012fsigyti &scaron;io nuostabaus g\u0117rimo. Laisvas laikas.<\/p>\n<p>Pageidaujantiems si\u016blome pasiplaukiojim\u0105 Duero upe (papildomas mokestis ~18 \u20ac\/asm.).<\/p>\n<p><strong>Day 8 <\/strong><\/p>\n<p>\u2022 Pusry\u010diai vie&scaron;butyje (perkant ekskursij\u0173 paket\u0105 pusry\u010diai \u012fskai\u010diuoti) &#8211; priklauso nuo skryd\u017ei\u0173 laik\u0173.<br \/> \u2022 I&scaron;siregistravimas i&scaron; vie&scaron;bu\u010dio.<br \/> \u2022 Ekskursija po Brag\u0105.<br \/> - Going to the airport.<br \/> - Check-in.<br \/> \u2022 Skrydis: Porto \u2013 Ryga.<br \/> \u2022 Atvykimas \u012f Ryg\u0105.<\/p>\n<p>Braga \u2013 ikirom\u0117ni&scaron;kos kilm\u0117s miestas. Romos provincijos Galaesia (Galizos) sostin\u0117 &#8211; Bracara Augusta. \u010cia \u012fsik\u016brusi seniausia katedra Portugalijos karalyst\u0117je (\u012f\u0117jimo bilietai apmokami papildomai ~3 \u20ac). Katedroje galite pamatyti unikalius dvipusius XVIII am\u017eiaus vargonus, kuriuos suk\u016br\u0117 Andr&eacute; Souaes ir Marcelino Araujo. Netoli miesto yra UNESCO saugomas objektas Bom Jesus su ne\u012ftik\u0117tinais laiptais ir XIX a. vandens varomu keltuvu.<\/p>","protected":false},"excerpt":{"rendered":"<p>Yra galimyb\u0117 skristi i&scaron; Vilniaus su pers\u0117dimu Rygoje &#8211; priemoka nuo 150 \u20ac prie kelion\u0117s kainos (d\u0117l galimyb\u0117s teirautis atskirai, viet\u0173 kiekis ribotas!)&#8230;<\/p>","protected":false},"featured_media":11824,"comment_status":"open","ping_status":"closed","template":"","meta":{"om_disable_all_campaigns":false,"_monsterinsights_skip_tracking":false,"_monsterinsights_sitenote_active":false,"_monsterinsights_sitenote_note":"","_monsterinsights_sitenote_category":0},"product_brand":[],"product_cat":[669],"product_tag":[],"class_list":{"0":"post-12587","1":"product","2":"type-product","3":"status-publish","4":"has-post-thumbnail","6":"product_cat-keliones","8":"first","9":"instock","10":"virtual","11":"taxable","12":"purchasable","13":"product-type-simple"},"aioseo_notices":[],"_links":{"self":[{"href":"https:\/\/www.atravel.lt\/en\/wp-json\/wp\/v2\/product\/12587","targetHints":{"allow":["GET"]}}],"collection":[{"href":"https:\/\/www.atravel.lt\/en\/wp-json\/wp\/v2\/product"}],"about":[{"href":"https:\/\/www.atravel.lt\/en\/wp-json\/wp\/v2\/types\/product"}],"replies":[{"embeddable":true,"href":"https:\/\/www.atravel.lt\/en\/wp-json\/wp\/v2\/comments?post=12587"}],"wp:featuredmedia":[{"embeddable":true,"href":"https:\/\/www.atravel.lt\/en\/wp-json\/wp\/v2\/media\/11824"}],"wp:attachment":[{"href":"https:\/\/www.atravel.lt\/en\/wp-json\/wp\/v2\/media?parent=12587"}],"wp:term":[{"taxonomy":"product_brand","embeddable":true,"href":"https:\/\/www.atravel.lt\/en\/wp-json\/wp\/v2\/product_brand?post=12587"},{"taxonomy":"product_cat","embeddable":true,"href":"https:\/\/www.atravel.lt\/en\/wp-json\/wp\/v2\/product_cat?post=12587"},{"taxonomy":"product_tag","embeddable":true,"href":"https:\/\/www.atravel.lt\/en\/wp-json\/wp\/v2\/product_tag?post=12587"}],"curies":[{"name":"wp","href":"https:\/\/api.w.org\/{rel}","templated":true}]}}