{"id":12586,"date":"2026-03-21T15:44:41","date_gmt":"2026-03-21T13:44:41","guid":{"rendered":"https:\/\/www.atravel.lt\/produktas\/city-tour-4-dienu-savaitgalis-prahoje-skrydis-is-rygos\/"},"modified":"2026-03-21T15:44:41","modified_gmt":"2026-03-21T13:44:41","slug":"city-tour-4-dienu-savaitgalis-prahoje-skrydis-is-rygos","status":"publish","type":"product","link":"https:\/\/www.atravel.lt\/en\/product\/city-tour-4-dienu-savaitgalis-prahoje-skrydis-is-rygos\/","title":{"rendered":"CITY TOUR: 4 dien\u0173 savaitgalis Prahoje (skrydis i\u0161 Rygos)"},"content":{"rendered":"<h3 style=\"text-align: center\"><span style=\"color:#27ae60\"><b>Garantuota nuo 2 asmen\u0173!<\/b><\/span><\/h3>\n<hr \/>\n<h3 style=\"text-align: center\"><b>SVARBU! EKSKURSIJ\u0172 IR PERVE\u017dIMO PAKETAS APMOKAMAS KELION\u0116S METU!SVARBU! EKSKURSIJ\u0172 IR PERVE\u017dIMO PAKETAS APMOKAMAS KELION\u0116S METU!<\/b><\/h3>\n<hr \/>\n<h3 style=\"text-align: center\"><span style=\"color:#e74c3c\"><strong>Kelion\u0117 organizuojama individualiai, tod\u0117l d\u0117l l\u0117ktuvo biliet\u0173 ir vie&scaron;bu\u010dio kambari\u0173 pabrangimo, organizatorius gali atmesti rezervacij\u0105 arba pasi\u016blyti keliautojui priemok\u0105.<\/strong><\/span><\/h3>\n<hr \/>\n<p><strong>1 day<\/strong><\/p>\n<p>\u2022 Atvykimas Rygos oro uoste.<br \/> - Check-in.<br \/> \u2022 Skrydis: Ryga \u2013 Praha (~05:55-07:00).<br \/> \u2022 Perve\u017eimas \u012f 3* vie&scaron;but\u012f (\u012fskai\u010diuotas \u012f ekskursij\u0173 paket\u0105).<br \/> \u2022 \u012esik\u016brimas vie&scaron;butyje.<br \/> \u2022 Ekskursija p\u0117s\u010diomis po Prah\u0105.<br \/> \u2022 Nakvyn\u0117 vie&scaron;butyje.<\/p>\n<p>Ekskursija vyks po karali&scaron;kuosius Senojo ir Naujojo miestus. Praeisite dal\u012f karali&scaron;kojo tako, kuriuo eidavo b\u016bsimi karaliai kar\u016bnavimo procesijos metu. Aplankysite dvi pagrindines istorin\u0117s ir moderniosios Prahos aik&scaron;tes (Senamies\u010dio aik&scaron;t\u0119 ir Vaclavo aik&scaron;t\u0119), kuriose puikiai dera moderni ir senovin\u0117 architekt\u016bra. Pasinersite \u012f senojo \u017eyd\u0173 miesto, kuriame yra seniausia veikianti sinagoga Europoje (Staronovo sinagoga), atmosfer\u0105. Eisite viduram\u017ei\u0173 gatv\u0117mis iki vienos pagrindini\u0173 Prahos lankytin\u0173 viet\u0173 &#8211; Karlovo tilto. Palei pirm\u0105j\u012f XII am\u017eiaus Prahos grindin\u012f (Karlovo gatv\u0117) gr\u012f&scaron;ite \u012f Senamies\u010dio aik&scaron;t\u0119, pasigro\u017e\u0117site garsiuoju Prahos astronominiu laikrod\u017eiu su 12 apa&scaron;tal\u0173, daugel\u012f &scaron;imtme\u010di\u0173 mu&scaron;an\u010diu Prahos gyventojams laik\u0105.<\/p>\n<p>Pasibaigus ekskursijai gal\u0117site papietauti stilingame restorane \u201eStaromacek\u201c, kuriame saugoma tradicin\u0117 \u010dek\u0173 virtuv\u0117.<\/p>\n<p>Pageidaujantis laisvu laiku tur\u0117s galimyb\u0119 aplankyti daugyb\u0119 Prahos muziej\u0173. Vienas \u012fdomiausi\u0173 &scaron;iuolaikini\u0173 muziej\u0173 yra Iliuzij\u0173 muziejus.<\/p>\n<p>Dien\u0105 gal\u0117site u\u017ebaigti vienoje \u017einomiausi\u0173 Prahos alaus darykl\u0173 \u2013 alaus darykloje \u201eNovomnest\u201c.<\/p>\n<p><strong>Day 2<\/strong><\/p>\n<p>\u2022 Pusry\u010diai vie&scaron;butyje (perkant ekskursij\u0173 paket\u0105 pusry\u010diai \u012fskai\u010diuoti).<br \/> \u2022 Ekskursija po Prahos &scaron;ird\u012f \u2013 Prahos Hrad\u0105.<br \/> - Free time.<br \/> \u2022 Sugr\u012f\u017etame \u012f vie&scaron;but\u012f.<br \/> - Recreation.<br \/> \u2022 Nakvyn\u0117 vie&scaron;butyje.<\/p>\n<p>&Scaron;i\u0105 dien\u0105 susipa\u017einsite su dar dviem karali&scaron;kaisiais miestais \u2013 Hradcany ir Malaya Storona. Aplankysite vieno pirm\u0173j\u0173 ir iki &scaron;iol veikian\u010di\u0173 vienuolyn\u0173 Prahoje teritorij\u0105 (Strahov vienuolynas), kuriame yra verdamas vienuolyno alus. Pasigro\u017e\u0117site \u010cekijos aristokratijos r\u016bmais. Pasivaik&scaron;\u010diuosite jaukiais Malaya Strana gatvel\u0117mis, kuriose kiekvienas namas saugo savo istorij\u0105. O svarbiausia, &scaron;i\u0105 dien\u0105 aplankysite Prahos &scaron;ird\u012f \u2013 Prahos pil\u012f (Prahos Hrada). B\u016btent ten buvo \u012fsik\u016brusi \u010cekijos karali\u0173 rezidencija, o &scaron;iandien ten veikia \u010cekijos Respublikos Prezidento kanceliarija. Ap\u017ei\u016br\u0117site pagrindin\u0119 katedr\u0105 \u2013 &Scaron;v.Vito katedr\u0105, kurioje palaidoti \u010cekijos princai, karaliai ir imperatoriai.<\/p>\n<p>Ekskursijos pabaigoje laisvalaikiu gal\u0117site papietauti vienuolyno alaus darykloje.<\/p>\n<p>Pageidaujantis, vienuolyno teritorijoje gal\u0117s aplankyti du nuostabius muziejus: Miniati\u016br\u0173 muziej\u0173 ir did\u017eiausi\u0105 Europoje vienuolyno bibliotek\u0105 su nuostabiomis XVII ir XVIII a. sal\u0117mis.<\/p>\n<p><strong>Day 3 <\/strong><\/p>\n<p>\u2022 Pusry\u010diai vie&scaron;butyje (perkant ekskursij\u0173 paket\u0105 pusry\u010diai \u012fskai\u010diuoti).<br \/> \u2022 Ekskursija po Prahos rajon\u0105 &#8211; Ma\u017easis miestas (Mala Strana).<br \/> \u2022 Sugr\u012f\u017etame \u012f vie&scaron;but\u012f.<br \/> \u2022 Nakvyn\u0117 vie&scaron;butyje.<\/p>\n<p>T\u0119siame pa\u017eint\u012f su Prahos rajonais \u2013 Ma\u017euoju miestu (Mala Strana).<\/p>\n<p>Pasigro\u017e\u0117site r\u016bmais ir aplankysite pagrindin\u0119 karali&scaron;kojo miesto aik&scaron;t\u0119, kurioje iki &scaron;iol didingai stovi Trejyb\u0117s kolona. Pasivaik&scaron;\u010diosite po vien\u0105 gra\u017eiausi\u0173 Prahos sod\u0173 \u2013 Valen&scaron;teino sod\u0105 (tik nuo 04.01 iki 10.31).<\/p>\n<p>Aplankysite Mergel\u0117s Marijos Nugal\u0117tojos ba\u017eny\u010di\u0105, kurioje saugoma garsioji stebuklinga K\u016bdik\u0117lio J\u0117zaus statul\u0117l\u0117.<\/p>\n<p>Pasivaik&scaron;\u010diosite jaukiomis Mala Strana gatv\u0117mis, kur kiekvienas namas alsuoja savo istorija. Ekskursij\u0105 u\u017ebaigsite prie Karolio tilto.<\/p>\n<p><strong>Day 4<\/strong><\/p>\n<p>\u2022 Pusry\u010diai vie&scaron;butyje (perkant ekskursij\u0173 paket\u0105 pusry\u010diai \u012fskai\u010diuoti).<br \/> \u2022 I&scaron;siregistravimas i&scaron; vie&scaron;bu\u010dio.<br \/> - Transfer to the airport.<br \/> - Check-in.<br \/> \u2022 Skrydis: Praha &#8211; Ryga (~16:20-19:25).<br \/> \u2022 Atvykimas \u012f Ryg\u0105.<\/p>","protected":false},"excerpt":{"rendered":"<p>Garantuota nuo 2 asmen\u0173! SVARBU! EKSKURSIJ\u0172 IR PERVE\u017dIMO PAKETAS APMOKAMAS KELION\u0116S METU!SVARBU! EKSKURSIJ\u0172 IR PERVE\u017dIMO PAKETAS APMOKAMAS KELION\u0116S METU! Kelion&#8230;<\/p>","protected":false},"featured_media":11823,"comment_status":"open","ping_status":"closed","template":"","meta":{"om_disable_all_campaigns":false,"_monsterinsights_skip_tracking":false,"_monsterinsights_sitenote_active":false,"_monsterinsights_sitenote_note":"","_monsterinsights_sitenote_category":0},"product_brand":[],"product_cat":[669],"product_tag":[],"class_list":{"0":"post-12586","1":"product","2":"type-product","3":"status-publish","4":"has-post-thumbnail","6":"product_cat-keliones","8":"first","9":"instock","10":"virtual","11":"taxable","12":"purchasable","13":"product-type-simple"},"aioseo_notices":[],"_links":{"self":[{"href":"https:\/\/www.atravel.lt\/en\/wp-json\/wp\/v2\/product\/12586","targetHints":{"allow":["GET"]}}],"collection":[{"href":"https:\/\/www.atravel.lt\/en\/wp-json\/wp\/v2\/product"}],"about":[{"href":"https:\/\/www.atravel.lt\/en\/wp-json\/wp\/v2\/types\/product"}],"replies":[{"embeddable":true,"href":"https:\/\/www.atravel.lt\/en\/wp-json\/wp\/v2\/comments?post=12586"}],"wp:featuredmedia":[{"embeddable":true,"href":"https:\/\/www.atravel.lt\/en\/wp-json\/wp\/v2\/media\/11823"}],"wp:attachment":[{"href":"https:\/\/www.atravel.lt\/en\/wp-json\/wp\/v2\/media?parent=12586"}],"wp:term":[{"taxonomy":"product_brand","embeddable":true,"href":"https:\/\/www.atravel.lt\/en\/wp-json\/wp\/v2\/product_brand?post=12586"},{"taxonomy":"product_cat","embeddable":true,"href":"https:\/\/www.atravel.lt\/en\/wp-json\/wp\/v2\/product_cat?post=12586"},{"taxonomy":"product_tag","embeddable":true,"href":"https:\/\/www.atravel.lt\/en\/wp-json\/wp\/v2\/product_tag?post=12586"}],"curies":[{"name":"wp","href":"https:\/\/api.w.org\/{rel}","templated":true}]}}