{"id":12581,"date":"2026-03-21T15:44:41","date_gmt":"2026-03-21T13:44:41","guid":{"rendered":"https:\/\/www.atravel.lt\/produktas\/kruizas-po-skandinavija-aplankant-norvegijos-nerejaus-fiorda\/"},"modified":"2026-03-21T15:44:41","modified_gmt":"2026-03-21T13:44:41","slug":"kruizas-po-skandinavija-aplankant-norvegijos-nerejaus-fiorda","status":"publish","type":"product","link":"https:\/\/www.atravel.lt\/en\/product\/kruizas-po-skandinavija-aplankant-norvegijos-nerejaus-fiorda\/","title":{"rendered":"Kruizas po Skandinavij\u0105 aplankant Norvegijos Ner\u0117jaus Fiord\u0105"},"content":{"rendered":"<p><strong>1 day <\/strong><\/p>\n<p>\u2022 Vidurnakt\u012f\/pary\u010diais i&scaron;vykimas i&scaron; Lietuvos (Vilniaus, Kauno ir Panev\u0117\u017eio).<br \/> \u2022 Kelion\u0117 per Latvijos, Estijos teritorij\u0105.<br \/> \u2022 Atvykstame \u012f Talino uost\u0105.<br \/> \u2022 Registracija \u012f kelt\u0105 plaukiant\u012f \u012f Helsink\u012f (~12:00 val.).<br \/> \u2022 Pageidaujantiems si\u016blome v\u0117lyvuosius pusry\u010dius kelte (papildomas mokestis).<br \/> \u2022 Atplaukimas \u012f Helsink\u012f (~14:15 val.).<br \/> \u2022 Ekskursija autobusu ir p\u0117s\u010diomis po Helsinkio miest\u0105.<br \/> - Free time after the tour.<br \/> \u2022 Vykstame \u012f Turk\u0173 (~17:30 val.).<br \/> \u2022 Registracija \u012f kelt\u0105 plaukiant\u012f \u012f Stokholm\u0105 (~20:55 val.).<br \/> \u2022 Pageidaujantiems si\u016blome vakarien\u0119 kelte (papildomas mokestis).<br \/> \u2022 Nakvyn\u0117 kelto kajut\u0117se.<\/p>\n<p>Ekskursijos metu susipa\u017einsime su XVI am\u017eiuje i&scaron;kilusiu miestu ir jo lankytinomis vietomis. Kelion\u0119 t\u0119sime palei esplanada \u2013 Helsinkio gyventoj\u0173 ir Suomijos sostin\u0117s sve\u010di\u0173 pam\u0117gta pasivaik&scaron;\u010diojimo vieta. Susipa\u017einsime su daugybe Helsinkio paminkl\u0173 \u2013 tiek istorini\u0173, kaip paminklas Janui Sibelijui, Aleksandrui II. Ap\u017evalgin\u0117s ekskursijos metu gro\u017e\u0117sit\u0117s unikalios Suomijos sostin\u0117s architekt\u016bros vaizdais \u2013 garsiuoju Senato aik&scaron;t\u0117s ansambliu, parod\u0173 r\u016bmais Finlandia, garsi\u0105ja ba\u017eny\u010dia uoloje.<\/p>\n<p><strong>Day 2 <\/strong><\/p>\n<p>\u2022 Pageidaujantiems si\u016blome pusry\u010dius kelte (papildomas mokestis).<br \/> \u2022 Atplaukiame \u012f Stokholm\u0105 (~06:30 val.).<br \/> \u2022 Ekskursija p\u0117s\u010diomis po Stokholm\u0105.<br \/> \u2022 Vykstame \u012f Osl\u0105.<br \/> \u2022 \u012esik\u016brimas vie&scaron;butyje (Oslo apylink\u0117se).<br \/> \u2022 Nakvyn\u0117 vie&scaron;butyje.<\/p>\n<p>Nuo XIII am\u017eiaus Stokholmas buvo pagrindinis &scaron;alies ekonominis centras. &Scaron;iandien tai did\u017eiausias &Scaron;vedijos miestas. Slussen sankry\u017ea &#8211; sena hidraulin\u0117 strukt\u016bra, jungianti Milareno e\u017eero akvatorij\u0105 su Baltijos j\u016bra. Senamiestis \u2013 Gamla stan \u2013 Miestas tarp tilt\u0173 \u2013 istorinis Stokholmo centras. Prie&scaron; kelis &scaron;imtme\u010dius senamiestis buvo laikomas atskiru miestu, ta\u010diau v\u0117liau tapo istoriniu Stokholmo rajonu. Bajor\u0173 asambl\u0117ja yra eleganti&scaron;kas pastatas, apsuptas gerai pri\u017ei\u016brim\u0173 sod\u0173. Iki &scaron;iol pastatas vis dar naudojamas pagal paskirt\u012f kaip \u012fvairi\u0173 &Scaron;vedijos didik\u0173 &scaron;eim\u0173 rengini\u0173 vieta. Riteri\u0173 sala \u2013 septyni\u0173 &scaron;imt\u0173 met\u0173 istorij\u0105 turinti sala, kurioje stovi Riddarholmschurkan ba\u017eny\u010dia, ji laikoma vienu seniausi\u0173 miesto paminkl\u0173, o centrin\u0117 aik&scaron;t\u0117 pavadinta Stokholmo \u012fk\u016br\u0117jo Birger Jarl vardu. Nuo Milareno e\u017eero krantin\u0117s atsiveria nuostabus vaizdas \u012f Stokholmo rotu&scaron;\u0119 \u2013 vien\u0105 pagrindini\u0173 miesto turist\u0173 traukos centr\u0173, &Scaron;vedijos sostin\u0117s simbol\u012f.<\/p>\n<p><strong>Day 3 <\/strong><\/p>\n<p>\u2022 Pusry\u010diai vie&scaron;butyje (perkant ekskursij\u0173 paket\u0105 pusry\u010diai \u012fskai\u010diuoti).<br \/> \u2022 Pageidaujantiems si\u016blome ekskursin\u0119 i&scaron;vyk\u0105 \u012f Fiord\u0173 region\u0105 (papildomas mokestis 60 \u20ac\/asm. + laivelio bilietas: suaugusiems \u2013 65 \u20ac\/asm., vaikams iki 12 met\u0173 (imtinai) \u2013 45 \u20ac\/asm., I&Scaron;VYKA IR BILIETAI APMOKAMI I&Scaron; ANKSTO!).<br \/> \u2022 Sugr\u012f\u017etame \u012f vie&scaron;but\u012f.<br \/> \u2022 Nakvyn\u0117 vie&scaron;butyje.<\/p>\n<p>Norvegija. B\u016btent \u010dia st\u016bkso nuostab\u016bs kriokliai, nuleid\u017eiantys tonas kri&scaron;tolo skaidrumo vandens \u012f upes ir \u012flankas, ir b\u016btent \u010dia turistai gali m\u0117gautis nuostabiais aplinkini\u0173 kaln\u0173 vir&scaron;\u016bn\u0117se i&scaron;sid\u0117s\u010diusi\u0173 ledyn\u0173 blizgu\u010diais. Aplank\u0119 &scaron;ias nuostabias vietas sta\u010dia galva pasinersite \u012f legend\u0173 ir pasak\u0173 pasaul\u012f apie trolius ir senov\u0117s vikingus \u2013 dr\u0105sius karius ir j\u016breivius, kurie kadaise buvo viso Europos \u017eemyno perk\u016bnija. Ledo \u017eem\u0117, poliarin\u0117s &scaron;viesos. Tikriausiai \u010dia gimsta tik vikingai ir valkirijos, kurie nieko nebijo: &scaron;altis, ne\u012f\u017eengiami mi&scaron;kai, at&scaron;iauri &scaron;iaurin\u0117 gamta.<\/p>\n<p>Ta\u010diau pagrindin\u0117 &scaron;ios &scaron;alies atrakcija, be abejo, yra Norvegijos fiordai! Turistai i&scaron; viso pasaulio \u010dia atvyksta metai i&scaron; met\u0173! I&scaron;ties Norvegijoje yra \u017einom\u0173 fiord\u0173, kurie net yra \u012ftraukti \u012f UNESCO gamtos paveldo s\u0105ra&scaron;\u0105, vienas i&scaron; j\u0173 \u2013 Ner\u0117jaus fjord, kuris yra Vakar\u0173 Norvegijoje, fiordo regiono &scaron;irdyje.<\/p>\n<p>Vis\u0105 Norvegijos gamtos gro\u017e\u012f ir didyb\u0119 galima pilnai patirti keliaujant vandeniu. O kelion\u0117 laivu i&scaron; vaizdingo ir patrauklaus Fl&aring;m miestelio, esan\u010dio prie Aurlands &#8211; fiordo, \u012f Gudvangen kaim\u0105, esant\u012f ant Ner\u0117jaus &#8211; fiordo, leis jums m\u0117gautis klasikiniu Norvegijos vaizdu, auk&scaron;tomis uolomis su sniegu. vir&scaron;\u016bn\u0117s su kepurait\u0117mis, skaidrus lygus skaidriausi\u0173 vanden\u0173 pavir&scaron;ius.<\/p>\n<p><strong>Day 4 <\/strong><\/p>\n<p>\u2022 Pusry\u010diai vie&scaron;butyje (perkant ekskursij\u0173 paket\u0105 pusry\u010diai \u012fskai\u010diuoti).<br \/> \u2022 I&scaron;siregistravimas i&scaron; vie&scaron;bu\u010dio.<br \/> \u2022 Ekskursija po Osl\u0105.<br \/> \u2022 Antroje dienos pus\u0117je vykstame \u012f Helsingborg\u0105.<br \/> \u2022 \u012esik\u016brimas tranzitiniame vie&scaron;butyje (&Scaron;vedijoje).<br \/> \u2022 Nakvyn\u0117 vie&scaron;butyje.<\/p>\n<p>Oslas yra vaizdingo 100 kilometr\u0173 ilgio Oslofjordo prad\u017eioje, ta\u010diau miestas apima ne tik jame esant\u012f \u017eemynin\u0117 dalis, bet ir 40 sal\u0173, kuri\u0173 kiekviena gali u\u017eburti savo meni&scaron;kumu. &Scaron;is miestas unikalus ir ne tik tuo, kad yra Norvegijos sostin\u0117. \u010cia, senoviniame mieste, mai&scaron;osi neseniai i&scaron;kil\u0119 modern\u016bs pastatai su istorin\u0117mis vietomis, o gra\u017eios kalvos dera su mi&scaron;kais ir salomis. Pietieti&scaron;ko kar&scaron;\u010dio \u010dia nerasite, o visa Norvegija, ties\u0105 sakant, n\u0117ra deganti &scaron;alis. Ta\u010diau miestas su\u017eav\u0117s savo spontani&scaron;kumu, tyrumu ir malonia ramyb\u0117s bei harmonijos atmosfera.<\/p>\n<p><strong>Day 5 <\/strong><\/p>\n<p>\u2022 Pusry\u010diai vie&scaron;butyje (perkant ekskursij\u0173 paket\u0105 pusry\u010diai \u012fskai\u010diuoti).<br \/> \u2022 I&scaron;siregistravimas i&scaron; vie&scaron;bu\u010dio.<br \/> \u2022 Vykstame \u012f Kopenhag\u0105 (va\u017eiuosime tiltu ir tuneliu).<br \/> \u2022 Ekskursija p\u0117s\u010diomis po Kopenhag\u0105 (papildomai apmokami vie&scaron;ojo transporto bilietai ~10 \u20ac\/asm.).<br \/> \u2022 Vykstame prie Kronborgo pilies (ap\u017ei\u016br\u0117sime i&scaron; i&scaron;or\u0117s).<br \/> \u2022 Vykstame \u012f uost\u0105.<br \/> \u2022 Reisiniu keltu gr\u012f\u017etame \u012f &Scaron;vedij\u0105 (Helsingoras \u2013 Helsingborgas) \u2013 privalomas mokestis ~15 \u20ac\/asm.<br \/> \u2022 Vykstame link Stokholmo.<br \/> \u2022 \u012esik\u016brimas tranzitiniame vie&scaron;butyje (&Scaron;vedijoje).<br \/> \u2022 Nakvyn\u0117 vie&scaron;butyje.<\/p>\n<p>Kopenhagos miestas \u2013 Danijos &scaron;irdis, i&scaron;vertus i&scaron; dan\u0173 kalbos \u201eprekybinink\u0173 uostas\u201c. B\u016btent \u010dia senov\u0117je i&scaron; visur buvo pristatomos pa\u010dios \u012fvairiausios prek\u0117s, ir \u010dia pirkliai i&scaron; u\u017ej\u016brio &scaron;ali\u0173 sudar\u0117 pirmuosius sandorius su danais. &Scaron;is miestas, vienas seniausi\u0173 Europoje, yra gana nedidelis, i&scaron;sid\u0117st\u0119s dviejose salose \u2013 Zelandijos ir Amagerio.<\/p>\n<p>Ekskursijos metu pamatysite visas \u017eymiausias lankytinas vietas: nuostab\u0173 Danijos parlamento pastat\u0105 \u2013 Kristjansborg\u0105, didingus Karalien\u0117s Margaret r\u016bmus &#8211; Amalienborg, paminkl\u0105 vyskupui Absalonui &#8211; miesto \u012fk\u016br\u0117jui, Nyhav kvartalas (arba Naujasis uostas), Marmurin\u0117 ba\u017eny\u010di\u0105 ir G&ouml;fyon fontan\u0105, did\u017eiojo pasakotojo Anderseno namus, ir, \u017einoma, garsi\u0105j\u0105 skulpt\u016br\u0105 tapusia Danijos simboliu \u2013 Undin\u0117l\u0117 ir kitas &scaron;io paslaptingo miesto vietas.<\/p>\n<p>Kronborgo pilis &#8211; pagrindin\u0117 Helsingoro (Elsinoro) atrakcija, saugoma UNESCO. Pilis i&scaron;populiar\u0117jo garsaus dramaturgo Williamo Shakespeare&#039;o d\u0117ka. B\u016btent &scaron;i\u0105 viet\u0105 jis apra&scaron;\u0117 savo garsiojoje pjes\u0117je \u201eHamletas\u201c.<\/p>\n<p><strong>Day 6 <\/strong><\/p>\n<p>\u2022 Pusry\u010diai vie&scaron;butyje (perkant ekskursij\u0173 paket\u0105 pusry\u010diai \u012fskai\u010diuoti).<br \/> \u2022 I&scaron;siregistravimas i&scaron; vie&scaron;bu\u010dio.<br \/> \u2022 T\u0119siame kelion\u0119 link Stokholmo.<br \/> \u2022 Atvykstame \u012f Stokholmo uost\u0105.<br \/> \u2022 Vykstame \u012f Stokholmo uost\u0105.<br \/> \u2022 Registracija \u012f kelt\u0105 plaukiant\u012f \u012f Talin\u0105 (~17:30 val.).<br \/> \u2022 Pageidaujantiems si\u016blome vakarien\u0119 kelte (papildomas mokestis).<br \/> \u2022 Nakvyn\u0117 kelto kajut\u0117se.<\/p>\n<p><strong>Day 7 <\/strong><\/p>\n<p>\u2022 Pageidaujantiems si\u016blome pusry\u010dius kelte (papildomas mokestis).<br \/> \u2022 Atplaukiame \u012f Talin\u0105 (~10:45 val.).<br \/> \u2022 Ekskursija p\u0117s\u010diomis po Talino senamiest\u012f.<br \/> \u2022 Vykstame link Lietuvos.<br \/> \u2022 Sugr\u012f\u017etame v\u0117lai vakare\/nakt\u012f.<\/p>\n<p>Ekskursija p\u0117s\u010diomis po Talino senamiest\u012f, \u012ftraukt\u0105 \u012f UNESCO pasaulio paveldo s\u0105ra&scaron;\u0105: siauros akmenimis gr\u012fstos gatvel\u0117s, \u012fsp\u016bdinga miesto siena, gynybiniai bok&scaron;tai \u2013 Storoji Margarita, Ilgasis Hermanas, Rotu&scaron;\u0117s aik&scaron;t\u0117, gildijos \u2013 persmelkti viduram\u017ei\u0173 dvasia, kuri paver\u010dia sen\u0105j\u012f Talin\u0105 tikrai unikaliu visiems senov\u0117s myl\u0117tojams.<\/p>","protected":false},"excerpt":{"rendered":"<p>1 diena \u2022 Vidurnakt\u012f\/pary\u010diais i&scaron;vykimas i&scaron; Lietuvos (Vilniaus, Kauno ir Panev\u0117\u017eio). \u2022 Kelion\u0117 per Latvijos, Estijos teritorij\u0105. \u2022 Atvykstame \u012f Ta&#8230;<\/p>","protected":false},"featured_media":11818,"comment_status":"open","ping_status":"closed","template":"","meta":{"om_disable_all_campaigns":false,"_monsterinsights_skip_tracking":false,"_monsterinsights_sitenote_active":false,"_monsterinsights_sitenote_note":"","_monsterinsights_sitenote_category":0},"product_brand":[],"product_cat":[669],"product_tag":[],"class_list":{"0":"post-12581","1":"product","2":"type-product","3":"status-publish","4":"has-post-thumbnail","6":"product_cat-keliones","8":"first","9":"instock","10":"virtual","11":"taxable","12":"purchasable","13":"product-type-simple"},"aioseo_notices":[],"_links":{"self":[{"href":"https:\/\/www.atravel.lt\/en\/wp-json\/wp\/v2\/product\/12581","targetHints":{"allow":["GET"]}}],"collection":[{"href":"https:\/\/www.atravel.lt\/en\/wp-json\/wp\/v2\/product"}],"about":[{"href":"https:\/\/www.atravel.lt\/en\/wp-json\/wp\/v2\/types\/product"}],"replies":[{"embeddable":true,"href":"https:\/\/www.atravel.lt\/en\/wp-json\/wp\/v2\/comments?post=12581"}],"wp:featuredmedia":[{"embeddable":true,"href":"https:\/\/www.atravel.lt\/en\/wp-json\/wp\/v2\/media\/11818"}],"wp:attachment":[{"href":"https:\/\/www.atravel.lt\/en\/wp-json\/wp\/v2\/media?parent=12581"}],"wp:term":[{"taxonomy":"product_brand","embeddable":true,"href":"https:\/\/www.atravel.lt\/en\/wp-json\/wp\/v2\/product_brand?post=12581"},{"taxonomy":"product_cat","embeddable":true,"href":"https:\/\/www.atravel.lt\/en\/wp-json\/wp\/v2\/product_cat?post=12581"},{"taxonomy":"product_tag","embeddable":true,"href":"https:\/\/www.atravel.lt\/en\/wp-json\/wp\/v2\/product_tag?post=12581"}],"curies":[{"name":"wp","href":"https:\/\/api.w.org\/{rel}","templated":true}]}}