{"id":12580,"date":"2026-03-21T15:44:41","date_gmt":"2026-03-21T13:44:41","guid":{"rendered":"https:\/\/www.atravel.lt\/produktas\/gruzija-sakartvelas-armenija-lektuvu-is-rygos-su-airbaltic\/"},"modified":"2026-03-21T15:44:41","modified_gmt":"2026-03-21T13:44:41","slug":"gruzija-sakartvelas-armenija-lektuvu-is-rygos-su-airbaltic","status":"publish","type":"product","link":"https:\/\/www.atravel.lt\/en\/product\/gruzija-sakartvelas-armenija-lektuvu-is-rygos-su-airbaltic\/","title":{"rendered":"GRUZIJA (SAKARTVELAS) &#8211; ARM\u0116NIJA (l\u0117ktuvu i\u0161 Rygos su AirBaltic)"},"content":{"rendered":"<h3 style=\"margin-top: 16px;margin-bottom: 16px;text-align: center\"><span style=\"color:#e74c3c\"><strong>D\u0117mesio! Nuo 2024.06.01 Gruzijoje \u012fsigalioja nauji reikalavimai, visi atvykstantys \u012f &scaron;al\u012f privalo tur\u0117ti sveikatos draudim\u0105, galiojant\u012f visos kelion\u0117s metu. Keliautojams neturintiems draudimo gresia 110$ bauda!<\/strong><\/span><\/h3>\n<hr \/>\n<h3 style=\"margin-top: 16px;margin-bottom: 16px;text-align: center\"><span style=\"color:#16a085\"><span style=\"font-size:16px\"><strong><span style=\"line-height:115%\"><span><span style=\"background:white\">YRA GALIMYB\u0116 SKRISTI I&Scaron; VILNIAUS SU PERS\u0116DIMU NUO 150 \u20ac\/ASM.!<\/span><br \/> <span style=\"background:white\">(d\u0117l viet\u0173 ir tikslios kainos teirautis agent\u016broje)<\/span><\/span><\/span><\/strong><\/span><\/span><\/h3>\n<hr \/>\n<p><strong>1 day <\/strong><\/p>\n<p>- Arrival at Riga Airport.<br \/> - Check-in.<br \/> \u2022 Skrydis: Ryga \u2013 Tbilisi (~23:50-05:15*).<\/p>\n<p><strong>Day 2 <\/strong><\/p>\n<p>\u2022 Atskridimas \u012f Tbilis\u012f.<br \/> \u2022 Perve\u017eimas \u012f vie&scaron;but\u012f.<br \/> \u2022 \u012esik\u016brimas vie&scaron;butyje.<br \/> - Recreation.<br \/> \u2022 Pusry\u010diai vie&scaron;butyje (perkant ekskursij\u0173 paket\u0105 pusry\u010diai \u012fskai\u010diuoti).<br \/> \u2022 Ekskursija po Tbilis\u012f (\u012f\u0117jimo bilietai apmokami papildomai).<br \/> \u2022 Sugr\u012f\u017etame \u012f vie&scaron;but\u012f.<br \/> \u2022 Nakvyn\u0117 vie&scaron;butyje.<\/p>\n<p>Toliau leisit\u0117s \u012f \u012fdomi\u0105 kelion\u0119 po Tbilisio &scaron;ird\u012f \u2013 Senamiest\u012f, kuriame harmoningai susilieja senosios tradicijos ir &scaron;iuolaikinis sostin\u0117s veidas.<\/p>\n<p>Ekskursija prasid\u0117s pasivaik&scaron;\u010diojimu po gars\u0173j\u012f Abanotubani rajon\u0105, kuriame i&scaron;vysite senovines sieros pirtis \u2013 viet\u0105, nuo kurios prasid\u0117jo miesto istorija. Jus sups vaizdingos siaur\u0173 gatveli\u0173 vingryb\u0117s, spalvingi nam\u0173 fasadai su rai\u017eytais balkonais ir ypatinga senojo Tbilisio atmosfera.<\/p>\n<p>Toliau mar&scaron;rutas ves prie krioklio In\u017eir\u0173 tarpeklyje \u2013 unikalaus gamtos kampelio, pasisl\u0117pusio pa\u010diame miesto centre. Tai puiki vieta poilsiui ir nuotraukoms krioklio kaskad\u0173 bei uol\u0173 fone.<\/p>\n<p>Kita stotel\u0117 \u2013 Narikalos tvirtov\u0117, didingai i&scaron;kilusi vir&scaron; Tbilisio. Nuo ap\u017evalgos aik&scaron;tel\u0117s atsiveria kvap\u0105 gniau\u017eianti panorama \u012f vis\u0105 miest\u0105, Kuros up\u0119 ir senamies\u010dio kvartalus. \u010cia atgyja istorija \u2013 su\u017einosite legendas, pasakojimus ir \u012fdomius faktus apie senovin\u0119 citadel\u0119.<\/p>\n<p>Ekskursij\u0105 u\u017ebaigs pasivaik&scaron;\u010diojimas moderniuoju Taikos tiltu \u2013 atsinaujinusio Tbilisio simboliu \u2013 ir Rike parke, jaukioje poilsio erdv\u0117je su fontanais, skulpt\u016bromis ir nuostabiais vaizdais.<\/p>\n<p>&Scaron;i kelion\u0117 leis pajusti gyv\u0105 Tbilisio dvasi\u0105 \u2013 miest\u0105, kuriame praeitis ir dabartis susitinka kiekviename \u017eingsnyje.<\/p>\n<p><strong>Day 3 <\/strong><\/p>\n<p>\u2022 Pusry\u010diai vie&scaron;butyje (perkant ekskursij\u0173 paket\u0105 pusry\u010diai \u012fskai\u010diuoti).<br \/> - Free day.<br \/> \u2022 Pageidaujantiems si\u016blome ekskursin\u0119 i&scaron;vyk\u0105 \u201eKachetija: vienuolynai ir Meil\u0117s miestas\u201c (papildomas mokestis 40 \u20ac\/asm. + \u012f\u0117jimo bilietai).<br \/> \u2022 Sugr\u012f\u017etame \u012f vie&scaron;but\u012f.<br \/> \u2022 Nakvyn\u0117 vie&scaron;butyje.<\/p>\n<p>I&scaron;vyksite \u012f kelion\u0119 po saul\u0117t\u0105j\u0105 Kachetij\u0105 \u2013 vynuogyn\u0173, senovini\u0173 &scaron;ventovi\u0173 ir nuo&scaron;irdaus gruzini&scaron;ko svetingumo kra&scaron;t\u0105. &Scaron;i ekskursija supa\u017eindins Jus su dvasine, kult\u016brine ir vyndaryst\u0117s Gruzijos &scaron;irdimi.<\/p>\n<p>Pirmoji stotel\u0117 \u2013 &Scaron;ventosios Ninos vienuolynas Bodbe \u2013 moter\u0173 vienuolynas, kuriame saugomos &scaron;ventosios, atne&scaron;usios krik&scaron;\u010dionyb\u0119 \u012f Gruzij\u0105, relikvijos. Tai viena labiausiai gerbiam\u0173 viet\u0173 &scaron;alyje, apgaubta tylos ir pamaldumo atmosfera. I&scaron; vienuolyno teritorijos atsiveria nuostabus vaizdas \u012f Alazanio sl\u0117n\u012f ir snieguotas Kaukazo vir&scaron;\u016bnes.<\/p>\n<p>Toliau ekskursija t\u0119sis Signachio mieste, dar vadinamame \u201eMeil\u0117s miestu\u201c. Pasivaik&scaron;\u010diosite jaukiomis, siauromis gatvel\u0117mis su \u010derpi\u0173 stogais ir rai\u017eytais balkonais, i&scaron;vysite \u012fsp\u016bding\u0105 gynybin\u0119 sien\u0105, kuri savo ilgiu nusileid\u017eia tik Did\u017eiajai Kin\u0173 sienai, ir gro\u017e\u0117sit\u0117s nuostabia sl\u0117nio panorama, kur saul\u0117 ap&scaron;vie\u010dia beribius vynuogynus.<\/p>\n<p>Kelion\u0117s pabaigoje susipa\u017einsite su tikruoju kacheti&scaron;ku svetingumu \u2013 dalyvausite vyno degustacijoje tradiciniame r\u016bsyje (marani). Paragausite geriausi\u0173 gruzini&scaron;k\u0173 vyn\u0173 r\u016b&scaron;i\u0173, su\u017einosite apie senovin\u0119 brandinimo technologij\u0105 moliniuose induose \u2013 kvevri \u2013 ir pajusite &scaron;ilt\u0105 vietini\u0173 tradicij\u0173 dvasi\u0105 (\u012fskai\u010diuota \u012f degustacin\u012f paket\u0105).<\/p>\n<p>&Scaron;i ekskursija padovanos Jums ramyb\u0117s, romantikos ir tikrosios Gruzijos skon\u012f \u2013 saul\u0117s, vyno ir am\u017einos meil\u0117s \u017eem\u0117s.<\/p>\n<p><strong>Day 4 <\/strong><\/p>\n<p>\u2022 Pusry\u010diai vie&scaron;butyje (perkant ekskursij\u0173 paket\u0105 pusry\u010diai \u012fskai\u010diuoti).<br \/> \u2022 I&scaron;siregistravimas i&scaron; vie&scaron;bu\u010dio.<br \/> \u2022 Ekskursin\u0117 i&scaron;vyka \u201eSiena ir Ma\u017eoji &Scaron;veicarija\u201c (papildomai apmokami \u012f\u0117jimo bilietai).<br \/> \u2022 Po ekskursijos vykstame \u012f vie&scaron;but\u012f.<br \/> \u2022 \u012esik\u016brimas vie&scaron;butyje.<br \/> \u2022 Nakvyn\u0117 vie&scaron;butyje.<\/p>\n<p>&Scaron;i kelion\u0117 supa\u017eindins Jus su &scaron;iaur\u0117s Arm\u0117nija \u2013 kaln\u0173, e\u017eer\u0173 ir &scaron;imtme\u010dius menan\u010di\u0173 vienuolyn\u0173 kra&scaron;tu, kuriame gamta ir istorija susilieja \u012f nuostabi\u0105 harmonij\u0105.<\/p>\n<p>Ekskursija prasid\u0117s vykimu Gruzijos ir Arm\u0117nijos sienos link \u2013 Sadachlo pasienio punkt\u0105. Kirtus sien\u0105 Jus pasitiks arm\u0117n\u0173 gidas, ir prasid\u0117s \u012fdomi pa\u017eintis su &scaron;alimi.<\/p>\n<p>Pirmoji stotel\u0117 \u2013 Haghartsino vienuolynas, pasisl\u0117p\u0119s tankiuose Tavu&scaron;o regiono mi&scaron;kuose. &Scaron;is X\u2013XIII am\u017eiaus vienuolyno kompleksas apsuptas vaizding\u0173 kaln\u0173 ir tarsi susilieja su aplinkine gamta. \u010cia vyrauja tyla ir ramyb\u0117, o spygliuo\u010di\u0173 mi&scaron;k\u0173 aromatas suteikia ypating\u0105 dvasin\u0117s pusiausvyros ir vidin\u0117s harmonijos poj\u016bt\u012f.<\/p>\n<p>Toliau laukia pasivaik&scaron;\u010diojimas po Sen\u0105j\u012f Dilid\u017ean\u0105 \u2013 jauk\u0173 kaln\u0173 miestel\u012f, kuriame praeitis atgyja kiekviename \u017eingsnyje. Aplankysite etnografin\u012f kvartal\u0105, atkurt\u0105 senoviniu stiliumi: rai\u017eyti balkonai, akmeniniai namai ir amatinink\u0173 dirbtuv\u0117s kuria autenti&scaron;k\u0105 Kaukazo \u017eavesio atmosfer\u0105.<\/p>\n<p>Kelion\u0117s pabaigoje aplankysite Sevano e\u017eer\u0105 \u2013 vien\u0105 auk&scaron;\u010diausiai vir&scaron; j\u016bros lygio esan\u010di\u0173 g\u0117lavandeni\u0173 e\u017eer\u0173 pasaulyje ir tikr\u0105 Arm\u0117nijos perl\u0105. Pakilsite prie Sevanavanko vienuolyno, \u012fsik\u016brusio pusiasalyje, nuo kur atsiveria \u012fsp\u016bdinga panorama \u012f berib\u0119 vandens m\u0117lyn\u0119 ir kaln\u0173 vir&scaron;\u016bnes.<\/p>\n<p><strong>Day 5 <\/strong><\/p>\n<p>\u2022 Pusry\u010diai vie&scaron;butyje (perkant ekskursij\u0173 paket\u0105 pusry\u010diai \u012fskai\u010diuoti).<br \/> - Free day.<br \/> \u2022 Pageidaujantiems si\u016blome ekskursin\u0119 i&scaron;vyk\u0105 \u201eSenov\u0117 ir uoliniai &scaron;ventyklos\u201c (papildomas mokestis 40 \u20ac\/asm. + \u012f\u0117jimo bilietai).<br \/> \u2022 Sugr\u012f\u017etame \u012f vie&scaron;but\u012f.<br \/> \u2022 Nakvyn\u0117 vie&scaron;butyje.<\/p>\n<p>Pirmasis programos objektas \u2013 Garni &scaron;ventykla, vienintel\u0117 i&scaron;likusi pagoni&scaron;ka &scaron;ventykla helenistiniu stiliumi &scaron;iame regione. Pastatyta I am\u017eiuje, ji \u017eavi kolon\u0173 elegancija ir proporcij\u0173 harmonija. Nuo &scaron;ventyklos aik&scaron;tel\u0117s atsiveria \u012fsp\u016bdingas vaizdas \u012f Azato up\u0117s tarpekl\u012f.<\/p>\n<p>Toliau vyksite prie gamtos stebuklo \u2013 Akmen\u0173 simfonijos, kur uolos sudarytos i&scaron; taisykling\u0173 bazalto kolon\u0173, primenan\u010di\u0173 mil\u017eini&scaron;kus vargon\u0173 vamzd\u017eius.<\/p>\n<p>Kita stotel\u0117 \u2013 Gegardo vienuolynas, \u012ftrauktas \u012f UNESCO pasaulio paveldo s\u0105ra&scaron;\u0105. Jo ba\u017eny\u010dios i&scaron; dalies i&scaron;kaltos tiesiog uoloje, tod\u0117l \u010dia tvyro ypatinga &scaron;ventumo ir tylos atmosfera.<\/p>\n<p>Dien\u0105 u\u017ebaigs vakarin\u0117 ap\u017evalgin\u0117 ekskursija po Jerevan\u0105. Pasivaik&scaron;\u010diojimas po Kaskad\u0105 ir Respublikos aik&scaron;t\u0119, nu&scaron;viest\u0105 dainuojan\u010di\u0173 fontan\u0173 &scaron;viesomis, leis i&scaron;vysti miest\u0105 visu jo vakaro gro\u017eiu.<\/p>\n<p><strong>Day 6 <\/strong><\/p>\n<p>\u2022 Pusry\u010diai vie&scaron;butyje (perkant ekskursij\u0173 paket\u0105 pusry\u010diai \u012fskai\u010diuoti).<br \/> \u2022 I&scaron;siregistravimas i&scaron; vie&scaron;bu\u010dio.<br \/> \u2022 Ekskursin\u0117 i&scaron;vyka \u201ePrie Ararato pap\u0117d\u0117s ir raudonieji skard\u017eiai\u201c (\u012f\u0117jimo bilietai mokami papildomai).<br \/> \u2022 Po ekskursijos vykstame \u012f vie&scaron;but\u012f.<br \/> \u2022 \u012esik\u016brimas vie&scaron;butyje.<br \/> \u2022 Nakvyn\u0117 vie&scaron;butyje.<\/p>\n<p>Pirmoji stotel\u0117 \u2013 Chor Virapo vienuolynas, \u012fsik\u016br\u0119s Ararato kalno pap\u0117d\u0117je. I&scaron; \u010dia atsiveria artimiausias ir legendomis apipintas vaizdas \u012f biblin\u012f kaln\u0105.<\/p>\n<p>Toliau mar&scaron;rutas ves \u012f Pauk&scaron;\u010di\u0173 ol\u0105 (Areni), kur buvo aptikta seniausia pasaulyje vyno darykla \u2013 daugiau nei 6000 met\u0173 siekian\u010di\u0173 vyndaryst\u0117s tradicij\u0173 liudijimas.<\/p>\n<p>V\u0117liau aplankysite Noravanko vienuolyn\u0105, st\u016bksant\u012f tarp ry&scaron;kiai raudon\u0173 uol\u0173. &Scaron;is XIII am\u017eiaus architekt\u016bros &scaron;edevras \u017eavi form\u0173 harmonija ir i&scaron;rai&scaron;kingais reljefais.<\/p>\n<p><strong>Day 7 <\/strong><\/p>\n<p>\u2022 Pusry\u010diai vie&scaron;butyje (perkant ekskursij\u0173 paket\u0105 pusry\u010diai \u012fskai\u010diuoti).<br \/> \u2022 I&scaron;siregistravimas i&scaron; vie&scaron;bu\u010dio.<br \/> \u2022 Ekskursin\u0117 i&scaron;vyka \u201eKeltuvai ir vyno gamyba\u201c (\u012f\u0117jimo bilietai mokami papildomai).<br \/> \u2022 Vykstame \u012f vie&scaron;but\u012f.<br \/> \u2022 \u012esik\u016brimas vie&scaron;butyje.<br \/> \u2022 Nakvyn\u0117 vie&scaron;butyje.<\/p>\n<p>Pirmoji mar&scaron;ruto dalis padovanos Jums nepamir&scaron;tam\u0173 \u012fsp\u016bd\u017ei\u0173 \u2013 skryd\u012f lyn\u0173 keliu \u201eTatevo sparnai\u201c, kuris \u012ftrauktas \u012f Gineso rekord\u0173 knyg\u0105 kaip ilgiausias pasaulyje dvipusis lyn\u0173 kelias.<\/p>\n<p>V\u0117liau aplankysite &Scaron;aki kriokl\u012f \u2013 vien\u0105 gra\u017eiausi\u0173 kriokli\u0173 Arm\u0117nijoje. Tarp \u017ealumos krintan\u010dios vandens srov\u0117s pripildo or\u0105 gaivumo ir sukuria ypating\u0105 harmonijos poj\u016bt\u012f.<\/p>\n<p>Kelion\u0117s pabaigoje J\u016bs\u0173 lauks vyno degustacija Areni kaime \u2013 arm\u0117ni&scaron;kos vyndaryst\u0117s centre. Paragausite geriausi\u0173 vyn\u0173 i&scaron; autochtonin\u0117s Areni vynuogi\u0173 veisl\u0117s bei pagal senovinius receptus gaminam\u0173 vaisini\u0173 vyn\u0173 (\u012fskai\u010diuota \u012f degustacinio paketo kain\u0105).<\/p>\n<p><strong>Day 8 <\/strong><\/p>\n<p>\u2022 Pusry\u010diai vie&scaron;butyje (perkant ekskursij\u0173 paket\u0105 pusry\u010diai \u012fskai\u010diuoti).<br \/> \u2022 I&scaron;siregistravimas i&scaron; vie&scaron;bu\u010dio.<br \/> \u2022 Ekskursin\u0117 i&scaron;vyka \u201eKonjakas ir kelias namo\u201c (\u012f\u0117jimo bilietai mokami papildomai).<br \/> \u2022 Vykstame \u012f vie&scaron;but\u012f.<br \/> \u2022 \u012esik\u016brimas vie&scaron;butyje.<br \/> \u2022 Nakvyn\u0117 vie&scaron;butyje.<\/p>\n<p>Ekskursija prasid\u0117s apsilankymu Jerevano konjako gamykloje, kur susipa\u017einsite su garsiojo arm\u0117ni&scaron;ko konjako gamybos tradicijomis. J\u016bs\u0173 lauks pa\u017eintin\u0117 ekskursija po r\u016bsius ir geriausi\u0173 g\u0117rimo r\u016b&scaron;i\u0173 degustacija (\u012fskai\u010diuota \u012f degustacinio paketo kain\u0105).<\/p>\n<p>V\u0117liau b\u016bsite pakviesti \u012f spalving\u0105 Jerevano turg\u0173, kuriame gausu d\u017eiovint\u0173 vaisi\u0173, medaus, saldumyn\u0173, prieskoni\u0173 ir suvenyr\u0173.<\/p>\n<p>&Scaron;i ekskursija padovanos Jums Arm\u0117nijos skon\u012f ir nuotaik\u0105 \u2013 &scaron;iltos, dosnios ir aromatingos &scaron;alies, tarsi taur\u0117 tikro arm\u0117ni&scaron;ko konjako.<\/p>\n<p><strong>Day 9 <\/strong><\/p>\n<p>\u2022 Ankstyvas i&scaron;siregistravimas i&scaron; vie&scaron;bu\u010dio.<br \/> - Transfer to the airport.<br \/> - Check-in.<br \/> \u2022 Skrydis: Jerevanas \u2013 Ryga (~05:30-08:55).<br \/> - Arrival in Riga.<\/p>","protected":false},"excerpt":{"rendered":"<p>D\u0117mesio! Nuo 2024.06.01 Gruzijoje \u012fsigalioja nauji reikalavimai, visi atvykstantys \u012f &scaron;al\u012f privalo tur\u0117ti sveikatos draudim\u0105, galiojant\u012f visos kelion\u0117s me&#8230;<\/p>","protected":false},"featured_media":11995,"comment_status":"open","ping_status":"closed","template":"","meta":{"om_disable_all_campaigns":false,"_monsterinsights_skip_tracking":false,"_monsterinsights_sitenote_active":false,"_monsterinsights_sitenote_note":"","_monsterinsights_sitenote_category":0},"product_brand":[],"product_cat":[669],"product_tag":[],"class_list":{"0":"post-12580","1":"product","2":"type-product","3":"status-publish","4":"has-post-thumbnail","6":"product_cat-keliones","8":"first","9":"instock","10":"virtual","11":"taxable","12":"purchasable","13":"product-type-simple"},"aioseo_notices":[],"_links":{"self":[{"href":"https:\/\/www.atravel.lt\/en\/wp-json\/wp\/v2\/product\/12580","targetHints":{"allow":["GET"]}}],"collection":[{"href":"https:\/\/www.atravel.lt\/en\/wp-json\/wp\/v2\/product"}],"about":[{"href":"https:\/\/www.atravel.lt\/en\/wp-json\/wp\/v2\/types\/product"}],"replies":[{"embeddable":true,"href":"https:\/\/www.atravel.lt\/en\/wp-json\/wp\/v2\/comments?post=12580"}],"wp:featuredmedia":[{"embeddable":true,"href":"https:\/\/www.atravel.lt\/en\/wp-json\/wp\/v2\/media\/11995"}],"wp:attachment":[{"href":"https:\/\/www.atravel.lt\/en\/wp-json\/wp\/v2\/media?parent=12580"}],"wp:term":[{"taxonomy":"product_brand","embeddable":true,"href":"https:\/\/www.atravel.lt\/en\/wp-json\/wp\/v2\/product_brand?post=12580"},{"taxonomy":"product_cat","embeddable":true,"href":"https:\/\/www.atravel.lt\/en\/wp-json\/wp\/v2\/product_cat?post=12580"},{"taxonomy":"product_tag","embeddable":true,"href":"https:\/\/www.atravel.lt\/en\/wp-json\/wp\/v2\/product_tag?post=12580"}],"curies":[{"name":"wp","href":"https:\/\/api.w.org\/{rel}","templated":true}]}}