{"id":12579,"date":"2026-03-21T15:44:40","date_gmt":"2026-03-21T13:44:40","guid":{"rendered":"https:\/\/www.atravel.lt\/produktas\/kelione-lektuvu-i-jungtines-amerikos-valstijas-skrydis-is-rygos\/"},"modified":"2026-03-21T15:44:41","modified_gmt":"2026-03-21T13:44:41","slug":"kelione-lektuvu-i-jungtines-amerikos-valstijas-skrydis-is-rygos","status":"publish","type":"product","link":"https:\/\/www.atravel.lt\/en\/product\/kelione-lektuvu-i-jungtines-amerikos-valstijas-skrydis-is-rygos\/","title":{"rendered":"Kelion\u0117 l\u0117ktuvu \u012f JUNGTIN\u0116S AMERIKOS VALSTIJAS (skrydis i\u0161 Rygos)"},"content":{"rendered":"<h3 style=\"text-align: center\"><span style=\"font-size:18px\"><span style=\"color:#e74c3c\"><strong>D\u0116MESIO!<\/strong> <strong>Visi atvykstantys \u012f JAV privalo tur\u0117ti el. leidim\u0105 <\/strong><\/span><strong><a href=\"https:\/\/esta.cbp.dhs.gov\/esta\/\"><span style=\"color:#2980b9\">ESTA (Electronic System Travel Authorization)<\/span><\/a><span style=\"color:#e74c3c\"> arba viz\u0105! Leidimais ir vizomis keliautojai r\u016bpinasi savaranki&scaron;kai!<\/span><\/strong><\/span><\/h3>\n<hr \/>\n<p><strong>1 day <\/strong><\/p>\n<p>- Arrival at Riga Airport.<br \/> - Check-in.<br \/> \u2022 Skrydis: Ryga \u2013 Stambulas (~10:55-14:15).<br \/> \u2022 Atvykimas \u012f Stambul\u0105.<br \/> \u2022 Skrydis: Stambulas \u2013 Niujorkas (~18:35-22:30).<br \/> \u2022 Atvykimas \u012f Niujork\u0105. <br \/> \u2022 Perve\u017eimas \u012f vie&scaron;but\u012f.<br \/> \u2022 \u012esik\u016brimas vie&scaron;butyje.<br \/> \u2022 Nakvyn\u0117 vie&scaron;butyje. <\/p>\n<p><strong>Day 2 <\/strong><\/p>\n<p>\u2022 Pusry\u010diai vie&scaron;butyje (perkant ekskursij\u0173 paket\u0105 pusry\u010diai \u012fskai\u010diuoti).<br \/> \u2022 I&scaron;siregistravimas i&scaron; vie&scaron;bu\u010dio.<br \/> \u2022 Vykstame \u012f Boston\u0105.<br \/> \u2022 Ekskursija po Bostono miest\u0105.<br \/> - Free time after the tour.<br \/> \u2022 Perve\u017eimas \u012f vie&scaron;but\u012f.<br \/> \u2022 \u012esik\u016brimas vie&scaron;butyje.<br \/> \u2022 Nakvyn\u0117 vie&scaron;butyje. <\/p>\n<p>Bostonas yra Masa\u010dusetso sostin\u0117 ir did\u017eiausias miestas, \u012fkurtas 1630 m., ir seniausias JAV miestas. Bostonas yra &scaron;iaur\u0117s rytin\u0117je Atlanto vandenyno pakrant\u0117je, Masa\u010dusetso \u012flankoje. Pasteb\u0117tina, kad iki XVIII am\u017eiaus vidurio Bostonas buvo did\u017eiausias Brit\u0173 Amerikos miestas, ta\u010diau v\u0117liau &scaron;\u012f titul\u0105 per\u0117m\u0117 Niujorkas.<\/p>\n<p>Bostone yra daugiau nei &scaron;imtas &scaron;vietimo \u012fstaig\u0173, \u012fskaitant Harvardo universitet\u0105, Masa\u010dusetso technologijos institut\u0105 (MIT), Bostono universitet\u0105 ir Bostono koled\u017e\u0105. Kasmet \u012f Boston\u0105 atvyksta apie 250 t\u016bkstan\u010di\u0173 pirmakursi\u0173. Ekskursij\u0105 prad\u0117sime nuo Did\u017eiojo Bostono arba Kembrid\u017eo, ramaus pasivaik&scaron;\u010diojimo metu pamatysime daugyb\u0119 park\u0173, aik&scaron;\u010di\u0173, architekt\u016bros paminkl\u0173, student\u0173 bendrabu\u010di\u0173, gal\u0117sime pajusti &scaron;io JAV istorijai reik&scaron;mingo miesto atmosfer\u0105. Tada vyksime \u012f miesto centre esan\u010dia Copley aik&scaron;t\u0119, pavadint\u0105 garsaus XVIII am\u017eiaus amerikie\u010di\u0173 menininko Johno Copley vardu. &Scaron;i\u0105 viet\u0105 supa i&scaron;skirtiniai architekt\u016bros paminklai. John Hancock bok&scaron;tas vainikuoja aik&scaron;t\u0117s kamp\u0105 ir yra auk&scaron;\u010diausias pastatas Bostone ir Naujojoje Anglijoje \u2013 241 metro veidrodinis bok&scaron;to fasadas atspindi gra\u017ei\u0105 Trejyb\u0117s ba\u017eny\u010di\u0105 ir original\u0173 Hancock pastat\u0105. Ant pastarojo stogo \u012frengtas orams prognozuoti skirtas &scaron;vyturys.<\/p>\n<p>Toliau vyksime \u012f istorin\u012f Bostono centr\u0105, kur pasivaik&scaron;\u010diosime Laisv\u0117s taku, pamatysime Masa\u010dusetso valstijos \u012fstatym\u0173 leid\u017eiamosios institucijos pastat\u0105, pasivaik&scaron;\u010diosime po Beacon Hill \u2013 vietov\u0119, kuri teis\u0117tai laikoma viena vaizdingiausi\u0173 Bostono viet\u0173 ir kur gal\u0117site fotografuoti garsaus architekto Charleso Bulfincho sukurtus pastatus.<\/p>\n<p>T\u0119siame kelion\u0119 po Naujosios Anglijos &scaron;ird\u012f, sustodami prie Karali&scaron;kosios koply\u010dios, kad padarytume kelet\u0105 \u012fsimintin\u0173 nuotrauk\u0173, o tada vyksime \u012f viet\u0105, kur 1635 m. buvo atidaryta pirmoji Bostono valstybin\u0117 mokykla. Pasigro\u017e\u0117sime nuostabiais dangorai\u017eiais prie sen\u0173j\u0173 Valstyb\u0117s asambl\u0117jos pastato, o po to pasivaik&scaron;\u010diojim\u0105 baigsime \u201eFanail Hall\u201c sal\u0117je, atkreipdami d\u0117mes\u012f \u012f joje \u012frengt\u0105 \u017eiogo formos v\u0117trung\u0119.<\/p>\n<p><strong>Day 3 <\/strong><\/p>\n<p>\u2022 Pusry\u010diai vie&scaron;butyje (perkant ekskursij\u0173 paket\u0105 pusry\u010diai \u012fskai\u010diuoti).<br \/> \u2022 I&scaron;siregistravimas i&scaron; vie&scaron;bu\u010dio.<br \/> \u2022 Vykstame \u012f Niujork\u0105.<br \/> \u2022 Ekskursija Niujorke.<br \/> - Free time after the tour.<br \/> \u2022 Pageidaujantiems si\u016blome apsilankyti ap\u017evalgos aik&scaron;tel\u0117je One World Observatory arba Top of The Rock (papildomas mokestis ~50 USD\/asm.).<br \/> \u2022 \u012esik\u016brimas vie&scaron;butyje.<br \/> \u2022 Nakvyn\u0117 vie&scaron;butyje. <\/p>\n<p>Niujorkas (New York City) &#8211; pasaulin\u0117s reik&scaron;m\u0117s ir did\u017eiausias JAV miestas. Niujorkas su savo dangorai\u017eiais ir ry&scaron;kiomis &scaron;viesomis yra kra&scaron;tutinum\u0173 miestas. Ne\u012fmanoma \u012fsivaizduoti spalvingesnio, \u012fvairialypio, triuk&scaron;mingo, beproti&scaron;ko miesto. Niujorkas yra padalintas \u012f penkias dideles zonas: Stateno sala, Kvinsas, Bronksas, Bruklinas ir pats brangiausias bei bohemi&scaron;kiausias &#8211; Manhetenas, kurio &scaron;irdis yra Times Square. <\/p>\n<p>M\u016bs\u0173 kelion\u0117 prasideda nuo garsiausios gatv\u0117s \u2013 Penktoji aveniu. Vaik&scaron;\u010diosime po Rokfelerio centr\u0105, aplankysime &Scaron;v. Patriko katedr\u0105, gra\u017eiausi\u0105 ir did\u017eiausi\u0105 neogotikos stiliaus religin\u012f pastat\u0105 Niujorke. Pamatysime Centrinio parko panoram\u0105, aplankysime Madisono aik&scaron;t\u0119 ir pasigro\u017e\u0117sime miesto dangorai\u017ei\u0173 gro\u017eiu. Time Square ir Brodv\u0117jus bus pakeliui. <\/p>\n<p>Toliau vyksime prie Wall Street &#8211; &scaron;iandien jis yra finansinio rajono centras. Pamatysime Federalinio rezerv\u0173 banko pastat\u0105, kuriame i&scaron;leid\u017eiama JAV valiuta, pamatysime Niujorko vertybini\u0173 popieri\u0173 bir\u017e\u0105, sustosime prie bronzinio Jau\u010dio \u2013 Wall Street simbolio, &scaron;alia muitin\u0117s pastato, Bettari park\u0105, esan\u010diame palei Hudsono up\u0119, apsilankysime Pasaulio finans\u0173 centre. Keltu praplauksime pro Laisv\u0117s statul\u0105.<\/p>\n<p>Laisvu laiku tur\u0117site unikali\u0105 galimyb\u0119 apsilankyti &#8222;One World Observatory&#8221; arba \u201eTop of The Rock\u201c Manhatano ap\u017evalgos aik&scaron;tel\u0117je (\u012f\u0117jimo bilietai: suaugusiam ~50 USD\/asm. ir vaikams 6-12 met\u0173 ~40 USD\/asm.).<\/p>\n<p><strong>Day 4<\/strong><\/p>\n<p>\u2022 Pusry\u010diai vie&scaron;butyje (perkant ekskursij\u0173 paket\u0105 pusry\u010diai \u012fskai\u010diuoti).<br \/> \u2022 T\u0119siame ekskursij\u0105 Niujorke.<br \/> - Free time after the tour.<br \/> \u2022 Sugr\u012f\u017etame \u012f vie&scaron;but\u012f.<br \/> \u2022 Pageidaujantiems antroje dienos pus\u0117je si\u016blome ekskursin\u0119 i&scaron;vyk\u0105 prie Braitono papl\u016bdimio (papildomas mokestis \u2013 70 \u20ac).<br \/> \u2022 Vakare pageidaujantys, gal\u0117s pamatyti vien\u0105 i&scaron; Brodv\u0117jaus &scaron;ou (papildomas mokestis, priklauso nuo pasirinkto &scaron;ou) TIK U\u017dSAKANT I&Scaron; ANKSTO!<br \/> - Recreation.<br \/> \u2022 Nakvyn\u0117 vie&scaron;butyje. <\/p>\n<p>Kombinuotos ekskursijos po Niujork\u0105 t\u0119sinys, kurio metu pamatysime: JT b\u016bstin\u0117s pastat\u0105 (i&scaron;orin\u0117 ap\u017ei\u016bra), Bruklino ir Manheteno tilt\u0173 panoram\u0105, Metropoliteno operos pastat\u0105, kuris nuo 1966 m. \u012fsik\u016br\u0119s Linkolno centre yra vienas garsiausi\u0173 ir presti\u017ei&scaron;kiausi\u0173 operos teatr\u0173 visame pasaulyje.<\/p>\n<p>Tada vykstame \u012f Harlem\u0105 \u2013 vietov\u0119, kuri tradici&scaron;kai traukia vietinius gyventojus ir turistus d\u0117l savo afroamerikieti&scaron;kos istorijos, intymi\u0173 d\u017eiazo klub\u0173 ir \u201esoul-food\u201c \u012fstaig\u0173, Harlemo naktinis gyvenimas linksmas ir \u012fvairus. &Scaron;ioje vietoje vienas kit\u0105 greta XIX am\u017eiaus namai i&scaron; tamsiai rudo smiltainio ir modern\u016bs daugiaauk&scaron;\u010diai. Pagrindin\u0117je rajono gatv\u0117je, 125-oje gatv\u0117je, yra garsusis \u201eApollo\u201c teatras, parduotuvi\u0173 tinklai ir restoranai. O pa\u010diame Harlemo centre yra didinga savo dyd\u017eiu ir architekt\u016bra stulbinanti evangelisto &Scaron;v. Jono katedra, kuri\u0105 ir mums pasiseks pamatyti.<\/p>\n<p>T\u0119sdami pasivaik&scaron;\u010diojim\u0105 pamatysime Dakota-building, kuriame gyveno ir \u017euvo legendinis grup\u0117s \u201eThe Beatles\u201c narys Johnas Lennonas.<\/p>\n<p>Vyksime link Kolumbijos universiteto \u2013 vieno \u017einomiausi\u0173 ir presti\u017ei&scaron;kiausi\u0173 JAV universitet\u0173, priklausan\u010dio elitinei Ivy League. Universitetas yra Manhetene, kur jis u\u017eima net 6 kvartalus. Kolumbijos universitetas \u2013 seniausias ir gra\u017eiausias i&scaron; universitet\u0173, kuris buvo \u012fkurtas kaip karali&scaron;kasis koled\u017eas, pasivaik&scaron;\u010diosime po jo teritorij\u0105, ap\u017ei\u016br\u0117dami nuo&scaron;aliausius kampelius.<\/p>\n<p>Pageidaujantiems antroje dienos pus\u0117je si\u016blome ekskursin\u0119 i&scaron;vyk\u0105 \u201eBraitono papl\u016bdimys\u201c (papildomas mokestis \u2013 70 \u20ac\/asm.).<\/p>\n<p>Braitono papl\u016bdimys &#8211; \u201eMa\u017eoji Odesa\u201c Atlanto vandenyno pakrant\u0117je Piet\u0173 Brukline &#8211; vieta, kur gyvenimas atrod\u0117 sustoj\u0119s XX am\u017eiaus 70\u201380-aisiais. XX am\u017eiaus prad\u017eioje statyti nedideli vasarnamiai yra greta daugiaauk&scaron;\u010di\u0173 daugiabu\u010di\u0173. Paj\u016brio gro\u017eis ir vietini\u0173 diaspor\u0173 gyvenimo i&scaron;skirtinumas stebina savo kontrastu. Ekskursijos metu keliausime po \u012fvairias etnines kvartalus, por\u0105 valand\u0173 gal\u0117sime pasinerti \u012f vietinio gyvenimo atmosfer\u0105.<\/p>\n<p>Vakare tur\u0117site galimyb\u0119 apsilankyti viename i&scaron; Brodv\u0117jaus &scaron;ou (biliet\u0105 reikia u\u017esisakykite i&scaron; anksto, sumok\u0117dami papildomai, kaina priklausys nuo pasirinkto pasirodymo).<\/p>\n<p><strong>Day 5 <\/strong><\/p>\n<p>\u2022 Pusry\u010diai vie&scaron;butyje (perkant ekskursij\u0173 paket\u0105 pusry\u010diai \u012fskai\u010diuoti).<br \/> - Free day.<br \/> \u2022 Pageidaujantiems si\u016blome galimas ekskursijas:<br \/> o Perve\u017eimas \u012f Niujorko centr\u0105 autobusu pirmyn\/atgal (papildomas mokestis 60 \u20ac\/asm.).<br \/> o I&scaron;vyka \u012f Metropoliteno muziej\u0173 (papildomas mokestis 130 \u20ac\/asm., \u012f kain\u0105 \u012fskai\u010diuoti \u012f\u0117jimo bilietai ir perve\u017eimas).<br \/> \u2022 Vakare si\u016blome ekskursij\u0105 \u201eVakarinis Niujorkas\u201c (papildomas mokestis &#8211; 130 \u20ac\/asm., \u012f kain\u0105 \u012fskai\u010diuoti \u012f\u0117jimo bilietai ir perve\u017eimas \/ be perve\u017eimo &#8211; 70 \u20ac\/asm.).<br \/> \u2022 Sugr\u012f\u017etame \u012f vie&scaron;but\u012f.<br \/> - Recreation.<br \/> \u2022 Nakvyn\u0117 vie&scaron;butyje. <\/p>\n<p>Pageidaujantiems si\u016blome perve\u017eim\u0105 pirmyn ir atgal \u012f Niujork\u0105 (papildomas mokestis 60 \u20ac\/asm.), laisvas laikas, apsipirkimui. <\/p>\n<p>Pageidaujantiems si\u016blome apsilankyti Metropoliteno muziejuje kartu su gidu (papildomas mokestis \u2013 130 \u20ac\/asm., \u012f kain\u0105 \u012fskai\u010diuoti \u012f\u0117jimo bilietai ir perve\u017eimas). <br \/> J\u016bs negalite b\u016bti Niujorke ir nepamatyti Metropoliteno muziejaus! Viename did\u017eiausi\u0173 muziej\u0173 pasaulyje \u201eMetropolitan\u201c yra lobi\u0173, kuri\u0173 am\u017eius siekia 5000 met\u0173 i&scaron; viso pasaulio. 1870 m. \u012ekurta meninink\u0173 ir filantrop\u0173 grup\u0117s, prista\u010diusi\u0173 Amerikos meno k\u016brinius visuomenei konkuruoti su Europos menu, ji prasid\u0117jo trimis priva\u010diomis Europos kolekcijomis ir 174 paveikslais. &Scaron;iandien jame yra daugiau nei 2 milijonai eksponat\u0173. 1880 m. muziejus persik\u0117l\u0117 \u012f dabartin\u012f pastat\u0105 Nr. 1000, 5 Avenue, kur\u012f Beaux-Arts stiliumi suprojektavo amerikie\u010di\u0173 architektai Calvertas Vaux ir Jacobas Mouldas.<\/p>\n<p>Vakare, kai Niujorkas u\u017edega savo \u017eiburius, si\u016blome pasim\u0117gauti miesto \u012f\u017eymyb\u0117mis ekskursijos \u201eVakarinis Niujorkas\u201c metu (papildomas mokestis \u2013 130 \u20ac\/asm., be perve\u017eimo \u2013 70 \u20ac\/asm.). Vakare miestas tampa spindin\u010diu stebuklu, naktinis gyvenimas stulbina savo puo&scaron;numu ir tapant jo dalimi Jums patiks &scaron;is ne\u012fprastas reginys.<\/p>\n<p><strong>Day 6 <\/strong><\/p>\n<p>\u2022 Pusry\u010diai vie&scaron;butyje (perkant ekskursij\u0173 paket\u0105 pusry\u010diai \u012fskai\u010diuoti).<br \/> - Free day.<br \/> - Recreation.<br \/> \u2022 Nakvyn\u0117 vie&scaron;butyje. <\/p>\n<p><strong>Day 7 <\/strong><\/p>\n<p>\u2022 Pusry\u010diai vie&scaron;butyje (perkant ekskursij\u0173 paket\u0105 pusry\u010diai \u012fskai\u010diuoti).<br \/> \u2022 I&scaron;siregistravimas i&scaron; vie&scaron;bu\u010dio.<br \/> \u2022 Vykstame \u012f Filadelfij\u0105.<br \/> - City tour.<br \/> - Free time after the tour.<br \/> \u2022 Vykstame link Va&scaron;ingtono.<br \/> \u2022 \u012esik\u016brimas tranzitiniame vie&scaron;butyje.<br \/> \u2022 Nakvyn\u0117 vie&scaron;butyje. <\/p>\n<p>Filadelfija &#8211; Amerikos kult\u016bros perlas. Filadelfijoje negalite jausti pasiut\u0119s did\u017ei\u0173j\u0173 miest\u0173 gyvenimo tempo, niekas netrukdys m\u0117gautis komforto ir ramyb\u0117s atmosfera. Did\u017eiausias Pensilvanijos miestas Filadelfija taip pat yra Amerikos tautos gimtin\u0117. 1776 m. 13 angl\u0173 kolonij\u0173 atstovai \u010dia pri\u0117m\u0117 Nepriklausomyb\u0117s deklaracij\u0105 ir i&scaron;saugojo miest\u0105 kaip pirm\u0105j\u0105 JAV sostin\u0119. Delavero up\u0117s uostas pri\u0117m\u0117 t\u016bkstan\u010dius imigrant\u0173 i&scaron; viso pasaulio. Miesto apylink\u0117s atspindi miesto gyventoj\u0173 etnin\u0119 \u012fvairov\u0119. Kelion\u0117s autobusu metu susipa\u017einsite su pagrindin\u0117mis pramogomis, tokiomis kaip: Elfreto al\u0117ja (Elfretos al\u0117ja) &#8211; seniausia miesto gatv\u0117, aplankysime Betsy Ross-moter\u0173 namus, kurie siuvo pirm\u0105j\u0105 JAV v\u0117liav\u0105, kur 18 ha teritorijoje yra kruop&scaron;\u010diai saugomi XVIII a. pastatai, susij\u0119 su Amerikos revoliucija. Auk&scaron;tas akmeninis bok&scaron;tas \u201eIndependence Hall\u201c, pakib\u0119s vir&scaron; \u017eem\u0117s pavir&scaron;iaus (Nepriklausomyb\u0117s sal\u0117), apima &scaron;\u012f park\u0105 su senosiomis Filadelfijos gatv\u0117mis ir daug gra\u017ei\u0173 muziej\u0173. Apie 20 pastat\u0173 dabar yra vie&scaron;i. Pamatysime rotu&scaron;\u0119 su miesto \u012fk\u016br\u0117jo Williamo Penno statula, vainikuojan\u010dia Mason\u0173 &scaron;ventykla, kuri nustebins savo architekt\u016bra. &Scaron;ventyklos i\u017ede yra D\u017eord\u017eo Va&scaron;ingtono prijuost\u0117, kurioje jis pad\u0117jo kertin\u012f akmen\u012f Kapitolijaus ir kit\u0173 Filadelfijos lobi\u0173 baz\u0117je. Aplankysime Reading stoties turg\u0173, ap\u017ei\u016br\u0117sime nuostabius miesto paminklus ir nusifotografuosime prie Filadelfijos meno muziejaus panoramini\u0173 laipt\u0173.<\/p>\n<p><strong>Day 8 <\/strong><\/p>\n<p>\u2022 Pusry\u010diai vie&scaron;butyje (perkant ekskursij\u0173 paket\u0105 pusry\u010diai \u012fskai\u010diuoti).<br \/> \u2022 Ekskursin\u0117 i&scaron;vyka \u012f Va&scaron;ington\u0105.<br \/> - Free time after the tour.<br \/> \u2022 Sugr\u012f\u017etame \u012f vie&scaron;but\u012f.<br \/> - Recreation.<br \/> \u2022 Nakvyn\u0117 vie&scaron;butyje. <\/p>\n<p>Va&scaron;ingtonas b\u016bdamas JAV sostine ir federalin\u0117s vyriausyb\u0117s buveine, miestas yra padalintas \u012f keturias dalis, o jo centras yra Kapitolijus. Kelion\u0117s autobusu metu pamatysime Kapitolij\u0173, Auk&scaron;\u010diausiojo teismo pastat\u0105, apsilankysime Kongreso bibliotekoje, kuri geriau \u017einoma kaip Jeffersono pastatas, pasivaik&scaron;\u010diosime po gars\u0173j\u012f prekybos centr\u0105, kur\u012f supa geriausi muziejai. Sustosime prie Balt\u0173j\u0173 r\u016bm\u0173 (ap\u017ei\u016bra). Mes prava\u017eiuosime centriniais aveni\u0173: Pensilvanijos, Nepriklausomyb\u0117s ir Konstitucijos. Apsilankysime memorialuose: Linkolno, Kor\u0117jie\u010di\u0173 ir Vietnamie\u010di\u0173. Pamatysime D\u017eefersono memorial\u0105, Va&scaron;ingtono paminkl\u0105, Pentagon\u0105 ir FTB. Pamatysime \u201eFord\u201c teatr\u0105, kuriame 1865 m. buvo nu\u017eudytas 16 ir mylimiausias JAV prezidentas Abraomas Linkolnas.<\/p>\n<p><strong>Day 9 <\/strong><\/p>\n<p>\u2022 Pusry\u010diai vie&scaron;butyje (perkant ekskursij\u0173 paket\u0105 pusry\u010diai \u012fskai\u010diuoti).<br \/> \u2022 I&scaron;siregistravimas i&scaron; vie&scaron;bu\u010dio.<br \/> \u2022 Vykstame \u012f Baltimor\u0105.<br \/> \u2022 Ap\u017evalgin\u0117 ekskursija po Baltimor\u0105.<br \/> \u2022 Vykstame \u012f vie&scaron;but\u012f.<br \/> \u2022 \u012esik\u016brimas vie&scaron;butyje.<br \/> \u2022 Nakvyn\u0117 vie&scaron;butyje. <\/p>\n<p>&Scaron;iame jaukiame uostamiestyje, kuriame pilna ma\u017e\u0173 kavini\u0173 ir restoran\u0173, kuriuose gal\u0117site m\u0117gautis &scaron;vie\u017eiomis j\u016bros g\u0117ryb\u0117mis, pra\u0117jo Edgaro Alano Po gyvenimas, jis \u010dia gyveno, ved\u0117 ir mir\u0117. Pana&scaron;u, kad miestas pavadintas lordo Baltimoro vardu, atrodo tarsi sustoj\u0119s laike. Pamatysime Viktorijos laik\u0173 namus, Inner \u012flankos uost\u0105, kuriame vis dar galite pamatyti senus j\u016br\u0173 laivus stovin\u010dius ant prieplaukos, Vernon kaln\u0105 su D\u017eord\u017eo Va&scaron;ingtono kolona, seniausia konservatorij\u0105 ir meno muziejus. Beisbolo gerb\u0117jai, \u017einoma, \u017eino, kad gra\u017eiausias JAV stadionas yra Baltimor\u0117je.<\/p>\n<p><strong>Day 10 <\/strong><\/p>\n<p>\u2022 I&scaron;siregistravimas i&scaron; vie&scaron;bu\u010dio.<br \/> \u2022 Perve\u017eimas \u012f Niujorko oro uost\u0105.<br \/> - Check-in.<br \/> \u2022 Skrydis: Niujorkas \u2013 Stambulas (~12:50-05:30*). <\/p>\n<p><strong>Day 11 <\/strong><\/p>\n<p>\u2022 Atvykimas \u012f Stambul\u0105.<br \/> \u2022 Skrydis: Stambulas \u2013 Ryga (~06:55-10:00).<br \/> \u2022 Atvykimas \u012f Ryg\u0105. <\/p>","protected":false},"excerpt":{"rendered":"<p>D\u0116MESIO! Visi atvykstantys \u012f JAV privalo tur\u0117ti el. leidim\u0105 ESTA (Electronic System Travel Authorization) arba viz\u0105! Leidimais ir vizomis keliautojai r\u016bpinasi s&#8230;<\/p>","protected":false},"featured_media":11817,"comment_status":"open","ping_status":"closed","template":"","meta":{"om_disable_all_campaigns":false,"_monsterinsights_skip_tracking":false,"_monsterinsights_sitenote_active":false,"_monsterinsights_sitenote_note":"","_monsterinsights_sitenote_category":0},"product_brand":[],"product_cat":[669],"product_tag":[],"class_list":{"0":"post-12579","1":"product","2":"type-product","3":"status-publish","4":"has-post-thumbnail","6":"product_cat-keliones","8":"first","9":"instock","10":"virtual","11":"taxable","12":"purchasable","13":"product-type-simple"},"aioseo_notices":[],"_links":{"self":[{"href":"https:\/\/www.atravel.lt\/en\/wp-json\/wp\/v2\/product\/12579","targetHints":{"allow":["GET"]}}],"collection":[{"href":"https:\/\/www.atravel.lt\/en\/wp-json\/wp\/v2\/product"}],"about":[{"href":"https:\/\/www.atravel.lt\/en\/wp-json\/wp\/v2\/types\/product"}],"replies":[{"embeddable":true,"href":"https:\/\/www.atravel.lt\/en\/wp-json\/wp\/v2\/comments?post=12579"}],"wp:featuredmedia":[{"embeddable":true,"href":"https:\/\/www.atravel.lt\/en\/wp-json\/wp\/v2\/media\/11817"}],"wp:attachment":[{"href":"https:\/\/www.atravel.lt\/en\/wp-json\/wp\/v2\/media?parent=12579"}],"wp:term":[{"taxonomy":"product_brand","embeddable":true,"href":"https:\/\/www.atravel.lt\/en\/wp-json\/wp\/v2\/product_brand?post=12579"},{"taxonomy":"product_cat","embeddable":true,"href":"https:\/\/www.atravel.lt\/en\/wp-json\/wp\/v2\/product_cat?post=12579"},{"taxonomy":"product_tag","embeddable":true,"href":"https:\/\/www.atravel.lt\/en\/wp-json\/wp\/v2\/product_tag?post=12579"}],"curies":[{"name":"wp","href":"https:\/\/api.w.org\/{rel}","templated":true}]}}