{"id":12577,"date":"2026-03-21T15:44:40","date_gmt":"2026-03-21T13:44:40","guid":{"rendered":"https:\/\/www.atravel.lt\/produktas\/kelione-i-kanada-skrydis-is-rygos\/"},"modified":"2026-03-21T15:44:40","modified_gmt":"2026-03-21T13:44:40","slug":"kelione-i-kanada-skrydis-is-rygos","status":"publish","type":"product","link":"https:\/\/www.atravel.lt\/en\/product\/kelione-i-kanada-skrydis-is-rygos\/","title":{"rendered":"Kelion\u0117 \u012f Kanad\u0105 (skrydis i\u0161 Rygos)"},"content":{"rendered":"<h3 style=\"text-align: center\"><strong><span style=\"color:#e74c3c\">KIEKVIENAM KELIAUTOJUI VYKSTANT \u012e KANAD\u0104 YRA PRIVALOMA TUR\u0116TI <\/span><a href=\"https:\/\/www.canada.ca\/en\/immigration-refugees-citizenship\/services\/visit-canada\/eta\/apply.html\"><span style=\"color:#2980b9\">ELEKTRONIN\u012e LEIDIM\u0104 (eTA)<\/span><\/a><span style=\"color:#e74c3c\">, KURIUO KELIAUTOJAI R\u016aPINASI SAVARANKI&Scaron;KAI!<\/span><\/strong><\/h3>\n<hr \/>\n<p><strong>1 day <\/strong><\/p>\n<p>- Arrival at Riga Airport.<br \/> - Check-in.<br \/> \u2022 Skrydis: Ryga &#8211; Stambulas (~19:50-23:10).<br \/> - We arrive in Istanbul.<br \/> \u2022 Perve\u017eimas \u012f vie&scaron;but\u012f.<br \/> \u2022 \u012esik\u016brimas vie&scaron;butyje.<br \/> \u2022 Nakvyn\u0117 Stambule (priklauso nuo skryd\u017eio laik\u0173).<\/p>\n<p><strong>Day 2 <\/strong><\/p>\n<p>\u2022 Pusry\u010diai vie&scaron;butyje (perkant ekskursij\u0173 paket\u0105 pusry\u010diai \u012fskai\u010diuoti).<br \/> \u2022 I&scaron;siregistravimas i&scaron; vie&scaron;bu\u010dio.<br \/> - Transfer to the airport.<br \/> \u2022 Skrydis: Stambulas &#8211; Torontas (~15:30 -19:10).<br \/> \u2022 Atvykimas \u012f Toront\u0105.<br \/> \u2022 Perve\u017eimas \u012f vie&scaron;but\u012f.<br \/> \u2022 \u012esik\u016brimas vie&scaron;butyje.<br \/> - Recreation.<br \/> \u2022 Nakvyn\u0117 vie&scaron;butyje.<\/p>\n<p><strong>Day 3 <\/strong><\/p>\n<p>\u2022 Pusry\u010diai vie&scaron;butyje (perkant ekskursij\u0173 paket\u0105 pusry\u010diai \u012fskai\u010diuoti).<br \/> \u2022 Ekskursija po Toront\u0105.<br \/> - Free time after the tour.<br \/> \u2022 Gr\u012f\u017eimas \u012f vie&scaron;but\u012f.<br \/> \u2022 Nakvyn\u0117 vie&scaron;butyje.<\/p>\n<p>Tor&ograve;ntas (Toronto) \u2013 miestas Kanados pietry\u010diuose, Ontarijo e\u017eero &scaron;iaur\u0117s vakariniame krante; Ontarijo provincijos centras.<\/p>\n<p>Torontas yra Kanados verslo ir finans\u0173 sostin\u0117 \u2013 \u010dia yra \u012fsik\u016br\u0119 daugelio bank\u0173 ir dideli\u0173 kompanij\u0173 centriniai biurai. Labai i&scaron;vystytas prekybos ir finans\u0173 sektorius, taip pat ma&scaron;in\u0173, naftos, chemijos pramon\u0117.<\/p>\n<p>&Scaron;v. Lorenso turgus (St. Lawrence Market) \u2013 vienas judriausi\u0173 ir energingiausi\u0173 visame mieste. &Scaron;is turgus gars\u0117ja savo auk&scaron;tai u\u017eimta vieta did\u017eiausi\u0173 Kanados turg\u0173 de&scaron;imtuke, o dar 2012 met\u0173 baland\u012f jam buvo suteiktas ir geriausios visame pasaulyje maisto produkt\u0173 prekybviet\u0117s vardas. &Scaron;v. Lorenso turgus savo duris pirm\u0105 kart\u0105 atv\u0117re dar XIX a. prad\u017eioje ir iki pat &scaron;i\u0173 dien\u0173 beveik nepakeit\u0117 savo i&scaron;vaizdos; tiek prie&scaron; 200 met\u0173, tiek dabar jame kasdien\u0105 apsipirkin\u0117ja t\u016bkstan\u010diai pirk\u0117j\u0173.<\/p>\n<p>\u201eYonge Dundas\u201c aik&scaron;t\u0117 kas vakar\u0105 \u012f Toront\u0105 sugr\u0105\u017eina &scaron;vies\u0105 savo i&scaron;kabomis bei akinan\u010diomis neonin\u0117mis &scaron;viesomis. Tai vieta, \u012fkv\u0117pimo pasis\u0117musi i&scaron; Niujorko Times aik&scaron;t\u0117s, lankytojams si\u016blanti u\u017esukti \u012f koncert\u0173 sal\u0119, pasigro\u017e\u0117ti &scaron;okan\u010diais fontanais ar pails\u0117ti poilsiui skirtose zonose.<\/p>\n<p>\u201eEaton\u201c centras nuo 1970-\u0173j\u0173 yra laikomas auk&scaron;\u010diausu klas\u0117s prekybos centru visame Toronte (\u201eToronto shopping\u201c) \u2013 \u010dia po vienu stogu galima atrasti visk\u0105, ko gali geisti &scaron;irdis.<\/p>\n<p><strong>Day 4 <\/strong><\/p>\n<p>\u2022 Pusry\u010diai vie&scaron;butyje (perkant ekskursij\u0173 paket\u0105 pusry\u010diai \u012fskai\u010diuoti).<br \/> \u2022 Pageidaujantiems si\u016blome i&scaron;vyk\u0105 \u012f \u201eCasa Loma\u201c (papildomas mokestis \u2013 40 \u20ac\/asm. + \u012f\u0117jimo bilietai ~45 CAD).<br \/> - Free time.<br \/> \u2022 Pageidaujantiems si\u016blome vakarin\u0119 ekskursij\u0105 \u201eDistillery District\u201c (papildomas mokestis &#8211; 60 \u20ac\/asm. + \u012f\u0117jimo bilietas).<br \/> \u2022 Gr\u012f\u017eimas \u012f vie&scaron;but\u012f.<br \/> \u2022 Nakvyn\u0117 vie&scaron;butyje.<\/p>\n<p>\u201eCasa Loma\u201c \u2013 viena garsiausi\u0173 Kanados pili\u0173, neogotikine dvasia atsiduodanti nuo pat XX a. prad\u017eios. Puo&scaron;n\u016bs interjerai, slapti pra\u0117jimai, i&scaron;gen\u0117ti sodai bei panoraminiai viso Toronto vaizdai \u2013 visai tai \u201eCasa Loma\u201c lankytojus kvie\u010dia leistis \u012f kelion\u0119 laiku ir nusikelti beveik &scaron;imtme\u010diu \u012f praiet\u012f.<\/p>\n<p>\u201eDistillery District\u201c rajonas \u2013 tai istorin\u0117 ir kult\u016brin\u0117 Toronto &scaron;irdis, kuri ilgainiui i&scaron; pramon\u0117s zonos pavirto \u012f bene populiariausi\u0105 ir patraukliausi\u0105 &scaron;iuolaikin\u012f miesto rajon\u0105. I&scaron;sid\u0117st\u0119s vakariau nuo centro \u201eDistillery District\u201c gars\u0117ja savo pritrenkian\u010di\u0105 architekt\u016bra, jaukiomis akmeninis gr\u012fstomis gatv\u0117mis bei gausybe kult\u016brini\u0173 bei laisvalaikio pramog\u0173. \u012ekurtas vietoje buvusios spirito varyklos \u201eGooderham &amp; Worts\u201c, \u201eDistillery District\u201c rajonas dabar yra \u017einomas kaip tobulas derinio tarp turtingos istorijos bei &scaron;iuolaikin\u0117s didmies\u010dio kasdienyb\u0117s \u012fk\u016bnijimas.<\/p>\n<p><strong>Day 5 <\/strong><\/p>\n<p>\u2022 Pusry\u010diai vie&scaron;butyje (perkant ekskursij\u0173 paket\u0105 pusry\u010diai \u012fskai\u010diuoti).<br \/> \u2022 I&scaron;siregistravimas i&scaron; vie&scaron;bu\u010dio.<br \/> \u2022 Ekskursin\u0117 i&scaron;vyka prie Niagaros krioklio.<br \/> \u2022 Perve\u017eimas \u012f vie&scaron;but\u012f.<br \/> \u2022 \u012esik\u016brimas vie&scaron;butyje.<br \/> - Recreation.<br \/> \u2022 Nakvyn\u0117 vie&scaron;butyje.<\/p>\n<p>Niagaros krioklys yra \u017einomiausias krioklys pasaulyje, kur\u012f kiekvienais metais aplanko de&scaron;imtys milijon\u0173 \u017emoni\u0173.<\/p>\n<p>Niagaros krioklys i&scaron;sid\u0117st\u0119s dviejose valstyb\u0117se \u2013 JAV (Niujorko valstijoje) ir Kanadoje (Ontarijo provincijoje), ant Niagaros up\u0117s, tekan\u010dios tarp Erio ir Ontarijo e\u017eer\u0173.<\/p>\n<p>Mil\u017eini&scaron;kas nuostabaus gro\u017eio Niagaros krioklys ant Niagaros up\u0117s yra \u017einomas visame pasaulyje. Pavadinimas kilo i&scaron; irok\u0117z\u0173 kalbos \u017eod\u017eio \u201eOnguiaahra\u201d, rei&scaron;kian\u010dio \u201evandens griaustin\u012f\u201d.<br \/> Niagaros kriokl\u012f sudaro trys kriokliai: Amerikos krioklys (American Falls), Nuotakos &scaron;ydo krioklys (Bridal Veil Falls) ir Pasagos krioklys (Horseshoe Falls).<\/p>\n<p><strong>Day 6 <\/strong><\/p>\n<p>\u2022 Pusry\u010diai vie&scaron;butyje (perkant ekskursij\u0173 paket\u0105 pusry\u010diai \u012fskai\u010diuoti).<br \/> \u2022 I&scaron;siregistravimas i&scaron; vie&scaron;bu\u010dio.<br \/> \u2022 Kelion\u0117 \u012f Kingston\u0105.<br \/> \u2022 Eksursija po Kingston\u0105.<br \/> \u2022 Perve\u017eimas \u012f Monreal\u012f.<br \/> \u2022 \u012esik\u016brimas vie&scaron;butyje.<br \/> - Recreation.<br \/> \u2022 Nakvyn\u0117 vie&scaron;butyje.<\/p>\n<p>Kingstonas \u2013 miestas Kanados Ontarijo provincijos pietry\u010diuose, \u012fsik\u016br\u0119s &scaron;iauriniame Ontarijo e\u017eero krante, netoli vietos, kur e\u017eeras susilieja su &Scaron;v. Lauryno upe, ma\u017edaug 220 kilometr\u0173 \u012f &scaron;iaur\u0117s rytus nuo Toronto.<\/p>\n<p>Istorinio miesto centro &scaron;irdyje st\u016bkso didinga XIX a. viduryje, 1840-aisiais, neoklasicizmo stiliumi pastatyta rotu&scaron;\u0117 \u2013 architekt\u016brinis liudijimas apie laikotarp\u012f, kai Kingstonas buvo vietos savivaldos centras. Miestas gars\u0117ja ir gausiomis sakralin\u0117mis vietomis \u2013 jo kra&scaron;tovaizd\u012f puo&scaron;ia daugyb\u0117 istorini\u0173 ba\u017eny\u010di\u0173, liudijan\u010di\u0173 turting\u0105 kult\u016brin\u0119 bei religin\u0119 praeit\u012f.<\/p>\n<p><strong>Day 7 <\/strong><\/p>\n<p>\u2022 Pusry\u010diai vie&scaron;butyje (perkant ekskursij\u0173 paket\u0105 pusry\u010diai \u012fskai\u010diuoti).<br \/> \u2022 Ekskursija po Monreal\u012f.<br \/> - Free time after the tour.<br \/> \u2022 Gr\u012f\u017eimas \u012f vie&scaron;but\u012f.<br \/> - Recreation.<br \/> \u2022 Nakvyn\u0117 vie&scaron;butyje.<\/p>\n<p>Monrealis (pranc. Montr&eacute;al, angl. Montreal) \u2013 antrasis pagal dyd\u012f Kanados miestas, did\u017eiausias Kvebeko provincijos miestas.<\/p>\n<p>I&scaron;sid\u0117st\u0119s prie &Scaron;v. Lauryno up\u0117s. Tarptautiniai oro uostai, i&scaron; j\u0173 Monreal Triudo \u2013 vienas did\u017eiausi\u0173 Kanadoje. Didelis &scaron;alies pramon\u0117s, prekybos ir finans\u0173 centras. I&scaron;vystyta ma&scaron;in\u0173, chemijos, maisto, tekstil\u0117s, naftos pramon\u0117, spalvotoji metalurgija.<\/p>\n<p>Senasis Monrealis yra istorinis Monrealio rajonas kur\u012f XVII am\u017eiuje \u012fk\u016br\u0117 ir apgyvendino pranc\u016bz\u0173 naujakuriai ir kuris vis dar i&scaron;laiko savo paveld\u0105 ir palikim\u0105 \u2013 XVII, XVIII ir XIX a. pastatus ir akmenimis gr\u012fstus takus, kurie suteikia pranc\u016bzi&scaron;ko ar Pary\u017eiaus kvartalo \u012fvaizd\u012f.<\/p>\n<p>Keletas populiariausi\u0173 turistini\u0173 viet\u0173 Senajame Monrealio rajone yra: Dievo Motinos bazilika, kuri yra seniausia katalik\u0173 ba\u017eny\u010dia Monrealyje ir Rue Saint-Paul &#8211; seniausia Monrealio gatv\u0117.<\/p>\n<p>Monrealio Dievo Motinos bazilika yra nuostabus neogotikos architekt\u016bros pavyzdys. Suprojektuotas airi\u0173 kilm\u0117s amerikie\u010di\u0173 architekto Jameso O&#039;Donnello, jis buvo baigtas 1829 m. Gana ne\u012fprasta ba\u017eny\u010diai, \u010dia esantys vitra\u017eai vaizduoja scenas i&scaron; Monrealio istorijos, o ne biblines scenas. Kitas \u012fsp\u016bdingas bazilikos bruo\u017eas yra Casavant Fr&egrave;res vargonai, pastatyti 1891 m., kurie yra vieni did\u017eiausi\u0173 vargon\u0173 &Scaron;iaur\u0117s Amerikoje ir susideda i&scaron; keturi\u0173 klaviat\u016br\u0173 ir 7000 atskir\u0173 vamzd\u017ei\u0173.<\/p>\n<p><strong>Day 8 <\/strong><\/p>\n<p>\u2022 Pusry\u010diai vie&scaron;butyje (perkant ekskursij\u0173 paket\u0105 pusry\u010diai \u012fskai\u010diuoti).<br \/> - Free day.<br \/> \u2022 Pageidaujantiems si\u016blome ekskursij\u0105 po Kvebeko miest\u0105 (papildomas mokestis 60 \u20ac\/asm.).<br \/> - Free time after the tour.<br \/> \u2022 Gr\u012f\u017eimas \u012f vie&scaron;but\u012f Monrealyje.<br \/> \u2022 Nakvyn\u0117 vie&scaron;butyje.<\/p>\n<p>Kveb&egrave;kas &#8211; vienas europieti&scaron;kiausi\u0173 ir savaranki&scaron;kiausi\u0173 Kanados miest\u0173, taip pat ir &scaron;ios provincijos, kurioje kalbama pranc\u016bzi&scaron;kai, sostin\u0117. &Scaron;is miestas, be abejon\u0117s, laikomas vienu gra\u017eiausi\u0173 tarp m\u016bs\u0173 lankytin\u0173 viet\u0173.<\/p>\n<p>Senasis Kvebekas gars\u0117ja siauromis vingiuotomis gatvel\u0117mis, apsuptomis akmeniniais namais, atspindin\u010diais autentikos ir europieti&scaron;ko stiliaus harmonij\u0105.<\/p>\n<p>Vizitin\u0117 Kvebeko kortel\u0117 \u2013 &Scaron;ato Frontenakas su eleganti&scaron;komis Dafereno terasomis, Kvebeko parlamentas, tvirtov\u0117s kompleksas, Kvebeko tiltas bei Karali&scaron;koji aik&scaron;t\u0117. Ypa\u010d vertingas yra senovinis Kvebeko funikulierius, vedantis \u012f ant uolos \u012fsik\u016brus\u012f senamiest\u012f, kuris buvo ir lieka i&scaron;skirtiniu miesto simboliu.<\/p>\n<p><strong>Day 9 <\/strong><\/p>\n<p>\u2022 Pusry\u010diai vie&scaron;butyje (perkant ekskursij\u0173 paket\u0105 pusry\u010diai \u012fskai\u010diuoti).<br \/> \u2022 I&scaron;siregistravimas i&scaron; vie&scaron;bu\u010dio.<br \/> \u2022 Vykstame \u012f Otav\u0105.<br \/> \u2022 Ekskursija po Otav\u0105.<br \/> - Free time after the tour.<br \/> \u2022 Vykstame \u012f vie&scaron;but\u012f.<br \/> \u2022 \u012esik\u016brimas vie&scaron;butyje.<br \/> \u2022 Nakvyn\u0117 vie&scaron;butyje.<\/p>\n<p>Otava &#8211; Kanados sostin\u0117 ir ketvirtas pagal dyd\u012f miestas. I&scaron;sid\u0117s\u010diusi prie Otavos up\u0117s, Ontarijo provincijoje. Otavoje \u012fsik\u016brusi Kanados karali&scaron;koji moksl\u0173 draugija, Kanados parlamentas, istorijos karo ir kiti muziejai, atomin\u0117s energetikos mokslini\u0173 tyrim\u0173 institutas.<\/p>\n<p><strong>Day 10 <\/strong><\/p>\n<p>\u2022 Pusry\u010diai vie&scaron;butyje (perkant ekskursij\u0173 paket\u0105 pusry\u010diai \u012fskai\u010diuoti).<br \/> \u2022 I&scaron;siregistravimas i&scaron; vie&scaron;bu\u010dio.<br \/> \u2022 Vykstame \u012f Toronto oro uost\u0105.<br \/> - Check-in.<br \/> \u2022 Skrydis: Toronto \u2013 Stambulas (~21:05-14:10*).<\/p>\n<p><strong>Day 11 <\/strong><\/p>\n<p>\u2022 Atvykimas \u012f Stambul\u0105.<br \/> \u2022 Skrydis: Stambulas &#8211; Ryga (~15:50- 18:55).<br \/> \u2022 Atvykimas \u012f Ryg\u0105.<\/p>","protected":false},"excerpt":{"rendered":"<p>KIEKVIENAM KELIAUTOJUI VYKSTANT \u012e KANAD\u0104 YRA PRIVALOMA TUR\u0116TI ELEKTRONIN\u012e LEIDIM\u0104 (eTA), KURIUO KELIAUTOJAI R\u016aPINASI SAVARANKI&Scaron;KAI! 1 diena \u2022 Atvykimas \u012f&#8230;<\/p>","protected":false},"featured_media":11815,"comment_status":"open","ping_status":"closed","template":"","meta":{"om_disable_all_campaigns":false,"_monsterinsights_skip_tracking":false,"_monsterinsights_sitenote_active":false,"_monsterinsights_sitenote_note":"","_monsterinsights_sitenote_category":0},"product_brand":[],"product_cat":[669],"product_tag":[],"class_list":{"0":"post-12577","1":"product","2":"type-product","3":"status-publish","4":"has-post-thumbnail","6":"product_cat-keliones","8":"first","9":"instock","10":"virtual","11":"taxable","12":"purchasable","13":"product-type-simple"},"aioseo_notices":[],"_links":{"self":[{"href":"https:\/\/www.atravel.lt\/en\/wp-json\/wp\/v2\/product\/12577","targetHints":{"allow":["GET"]}}],"collection":[{"href":"https:\/\/www.atravel.lt\/en\/wp-json\/wp\/v2\/product"}],"about":[{"href":"https:\/\/www.atravel.lt\/en\/wp-json\/wp\/v2\/types\/product"}],"replies":[{"embeddable":true,"href":"https:\/\/www.atravel.lt\/en\/wp-json\/wp\/v2\/comments?post=12577"}],"wp:featuredmedia":[{"embeddable":true,"href":"https:\/\/www.atravel.lt\/en\/wp-json\/wp\/v2\/media\/11815"}],"wp:attachment":[{"href":"https:\/\/www.atravel.lt\/en\/wp-json\/wp\/v2\/media?parent=12577"}],"wp:term":[{"taxonomy":"product_brand","embeddable":true,"href":"https:\/\/www.atravel.lt\/en\/wp-json\/wp\/v2\/product_brand?post=12577"},{"taxonomy":"product_cat","embeddable":true,"href":"https:\/\/www.atravel.lt\/en\/wp-json\/wp\/v2\/product_cat?post=12577"},{"taxonomy":"product_tag","embeddable":true,"href":"https:\/\/www.atravel.lt\/en\/wp-json\/wp\/v2\/product_tag?post=12577"}],"curies":[{"name":"wp","href":"https:\/\/api.w.org\/{rel}","templated":true}]}}