{"id":12576,"date":"2026-03-21T15:44:40","date_gmt":"2026-03-21T13:44:40","guid":{"rendered":"https:\/\/www.atravel.lt\/produktas\/kuba-su-poilsiu-varadero-kurorte-skrydis-is-rygos\/"},"modified":"2026-03-21T15:44:40","modified_gmt":"2026-03-21T13:44:40","slug":"kuba-su-poilsiu-varadero-kurorte-skrydis-is-rygos","status":"publish","type":"product","link":"https:\/\/www.atravel.lt\/en\/product\/kuba-su-poilsiu-varadero-kurorte-skrydis-is-rygos\/","title":{"rendered":"Kuba su poilsiu Varadero kurorte (skrydis i\u0161 Rygos)"},"content":{"rendered":"<h3 style=\"margin-top:16px\"><strong><span style=\"color:#e74c3c\">D\u0116MESIO! REIKALAVIMAI LIETUVOS RESPUBLIKOS PILIE\u010cIAMS VYKSTANT \u012e KUB\u0104:<\/span><\/strong><\/h3>\n<ul>\n<li style=\"margin-top:16px\">\n<h3><span style=\"font-size:14px\"><span style=\"color:#e74c3c\">Lietuvos pilie\u010diams, vykstantiems trumpalaikiam, ne ilgesniam kaip 30 dien\u0173, turistiniam vizitui \u012f Kub\u0105, viza nereikalinga, ta\u010diau prie&scaron; vykstant \u012f &scaron;al\u012f reikia \u012fsigyti \u201eTuristin\u0119 kortel\u0119\u201c. Turistin\u0119 kortel\u0119 galima gauti internetu svetain\u0117je<\/span><strong> <a href=\"https:\/\/evisacuba.cu\/en\/inicio#:~:text=eVisa-Cuba.%20Tourist%20Visas.%20The%20tourist%20visa%20is%20valid%20for%20a\">eVisa-Cuba<\/a> <\/strong><span style=\"color:#e74c3c\">(kaina ~22 \u20ac\/asm.)<\/span>. <\/span><\/h3>\n<\/li>\n<li style=\"margin-top:16px\">\n<h3><span style=\"font-size:14px\"><span style=\"color:#e74c3c\">Prie&scaron; atvykstant \u012f Kub\u0105 privaloma u\u017epildyti atvykimo anket\u0105 ir gauti QR kod\u0105 (pildyti bus leid\u017eiama tik likus 3 dienoms iki atvykimo \u012f Kub\u0105): <\/span><a href=\"https:\/\/www.dviajeros.mitrans.gob.cu\/inicio\" target=\"_blank\"><span style=\"color:#2980b9\">https:\/\/www.dviajeros.mitrans.gob.cu\/inicio<\/span><\/a><\/span><\/h3>\n<\/li>\n<\/ul>\n<hr \/>\n<p><strong>1 day<\/strong><\/p>\n<p>- Arrival at Riga Airport.<br \/> \u2022 Skrydis: Ryga \u2013 Stambulas (~19:00-23:15).<br \/> <span style=\"color:#2980b9\">- <strong>TIK 2026.04.15-30:<\/strong> Skrydis: Ryga \u2013 Stambulas (~11:05-14:30).<\/span><br \/> - Arrival in Istanbul.<br \/> \u2022 Laisvas laikas iki skryd\u017eio \u012f Havan\u0105.<\/p>\n<p><strong>Day 2 <\/strong><\/p>\n<p>\u2022 Skrydis: Stambulas &#8211; Havana (~01:50-07:00).<br \/> \u2022 Atskridimas \u012f Havan\u0105.<br \/> \u2022 Ekskursija po Havan\u0105 (1 dalis).<br \/> \u2022 Gr\u012f\u017eimas \u012f vie&scaron;but\u012f.<br \/> \u2022 \u012esik\u016brimas vie&scaron;butyje.<br \/> - Recreation.<br \/> \u2022 Nakvyn\u0117 vie&scaron;butyje.<\/p>\n<p>Havana \u2013 Kubos Respublikos sostin\u0117 \u2013 vienas gra\u017eiausi\u0173 miest\u0173 visoje \u017eem\u0117je. Ispanijos konkistador\u0173 \u012fkurta sostin\u0117 per kelis gyvavimo &scaron;imtme\u010dius \u012fgavo unikali\u0105 ir neprilygstam\u0105 architekt\u016brin\u0119 i&scaron;vaizd\u0105 bei spalv\u0105.<\/p>\n<p>Pirm\u0105j\u0105 pa\u017eint\u012f su Havan\u0105 yra pravartu prad\u0117ti ma\u017eesn\u0117se, 3-4 \u017emoni\u0173 grup\u0117se \u2013 prabang\u016bs retro automobiliai \u010dia tampa puikiais palydovais pasiva\u017ein\u0117jim\u0173 po Kubos sostin\u0117s gatves metu. &Scaron;ie eleganti&scaron;ki automobiliai, i&scaron;saugoj\u0119 60-\u0173j\u0173 dvasi\u0105, suteikia ne tik komfort\u0105, bet ir ypating\u0105 atmosfer\u0105, kuri bet koki\u0105 kelion\u0119 paver\u010dia nepamir&scaron;tama.<\/p>\n<p>Havanoje sve\u010di\u0173 laukia didingos Malecon promenados, kuriose galime steb\u0117ti nuostabi\u0105 miesto ir vandenyno sintez\u0119. \u010cia tvyro neprilygstama Havanos energija, vaik&scaron;tin\u0117jantys megaujasi v\u0117ju bei miesto &scaron;viesas atspindin\u010di\u0173 bangolau\u017ei\u0173 vaizdais. Stulbinanti El Morro tvirtov\u0117 \u2013 Havanos gynybos simbolis, \u017eavintis savo istoriniu paveldu ir si\u016blantis nuostabius Havanos uosto vaizdus. Netoliese st\u016bksto ir vienos unikaliausi\u0173 pasaulyje Colon kapin\u0117s, kuri\u0173 marmurin\u0117s skulpt\u016bros ir didingi paminklai atskleid\u017eia Kubos tradicijas ir kult\u016br\u0105. B\u016btina u\u017esukti ir \u012f Revoliucijos aik&scaron;t\u0119 \u2013 diding\u0105 viet\u0105, kurioje yra saugomas revoliucijos eros atminimas su legendiniais Che Guevaros ir Camilo Cienfuegos atvaizdais.<\/p>\n<p>Pro automobili\u0173 langus keliautojai m\u0117gaujasi ne tik &scaron;i\u0173, bet ir daugyb\u0117s kit\u0173 Havanos lankytin\u0173 \u012f\u017eymybi\u0173 vaizdais.<\/p>\n<p><strong>Day 3 <\/strong><\/p>\n<p>\u2022 Pusry\u010diai vie&scaron;butyje (perkant ekskursij\u0173 paket\u0105 pusry\u010diai \u012fskai\u010diuoti).<br \/> \u2022 Laisva diena Havanoje arba papildoma ekskursija \u012f Vinjaleso sl\u0117n\u012f (papildomas mokestis \u2013 60 \u20ac\/asm.).<br \/> - Recreation.<br \/> \u2022 Nakvyn\u0117 vie&scaron;butyje.<\/p>\n<p>Vinjaleso sl\u0117nis \u2013 vaizdinga Kubos vieta, i&scaron;sid\u0117s\u010diusi kalnuotame Pinar del Rio regione. Vietov\u0117 yra neretai \u017einoma d\u0117l savo unikali\u0173 karstini\u0173 darini\u0173, did\u017eiuli\u0173 tabako plantacij\u0173 ir tradicinio kaimo kasdienyb\u0117s atmosferos. Dabar Vinjaleso sl\u0117nis yra laikomas Kubos \u017eem\u0117s \u016bkio, ypa\u010d tabako auginimo, simboliu ir kasmet vilioja bangas keliautoj\u0173 savo gamtos gro\u017eiu ir kult\u016briniu paveldu.<\/p>\n<p>Pakeliui \u012f Vinjaleso sl\u0117n\u012f kelius supa nuostabus Kubos gamtos pasaulis su karali&scaron;komis palm\u0117mis ir gaivinan\u010dia \u017ealuma. U\u017esukti kvie\u010dia i&scaron;sibarst\u0119 vietiniai \u016bkiai, kuriuose galima \u012fsilieti \u012f vietos gyventoj\u0173, u\u017esiiman\u010di\u0173 tabako auginimu, gyvenim\u0105. \u010cia Ind\u0117n\u0173 urvas vilioja leistis \u012f keliones valtimi po\u017eemin\u0117mis up\u0117mis, o vietiniai restoranai savo aromatais kvie\u010dia u\u017esukti pietums. Keliautojai lankosi &scaron;alia \u201ePrie&scaron;istorin\u0117s sienos\u201c bei garsiausios Los Jazmines ap\u017evalgos aik&scaron;tel\u0117s, nuo kurios atsiveria nuostab\u016bs panoraminiai vaizdai \u012f vis\u0105 sl\u0117n\u012f.<\/p>\n<p><strong>Day 4 <\/strong><\/p>\n<p>\u2022 Pusry\u010diai vie&scaron;butyje (perkant ekskursij\u0173 paket\u0105 pusry\u010diai \u012fskai\u010diuoti).<br \/> \u2022 I&scaron;siregistravimas i&scaron; vie&scaron;bu\u010dio.<br \/> \u2022 Ekskursija po Havan\u0105 (2 dalis).<br \/> \u2022 Kelion\u0117 \u012f Varadero kurort\u0105.<br \/> \u2022 \u012esik\u016brimas vie&scaron;butyje.<br \/> - Recreation.<br \/> \u2022 Nakvyn\u0117 vie&scaron;butyje.<\/p>\n<p>Visus sve\u010dius apsilankyti kvie\u010dia \u012fsp\u016bdingas Havanos centras \u2013 Senoji Havana, \u012ftraukta \u012f UNESCO pasaulinio paveldo s\u0105ra&scaron;\u0105. \u010cia kiekviename kampe slypi kolonijin\u0117s praeities dvasia, gatv\u0117se skamba muzika, alsuoja Kubos virtuv\u0117s aromatai bei visur aplink tvyro nepakartojama Karib\u0173 siela.<\/p>\n<p>Pati Senoji aik&scaron;t\u0117 \u2013 eleganti&scaron;ka erdv\u0117, apsupta baroko ir art deco stiliaus pastat\u0173, paver\u010dian\u010di\u0173 aik&scaron;t\u0119 viena vaizdingiausi\u0173 miesto viet\u0173. Minios keliautoj\u0173 traukia \u012f Katedros aik&scaron;t\u0119, kuri\u0105 kar\u016bnuoja didinga Havanos katedra; jos didingas koralinio kalkakmenio fasadas lankytojams pasakoja apie Kubos architekt\u016bros ir religijos istorij\u0105. Kita stotel\u0117 \u2013 Plaza de Armas (Ginkl\u0173 aik&scaron;t\u0117), seniausia miesto aik&scaron;t\u0117, iki &scaron;i\u0173 laik\u0173 i&scaron;laikiusi kolonijini\u0173 laik\u0173 atmosfer\u0105. San Fransisko de Asiso aik&scaron;t\u0117je atsiveria nuostabus vaizdas \u012f puo&scaron;ni\u0105 ba\u017eny\u010di\u0105 bei vienuolyn\u0105, o &scaron;alia esantys fontanai ir skulpt\u016bros papildo &scaron;i\u0105 ramyb\u0117s kupin\u0105 atmosfer\u0105 nenupasakojama didybe bei ramiu vandens &scaron;niok&scaron;timu.<\/p>\n<p>\u010cia galima atrasti ir legendin\u012f Ambos Mundos vie&scaron;but\u012f, kuriame gyveno ir k\u016br\u0117 ra&scaron;ytojas Ernestas Hemingv\u0117jus, o &scaron;alia \u2013 ir jo pam\u0117gt\u0105 bar\u0105 \u201eFloridita\u201c, kuriame vis dar yra tiekiamas ra&scaron;ytojo m\u0117gtas Daiquiri kokteilis.<\/p>\n<p>Ekskursij\u0173 pabaigoje laisvas laikas pietums (papildomas mokestis).<\/p>\n<p>Pails\u0117jus laukia vaizdinga kelion\u0117 \u012f Varadero kurort\u0105. Pats Varadero yra puikiai visame pasaulyje \u017einoma vieta, kurios pagrindinis po\u017eymis \u2013 ne\u012ftik\u0117tini papl\u016bdimiai ir &scaron;iltas krantus skalaujantis vanduo. Per 20 km i&scaron;sidriekusios nuostabios, sm\u0117l\u0117tos pakrant\u0117s, &scaron;varus, skaidrus ir &scaron;iltas Atlanto vandenyno vanduo, vaizdingi kra&scaron;tovaizd\u017eiai ir nesibaigianti virtin\u0117 vie&scaron;bu\u010di\u0173 suteikia Varadero tobul\u0105 atostog\u0173 oaz\u0117s atmosfer\u0105.<\/p>\n<p><strong>Day 5 <\/strong><\/p>\n<p>\u2022 Pusry\u010diai vie&scaron;butyje (perkant ekskursij\u0173 paket\u0105 pusry\u010diai \u012fskai\u010diuoti).<br \/> - Free day.<br \/> - Relax by the sea.<br \/> \u2022 Nakvyn\u0117 vie&scaron;butyje.<\/p>\n<p><strong>Day 6 <\/strong><\/p>\n<p>\u2022 Pusry\u010diai vie&scaron;butyje (perkant ekskursij\u0173 paket\u0105 pusry\u010diai \u012fskai\u010diuoti).<br \/> \u2022 Ekskursin\u0117 i&scaron;vyka \u201eKelion\u0117 \u012f Karibus\u201c.<br \/> \u2022 Gr\u012f\u017eimas \u012f vie&scaron;but\u012f.<br \/> - Recreation.<br \/> \u2022 Nakvyn\u0117 vie&scaron;butyje.<\/p>\n<p>Nacionaliniame Sienaga de Sapata parke, Gvamos kaimelyje, yra pasisl\u0117pusi unikali krokodil\u0173 ferma \u2013 vieta, kurioje galima i&scaron; ar\u010diau susipa\u017einti su &scaron;i\u0173 vendens pl\u0117&scaron;r\u016bn\u0173 gyvenimu. Tai did\u017eiausia tokio tipo ferma Kuboje, kurioje gyvena keli\u0173 r\u016b&scaron;i\u0173 krokodilai, \u012fskaitant ret\u0105j\u012f Kubos krokodil\u0105; \u010dia galima pamatyti tiek mil\u017eini&scaron;kus suaugusius krokodilus, tiek ma\u017eus jauniklius, tik pradedan\u010dius savo gyvenimo keli\u0105. &Scaron;ios fermos i&scaron;skirtinumas \u2013 galimyb\u0117 susipa\u017einti su &scaron;iais ropliais i&scaron; ar\u010diau nei galima patik\u0117ti! Lankytojai, pri\u017ei\u016brimi darbuotoj\u0173, turi galimyb\u0119 palaikyti ma\u017eus krokodiliukus savo rankose, kas kelion\u0119 \u012f ferm\u0105 paver\u010dia nepamir&scaron;tama ir jaudinan\u010dia patirtimi. O pramog\u0173 metu gurmanai \u010dia gali paragauti ir patiekal\u0173 i&scaron; krokodilo m\u0117sos.<\/p>\n<p>Po apsilankymo krokodil\u0173 fermoje, yra b\u016btina stabtel\u0117ti ir vienoje i&scaron; daugyb\u0117s Karib\u0173 j\u016bros pakran\u010di\u0173 \u2013 tobuloje vietoje poilsiui prie vandens. \u010cia galima pasim\u0117gauti nepamir&scaron;tamomis maudyn\u0117mis &scaron;iltuose ir skaidriuose Karib\u0173 j\u016bros vandenyse, gurk&scaron;noti saul\u0117s spindulius patogiuose gultuose bei visokeriopai atsipalaiduoti klausantis bang\u0173 o&scaron;imo. Nardymo m\u0117g\u0117jams \u010dia yra paruo&scaron;tos kauk\u0117s ir vamzdeliai po vandeniu tyrin\u0117ti vietini\u0173 \u017euv\u0173 b\u016brius ir \u012fvairiaspalvius koralus. O trok&scaron;tantys nukeliauti dar giliau u\u017e papildom\u0105 mokest\u012f gali panirti su akvalangu iki 8 metr\u0173 gylio! Tai unikali galimyb\u0117 susipa\u017einti su Karib\u0173 j\u016bros povandeninio pasaulio gro\u017eyb\u0117mis ir atrasti jo neprilygstam\u0105 gro\u017e\u012f.<\/p>\n<p>Poilsio metu papl\u016bdimyje vis\u0173 keliautoj\u0173 laukia piet\u016bs \u201e&scaron;vedi&scaron;ko stalo\u201c principu (\u012f kain\u0105 \u012fskai\u010diuoti vietiniai alkoholiniai g\u0117rimai).<\/p>\n<p><strong>Day 7 <\/strong><\/p>\n<p>\u2022 Pusry\u010diai vie&scaron;butyje (perkant ekskursij\u0173 paket\u0105 pusry\u010diai \u012fskai\u010diuoti).<br \/> \u2022 Laisva diena<br \/> - Relax by the sea.<br \/> \u2022 Nakvyn\u0117 vie&scaron;butyje.<\/p>\n<p><strong>Day 8 <\/strong><\/p>\n<p>\u2022 Pusry\u010diai vie&scaron;butyje (perkant ekskursij\u0173 paket\u0105 pusry\u010diai \u012fskai\u010diuoti).<br \/> - Free day.<br \/> \u2022 Laisva diena arba papildoma ekskursin\u0117 i&scaron;vyka \u012f Cayo Blanco sal\u0105 (papildomas mokestis \u2013 110 \u20ac\/asm.).<br \/> \u2022 Po ekskursijos sugr\u012f\u017etame \u012f vie&scaron;but\u012f.<br \/> - Recreation.<br \/> \u2022 Nakvyn\u0117 vie&scaron;butyje.<\/p>\n<p>Kelioni\u0173 po Karib\u0173 salas metu keliautojai turi galimyb\u0119 susipa\u017einti su vietin\u0117s virtuv\u0117s ypatumais atviruose katamaran\u0173 baruose, o gurmanin\u0119 pa\u017eint\u012f prat\u0119sti ir vienoje \u012fsp\u016bdingiausi\u0173 Cayo Blanco saloje (tradiciniai nacionaliniai g\u0117rimai ir lengvi u\u017ekand\u017eiai). Pakeliui \u012f sal\u0105 laukia nardymas j\u016bros gyv\u016bnijos apsuptyje, o i&scaron;lipus \u2013 laisvas laikas maudyn\u0117ms Cayo Blanco papl\u016bdimiuose, kuri\u0173 metu sve\u010diams yra tiekiami piet\u016bs su j\u016bros g\u0117ryb\u0117mis.<\/p>\n<p><strong>Day 9 <\/strong><\/p>\n<p>\u2022 Pusry\u010diai vie&scaron;butyje (perkant ekskursij\u0173 paket\u0105 pusry\u010diai \u012fskai\u010diuoti).<br \/> \u2022 Laisva diena<br \/> - Relax by the sea.<br \/> \u2022 Nakvyn\u0117 vie&scaron;butyje.<\/p>\n<p><strong>Day 10 <\/strong><\/p>\n<p>\u2022 Pusry\u010diai vie&scaron;butyje (perkant ekskursij\u0173 paket\u0105 pusry\u010diai \u012fskai\u010diuoti).<br \/> \u2022 Ekskursin\u0117 i&scaron;vyka \u201eCienfuegos &#8211; Trinidadas\u201c.<br \/> \u2022 Gr\u012f\u017eimas \u012f vie&scaron;but\u012f.<br \/> - Recreation.<br \/> \u2022 Nakvyn\u0117 vie&scaron;butyje.<\/p>\n<p>Trinidadas \u2013 gyvas muziejus po atviru dangumi; tai UNESCO saugomas kolonijinis miestas su akmenimis gr\u012fstomis gatv\u0117mis, ry&scaron;kiais nam\u0173 fasadais ir praeities laik\u0173 atmosfera. \u012ekurtas 1514 m., Trinidadas iki &scaron;i\u0173 laik\u0173 i&scaron;saugojo autenti&scaron;kus ispan\u0173 epochos vaizdus, o &scaron;iandien sve\u010dius kvie\u010dia pasivaik&scaron;\u010dioti po istorin\u012f mesto centr\u0105 bei apsilankyti pagrindin\u0117je Plaza Mayor aik&scaron;t\u0117je. Pageidaujantys gali pasigro\u017e\u0117ti miesto panorama pakilus \u012f ap\u017evalgos aik&scaron;teles Kantero r\u016bmuose arba &Scaron;v. Pranci&scaron;kaus Asy\u017eie\u010dio ba\u017eny\u010dioje. Po ekskursij\u0173 laukia piet\u016bs.<\/p>\n<p>Cienfuegos \u2013 pietin\u0117s Kubos pakrant\u0117s perlas, gars\u0117jantis savo elegancija ir kolonijin\u0117s architekt\u016bros \u012fmantrumu. \u012ekurtas pranc\u016bz\u0173 naujakuri\u0173, miestas i&scaron;siskiria savo pla\u010diomis gatv\u0117mis bei neoklasikini\u0173 element\u0173 pastatais. Ekskursij\u0173 metu keliautojai turi galimyb\u0119 aplankyti pagrindin\u0119 Chos\u0117 Marti aik&scaron;t\u0119 su prabangiu Tomo Teri teatru, \u012fsp\u016bding\u0105 Nekaltojo Prasid\u0117jimo katedr\u0105 bei didingus Valle r\u016bmus.<\/p>\n<p><strong>Day 11 <\/strong><\/p>\n<p>\u2022 Pusry\u010diai vie&scaron;butyje (perkant ekskursij\u0173 paket\u0105 pusry\u010diai \u012fskai\u010diuoti).<br \/> \u2022 Laisva diena<br \/> - Relax by the sea.<br \/> \u2022 Nakvyn\u0117 vie&scaron;butyje.<\/p>\n<p><strong>Day 12 <\/strong><\/p>\n<p>\u2022 Pusry\u010diai vie&scaron;butyje (perkant ekskursij\u0173 paket\u0105 pusry\u010diai \u012fskai\u010diuoti).<br \/> \u2022 Laisva diena prie j\u016bros arba papildoma ekskursin\u0117 i&scaron;vyka \u201eD\u017eip\u0173 safaris \u012f Yumuri sl\u0117n\u012f\u201c (papildomas mokestis &#8211; 120 \u20ac\/asm.).<br \/> \u2022 Po ekskursin\u0117s i&scaron;vykos sugr\u012f\u017etame \u012f vie&scaron;but\u012f.<br \/> - Recreation.<br \/> \u2022 Nakvyn\u0117 vie&scaron;butyje.<\/p>\n<p>Papildomos ekskursin\u0117s i&scaron;vykos metu laukia daugiau nei 150 km kelion\u0117 palei Karib\u0173 pakrant\u0119; tai i&scaron;vyka neasfaltuotais keliais, karjerais, dovanojanti palmi\u0173 poper&scaron;as, kaimeli\u0173 vaizdus bei didesni\u0173 miest\u0173 gyvyb\u0119. \u010cia keliautojai pasiskirsto \u012f grupeles po 4-5 ir patogiai \u012fsitaiso \u010dia laukian\u010diuose d\u017eipuose (norintys automobil\u012f gali vairuoti patys).<\/p>\n<p>\u012e safario program\u0105 \u012feina:<\/p>\n<p>Saturno ola \u2013 gamtos stebuklas, esantis visai netoli Varadero ir savo gelm\u0117se slepiantis kri&scaron;tolo skaidrumo po\u017eemin\u0119 lag\u016bn\u0105. Stalaktitai ir stalagmitai \u010dia kuria u\u017eburian\u010di\u0105 atmosfer\u0105, o vandens skaidrumas leid\u017eia pa\u017evelgti \u017eemyn \u012f dugn\u0105 net dideliame gylyje. \u010cia galima i&scaron;simaudyti v\u0117sioje lag\u016bnos vandens gaivoje arba leistis \u012f pavir&scaron;inio nardymo (snorkeling\u2018o) pramogas, m\u0117gaujantis unikalia po\u017eeminio pasaulio atmosfera.<\/p>\n<p>La Dionisia dvaras \u2013 tai istorin\u0117 sodyba, iki &scaron;i\u0173 dien\u0173 i&scaron;saugojusi vienos i&scaron; sen\u0173j\u0173 kavos plantacij\u0173 griuv\u0117sius. \u010cia keliautojai susirenka pamatyti sen\u0173j\u0173 pastat\u0173 liekanas, kuriose kadaise buvo apdirbamos ir d\u017eiovinamos kavos pupel\u0117s, bei su\u017einoti apie kolonijini\u0173 laik\u0173 kavos gamybos procesus. \u010cia tvyro nepakartojama praeities dvasia, atverianti sen\u0173j\u0173 Kubos plantacij\u0173 paslaptis ir lankytojams si\u016blanti papietauti istorin\u0117s atmosferos apsuptyje.<\/p>\n<p>Po piet\u0173 sve\u010diai yra kvie\u010diami leistis ir \u012f neilg\u0105 jodin\u0117jim\u0105 \u017eirgais.<\/p>\n<p>V\u0117liau laukia ir \u017ead\u0105 atimantis Kubos aborigen\u0173 &scaron;ou, po kurio motorin\u0117s valtys sve\u010dius plukdina vaizdinga Kanimaro upe, apsupta tanki\u0173 mangrovi\u0173 ir atogr\u0105\u017e\u0173 mi&scaron;k\u0173 \u2013 pageidaujantys valt\u012f vairuoti gali patys!<\/p>\n<p><u>D\u0116MESIO! I&scaron;vykai reikia patogios aprangos, avalyn\u0117s bei maudymosi aprangos.<\/u><\/p>\n<p><strong>Day 13 <\/strong><\/p>\n<p>\u2022 Pusry\u010diai vie&scaron;butyje (perkant ekskursij\u0173 paket\u0105 pusry\u010diai \u012fskai\u010diuoti).<br \/> \u2022 Laisva diena<br \/> - Relax by the sea.<br \/> \u2022 Nakvyn\u0117 vie&scaron;butyje.<\/p>\n<p><strong>Day 14 <\/strong><\/p>\n<p>\u2022 Ankstyvas i&scaron;siregistravimas i&scaron; vie&scaron;bu\u010dio.<br \/> - Transfer to the airport.<br \/> - Check-in.<br \/> \u2022 Skrydis: Havana &#8211; Stambulas (~08:30-09:25*).<\/p>\n<p><strong>Day 15 <\/strong><\/p>\n<p>- Arrival in Istanbul.<br \/> \u2022 Skrydis: Stambulas &#8211; Ryga (~15:50-18:05).<br \/> - Arrival in Riga.<\/p>\n<p><span style=\"color:#2980b9\"><strong>TIK 2026.04.15-30:<\/strong><\/span><\/p>\n<p><span style=\"color:#2980b9\">\u2022 Atvykimas \u012f Stambul\u0105.<br \/> \u2022 Perve\u017eimas \u012f vie&scaron;but\u012f.<br \/> \u2022 \u012esik\u016brimas vie&scaron;butyje.<br \/> - Recreation.<br \/> \u2022 Nakvyn\u0117 vie&scaron;butyje.<\/span><\/p>\n<p><span style=\"color:#2980b9\"><strong>16 diena (TIK 2026.04.15-30)<\/strong><\/span><\/p>\n<p><span style=\"color:#2980b9\">\u2022 Ankstyvas i&scaron;siregistravimas i&scaron; vie&scaron;bu\u010dio.<br \/> - Transfer to the airport.<br \/> \u2022 Skrydis: Stambulas &#8211; Ryga (~07:05-10:10).<br \/> \u2022 Atvykimas \u012f Ryg\u0105.<\/span><\/p>","protected":false},"excerpt":{"rendered":"<p>D\u0116MESIO! REIKALAVIMAI LIETUVOS RESPUBLIKOS PILIE\u010cIAMS VYKSTANT \u012e KUB\u0104: Lietuvos pilie\u010diams, vykstantiems trumpalaikiam, ne ilgesniam kaip 30 dien\u0173, turistiniam&#8230;<\/p>","protected":false},"featured_media":11814,"comment_status":"open","ping_status":"closed","template":"","meta":{"om_disable_all_campaigns":false,"_monsterinsights_skip_tracking":false,"_monsterinsights_sitenote_active":false,"_monsterinsights_sitenote_note":"","_monsterinsights_sitenote_category":0},"product_brand":[],"product_cat":[669],"product_tag":[],"class_list":{"0":"post-12576","1":"product","2":"type-product","3":"status-publish","4":"has-post-thumbnail","6":"product_cat-keliones","8":"first","9":"instock","10":"virtual","11":"taxable","12":"product-type-simple"},"aioseo_notices":[],"_links":{"self":[{"href":"https:\/\/www.atravel.lt\/en\/wp-json\/wp\/v2\/product\/12576","targetHints":{"allow":["GET"]}}],"collection":[{"href":"https:\/\/www.atravel.lt\/en\/wp-json\/wp\/v2\/product"}],"about":[{"href":"https:\/\/www.atravel.lt\/en\/wp-json\/wp\/v2\/types\/product"}],"replies":[{"embeddable":true,"href":"https:\/\/www.atravel.lt\/en\/wp-json\/wp\/v2\/comments?post=12576"}],"wp:featuredmedia":[{"embeddable":true,"href":"https:\/\/www.atravel.lt\/en\/wp-json\/wp\/v2\/media\/11814"}],"wp:attachment":[{"href":"https:\/\/www.atravel.lt\/en\/wp-json\/wp\/v2\/media?parent=12576"}],"wp:term":[{"taxonomy":"product_brand","embeddable":true,"href":"https:\/\/www.atravel.lt\/en\/wp-json\/wp\/v2\/product_brand?post=12576"},{"taxonomy":"product_cat","embeddable":true,"href":"https:\/\/www.atravel.lt\/en\/wp-json\/wp\/v2\/product_cat?post=12576"},{"taxonomy":"product_tag","embeddable":true,"href":"https:\/\/www.atravel.lt\/en\/wp-json\/wp\/v2\/product_tag?post=12576"}],"curies":[{"name":"wp","href":"https:\/\/api.w.org\/{rel}","templated":true}]}}