{"id":12573,"date":"2026-03-21T15:44:40","date_gmt":"2026-03-21T13:44:40","guid":{"rendered":"https:\/\/www.atravel.lt\/produktas\/klasikine-ispanija-9-d-skrydis-is-rygos-su-airbaltic\/"},"modified":"2026-03-21T15:44:40","modified_gmt":"2026-03-21T13:44:40","slug":"klasikine-ispanija-9-d-skrydis-is-rygos-su-airbaltic","status":"publish","type":"product","link":"https:\/\/www.atravel.lt\/en\/product\/klasikine-ispanija-9-d-skrydis-is-rygos-su-airbaltic\/","title":{"rendered":"Klasikin\u0117 Ispanija 9 d. (skrydis i\u0161 Rygos su AirBaltic)"},"content":{"rendered":"<p><strong>1 day    <\/strong><\/p>\n<p>\u2022    Atvykimas \u012f Rygos oro uost\u0105.<br \/>\n\u2022    Registracija \u012f skryd\u012f.<br \/>\n\u2022    Skrydis: Ryga- Barselona (~11:00-13:40).<br \/>\n\u2022    Atvykstame \u012f Barselon\u0105.<br \/>\n\u2022    Vykstame \u012f vie&scaron;but\u012f.<br \/>\n\u2022    \u012esik\u016brimas vie&scaron;butyje.<br \/>\n\u2022    Laisvas laikas.<br \/>\n\u2022    Pageidaujantiems si\u016blome ekskursin\u0119 i&scaron;vyk\u0105 po Kosta Bravos pakrant\u0119 (papildomas mokestis &#8211; 50 \u20ac\/asm.).<br \/>\n\u2022    Nakvyn\u0117 vie&scaron;butyje.    <\/p>\n<p>Kosta Brava pakrant\u0117s gro\u017e\u012f, su \u017ealumos apsuptomis \u012flankomis ir smaragdine j\u016bros spalva, sunku pervertinti. Ekskursijos metu aplankysime prabang\u0173 Blanes miesto rajon\u0105 \u2013 San Fransisk\u0105 (&Scaron;v. Pranci&scaron;kaus), \u012fsik\u016brus\u012f aplink to paties pavadinimo \u012flank\u0105. Rajonas pavadintas ma\u017eos, eleganti&scaron;kos ba\u017eny\u010dios vardu. Nuo jos ap\u017evalgos aik&scaron;tel\u0117s atsiveria \u012fsp\u016bdingi j\u016bros vaizdai.<\/p>\n<p>Taip pat pasivaik&scaron;\u010diosite pakrante buvusiu XVIII a. sargybos keliu \u201eCam&iacute; de Ronda\u201c, vingiuojan\u010diu vaizdingiausiomis pakrant\u0117s vietomis.<\/p>\n<p>V\u0117liau vyksime \u012f Ljoret de Mar, kur pageidaujant gal\u0117site aplankyti garsiuosius Klotildos sodai (\u012f\u0117jimo bilietas mokamas papildomai ~7 \u20ac\/asm.).<\/p>\n<p>Kelion\u0119 t\u0119sime \u012f Tossa de Mar \u2013 miest\u0105, pelnytai vadinam\u0105 Kosta Bravos perlu. &Scaron;is miestas iki &scaron;iol \u012fkvepia poetus ir menininkus. Pasivaik&scaron;\u010diosime jaukiomis senamies\u010dio gatvel\u0117mis ir pasigro\u017e\u0117sime kvap\u0105 gniau\u017eian\u010diais vaizdais, atsiverian\u010diais nuo XI a. tvirtov\u0117s.<\/p>\n<p>Laisvu laiku Tossa de Mar mieste gal\u0117site pasim\u0117gauti maudyn\u0117mis smaragdiniuose Kosta Bravos pakrant\u0117s vandenyse ir pasinerti \u012f tikr\u0105 Vidur\u017eemio j\u016bros pakrant\u0117s atmosfer\u0105.<\/p>\n<p><strong>Day 2    <\/strong><\/p>\n<p>\u2022    Pusry\u010diai vie&scaron;butyje (perkant ekskursij\u0173 paket\u0105 pusry\u010diai \u012fskai\u010diuoti).<br \/>\n\u2022    I&scaron;siregistravimas i&scaron; vie&scaron;bu\u010dio.<br \/>\n\u2022    Vykstame \u012f Saragos\u0105.<br \/>\n\u2022    Ekskursija p\u0117s\u010diomis po Saragos\u0105.<br \/>\n\u2022    Pageidaujantiems si\u016blome ekskursin\u0119 i&scaron;vyk\u0105 \u012f Monserat\u0105 (papildomas mokestis \u2013 20 \u20ac\/asm.).<br \/>\n\u2022    Po ekskursijos vykstame link Madrido.<br \/>\n\u2022    \u012esik\u016brimas vie&scaron;butyje.<br \/>\n\u2022    Nakvyn\u0117 vie&scaron;butyje.    <\/p>\n<p>Kelion\u0117s p\u0117s\u010diomis po istorin\u012f Saragosos centr\u0105, kurios metu pamatysite: XV am\u017eiaus akmenin\u012f tilt\u0105, rom\u0117n\u0173 sienas, San Chuano de Panetos ba\u017eny\u010di\u0105, katedr\u0105 ir Mergel\u0117s Pilar aik&scaron;t\u0119.<\/p>\n<p>Laisvalaikiu tur\u0117site galimyb\u0119 pasivaik&scaron;\u010dioti po miesto centr\u0105, u\u017esukti \u012f Pilar Dievo Motinos ba\u017eny\u010di\u0105, prisiliesti prie &scaron;ventosios kolonos ir sugalvoti nor\u0105, kuris tikrai i&scaron;sipildys.<\/p>\n<p>Monseratas \u2013 tai daugiau nei t\u016bkstantis uol\u0173, kurian\u010di\u0173 nepakartojam\u0105 kra&scaron;tovaizd\u012f ir \u017eavin\u010di\u0173 \u012fsp\u016bdingomis panoramomis. &Scaron;is kaln\u0173 masyvas susiformavo prie&scaron; kelis milijonus met\u0173 ir laikui b\u0117gant virto gamtos suformuotomis fantasti&scaron;komis, keist\u0173 form\u0173 uolomis. Vietini\u0173 gyventoj\u0173 vaizduot\u0117s d\u0117ka ne\u012fprastos vir&scaron;\u016bn\u0117s buvo pavadintos pagal tai, k\u0105 jos primena \u2013 \u201eDramblio straublys\u201c, \u201eMumija\u201c, \u201eKaukol\u0117\u201c, \u201eBernardo arklys\u201c, \u201eSargas\u201c ir kt. &Scaron;ios vietos apipintos daugybe \u012fvairiausi\u0173 legend\u0173. Viena j\u0173 pasakoja, kad \u012fsp\u016bdingas uol\u0173 formas suk\u016br\u0117 angelai, nusileid\u0119 i&scaron; dangaus tam, kad kaln\u0173 kra&scaron;tovaizdis tapt\u0173 dar \u012fdomesnis \u2013 jie es\u0105 auksiniais pj\u016bkleliais \u201enupjov\u0117\u201c kaln\u0173 vir&scaron;\u016bnes. Pavadinimas \u201eMonseratas\u201c i&scaron;vertus rei&scaron;kia \u201ei&scaron;pjautas kalnas\u201c. Ta\u010diau kalno unikalumas slypi ne tik ne\u012fprasto reljefo gro\u017eyje. \u010cia \u012fsik\u016br\u0119s garsusis Monasterio de Montserrat \u2013 benediktin\u0173 vienuolynas, turintis beveik t\u016bkstantmet\u0119 istorij\u0105. Tai veikiantis vienuolynas, iki &scaron;iol laikomas dvasiniu Katalonijos simboliu \u2013 jame gyvena vienuoliai, kasdien vyksta pamaldos ir puosel\u0117jamos gilios religin\u0117s tradicijos.<\/p>\n<p><strong>Day 3<\/strong><\/p>\n<p>\u2022    Pusry\u010diai vie&scaron;butyje (perkant ekskursij\u0173 paket\u0105 pusry\u010diai \u012fskai\u010diuoti).<br \/>\n\u2022    Vykstame \u012f Madrid\u0105.<br \/>\n\u2022    Ap\u017evalgin\u0117 ekskursija po Madrid\u0105.<br \/>\n\u2022    Laisvas laikas.<br \/>\n\u2022    Pageidaujantiems antroje dienos pus\u0117je si\u016blome ekskursin\u0119 i&scaron;vyk\u0105 \u012f Eskorial\u012f (papildomas mokestis &#8211; 45 \u20ac\/asm. + \u012f\u0117jimo bilietai ~12 \u20ac\/asm.).<br \/>\n\u2022    Sugr\u012f\u017etame \u012f vie&scaron;but\u012f.<br \/>\n\u2022    Nakvyn\u0117 vie&scaron;butyje.    <\/p>\n<p>Madridas &#8211; Ispanijos sostin\u0117 ir vienas gra\u017eiausi\u0173 pasaulio miest\u0173, turintis did\u017eiul\u012f kult\u016bros ir meno paveld\u0105. Ne\u012fprastai gra\u017eus miestas su daugybe \u012fvairi\u0173 epoch\u0173 pilimis ir r\u016bmais, nuostabiais parkais ir kerin\u010diais fontanais. <\/p>\n<p>Kelion\u0117s metu i&scaron;vysime Las Ventos buli\u0173 kautyni\u0173 aren\u0105, Kolumbo aik&scaron;t\u0119, pagrindin\u0119 Gran Via gatv\u0119, Ispanijos aik&scaron;t\u0119, taip pat garsiuosius fontanus Paseodel Prado (Prado bulvaras).<\/p>\n<p>Toliau ekskursijos p\u0117s\u010diomis metu pamatysite Karali&scaron;kuosius r\u016bmus, seniausi\u0105 miesto aik&scaron;t\u0119 &#8211; Vil\u0173 aik&scaron;t\u0119, \u201ePagrindin\u0119 aik&scaron;t\u0119\u201c (Plaza Mayor), Arenalo p\u0117s\u010di\u0173j\u0173 gatv\u0119, taip pat vien\u0105 garsiausi\u0173 Madrido lankytin\u0173 viet\u0173 &#8211; Puerto del Sol aik&scaron;t\u0117.<\/p>\n<p>Laisvu laiku tur\u0117site galimyb\u0119 savaranki&scaron;kai apsilankyti viename did\u017eiausi\u0173 Europos dail\u0117s muziejuje &#8211; Prado nacionaliniame muziejuje (\u012f\u0117jimo bilietai apmokami papildomai ~15 \u20ac\/asm.).<\/p>\n<p>Pageidaujantiems si\u016blome ekskursij\u0105 \u012f El Escorial\u012f &#8211; grandiozin\u012f kompleks\u0105, kuris tapo ir vienuolynu, ir Ispanijos karaliaus Pilypo 2 rezidencijos r\u016bmais, prad\u0117tas statyti XVI am\u017eiaus antroje pus\u0117je. R\u016bm\u0173 sal\u0117se galima pamatyti Bosch, Van Dyck, El Greco ir kit\u0173 garsi\u0173 tapytoj\u0173 paveikslus. El Escoriale yra antra pagal dyd\u012f biblioteka, didesn\u0117 tik Vatikane. Ta\u010diau vis tiek vienas pagrindini\u0173 El Eskorialo statybos tiksl\u0173 buvo sukurti Ispanijos karali\u0173 kapavietes, kurios \u017eavi ni\u016briu spindesiu (papildoma mokestis &#8211; 45 \u20ac\/asm., \u012f\u0117jimo bilietai apmokami papildomai ~14 \u20ac\/asm.).<\/p>\n<p><strong>Day 4    <\/strong><\/p>\n<p>\u2022    Pusry\u010diai vie&scaron;butyje (perkant ekskursij\u0173 paket\u0105 pusry\u010diai \u012fskai\u010diuoti).<br \/>\n\u2022    I&scaron;siregistravimas i&scaron; vie&scaron;bu\u010dio.<br \/>\n\u2022    Laisva diena Madride.<br \/>\n\u2022    Pageidaujantiems antroje dienos pus\u0117je si\u016blome ekskursin\u0119 i&scaron;vyk\u0105 \u012f Toled\u0105 (papildomas mokestis &#8211; 45 \u20ac\/asm.).<br \/>\n\u2022    Vykstame \u012f tranzitin\u012f vie&scaron;but\u012f.<br \/>\n\u2022    \u012esik\u016brimas vie&scaron;butyje.<br \/>\n\u2022    Nakvyn\u0117 vie&scaron;butyje.    <\/p>\n<p>Visas Toledo architekt\u016brinis kompleksas yra \u017emonijos kult\u016bros paveldas ir saugomas UNESCO. Pamatysime nuostabias senamies\u010dio gatveles, kuriose vaik&scaron;\u010diojo Velaskezas ir Servantesas, trikamp\u0119 Plaza de Zocodover aik&scaron;t\u0119, kurioje kadaise gyveno garsiojo Don Kichoto \u201et\u0117vas\u201c &#8211; Miguelis Servantesas, kadaise gyveno, Katedra, \u017eyd\u0173 kvartalas. Jei pageidaujate, laisvu laiku galite aplankyti &Scaron;ventojo Kry\u017eiaus vienuolyne esant\u012f savivaldyb\u0117s muziej\u0173, kuriame saugoma daug tapytojo El Greco darb\u0173 ir katedra (\u012f\u0117jimo bilietai apmokami papildomai ~11 \u20ac). Taip pat  Tolede gaminamas garsus visoje Ispanijoje marcipanas, nuostabios sidabro ir aukso monetos bei \u201edamaskino\u201c plieno a&scaron;menys, padengti juodu emaliu ir dekoruoti auksu ir sidabru.<\/p>\n<p><strong>Day 5    <\/strong><\/p>\n<p>\u2022    Pusry\u010diai vie&scaron;butyje (perkant ekskursij\u0173 paket\u0105 pusry\u010diai \u012fskai\u010diuoti).<br \/>\n\u2022    I&scaron;siregistravimas i&scaron; vie&scaron;bu\u010dio.<br \/>\n\u2022    Vykstame \u012f Kordob\u0105.<br \/>\n\u2022    Ekskursija po Kordob\u0105.<br \/>\n\u2022    Laisvas laikas po ekskursijos.<br \/>\n\u2022    Vykstame \u012f Sevilij\u0105.<br \/>\n\u2022    Ekskursija po Sevilij\u0105.<br \/>\n\u2022    Vykstame \u012f tranzitin\u012f vie&scaron;but\u012f.<br \/>\n\u2022    \u012esik\u016brimas vie&scaron;butyje.<br \/>\n\u2022    Nakvyn\u0117 vie&scaron;butyje.    <\/p>\n<p>Kordoba \u2013 miestas Andal\u016bzijoje, to paties vardo provincijos sostin\u0117, \u012fsik\u016brusi ant Gvadalkivyro up\u0117s kranto. Dar iki X a. mieste gyveno apie milijon\u0105 \u017emoni\u0173, tod\u0117l jis buvo laikomas, bene, vienu did\u017eiausi\u0173, intelektualiausi\u0173 ir labiausiai klestin\u010di\u0173 miest\u0173 visame pasaulyje.  Ekskursijos p\u0117s\u010diomis metu pamatysite: Romos tilt\u0105, Calahorros bok&scaron;t\u0105, karali&scaron;kuosius Alcazaro r\u016bmus, katedros me\u010det\u0119 Mesquite ir vaizdingas viduram\u017ei\u0173 gatves.<\/p>\n<p>Laisvu laiku tur\u0117site galimyb\u0119 pasivaik&scaron;\u010dioti arab\u0173 ir \u017eyd\u0173 kvartal\u0173 gatv\u0117mis ir pasim\u0117gauti ne\u012fprasta &scaron;io miesto dvasia.<\/p>\n<p>Ekskursija po Andal\u016bzijos sostin\u0119 &#8211; Sevilij\u0105.  Jos metu j\u016bs ap\u017ei\u016br\u0117site Ibero &#8211; Amerikos 1929 m. parodos paviljonus. Taip pat pamatysite gra\u017eiausias miesto vietas: Ispanijos aik&scaron;t\u0119, Maria Luisa park\u0105, Torre del Oro, pamatysite nuostabius &Scaron;v. Thelmos r\u016bmus, gotikin\u0119 katedr\u0105 ir Karali&scaron;kuosius Alcazaro r\u016bmus (\u012f\u0117jimo bilietai apmokami papildomai). <\/p>\n<p><strong>Day 6    <\/strong><\/p>\n<p>\u2022    Pusry\u010diai vie&scaron;butyje (perkant ekskursij\u0173 paket\u0105 pusry\u010diai \u012fskai\u010diuoti).<br \/>\n\u2022    I&scaron;siregistravimas i&scaron; vie&scaron;bu\u010dio.<br \/>\n\u2022    Vykstame \u012f Granad\u0105.<br \/>\n\u2022    Ekskursija p\u0117s\u010diomis po Granad\u0105.<br \/>\n\u2022    Laisvas laikas po ekskursijos.<br \/>\n\u2022    Vykstame \u012f tranzitin\u012f vie&scaron;but\u012f.<br \/>\n\u2022    \u012esik\u016brimas vie&scaron;butyje.<br \/>\n\u2022    Nakvyn\u0117 vie&scaron;butyje.    <\/p>\n<p>Granada yra nuostabioje vietoje, Siera Nevados &scaron;iaur\u0117s ryt\u0173 &scaron;laito pap\u0117d\u0117je. Granada stovi ant trij\u0173 kalv\u0173, besileid\u017eian\u010di\u0173 \u012f sl\u0117n\u012f, kuriame reguliariais intervalais teka Hanil up\u0117 ir jos intakas Darro. Pasak legendos, &scaron;ios kalvos, primenan\u010dios granat\u0105, dav\u0117 miestui pavadinim\u0105 \u2013 Granada. Tik &scaron;iame mieste nuostabiai darniai dera nepaprasto gro\u017eio kra&scaron;tovaizd\u017eiai, senovin\u0117s architekt\u016bros pastatai ir balti nauj\u0173 pastat\u0173 kvartalai. Granada laikomas vienu gra\u017eiausi\u0173 pasaulio miest\u0173.<\/p>\n<p><strong>Day 7    <\/strong><\/p>\n<p>\u2022    Pusry\u010diai vie&scaron;butyje (perkant ekskursij\u0173 paket\u0105 pusry\u010diai \u012fskai\u010diuoti).<br \/>\n\u2022    I&scaron;siregistravimas i&scaron; vie&scaron;bu\u010dio.<br \/>\n\u2022    Vykstame \u012f Valensij\u0105.<br \/>\n\u2022    Ekskursija po Valensij\u0105.<br \/>\n\u2022    Laisvas laikas po ekskursijos.<br \/>\n\u2022    Vykstame \u012f tranzitin\u012f vie&scaron;but\u012f.<br \/>\n\u2022    \u012esik\u016brimas vie&scaron;butyje.<br \/>\n\u2022    Nakvyn\u0117 vie&scaron;butyje.    <\/p>\n<p>Ekskursija autobusu po Valensij\u0105, kurios metu pamatysite mokslo ir meno miest\u0105 &#8211; fantasti&scaron;k\u0105 modernios architekt\u016bros kompleks\u0105, sukurt\u0105 did\u017eiojo architekto Santiago Calatrava, modernistin\u012f Kolumbo turg\u0173, Markizo de Dos Aguas nam\u0105, katedr\u0105 ir Dievo Motinos ba\u017eny\u010di\u0105.<\/p>\n<p><strong>Day 8    <\/strong><\/p>\n<p>\u2022    Pusry\u010diai vie&scaron;butyje (perkant ekskursij\u0173 paket\u0105 pusry\u010diai \u012fskai\u010diuoti).<br \/>\n\u2022    I&scaron;siregistravimas i&scaron; vie&scaron;bu\u010dio.<br \/>\n\u2022    Vykstame \u012f Barselon\u0105.<br \/>\n\u2022    Ekskursija po Barselon\u0105.<br \/>\n\u2022    Vykstame \u012f tranzitin\u012f vie&scaron;but\u012f.<br \/>\n\u2022    \u012esik\u016brimas vie&scaron;butyje.<br \/>\n\u2022    Nakvyn\u0117 vie&scaron;butyje.    <\/p>\n<p>Barselona, kuri gars\u0117ja ypatingais Art Nouveau stiliaus pastatais \u2013 Antoni Gaudi ir kit\u0173 architekt\u0173 k\u016bryba. Ekskursijos autobusu ir p\u0117s\u010diomis po miest\u0105 metu susipa\u017einsime su nuostabiai gra\u017eia Barselonos &scaron;ventykla \u2013 Sagrada Familia (i&scaron;orin\u0117 ap\u017ei\u016bra), kuri yra pagrindinis Antonio Gaudi k\u016brinys. T\u0119sime pa\u017eint\u012f su Antonio Gaudi darbais, tarp kit\u0173 jo k\u016brini\u0173 galime pamin\u0117ti Casa Mila nam\u0105, kur\u012f vietiniai vadina La Pedrera (liet. karjeras). T\u0119sdami kelion\u0119 po miest\u0105 atsidursime Paseo de Llu&iacute;s Companys gatv\u0117je, kur pagrindin\u0117 traukos objektas yra Triumfo arka. Lipsime \u012f Montjuic kaln\u0105 ir gro\u017e\u0117sim\u0117s Barselona i&scaron; Nacionalini\u0173 r\u016bm\u0173 auk&scaron;\u010dio. <\/p>\n<p>Laisvu laiku rekomenduojame pasivaik&scaron;\u010dioti La Rambla bulvaru arba aplankyti Gotikin\u012f Barselonos kvartal\u0105.<\/p>\n<p><strong>Day 9   <\/strong><\/p>\n<p>\u2022    Ankstyvas i&scaron;siregistravimas i&scaron; vie&scaron;bu\u010dio.<br \/>\n\u2022    Vykstame \u012f oro uost\u0105.<br \/>\n\u2022    Registracija \u012f skryd\u012f.<br \/>\n\u2022    Skrydis: Barselona &#8211; Ryga (~14:05-18:45).<br \/>\n\u2022    Atskridimas \u012f Ryg\u0105.    <\/p>","protected":false},"excerpt":{"rendered":"<p>1 diena \u2022 Atvykimas \u012f Rygos oro uost\u0105. \u2022 Registracija \u012f skryd\u012f. \u2022 Skrydis: Ryga- Barselona (~11:00-13:40). \u2022 Atvykstame \u012f Barselon\u0105. \u2022 Vykstame \u012f vie&scaron;but&#8230;<\/p>","protected":false},"featured_media":11993,"comment_status":"open","ping_status":"closed","template":"","meta":{"om_disable_all_campaigns":false,"_monsterinsights_skip_tracking":false,"_monsterinsights_sitenote_active":false,"_monsterinsights_sitenote_note":"","_monsterinsights_sitenote_category":0},"product_brand":[],"product_cat":[669],"product_tag":[],"class_list":{"0":"post-12573","1":"product","2":"type-product","3":"status-publish","4":"has-post-thumbnail","6":"product_cat-keliones","8":"first","9":"instock","10":"virtual","11":"taxable","12":"purchasable","13":"product-type-simple"},"aioseo_notices":[],"_links":{"self":[{"href":"https:\/\/www.atravel.lt\/en\/wp-json\/wp\/v2\/product\/12573","targetHints":{"allow":["GET"]}}],"collection":[{"href":"https:\/\/www.atravel.lt\/en\/wp-json\/wp\/v2\/product"}],"about":[{"href":"https:\/\/www.atravel.lt\/en\/wp-json\/wp\/v2\/types\/product"}],"replies":[{"embeddable":true,"href":"https:\/\/www.atravel.lt\/en\/wp-json\/wp\/v2\/comments?post=12573"}],"wp:featuredmedia":[{"embeddable":true,"href":"https:\/\/www.atravel.lt\/en\/wp-json\/wp\/v2\/media\/11993"}],"wp:attachment":[{"href":"https:\/\/www.atravel.lt\/en\/wp-json\/wp\/v2\/media?parent=12573"}],"wp:term":[{"taxonomy":"product_brand","embeddable":true,"href":"https:\/\/www.atravel.lt\/en\/wp-json\/wp\/v2\/product_brand?post=12573"},{"taxonomy":"product_cat","embeddable":true,"href":"https:\/\/www.atravel.lt\/en\/wp-json\/wp\/v2\/product_cat?post=12573"},{"taxonomy":"product_tag","embeddable":true,"href":"https:\/\/www.atravel.lt\/en\/wp-json\/wp\/v2\/product_tag?post=12573"}],"curies":[{"name":"wp","href":"https:\/\/api.w.org\/{rel}","templated":true}]}}