{"id":12572,"date":"2026-03-21T15:44:40","date_gmt":"2026-03-21T13:44:40","guid":{"rendered":"https:\/\/www.atravel.lt\/produktas\/pietu-ispanija-costa-del-sol-skrydis-is-rygos-su-airbaltic\/"},"modified":"2026-03-21T15:44:40","modified_gmt":"2026-03-21T13:44:40","slug":"pietu-ispanija-costa-del-sol-skrydis-is-rygos-su-airbaltic","status":"publish","type":"product","link":"https:\/\/www.atravel.lt\/en\/product\/pietu-ispanija-costa-del-sol-skrydis-is-rygos-su-airbaltic\/","title":{"rendered":"Piet\u0173 ISPANIJA &#8211; Costa del Sol (skrydis i\u0161 Rygos su AirBaltic)"},"content":{"rendered":"<p><strong>1 day <\/strong><\/p>\n<p>- Arrival at Riga Airport.<br \/> \u2022 Skrydis: Ryga \u2013 Malaga (~12:40-16:20).<br \/> \u2022 Atskridimas \u012f Malag\u0105.<br \/> \u2022 Vykstame \u012f Costa del Sol region\u0105.<br \/> \u2022 \u012esik\u016brimas vie&scaron;butyje.<br \/> \u2022 Nakvyn\u0117 vie&scaron;butyje. <\/p>\n<p>Costa del Sol (i&scaron; ispan\u0173 kalbos \u201eSaul\u0117tas krantas\u201c) \u2013 laikoma pietine Ispanijos Vidur\u017eemio j\u016bros pakrante, kurioje gerai pri\u017ei\u016br\u0117ti, vaizdingi su geltonu sm\u0117liu papl\u016bdimiai. Pakrant\u0117s klimatas laikomas vienu geriausi\u0173 Ispanijoje.<\/p>\n<p><strong>Day 2 <\/strong><\/p>\n<p>\u2022 Pusry\u010diai vie&scaron;butyje (perkant ekskursij\u0173 paket\u0105 pusry\u010diai \u012fskai\u010diuoti).<br \/> - Relax by the sea.<br \/> \u2022 Antroje dienos pus\u0117je ekskursin\u0117 i&scaron;vyka \u012f Granad\u0105.<br \/> - City tour.<br \/> - Free time after the tour.<br \/> \u2022 Sugr\u012f\u017etame \u012f vie&scaron;but\u012f.<br \/> \u2022 Nakvyn\u0117 vie&scaron;butyje. <\/p>\n<p>Granada &#8211; vienas m\u0117gstamiausi\u0173 turist\u0173 miest\u0173 Andal\u016bzijos regione, Ispanijoje. <br \/> Granada \u012fsik\u016brusi nuostabioje vietoje, Siera Nevados &scaron;iaur\u0117s ryt\u0173 &scaron;laito pap\u0117d\u0117je. Granada stovi ant trij\u0173 kalv\u0173, besileid\u017eian\u010di\u0173 \u012f sl\u0117n\u012f, kuriame teka Hanil up\u0117 ir jos intakas Darro. Pasak legendos, &scaron;ios kalvos, primenan\u010dios atvir\u0105 granat\u0105 ir dav\u0117 miestui pavadinim\u0105 \u2013 Granada. Tik &scaron;iame mieste nuostabiai darniai dera nepaprasto gro\u017eio kra&scaron;tovaizd\u017eiai, senovin\u0117s architekt\u016bros pastatai ir balti nauj\u0173 pastat\u0173 kvartalai. Granada laikomas vienu gra\u017eiausi\u0173 pasaulio miest\u0173. Jo architekt\u016bra, istorija ir tradicijos kartu su ne\u012fprastu gamtos kra&scaron;tovaizd\u017eiu stebina turistus.<\/p>\n<p><strong>Day 3 <\/strong><\/p>\n<p>\u2022 Pusry\u010diai vie&scaron;butyje (perkant ekskursij\u0173 paket\u0105 pusry\u010diai \u012fskai\u010diuoti).<br \/> - Relax by the sea.<br \/> \u2022 Pageidaujantiems antroje dienos pus\u0117je si\u016blome ekskursin\u0119 i&scaron;vyk\u0105 \u012f Gibraltar\u0105 (papildomas mokestis 49 \u20ac\/asm.).<br \/> - Free time after the tour.<br \/> \u2022 Sugr\u012f\u017etame \u012f vie&scaron;but\u012f.<br \/> \u2022 Nakvyn\u0117 vie&scaron;butyje. <\/p>\n<p>Gibraltaras yra unikali vieta, turinti geografin\u0119 ypating\u0105 pad\u0117t\u012f, jungian\u010di\u0105 Vidur\u017eemio j\u016br\u0105 su Atlanto vandenynu. Taip pat, tai puiki galimyb\u0117 pasigro\u017e\u0117ti Afrikos pakrant\u0117mis ir aplankyti legendin\u0119 uol\u0105, kuri u\u017eima pus\u0119 Gibraltaro miesto (bendras Gibraltaro plotas ~ 6,5 km). Nuo uolos atsiveria kvap\u0105 gniau\u017eiantis vaizdas \u012f s\u0105siaur\u012f, kuris, pasak mitologijos, atsirado d\u0117l senov\u0117s graik\u0173 herojaus Heraklio veiksm\u0173. O jeigu pasiseks, gal\u0117site pamatyti ir vietinius kalno gyventojus \u2013 uodeg\u0173 neturin\u010dias makakas, vadinamas magotais. Tai vienintel\u0117 be\u017ed\u017eioni\u0173 r\u016b&scaron;is, gyvenanti Europos \u017eemyne. Jos gyvena \u010dia labai seniai ir yra ne tik vietos gyventoj\u0173, bet ir turist\u0173 numyl\u0117tin\u0117s.<\/p>\n<p><strong>Day 4 <\/strong><\/p>\n<p>\u2022 Pusry\u010diai vie&scaron;butyje (perkant ekskursij\u0173 paket\u0105 pusry\u010diai \u012fskai\u010diuoti).<br \/> - Relax by the sea.<br \/> \u2022 Antroje dienos pus\u0117je ekskursin\u0117 i&scaron;vyka \u012f Nercha ir Frigiliana.<br \/> \u2022 Ekskursija po Malag\u0105.<br \/> \u2022 Sugr\u012f\u017etame \u012f vie&scaron;but\u012f.<br \/> - Recreation.<br \/> \u2022 Nakvyn\u0117 vie&scaron;butyje. <\/p>\n<p>Nercha, miestas su vaizdinga gamta ir architekt\u016bros gro\u017eiu. Nerchoje yra: garsusis \u201eEuropos balkonas\u201c (didel\u0117, nat\u016brali, ap\u017evalgos aik&scaron;tel\u0117), kelios senovin\u0117s katedros ir nuostabiai gra\u017eus akvedukas. &Scaron;iais laikais mieste daug \u017ealumos ir beveik n\u0117ra auk&scaron;t\u0173 pastat\u0173. Nercha turi nuostabius papl\u016bdimius, daugyb\u0119 bar\u0173, klub\u0173, kavini\u0173 ir restoran\u0173 su tradiciniais &scaron;io regiono patiekalais. Mieste taip pat yra daug senovini\u0173 urv\u0173.<\/p>\n<p>Pageidaujantys gal\u0117s aplankyti Nervos urvus \u201eCueva de Nerja\u201c (\u012f\u0117jimo bilietus apmoka patys keliautojai). <\/p>\n<p>Laisvas laikas miestelyje.<\/p>\n<p>T\u0119siame ekskursij\u0105 ir vykstame \u012f Frigilian\u0105. &Scaron;is Ispanijos miestelis \u012fsik\u016br\u0119s vaizdingoje vietov\u0117je apsuptoje vynuogyn\u0173, kurioje did\u017eioji dalis gyvenam\u0173j\u0173 nam\u0173 pastatyti nuokaln\u0117je. &Scaron;iame miestelyje ap\u017ei\u016br\u0117sime pagrindin\u0119 miesto katedr\u0105 San Antonio ir tvirtov\u0117s bok&scaron;t\u0105. Nuo rom\u0117n\u0173 laik\u0173 \u010dia buvo gaminamas vynas. &Scaron;iandien \u010dia rasite vyno muziej\u0173 ir parduotuves, kuriose parduoda vietin\u0117s gamybos vyn\u0105.<\/p>\n<p>Malaga &#8211; didelis uostamiestis su \u017eavingu istoriniu centru, kur\u012f galima ap\u017ei\u016br\u0117ti per dien\u0105, ir moderniais rajonais su auk&scaron;tais pastatais ir dideliais prekybos centrais. I&scaron; \u010dia logi&scaron;kai seka dvi populiarios turistin\u0117s veiklos: apsipirkimas ir pasivaik&scaron;\u010diojimas vingiuotomis gatv\u0117mis su gausybe \u017ealumos ir g\u0117li\u0173.<\/p>\n<p>\u010cia gim\u0117 menininkas Picasso ir aktorius Banderas, tod\u0117l daugyb\u0117 muziej\u0173, gatvi\u0173 ir restoran\u0173 bei vie&scaron;bu\u010di\u0173 pavadinti pirmojo vardu, o antrasis tiesiog dievinamas. Teisyb\u0117s d\u0117lei atkreipiame d\u0117mes\u012f \u012f du faktus: Picasso Malagoje gyveno tik k\u016bdikyst\u0117je, ta\u010diau jo darb\u0173 kolekcija naujame, specialiai tam pastatytame pastate, tikrai labai gausi.<\/p>\n<p><strong>Day 5 <\/strong><\/p>\n<p>\u2022 Pusry\u010diai vie&scaron;butyje (perkant ekskursij\u0173 paket\u0105 pusry\u010diai \u012fskai\u010diuoti).<br \/> - Relax by the sea.<br \/> \u2022 Pageidaujantiems antroje dienos pus\u0117je si\u016blome ekskursin\u0119 i&scaron;vyk\u0105 \u012f Rond\u0105 (papildomas mokestis 39 \u20ac\/asm.).<br \/> - Free time.<br \/> \u2022 Sugr\u012f\u017etame \u012f vie&scaron;but\u012f.<br \/> \u2022 Nakvyn\u0117 vie&scaron;butyje. <\/p>\n<p>Ronda miestas, \u012fsik\u016br\u0119s pietin\u0117je Ispanijos pakrant\u0117je, i&scaron;sid\u0117st\u0119s ant dviej\u0173 statmen\u0173 uol\u0173, kurias skiria siauras ir gilus El Tacho tarpeklis (jo gylis \u2013 apie 100 m). Tarpeklio dugnu vingiuoja Gvadalebino up\u0117, o aplink atsiveria nuostabi kaln\u0173 sl\u0117nio panorama. \u012esp\u016bdingiausias vaizdas matomas nuo Puente Nuevo tilto, jungian\u010dio sen\u0105j\u0105 ir nauj\u0105j\u0105 miesto dalis.<br \/> &Scaron;iame mieste yra seniausia arena, kurioje kaunasi buliai \u201ePlaza del Toros\u201c (arena buvo atidaryta 1785 metais, dalyvaujant karali&scaron;kajai &scaron;eimai). Miesto centre yra Santo Domingo vienuolynas, ir Mauritanijos karaliaus dvaras \u201eCasa del Rey Moro\u201c (pastatytas 1709 m.).<\/p>\n<p><strong>Day 6 <\/strong><\/p>\n<p>\u2022 Pusry\u010diai vie&scaron;butyje (perkant ekskursij\u0173 paket\u0105 pusry\u010diai \u012fskai\u010diuoti).<br \/> - Relax by the sea.<br \/> \u2022 Pageidaujantiems si\u016blome ekskursin\u0119 i&scaron;vyk\u0105 \u012f Sevilij\u0105 (papildomas mokestis 49 \u20ac\/asm.)<br \/> \u2022 Sugr\u012f\u017etame \u012f vie&scaron;but\u012f.<br \/> \u2022 Nakvyn\u0117 vie&scaron;butyje. <\/p>\n<p>Sevilija \u2013 miestas pietin\u0117je Ispanijos dalyje, Andal\u016bzijos regione. Mieste gausu turistini\u0173 objekt\u0173, kuri\u0173 dauguma mena Viduram\u017eius. Ekskursijos metu pamatysime Ibero paviljon\u0105, did\u017eiausi\u0105 pasaulyje gotikos laik\u0173 katedr\u0105 ir karali\u0173 r\u016bmus Alkasar, Ispanijos aik&scaron;t\u0119, Marijos Luizos park\u0105, Tore del Oro ir \u017eyd\u0173 kvartal\u0105 &#8211; Santa Kruz.<\/p>\n<p><strong>Day 7 <\/strong><\/p>\n<p>\u2022 Pusry\u010diai vie&scaron;butyje (perkant ekskursij\u0173 paket\u0105 pusry\u010diai \u012fskai\u010diuoti).<br \/> - Relax by the sea.<br \/> \u2022 Antroje dienos pus\u0117je ekskursin\u0117 i&scaron;vyka \u012f Kordob\u0105.<br \/> - Free time.<br \/> \u2022 Sugr\u012f\u017etame \u012f vie&scaron;but\u012f.<br \/> \u2022 Nakvyn\u0117 vie&scaron;butyje. <\/p>\n<p>Kordoba \u2013 miestas Andal\u016bzijoje, to paties vardo provincijos sostin\u0117, i&scaron;sim\u0117\u010diusi ant Gvadalkivyro up\u0117s kranto. Dar iki X a. mieste gyveno apie milijon\u0105 \u017emoni\u0173, tod\u0117l jis buvo laikomas, bene, vienu did\u017eiausi\u0173, intelektualiausi\u0173 ir klestin\u010di\u0173 miest\u0173 visame pasaulyje.<\/p>\n<p><strong>Day 8 <\/strong><\/p>\n<p>\u2022 Pusry\u010diai vie&scaron;butyje (perkant ekskursij\u0173 paket\u0105 pusry\u010diai \u012fskai\u010diuoti).<br \/> \u2022 I&scaron;siregistravimas i&scaron; vie&scaron;bu\u010dio.<br \/> - Free time.<br \/> - Going to the airport.<br \/> - Check-in.<br \/> \u2022 Skrydis: Malaga \u2013 Ryga (~16:50-22:05).<br \/> \u2022 Atvykimas \u012f Ryg\u0105. <\/p>","protected":false},"excerpt":{"rendered":"<p>1 diena \u2022 Atvykimas \u012f Rygos oro uost\u0105. \u2022 Skrydis: Ryga \u2013 Malaga (~12:40-16:20). \u2022 Atskridimas \u012f Malag\u0105. \u2022 Vykstame \u012f Costa del Sol region\u0105. \u2022 \u012esik\u016brimas vie&#038;sca&#8230;<\/p>","protected":false},"featured_media":11811,"comment_status":"open","ping_status":"closed","template":"","meta":{"om_disable_all_campaigns":false,"_monsterinsights_skip_tracking":false,"_monsterinsights_sitenote_active":false,"_monsterinsights_sitenote_note":"","_monsterinsights_sitenote_category":0},"product_brand":[],"product_cat":[669],"product_tag":[],"class_list":{"0":"post-12572","1":"product","2":"type-product","3":"status-publish","4":"has-post-thumbnail","6":"product_cat-keliones","8":"first","9":"instock","10":"virtual","11":"taxable","12":"purchasable","13":"product-type-simple"},"aioseo_notices":[],"_links":{"self":[{"href":"https:\/\/www.atravel.lt\/en\/wp-json\/wp\/v2\/product\/12572","targetHints":{"allow":["GET"]}}],"collection":[{"href":"https:\/\/www.atravel.lt\/en\/wp-json\/wp\/v2\/product"}],"about":[{"href":"https:\/\/www.atravel.lt\/en\/wp-json\/wp\/v2\/types\/product"}],"replies":[{"embeddable":true,"href":"https:\/\/www.atravel.lt\/en\/wp-json\/wp\/v2\/comments?post=12572"}],"wp:featuredmedia":[{"embeddable":true,"href":"https:\/\/www.atravel.lt\/en\/wp-json\/wp\/v2\/media\/11811"}],"wp:attachment":[{"href":"https:\/\/www.atravel.lt\/en\/wp-json\/wp\/v2\/media?parent=12572"}],"wp:term":[{"taxonomy":"product_brand","embeddable":true,"href":"https:\/\/www.atravel.lt\/en\/wp-json\/wp\/v2\/product_brand?post=12572"},{"taxonomy":"product_cat","embeddable":true,"href":"https:\/\/www.atravel.lt\/en\/wp-json\/wp\/v2\/product_cat?post=12572"},{"taxonomy":"product_tag","embeddable":true,"href":"https:\/\/www.atravel.lt\/en\/wp-json\/wp\/v2\/product_tag?post=12572"}],"curies":[{"name":"wp","href":"https:\/\/api.w.org\/{rel}","templated":true}]}}