{"id":9534,"date":"2023-11-03T21:03:41","date_gmt":"2023-11-03T19:03:41","guid":{"rendered":"https:\/?page_id=9534"},"modified":"2023-11-08T11:54:35","modified_gmt":"2023-11-08T09:54:35","slug":"uzklausa-atostogoms","status":"publish","type":"page","link":"https:\/\/www.atravel.lt\/en\/uzklausa-atostogoms\/","title":{"rendered":"Kelion\u0117s u\u017eklausa"},"content":{"rendered":"<div class=\"wp-block-image\">\n<figure class=\"aligncenter size-full\"><img loading=\"lazy\" decoding=\"async\" width=\"360\" height=\"152\" src=\"https:\/\/atravel.lt\/wp-content\/uploads\/2023\/01\/Atravel_logo-.png\" alt=\"\" class=\"wp-image-4016\"\/><\/figure>\n<\/div>\n\n\n<p class=\"has-text-align-center\"><strong>U\u017eklausa d\u0117l atostog\u0173<br>Tik Jums asmeni\u0161kai atrinkti vie\u0161bu\u010diai<br>Pasirinkimas i\u0161 vis\u0173 kelioni\u0173 organizatori\u0173<\/strong><br>*Sura\u0161yk savo pageidavimus ir atsi\u0173sime tau 3 geriausius pasi\u016blymus.<\/p>\n\n\n\n<div class=\"wpcf7 no-js\" id=\"wpcf7-f9538-o1\" lang=\"en-US\" dir=\"ltr\" data-wpcf7-id=\"9538\">\n<div class=\"screen-reader-response\"><p role=\"status\" aria-live=\"polite\" aria-atomic=\"true\"><\/p> <ul><\/ul><\/div>\n<form action=\"\/en\/wp-json\/wp\/v2\/pages\/9534#wpcf7-f9538-o1\" method=\"post\" class=\"wpcf7-form init\" aria-label=\"Contact form\" novalidate=\"novalidate\" data-status=\"init\" data-trp-original-action=\"\/en\/wp-json\/wp\/v2\/pages\/9534#wpcf7-f9538-o1\">\n<fieldset class=\"hidden-fields-container\"><input type=\"hidden\" name=\"_wpcf7\" value=\"9538\" \/><input type=\"hidden\" name=\"_wpcf7_version\" value=\"6.1.5\" \/><input type=\"hidden\" name=\"_wpcf7_locale\" value=\"en_US\" \/><input type=\"hidden\" name=\"_wpcf7_unit_tag\" value=\"wpcf7-f9538-o1\" \/><input type=\"hidden\" name=\"_wpcf7_container_post\" value=\"0\" \/><input type=\"hidden\" name=\"_wpcf7_posted_data_hash\" value=\"\" \/><input type=\"hidden\" name=\"_wpcf7dtx_version\" value=\"5.0.5\" \/>\n<\/fieldset>\n<p><label> Pageidaujama kelion\u0117s data<br \/>\n<span class=\"wpcf7-form-control-wrap\" data-name=\"DepartureDate\"><input class=\"wpcf7-form-control wpcf7-date wpcf7-validates-as-date\" aria-invalid=\"false\" value=\"\" type=\"date\" name=\"DepartureDate\" \/><\/span> <\/label>\n<\/p>\n<p><label> Pageidaujama atostog\u0173 kryptis.<br \/>\n<span class=\"wpcf7-form-control-wrap\" data-name=\"text-83\"><input size=\"40\" maxlength=\"400\" class=\"wpcf7-form-control wpcf7-text\" aria-invalid=\"false\" placeholder=\"\u012era\u0161ykite 3 patraukliausias\" value=\"\" type=\"text\" name=\"text-83\" \/><\/span> <\/label>\n<\/p>\n<p><label> Pageidaujama kelion\u0117s trukm\u0117<br \/>\n<span class=\"wpcf7-form-control-wrap\" data-name=\"text-562\"><input size=\"40\" maxlength=\"400\" class=\"wpcf7-form-control wpcf7-text\" aria-invalid=\"false\" placeholder=\"Dien\u0173 skai\u010dius\" value=\"\" type=\"text\" name=\"text-562\" \/><\/span> <\/label>\n<\/p>\n<p><label> Keliautoj\u0173 skai\u010dius saugusi\u0173<br \/>\n<span class=\"wpcf7-form-control-wrap\" data-name=\"text-237\"><input size=\"40\" maxlength=\"400\" class=\"wpcf7-form-control wpcf7-text\" aria-invalid=\"false\" placeholder=\"asmuo\" value=\"\" type=\"text\" name=\"text-237\" \/><\/span> <\/label>\n<\/p>\n<p><label> Keliautoj\u0173 skai\u010dius vaik\u0173 (norodyti - vaik\u0173 am\u017ei\u0173)<br \/>\n<span class=\"wpcf7-form-control-wrap\" data-name=\"text-922\"><input size=\"40\" maxlength=\"400\" class=\"wpcf7-form-control wpcf7-text\" aria-invalid=\"false\" placeholder=\"asmuo\" value=\"\" type=\"text\" name=\"text-922\" \/><\/span> <\/label>\n<\/p>\n<p><label>Kelion\u0117s biud\u017eetas \u017emogui<br \/>\n<span class=\"wpcf7-form-control-wrap\" data-name=\"text-543\"><input size=\"40\" maxlength=\"400\" class=\"wpcf7-form-control wpcf7-text\" aria-invalid=\"false\" placeholder=\"Suma eur.\" value=\"\" type=\"text\" name=\"text-543\" \/><\/span> <\/label>\n<\/p>\n<p><label> Name<br \/>\n<span class=\"wpcf7-form-control-wrap\" data-name=\"your-name\"><input size=\"40\" maxlength=\"400\" class=\"wpcf7-form-control wpcf7-text wpcf7-validates-as-required\" aria-required=\"true\" aria-invalid=\"false\" placeholder=\"Your name\" value=\"\" type=\"text\" name=\"your-name\" \/><\/span> <\/label>\n<\/p>\n<p><label> Mob. number<br \/>\n<span class=\"wpcf7-form-control-wrap\" data-name=\"tel-729\"><input size=\"40\" maxlength=\"400\" class=\"wpcf7-form-control wpcf7-tel wpcf7-validates-as-required wpcf7-text wpcf7-validates-as-tel\" aria-required=\"true\" aria-invalid=\"false\" value=\"\" type=\"tel\" name=\"tel-729\" \/><\/span> <\/label>\n<\/p>\n<p><label> Email<br \/>\n<span class=\"wpcf7-form-control-wrap\" data-name=\"your-email\"><input size=\"40\" maxlength=\"400\" class=\"wpcf7-form-control wpcf7-email wpcf7-validates-as-required wpcf7-text wpcf7-validates-as-email\" aria-required=\"true\" aria-invalid=\"false\" placeholder=\"Your email address\" value=\"\" type=\"email\" name=\"your-email\" \/><\/span> <\/label>\n<\/p>\n<p><input class=\"wpcf7-form-control wpcf7-submit has-spinner\" type=\"submit\" value=\"Send request\" \/>\n<\/p><div class=\"wpcf7-response-output\" aria-hidden=\"true\"><\/div>\n<input type=\"hidden\" name=\"trp-form-language\" value=\"en\"\/><\/form>\n<\/div>","protected":false},"excerpt":{"rendered":"<p>U\u017eklausa d\u0117l atostog\u0173Tik Jums asmeni\u0161kai atrinkti vie\u0161bu\u010diaiPasirinkimas i\u0161 vis\u0173 kelioni\u0173 organizatori\u0173*Sura\u0161yk savo pageidavimus ir atsi\u0173sime tau 3 geriausius pasi\u016blymus.<\/p>","protected":false},"author":1,"featured_media":0,"parent":0,"menu_order":0,"comment_status":"closed","ping_status":"closed","template":"","meta":{"om_disable_all_campaigns":false,"_monsterinsights_skip_tracking":false,"_monsterinsights_sitenote_active":false,"_monsterinsights_sitenote_note":"","_monsterinsights_sitenote_category":0,"footnotes":""},"class_list":["post-9534","page","type-page","status-publish","hentry"],"aioseo_notices":[],"_links":{"self":[{"href":"https:\/\/www.atravel.lt\/en\/wp-json\/wp\/v2\/pages\/9534","targetHints":{"allow":["GET"]}}],"collection":[{"href":"https:\/\/www.atravel.lt\/en\/wp-json\/wp\/v2\/pages"}],"about":[{"href":"https:\/\/www.atravel.lt\/en\/wp-json\/wp\/v2\/types\/page"}],"author":[{"embeddable":true,"href":"https:\/\/www.atravel.lt\/en\/wp-json\/wp\/v2\/users\/1"}],"replies":[{"embeddable":true,"href":"https:\/\/www.atravel.lt\/en\/wp-json\/wp\/v2\/comments?post=9534"}],"version-history":[{"count":0,"href":"https:\/\/www.atravel.lt\/en\/wp-json\/wp\/v2\/pages\/9534\/revisions"}],"wp:attachment":[{"href":"https:\/\/www.atravel.lt\/en\/wp-json\/wp\/v2\/media?parent=9534"}],"curies":[{"name":"wp","href":"https:\/\/api.w.org\/{rel}","templated":true}]}}