{"id":9099,"date":"2023-08-10T10:20:19","date_gmt":"2023-08-10T08:20:19","guid":{"rendered":"https:\/?page_id=9099"},"modified":"2026-02-10T00:09:44","modified_gmt":"2026-02-09T22:09:44","slug":"parkavimas","status":"publish","type":"page","link":"https:\/\/www.atravel.lt\/en\/parkavimas\/","title":{"rendered":"Parkavimas"},"content":{"rendered":"<div style=\"height:100px\" aria-hidden=\"true\" class=\"wp-block-spacer\"><\/div>\n\n\n\n<figure class=\"wp-block-image size-full is-resized\"><img loading=\"lazy\" decoding=\"async\" src=\"https:\/\/atravel.lt\/wp-content\/uploads\/2023\/08\/unipark.png\" alt=\"\" class=\"wp-image-9116\" style=\"width:322px;height:90px\" width=\"322\" height=\"90\"\/><\/figure>\n\n\n\n<div style=\"height:100px\" aria-hidden=\"true\" class=\"wp-block-spacer\"><\/div>\n\n\n\n<h2 class=\"wp-block-heading\">Parkavimas oro uostuose bei miestuose<\/h2>\n\n\n\n<h5 class=\"wp-block-heading\">Did\u017eiulis aik\u0161teli\u0173 pasirinkimas Vilniaus ir Kauno oro uostuose!<\/h5>\n\n\n\n<p><a href=\"https:\/\/unipark.shop\/parking\/airport\/14?home=1\"><\/a><\/p>\n\n\n\n<ul class=\"wp-block-list\">\n<li>Nurodykite oro uost\u0105<\/li>\n\n\n\n<li>Nuo kada&nbsp; iki kada&nbsp; reikalingas parkavimas?<\/li>\n\n\n\n<li>Pvz. 2023.01.01 14 h iki 2023.01.10 23h<\/li>\n<\/ul>\n\n\n\n<div style=\"height:100px\" aria-hidden=\"true\" class=\"wp-block-spacer\"><\/div>\n\n\n\n<p>Pagalba: <a href=\"tel:+370%20700%2077877\">+370 615 25019<\/a> arba  <a href=\"mailto:info@\">info@<\/a><\/p>\n\n\n\n<div style=\"height:100px\" aria-hidden=\"true\" class=\"wp-block-spacer\"><\/div>","protected":false},"excerpt":{"rendered":"<p>Parkavimas oro uostuose bei miestuose Did\u017eiulis aik\u0161teli\u0173 pasirinkimas Vilniaus ir Kauno oro uostuose! Pagalba: +370 615 25019 arba info@<\/p>","protected":false},"author":1,"featured_media":0,"parent":0,"menu_order":0,"comment_status":"closed","ping_status":"closed","template":"","meta":{"om_disable_all_campaigns":false,"_monsterinsights_skip_tracking":false,"_monsterinsights_sitenote_active":false,"_monsterinsights_sitenote_note":"","_monsterinsights_sitenote_category":0,"footnotes":""},"class_list":["post-9099","page","type-page","status-publish","hentry"],"aioseo_notices":[],"_links":{"self":[{"href":"https:\/\/www.atravel.lt\/en\/wp-json\/wp\/v2\/pages\/9099","targetHints":{"allow":["GET"]}}],"collection":[{"href":"https:\/\/www.atravel.lt\/en\/wp-json\/wp\/v2\/pages"}],"about":[{"href":"https:\/\/www.atravel.lt\/en\/wp-json\/wp\/v2\/types\/page"}],"author":[{"embeddable":true,"href":"https:\/\/www.atravel.lt\/en\/wp-json\/wp\/v2\/users\/1"}],"replies":[{"embeddable":true,"href":"https:\/\/www.atravel.lt\/en\/wp-json\/wp\/v2\/comments?post=9099"}],"version-history":[{"count":1,"href":"https:\/\/www.atravel.lt\/en\/wp-json\/wp\/v2\/pages\/9099\/revisions"}],"predecessor-version":[{"id":11579,"href":"https:\/\/www.atravel.lt\/en\/wp-json\/wp\/v2\/pages\/9099\/revisions\/11579"}],"wp:attachment":[{"href":"https:\/\/www.atravel.lt\/en\/wp-json\/wp\/v2\/media?parent=9099"}],"curies":[{"name":"wp","href":"https:\/\/api.w.org\/{rel}","templated":true}]}}