{"id":9096,"date":"2023-08-10T10:19:38","date_gmt":"2023-08-10T08:19:38","guid":{"rendered":"https:\/?page_id=9096"},"modified":"2026-02-10T00:10:42","modified_gmt":"2026-02-09T22:10:42","slug":"kelioniu-draudimas","status":"publish","type":"page","link":"https:\/\/www.atravel.lt\/en\/kelioniu-draudimas\/","title":{"rendered":"Kelioni\u0173 draudimas"},"content":{"rendered":"<div class=\"one withsmallpadding ppb_text\" style=\"text-align: left; padding: 40px 0 40px 0;\">\n<div class=\"standard_wrapper\">\n<div class=\"page_content_wrapper\">\n<div class=\"inner\">\n<div style=\"margin: auto; width: 100%;\">\n<p>Pagalbos telefonas: +370 615 250190<\/p>\n<p>Kelion\u0117s kryptis<br \/>\nKelion\u0117s trukm\u0117, nuo 2023.01.01 iki 2023.01.10(pvz.)<br \/>\nKeliautojai: vardas pavard\u0117, asmens kodas, telefono numeris<\/p>\n<\/div>\n<\/div>\n<\/div>\n<\/div>\n<\/div>","protected":false},"excerpt":{"rendered":"<p>Pagalbos telefonas: +370 615 250190 Kelion\u0117s kryptis Kelion\u0117s trukm\u0117, nuo 2023.01.01 iki 2023.01.10(pvz.) Keliautojai: vardas pavard\u0117, asmens kodas, telefono numeris<\/p>","protected":false},"author":1,"featured_media":9108,"parent":0,"menu_order":0,"comment_status":"closed","ping_status":"closed","template":"","meta":{"om_disable_all_campaigns":false,"_monsterinsights_skip_tracking":false,"_monsterinsights_sitenote_active":false,"_monsterinsights_sitenote_note":"","_monsterinsights_sitenote_category":0,"footnotes":""},"class_list":["post-9096","page","type-page","status-publish","has-post-thumbnail","hentry"],"aioseo_notices":[],"_links":{"self":[{"href":"https:\/\/www.atravel.lt\/en\/wp-json\/wp\/v2\/pages\/9096","targetHints":{"allow":["GET"]}}],"collection":[{"href":"https:\/\/www.atravel.lt\/en\/wp-json\/wp\/v2\/pages"}],"about":[{"href":"https:\/\/www.atravel.lt\/en\/wp-json\/wp\/v2\/types\/page"}],"author":[{"embeddable":true,"href":"https:\/\/www.atravel.lt\/en\/wp-json\/wp\/v2\/users\/1"}],"replies":[{"embeddable":true,"href":"https:\/\/www.atravel.lt\/en\/wp-json\/wp\/v2\/comments?post=9096"}],"version-history":[{"count":1,"href":"https:\/\/www.atravel.lt\/en\/wp-json\/wp\/v2\/pages\/9096\/revisions"}],"predecessor-version":[{"id":11580,"href":"https:\/\/www.atravel.lt\/en\/wp-json\/wp\/v2\/pages\/9096\/revisions\/11580"}],"wp:featuredmedia":[{"embeddable":true,"href":"https:\/\/www.atravel.lt\/en\/wp-json\/wp\/v2\/media\/9108"}],"wp:attachment":[{"href":"https:\/\/www.atravel.lt\/en\/wp-json\/wp\/v2\/media?parent=9096"}],"curies":[{"name":"wp","href":"https:\/\/api.w.org\/{rel}","templated":true}]}}