{"id":320,"date":"2016-12-22T10:07:06","date_gmt":"2016-12-22T10:07:06","guid":{"rendered":"http:\/\/themes.themegoods.com\/grandtour\/demo\/?page_id=320"},"modified":"2023-01-19T06:57:25","modified_gmt":"2023-01-19T06:57:25","slug":"faqs","status":"publish","type":"page","link":"https:\/\/www.atravel.lt\/en\/faqs\/","title":{"rendered":"D.U.K"},"content":{"rendered":"<h3>Useful information<\/h3>\n<div class=\"pp_accordion_close has_icon\">\n<h3><a href=\"#\">VIZOS?<\/a><\/h3>\n<div>\n<p>When travelling to countries outside the EU or the Schengen area, you must have a passport that is valid for at least 6 months from the end of your trip. Otherwise, travellers will be refused entry. An identity card is not acceptable for travelling to these countries.<\/p>\n<p>If the child's surname is not the same as the surname of the parent with whom he or she is travelling, the child's birth certificate must be presented to the border guards at the border inspection post. If the child is travelling alone or with an accompanying person to a non-Schengen country, the consent of at least one parent or guardian in English\/Polish and a copy of the consent must be submitted to the border inspection post (please pay particular attention to this if the child is travelling without parents but with a grandmother, grandfather or other family members).<\/p>\n<p><a href=\"http:\/\/keliauk.urm.lt\/lt\/keliaujantiems\/pries-pradedant-kelione\/vizos\">Click here<\/a>, you can select the country you are travelling to and check if you need a visa.<\/p>\n<table>\n<tbody>\n<tr>\n<td>Country<\/td>\n<td>Visa information<\/td>\n<\/tr>\n<tr>\n<td>Egypt<\/td>\n<td>Visa on arrival at the airport in Hurghada, Sharm el-Sheikh, Taba, Marsa Alam at a cost of USD 25 per person.<\/td>\n<\/tr>\n<tr>\n<td>Dominican Republic<\/td>\n<td>Lithuanian citizens do not need a visa for short stays. A Tourist Card is required and is included in the price.<\/td>\n<\/tr>\n<tr>\n<td>Zanzibar<\/td>\n<td>The visa is purchased on arrival at the airport. The fee per person is USD 50. Payable in cash.<\/td>\n<\/tr>\n<tr>\n<td>Cape Verde Islands<\/td>\n<td>Visa included in the package price. The tourist receives it on arrival.<\/td>\n<\/tr>\n<tr>\n<td>United Arab Emirates<\/td>\n<td>Lithuanian citizens do not need a visa for short stays. Note: for tourism purposes, stays of up to six months are allowed.<\/td>\n<\/tr>\n<tr>\n<td>Maldives<\/td>\n<td>Lithuanian citizens do not need a visa for short stays.Note: for tourism purposes, stays of up to six months are allowed.<\/td>\n<\/tr>\n<tr>\n<td>Madagascar<\/td>\n<td>The visa is purchased on arrival at the airport. The fee per person is USD 35. Payable in cash.<\/td>\n<\/tr>\n<tr>\n<td>Cuba<\/td>\n<td>Lithuanian citizens do not need a visa for short stays. A Tourist Card is required, which is included in the price (issued at Warsaw Airport). The card must be carried during the whole trip, as without the card it is not possible to leave Cuba.<\/td>\n<\/tr>\n<tr>\n<td>Oman<\/td>\n<td>14 nights are free of charge. Issued on arrival.<\/td>\n<\/tr>\n<\/tbody>\n<\/table>\n<\/div>\n<\/div>\n<div class=\"pp_accordion_close has_icon\">\n<h3><a href=\"#\">Recommended vaccinations<\/a><\/h3>\n<div>\n<p>When travelling, we recommend that you take out health insurance to cover any necessary medical treatment abroad and any additional costs incurred as a result of an insured event. Before travelling to exotic countries, it is advisable to consult a doctor for preventive vaccinations against communicable diseases. Vaccinations are the responsibility of the tourist and are paid for by the tourist. Vaccination is the administration of a vaccine to a person in order to build up a specific immunity against a specific infectious disease.<\/p>\n<p>Vaccination is one of the most cost-effective means of prevention: vaccination is much cheaper than treatment, both for the individual and for society. It is an opportunity to avoid communicable diseases when travelling, especially in foreign countries.<\/p>\n<p>It is recommended that travellers seek medical attention 4-6 weeks before travelling, as immunity after vaccination takes some time to develop. However, if you have less time before your trip, it is still advisable to seek medical advice, as some vaccinations may be given less time before your trip.<\/p>\n<p>Before travelling, the assessment of which vaccinations are needed should first take into account whether revaccinations are needed (especially for diphtheria, tetanus polio, etc.). Other factors influencing the choice include: the risk of communicable disease, the person's age, health status and previous vaccinations, other risk factors, serious adverse reactions to previous vaccinations, the risk of infecting other people, and the cost of the vaccinations. If children are travelling, they should make sure that they have been vaccinated according to the Republic of Lithuania's childhood preventive vaccination calendar.<\/p>\n<p>Get ready for your trip and come back safe and sound!<\/p>\n<\/div>\n<\/div>\n<div class=\"pp_accordion_close has_icon\">\n<h3><a href=\"#\">Frederic Chopin Warsaw airport<\/a><\/h3>\n<div>\n<p>Address Zwirki Wigury 1, Warsaw<br \/>\n24\/7 passenger information at the airport +48 22 650 42 20<br \/>\nITAKA tour operator's information desk in the departures hall (Odloty\/Departures) in the corridor between zones B and C.<\/p>\n<p>For more information about Frederic Chopin Warsaw Airport, please click\u00a0<strong><a href=\"https:\/\/www.lotnisko-chopina.pl\/en\/index.html\" target=\"_blank\" rel=\"noopener\">here<\/a><\/strong>.<\/p>\n<p><strong>Travel by bus<\/strong><\/p>\n<p>Are you planning to travel from Warsaw and wondering how to get to Warsaw Airport conveniently and inexpensively? Take a comfortable bus from Vilnius, Kaunas, Panev\u0117\u017eys or Marijampol\u0117 to Warsaw Central Station or directly to Warsaw Airport!<\/p>\n<p>Below are bus schedules to get you to Warsaw Chopin Airport. You can purchase and check the current timetable directly from the carrier:\u00a0<a href=\"http:\/\/www.luxexpress.eu\/\">http:\/\/www.luxexpress.eu\/<\/a>\u00a0and\u00a0<a href=\"http:\/\/www.eurolines.lt\/\">http:\/\/www.eurolines.lt<\/a>.<\/p>\n<p>If the bus times are not convenient for you, we recommend that you drive your own car. For more information on car parking at Warsaw Airport\u00a0<a href=\"https:\/\/kelionespervarsuva.lt\/parkingas.htm\" target=\"_self\" rel=\"noopener\"><u><strong>here<\/strong><\/u><\/a>.<\/p>\n<p><strong>Why take a bus?<\/strong><\/p>\n<p><img loading=\"lazy\" decoding=\"async\" class=\"\" src=\"https:\/\/kelionespervarsuva.lt\/failai\/files\/Autobusai\/black-wifi-icon-32.png\" alt=\"\" width=\"55\" height=\"43\" \/>\u00a0Free Wi-Fi<\/p>\n<p><img loading=\"lazy\" decoding=\"async\" class=\"\" src=\"https:\/\/kelionespervarsuva.lt\/failai\/files\/Autobusai\/elektros-lizdas.jpg\" alt=\"\" width=\"56\" height=\"56\" \/>\u00a0You will find power sockets on board for charging your device<\/p>\n<p><img loading=\"lazy\" decoding=\"async\" class=\"\" src=\"https:\/\/kelionespervarsuva.lt\/failai\/files\/Autobusai\/autobuso-sedynes.png\" alt=\"\" width=\"54\" height=\"54\" \/>\u00a0Extremely comfortable seats<\/p>\n<p><img loading=\"lazy\" decoding=\"async\" class=\"\" src=\"https:\/\/kelionespervarsuva.lt\/failai\/files\/Autobusai\/nemokami-filmai.png\" alt=\"\" width=\"55\" height=\"55\" \/>\u00a0Free films, music<\/p>\n<p><strong>FROM VILNIUS<\/strong><\/p>\n<div class=\"tableinner\">\n<table border=\"1\" cellspacing=\"1\" cellpadding=\"1\" align=\"left\">\n<thead>\n<tr>\n<th scope=\"col\">PIRMYN<\/th>\n<th scope=\"col\">ATGAL<\/th>\n<\/tr>\n<\/thead>\n<tbody>\n<tr>\n<td>VILNIUS - WARSAW<\/td>\n<td>WARSAW - VILNIUS<\/td>\n<\/tr>\n<tr>\n<td>I - VII 21:00 - 06:00 (+1d.)\u00a0<a href=\"http:\/\/www.eurolines.lt\/lt\/autobusu\/vilnius-varsuva-autobusu\/\" target=\"_blank\" rel=\"noopener\"><img loading=\"lazy\" decoding=\"async\" class=\"\" src=\"https:\/\/kelionespervarsuva.lt\/failai\/files\/Autobusai\/logo.png\" alt=\"\" width=\"58\" height=\"16\" \/><\/a>\u00a0to Warszawa, International Airport (F. Chopin) *with transfers<\/td>\n<td>I - VII 20:20 - 06.15 (+1d.)\u00a0<a href=\"http:\/\/www.eurolines.lt\/lt\/autobusu\/vilnius-varsuva-autobusu\/\" target=\"_blank\" rel=\"noopener\"><img loading=\"lazy\" decoding=\"async\" class=\"\" src=\"https:\/\/kelionespervarsuva.lt\/failai\/files\/Autobusai\/logo.png\" alt=\"\" width=\"84\" height=\"23\" \/><\/a>\u00a0from Warszawa, International Airport (F. Chopin) *with transfers<\/td>\n<\/tr>\n<tr>\n<td>I - VII 22:30 - 06:00 (+1d.)\u00a0<a href=\"https:\/\/luxexpress.eu\/lt\/vilnius-varsuva\" target=\"_blank\" rel=\"noopener\"><img loading=\"lazy\" decoding=\"async\" class=\"\" src=\"https:\/\/kelionespervarsuva.lt\/failai\/files\/Autobusai\/lux-express-autobusai.png\" alt=\"\" width=\"69\" height=\"22\" \/><\/a>\u00a0to Warszawa (Central)<\/td>\n<td>I - VII 20:20 - 05:00(+1d.)\u00a0<a href=\"https:\/\/luxexpress.eu\/lt\/vilnius-varsuva\" target=\"_blank\" rel=\"noopener\"><img loading=\"lazy\" decoding=\"async\" class=\"\" src=\"https:\/\/kelionespervarsuva.lt\/failai\/files\/Autobusai\/lux-express-autobusai.png\" alt=\"\" width=\"71\" height=\"23\" \/><\/a>\u00a0from Warsaw (Central)<\/td>\n<\/tr>\n<\/tbody>\n<\/table>\n<\/div>\n<p><strong>FROM KAUNO<\/strong><\/p>\n<div class=\"tableinner\">\n<table border=\"1\" cellspacing=\"1\" cellpadding=\"1\" align=\"left\">\n<thead>\n<tr>\n<th scope=\"col\">PIRMYN<\/th>\n<th scope=\"col\">ATGAL<\/th>\n<\/tr>\n<\/thead>\n<tbody>\n<tr>\n<td>KAUNAS - WARSAW<\/td>\n<td>WARSAW - KAUNAS<\/td>\n<\/tr>\n<tr>\n<td>I - VII 22:35 - 06:00 (+1d.)\u00a0<a href=\"http:\/\/www.eurolines.lt\/lt\/autobusu\/vilnius-varsuva-autobusu\/\" target=\"_blank\" rel=\"noopener\"><img loading=\"lazy\" decoding=\"async\" class=\"\" src=\"https:\/\/kelionespervarsuva.lt\/failai\/files\/Autobusai\/logo.png\" alt=\"\" width=\"73\" height=\"20\" \/><\/a>\u00a0to Warszawa, International Airport (F. Chopin) *with transfers<\/td>\n<td>I - VII 20:20 - 04:45 (+1d.)\u00a0<a href=\"http:\/\/www.eurolines.lt\/lt\/autobusu\/vilnius-varsuva-autobusu\/\" target=\"_blank\" rel=\"noopener\"><img loading=\"lazy\" decoding=\"async\" class=\"\" src=\"https:\/\/kelionespervarsuva.lt\/failai\/files\/Autobusai\/logo.png\" alt=\"\" width=\"77\" height=\"21\" \/><\/a>\u00a0from Warszawa, International Airport (F. Chopin) *with transfers<\/td>\n<\/tr>\n<tr>\n<td>I - VII 00:25 - 06:00\u00a0<a href=\"https:\/\/luxexpress.eu\/lt\/vilnius-varsuva\" target=\"_blank\" rel=\"noopener\"><img loading=\"lazy\" decoding=\"async\" class=\"\" src=\"https:\/\/kelionespervarsuva.lt\/failai\/files\/Autobusai\/lux-express-autobusai.png\" alt=\"\" width=\"74\" height=\"24\" \/><\/a>\u00a0to Warszawa (Central)<\/td>\n<td>I - VII 20:20 - 03:30 (+1d.)\u00a0<a href=\"https:\/\/luxexpress.eu\/lt\/vilnius-varsuva\" target=\"_blank\" rel=\"noopener\"><img loading=\"lazy\" decoding=\"async\" class=\"\" src=\"https:\/\/kelionespervarsuva.lt\/failai\/files\/Autobusai\/lux-express-autobusai.png\" alt=\"\" width=\"74\" height=\"24\" \/><\/a>\u00a0from Warsaw (Central)<\/td>\n<\/tr>\n<\/tbody>\n<\/table>\n<\/div>\n<p><strong>FROM PANEVEZYS<\/strong><\/p>\n<div class=\"tableinner\">\n<table border=\"1\" cellspacing=\"1\" cellpadding=\"1\" align=\"left\">\n<thead>\n<tr>\n<th scope=\"col\">PIRMYN<\/th>\n<th scope=\"col\">ATGAL<\/th>\n<\/tr>\n<\/thead>\n<tbody>\n<tr>\n<td>PANEV\u0116\u017dYS - WARSAW AIRPORT (WAW) *with transfers<\/td>\n<td>WARSAW AIRPORT (WAW) - PANEV\u0116\u017dYS *with transfers<\/td>\n<\/tr>\n<tr>\n<td>I - VII 19:15 - 06:00 (+1d)\u00a0<a href=\"http:\/\/www.eurolines.lt\/lt\/autobusu\/panevezys-varsuva\/\" target=\"_blank\" rel=\"noopener\"><img loading=\"lazy\" decoding=\"async\" class=\"\" src=\"https:\/\/kelionespervarsuva.lt\/failai\/files\/Autobusai\/logo.png\" alt=\"\" width=\"106\" height=\"29\" \/><\/a><\/td>\n<td>I - VII 20:20 - 08:15 (+1d.)\u00a0<a href=\"http:\/\/www.eurolines.lt\/lt\/autobusu\/panevezys-varsuva\/\" target=\"_blank\" rel=\"noopener\"><img loading=\"lazy\" decoding=\"async\" class=\"\" src=\"https:\/\/kelionespervarsuva.lt\/failai\/files\/Autobusai\/logo.png\" alt=\"\" width=\"120\" height=\"33\" \/><\/a><\/td>\n<\/tr>\n<\/tbody>\n<\/table>\n<\/div>\n<p><strong>FROM MARIJAMPOL\u0116<\/strong><\/p>\n<div class=\"tableinner\">\n<table border=\"1\" cellspacing=\"1\" cellpadding=\"1\" align=\"left\">\n<thead>\n<tr>\n<th scope=\"col\">PIRMYN<\/th>\n<th scope=\"col\">ATGAL<\/th>\n<\/tr>\n<\/thead>\n<tbody>\n<tr>\n<td>MARIJAMPOL\u0116 - WARSAW AIRPORT (WAW) *with transfers<\/td>\n<td>WARSAW AIRPORT (WAW) - MARIJAMPOL\u0116 *with transfers<\/td>\n<\/tr>\n<tr>\n<td>I - VII 19:40 - 06:00 (+1d.)\u00a0<a href=\"http:\/\/www.eurolines.lt\/lt\/autobusu\/marijampole-varsuva-autobusas\/\" target=\"_blank\" rel=\"noopener\"><img loading=\"lazy\" decoding=\"async\" class=\"\" src=\"https:\/\/kelionespervarsuva.lt\/failai\/files\/Autobusai\/logo.png\" alt=\"\" width=\"106\" height=\"29\" \/><\/a><\/td>\n<td>I - VII 20:20 - 08:30 (+1d.)<\/td>\n<\/tr>\n<\/tbody>\n<\/table>\n<\/div>\n<\/div>\n<\/div>\n<h3><\/h3>\n<p>&nbsp;<\/p>","protected":false},"excerpt":{"rendered":"<p>Useful information &nbsp;<\/p>","protected":false},"author":1,"featured_media":68,"parent":0,"menu_order":0,"comment_status":"closed","ping_status":"closed","template":"","meta":{"om_disable_all_campaigns":false,"_monsterinsights_skip_tracking":false,"_monsterinsights_sitenote_active":false,"_monsterinsights_sitenote_note":"","_monsterinsights_sitenote_category":0,"footnotes":""},"class_list":["post-320","page","type-page","status-publish","has-post-thumbnail","hentry"],"aioseo_notices":[],"_links":{"self":[{"href":"https:\/\/www.atravel.lt\/en\/wp-json\/wp\/v2\/pages\/320","targetHints":{"allow":["GET"]}}],"collection":[{"href":"https:\/\/www.atravel.lt\/en\/wp-json\/wp\/v2\/pages"}],"about":[{"href":"https:\/\/www.atravel.lt\/en\/wp-json\/wp\/v2\/types\/page"}],"author":[{"embeddable":true,"href":"https:\/\/www.atravel.lt\/en\/wp-json\/wp\/v2\/users\/1"}],"replies":[{"embeddable":true,"href":"https:\/\/www.atravel.lt\/en\/wp-json\/wp\/v2\/comments?post=320"}],"version-history":[{"count":0,"href":"https:\/\/www.atravel.lt\/en\/wp-json\/wp\/v2\/pages\/320\/revisions"}],"wp:featuredmedia":[{"embeddable":true,"href":"https:\/\/www.atravel.lt\/en\/wp-json\/wp\/v2\/media\/68"}],"wp:attachment":[{"href":"https:\/\/www.atravel.lt\/en\/wp-json\/wp\/v2\/media?parent=320"}],"curies":[{"name":"wp","href":"https:\/\/api.w.org\/{rel}","templated":true}]}}