{"id":2465,"date":"2016-12-24T04:38:09","date_gmt":"2016-12-24T04:38:09","guid":{"rendered":"http:\/\/themes.themegoods.com\/grandtour\/demo\/?page_id=2465"},"modified":"2023-12-21T09:01:01","modified_gmt":"2023-12-21T07:01:01","slug":"about-us","status":"publish","type":"page","link":"https:\/\/www.atravel.lt\/en\/about-us\/","title":{"rendered":"About us"},"content":{"rendered":"<div  class=\"one withsmallpadding ppb_header_youtube withbg parallax\" data-jarallax-video=\"https:\/\/www.youtube.com\/watch?v=JPe2mwq96cw\"  style=\"text-align:center;padding:240px 0 240px 0;color:#ffffff;\" >\n<div class=\"overlay_background\" style=\"background:#000000;background:rgb(0,0,0,0.3);background:rgba(0,0,0,0.3);\"><\/div>\n<div class=\"standard_wrapper\">\n<div class=\"page_content_wrapper\">\n<div class=\"inner\">\n<div style=\"margin:auto;width:100%\">\n<h2 class=\"ppb_title\" style=\"color:#ffffff;\">M\u016bs\u0173 vertyb\u0117s &#8211; kiekvienas klientas i\u0161skirtinis, o jo poreikiai &#8211; ypatingi<\/h2>\n<\/div>\n<\/div>\n<\/div>\n<\/div>\n<\/div>\n<div  class=\"one withsmallpadding ppb_header\" style=\"text-align:center;padding:50px 0 50px 0;background-color:#000000;color:#ffffff;\" >\n<div class=\"standard_wrapper\">\n<div class=\"page_content_wrapper\">\n<div class=\"inner\">\n<div style=\"margin:auto;width:50%\">\n<h2 class=\"ppb_title\" style=\"color:#ffffff;\">Suteikti paslaugas greitai &#8211; nerei\u0161kia atmestinai<\/h2>\n<div class=\"ppb_header_content\">\n<p style=\"text-align: center;\">Dreaming of a holiday with your family and friends, or travelling alone?<\/p>\n<p style=\"text-align: center;\">We can help you!<\/p>\n<p style=\"text-align: center;\">Contact us for the best offer, the information you need and the best way to choose the trip of your dreams!<\/p>\n<h3 style=\"text-align: center;\"><span style=\"color: #ffffff;\"><strong>+370 615 25019<\/strong><\/span><\/h3>\n<p>\u00a0<\/p>\n<div class=\"one_half\" style=\"\">\n<div class=\"animate_counter_wrapper\">\n<div id=\"1703142061655843175\" class=\"odometer\" style=\"font-size:60px;line-height:60px;\">0<\/div>\n<div class=\"count_separator\"><span><\/span><\/div>\n<div class=\"counter_subject\">Travel<\/div>\n<\/div>\n<\/div>\n<div class=\"one_half last\" style=\"\">\n<div class=\"animate_counter_wrapper\">\n<div id=\"170314206182618121\" class=\"odometer\" style=\"font-size:60px;line-height:60px;\">0<\/div>\n<div class=\"count_separator\"><span><\/span><\/div>\n<div class=\"counter_subject\">Happy customers<\/div>\n<\/div>\n<\/div>\n<p><br class=\"clear\"\/><\/p>\n<\/div>\n<\/div>\n<\/div>\n<\/div>\n<\/div>\n<\/div>\n<div  class=\"one withsmallpadding ppb_contact_half_bg withbg parallax\" style=\"background-image:url(http:\/\/themes.themegoods.com\/grandtour\/demo\/wp-content\/uploads\/2016\/12\/pexels-photo-225630.jpeg);background-position: center center;padding:40px 0 40px 0;\" >\n<div class=\"standard_wrapper\">\n<div class=\"page_content_wrapper\">\n<div class=\"inner\">\n<div class=\"one_half_bg floatright\" style=\"background:#ffffff;background:rgb(255,255,255,1);background:rgba(255,255,255,1);\" data-stellar-ratio=\"1.3\">\n<h2 class=\"ppb_title\" style=\"\">Questions? Contact us<\/h2>\n<div class=\"contact_form7_wrapper\">\n<div class=\"wpcf7 no-js\" id=\"wpcf7-f3075-o1\" lang=\"en-US\" dir=\"ltr\">\n<div class=\"screen-reader-response\">\n<p role=\"status\" aria-live=\"polite\" aria-atomic=\"true\">\n<ul><\/ul>\n<\/div>\n<form action=\"\/wp-admin\/post.php#wpcf7-f3075-o1\" method=\"post\" class=\"wpcf7-form init\" aria-label=\"Contact form\" novalidate=\"novalidate\" data-status=\"init\" data-trp-original-action=\"\/wp-admin\/post.php#wpcf7-f3075-o1\">\n<div style=\"display: none;\">\n<input type=\"hidden\" name=\"_wpcf7\" value=\"3075\" \/><br \/>\n<input type=\"hidden\" name=\"_wpcf7_version\" value=\"5.8.5\" \/><br \/>\n<input type=\"hidden\" name=\"_wpcf7_locale\" value=\"en_US\" \/><br \/>\n<input type=\"hidden\" name=\"_wpcf7_unit_tag\" value=\"wpcf7-f3075-o1\" \/><br \/>\n<input type=\"hidden\" name=\"_wpcf7_container_post\" value=\"0\" \/><br \/>\n<input type=\"hidden\" name=\"_wpcf7_posted_data_hash\" value=\"\" \/>\n<\/div>\n<p><label> Name<br \/>\n<span class=\"wpcf7-form-control-wrap\" data-name=\"your-name\"><input size=\"40\" class=\"wpcf7-form-control wpcf7-text wpcf7-validates-as-required\" aria-required=\"true\" aria-invalid=\"false\" placeholder=\"Your name\" value=\"\" type=\"text\" name=\"your-name\" \/><\/span> <\/label>\n<\/p>\n<p><label> Email<br \/>\n<span class=\"wpcf7-form-control-wrap\" data-name=\"your-email\"><input size=\"40\" class=\"wpcf7-form-control wpcf7-email wpcf7-validates-as-required wpcf7-text wpcf7-validates-as-email\" aria-required=\"true\" aria-invalid=\"false\" placeholder=\"Your email address\" value=\"\" type=\"email\" name=\"your-email\" \/><\/span> <\/label>\n<\/p>\n<p><label> Mob. number<br \/>\n<span class=\"wpcf7-form-control-wrap\" data-name=\"tel-729\"><input size=\"40\" class=\"wpcf7-form-control wpcf7-tel wpcf7-validates-as-required wpcf7-text wpcf7-validates-as-tel\" aria-required=\"true\" aria-invalid=\"false\" value=\"\" type=\"tel\" name=\"tel-729\" \/><\/span> <\/label>\n<\/p>\n<p><label> Trip of interest<br \/>\n<span class=\"wpcf7-form-control-wrap\" data-name=\"menu-607\"><select class=\"wpcf7-form-control wpcf7-select\" id=\"interest-trip\" aria-invalid=\"false\" name=\"menu-607\"><option value=\"Norvegija\">Norway<\/option><option value=\"Islandija\">Iceland<\/option><option value=\"Ispanija\">Spain<\/option><option value=\"Madeira\">Madeira<\/option><option value=\"JAV\">USA<\/option><option value=\"Tailandas\">Thailand<\/option><option value=\"Turkija\">Turkey<\/option><option value=\"Did\u017eioji Britanija\">United Kingdom<\/option><option value=\"JAE\">UAE<\/option><option value=\"Albanija\">Albania<\/option><option value=\"Egiptas\">Egypt<\/option><option value=\"Pranc\u016bzija\">France<\/option><option value=\"Graikija\">Greece<\/option><option value=\"Indija\">India<\/option><\/select><\/span> <\/label>\n<\/p>\n<p><label> Date of travel<br \/>\n<span class=\"wpcf7-form-control-wrap\" data-name=\"DepartureDate\"><input class=\"wpcf7-form-control wpcf7-date wpcf7-validates-as-date\" aria-invalid=\"false\" value=\"\" type=\"date\" name=\"DepartureDate\" \/><\/span> <\/label>\n<\/p>\n<p><label> Number of travellers<br \/>\n<span class=\"wpcf7-form-control-wrap\" data-name=\"text-237\"><input size=\"40\" class=\"wpcf7-form-control wpcf7-text\" aria-invalid=\"false\" placeholder=\"1 person\" value=\"\" type=\"text\" name=\"text-237\" \/><\/span> <\/label>\n<\/p>\n<p><input class=\"wpcf7-form-control wpcf7-submit has-spinner\" type=\"submit\" value=\"Send request\" \/>\n<\/p>\n<p><input type='hidden' class='wpcf7-pum' value='{\"closepopup\":false,\"closedelay\":0,\"openpopup\":false,\"openpopup_id\":0}' \/><\/p>\n<div class=\"wpcf7-response-output\" aria-hidden=\"true\"><\/div>\n<input type=\"hidden\" name=\"trp-form-language\" value=\"en\"\/><\/form>\n<\/div>\n<\/div>\n<\/div>\n<\/div>\n<\/div>\n<\/div>\n<\/div>\n<div  class=\"one withsmallpadding ppb_header\" style=\"text-align:center;padding:0px 0 0px 0;margin-top:60px;margin-bottom:20px;\" >\n<div class=\"standard_wrapper\">\n<div class=\"page_content_wrapper\">\n<div class=\"inner\">\n<div style=\"margin:auto;width:100%\">\n<h2 class=\"ppb_title\" style=\"\">Alma Tvark\u016bnien\u0117 helps you<\/h2>\n<\/div>\n<\/div>\n<\/div>\n<\/div>\n<\/div>\n<div  class=\"one withsmallpadding ppb_text\" style=\"text-align:center;padding:40px 0 40px 0;\" >\n<div class=\"standard_wrapper\">\n<div class=\"page_content_wrapper\">\n<div class=\"inner\">\n<div style=\"margin:auto;width:100%\">\n<p><img loading=\"lazy\" decoding=\"async\" class=\"wp-image-4344 alignleft\" src=\"https:\/\/atravel.lt\/wp-content\/uploads\/2023\/01\/foto-3-modified-300x300.png\" alt=\"\" width=\"381\" height=\"381\" \/><\/p>\n<p style=\"text-align: left;\"><strong>Alma Tvark\u016bnien\u0117<\/strong><\/p>\n<p style=\"font-weight: inherit; font-style: inherit; color: #222222; text-align: left;\"><strong>MB \"Atravel\"<\/strong><\/p>\n<p style=\"font-weight: inherit; font-style: inherit; color: #222222; text-align: left;\">Company code: 306161910<\/p>\n<p style=\"font-weight: inherit; font-style: inherit; color: #222222; text-align: left;\">Mob.: +370 615 25019<\/p>\n<p style=\"text-align: left;\">Email: <a href=\"mailto:info@\">info@<\/a><\/p>\n<\/div>\n<\/div>\n<\/div>\n<\/div>\n<\/div>\n<div  class=\"one ppb_image_fixed_width\"  style=\"padding-top:30px;padding-bottom30px;\" >\n<div class=\"page_content_wrapper\">\n<div class=\"inner\">\n<div class=\"image_classic_frame\">\n<div class=\"image_wrapper\"><a href=\"https:\/\/atravel.lt\/wp-content\/uploads\/2023\/05\/remejai.png\" class=\"img_frame\"><img decoding=\"async\" src=\"https:\/\/atravel.lt\/wp-content\/uploads\/2023\/05\/remejai.png\" alt=\"\" class=\"portfolio_img\"\/><\/a><\/div>\n<\/div>\n<\/div>\n<\/div>\n<\/div>","protected":false},"excerpt":{"rendered":"<p>M\u016bs\u0173 vertyb\u0117s &#8211; kiekvienas klientas i\u0161skirtinis, o jo poreikiai &#8211; ypatingi Suteikti paslaugas greitai &#8211; nerei\u0161kia atmestinai Svajojate apie atostogas su \u0161eima, draugais, o gal keliausite vieni? Mes Jums galime pad\u0117ti! Susisiekite su mumis, o mes pateiksime geriausi\u0105 pasi\u016blym\u0105, suteiksime [&hellip;]<\/p>\n","protected":false},"author":1,"featured_media":0,"parent":0,"menu_order":0,"comment_status":"closed","ping_status":"closed","template":"","meta":{"om_disable_all_campaigns":false,"_monsterinsights_skip_tracking":false,"_monsterinsights_sitenote_active":false,"_monsterinsights_sitenote_note":"","_monsterinsights_sitenote_category":0,"footnotes":""},"class_list":["post-2465","page","type-page","status-publish","hentry"],"aioseo_notices":[],"_links":{"self":[{"href":"https:\/\/www.atravel.lt\/en\/wp-json\/wp\/v2\/pages\/2465","targetHints":{"allow":["GET"]}}],"collection":[{"href":"https:\/\/www.atravel.lt\/en\/wp-json\/wp\/v2\/pages"}],"about":[{"href":"https:\/\/www.atravel.lt\/en\/wp-json\/wp\/v2\/types\/page"}],"author":[{"embeddable":true,"href":"https:\/\/www.atravel.lt\/en\/wp-json\/wp\/v2\/users\/1"}],"replies":[{"embeddable":true,"href":"https:\/\/www.atravel.lt\/en\/wp-json\/wp\/v2\/comments?post=2465"}],"version-history":[{"count":0,"href":"https:\/\/www.atravel.lt\/en\/wp-json\/wp\/v2\/pages\/2465\/revisions"}],"wp:attachment":[{"href":"https:\/\/www.atravel.lt\/en\/wp-json\/wp\/v2\/media?parent=2465"}],"curies":[{"name":"wp","href":"https:\/\/api.w.org\/{rel}","templated":true}]}}